{"id":6394,"date":"2025-03-09T13:57:39","date_gmt":"2025-03-09T13:57:39","guid":{"rendered":"https:\/\/artstella-elixirs-floraux.com\/product\/libertad-30-ml-sylfos\/"},"modified":"2025-05-27T21:28:01","modified_gmt":"2025-05-27T21:28:01","slug":"libertad-30-ml-sylfos","status":"publish","type":"product","link":"https:\/\/artstella-elixirs-floraux.com\/en\/product\/libertad-30-ml-sylfos\/","title":{"rendered":"LIBERTAD 30 ml Sylfos"},"content":{"rendered":"<p>LIBERTAD est l&rsquo;\u00e9lixirs pour ceux qui souhaitent surmonter les diverses d\u00e9pendances. Elle aide \u00e0 la d\u00e9sintoxication psychophysique, en particulier lorsque des substances nocives pour la sant\u00e9 ont \u00e9t\u00e9 consomm\u00e9es de mani\u00e8re excessive. Elle remet de l&rsquo;ordre l\u00e0 o\u00f9 existaient des comportements compulsifs et autodestructeurs, et aide ceux qui le souhaitent \u00e0 changer de comportement de la mani\u00e8re la moins traumatisante possible. Il peut \u00eatre utilis\u00e9 en conjonction avec d&rsquo;autres traitements de d\u00e9sintoxication<\/p>","protected":false},"excerpt":{"rendered":"<p><!-- [if gte mso 9]&gt;--><\/p>\n<p><!-- [if gte mso 9]&gt;--><\/p>\n<p>LIBERTAD 30 ml Sylfos Pour ceux qui souhaitent surmonter les diverses d\u00e9pendances. Elle aide \u00e0 la d\u00e9sintoxication psychophysique, en particulier lorsque des substances nocives pour la sant\u00e9 ont \u00e9t\u00e9 consomm\u00e9es de mani\u00e8re excessive. Elle remet de l&rsquo;ordre l\u00e0 o\u00f9 existaient des comportements compulsifs et autodestructeurs, et aide ceux qui le souhaitent \u00e0 changer de comportement de la mani\u00e8re la moins traumatisante possible. Il peut \u00eatre utilis\u00e9 en conjonction avec d&rsquo;autres traitements de d\u00e9sintoxication.<\/p>\n","protected":false},"featured_media":6668,"template":"","meta":[],"product_brand":[],"product_cat":[138],"product_tag":[],"class_list":{"0":"post-6394","1":"product","2":"type-product","3":"status-publish","4":"has-post-thumbnail","6":"product_cat-les-composes-des-fleurs-andines","8":"first","9":"instock","10":"taxable","11":"shipping-taxable","12":"purchasable","13":"product-type-simple"},"etheme_brands":{"errors":{"invalid_taxonomy":["Invalid taxonomy."]},"error_data":[]},"jetpack_sharing_enabled":true,"jetpack-related-posts":[{"id":6329,"url":"https:\/\/artstella-elixirs-floraux.com\/en\/product\/liberte-lacher-prise-compose-sylfos\/","url_meta":{"origin":6394,"position":0},"title":"Libert\u00e9 L\u00e2cher Prise compos\u00e9 Sylfos","author":"eveapprill","date":"9 March 2025","format":false,"excerpt":"Pour ceux qui souhaitent surmonter les diverses d\u00e9pendances. Ce compos\u00e9 aide \u00e0 la d\u00e9sintoxication psychophysique, en particulier lorsque des substances nocives pour la sant\u00e9 ont \u00e9t\u00e9 consomm\u00e9es de mani\u00e8re excessive.","rel":"","context":"Similar post","block_context":{"text":"Similar post","link":""},"img":{"alt_text":"","src":"https:\/\/i0.wp.com\/artstella-elixirs-floraux.com\/wp-content\/uploads\/2025\/03\/70490e66-ecee-4746-8f2c-19530c060dcf.jpg?resize=350%2C200&ssl=1","width":350,"height":200,"srcset":"https:\/\/i0.wp.com\/artstella-elixirs-floraux.com\/wp-content\/uploads\/2025\/03\/70490e66-ecee-4746-8f2c-19530c060dcf.jpg?resize=350%2C200&ssl=1 1x, https:\/\/i0.wp.com\/artstella-elixirs-floraux.com\/wp-content\/uploads\/2025\/03\/70490e66-ecee-4746-8f2c-19530c060dcf.jpg?resize=525%2C300&ssl=1 1.5x, https:\/\/i0.wp.com\/artstella-elixirs-floraux.com\/wp-content\/uploads\/2025\/03\/70490e66-ecee-4746-8f2c-19530c060dcf.jpg?resize=700%2C400&ssl=1 2x"},"classes":[]},{"id":4001,"url":"https:\/\/artstella-elixirs-floraux.com\/en\/product\/boldo-15-ml-sylfos\/","url_meta":{"origin":6394,"position":1},"title":"BOLDO \/ BOLDO SYLFOS","author":"eveapprill","date":"9 March 2025","format":false,"excerpt":"BOLDO Boldea fragans R\u00e9conciliation avec soi, gu\u00e9rison des \u00e9motions. Aide \u00e0 surmonter l\u2019amertume, la culpabilit\u00e9, le manque d\u2019int\u00e9r\u00eat pour la vie et pour soi,","rel":"","context":"Similar post","block_context":{"text":"Similar post","link":""},"img":{"alt_text":"","src":"","width":0,"height":0},"classes":[]},{"id":6337,"url":"https:\/\/artstella-elixirs-floraux.com\/en\/product\/espinillo-mimosa-du-chili-15-ml-sylfos\/","url_meta":{"origin":6394,"position":2},"title":"ESPINILLO \u2013 MIMOSA DU CHILI 15 ml SYLFOS","author":"eveapprill","date":"9 March 2025","format":false,"excerpt":"ESPINILLO \u2013 MIMOSA DU CHILI\u00a0 Vachellia caven Amertume, vuln\u00e9rabilit\u00e9, incapacit\u00e9 \u00e0 se pardonner, sensibilit\u00e9 excessive. Le Mimosa du Chili agit comme un antid\u00e9presseur et poss\u00e8de une action \u00e9nergisante naturelle. Il sera recommand\u00e9 en cas d'incapacit\u00e9 \u00e0 se pardonner et lorsque la personne a besoin d'\u00eatre surla d\u00e9fensive face \u00e0 toute\u2026","rel":"","context":"Similar post","block_context":{"text":"Similar post","link":""},"img":{"alt_text":"","src":"https:\/\/i0.wp.com\/artstella-elixirs-floraux.com\/wp-content\/uploads\/2025\/03\/ESPINILLO.jpg?resize=350%2C200&ssl=1","width":350,"height":200},"classes":[]},{"id":4030,"url":"https:\/\/artstella-elixirs-floraux.com\/en\/product\/costilla-de-adam-15-ml-sylfos\/","url_meta":{"origin":6394,"position":3},"title":"COSTILLA DE ADAM \/ SIGUINE COULEUVRE SYLFOS","author":"eveapprill","date":"9 March 2025","format":false,"excerpt":"COSTILLA DE ADAN \/ SIGUINE COULEUVRE Monstera deliciosa D\u00e9passement de soi. Aide \u00e0 surmonter les inhibitions et favorise l\u2019expression \u00e9quilibr\u00e9e des sentiments.","rel":"","context":"Similar post","block_context":{"text":"Similar post","link":""},"img":{"alt_text":"","src":"","width":0,"height":0},"classes":[]},{"id":5990,"url":"https:\/\/artstella-elixirs-floraux.com\/en\/product\/tulipier-sylfos-15-ml\/","url_meta":{"origin":6394,"position":4},"title":"TULIPIER SYLFOS 15 ML","author":"eveapprill","date":"9 March 2025","format":false,"excerpt":"TULIPERO \/ TULIPIER\u00a0 Liriodendrontulipifera\u00a0 Reconnexion spirituelle\u00a0 C'est une \"nourriture\" spirituelle, surtout pour ceux qui se sentent agit\u00e9s et insatisfaits ou qui ont des tendances addictives. L\u2019\u00e9lixir nous permettra de trouver des d\u00e9bouch\u00e9s positifs et d'atteindre nos nouveaux objectifs avec \u00e9nergie.","rel":"","context":"Similar post","block_context":{"text":"Similar post","link":""},"img":{"alt_text":"","src":"https:\/\/i0.wp.com\/artstella-elixirs-floraux.com\/wp-content\/uploads\/2025\/03\/wp-image2014.png?resize=350%2C200&ssl=1","width":350,"height":200,"srcset":"https:\/\/i0.wp.com\/artstella-elixirs-floraux.com\/wp-content\/uploads\/2025\/03\/wp-image2014.png?resize=350%2C200&ssl=1 1x, https:\/\/i0.wp.com\/artstella-elixirs-floraux.com\/wp-content\/uploads\/2025\/03\/wp-image2014.png?resize=525%2C300&ssl=1 1.5x"},"classes":[]},{"id":3997,"url":"https:\/\/artstella-elixirs-floraux.com\/en\/product\/ave-del-paraisio-10-ml-sylfos\/","url_meta":{"origin":6394,"position":5},"title":"AVE DEL PARAISO \/ OISEAU DU PARADIS SYLFOS","author":"eveapprill","date":"9 March 2025","format":false,"excerpt":"AVE DEL PARAISO Strelitzia reginae . Acceptation, cr\u00e9ativit\u00e9. Aide \u00e0 surmonter l\u2019inertie par l\u2019\u00e9veil de la cr\u00e9ativit\u00e9 et par l\u2019acceptation de soi et du v\u00e9cu quotidien.","rel":"","context":"Similar post","block_context":{"text":"Similar post","link":""},"img":{"alt_text":"","src":"","width":0,"height":0},"classes":[]}],"_links":{"self":[{"href":"https:\/\/artstella-elixirs-floraux.com\/en\/wp-json\/wp\/v2\/product\/6394","targetHints":{"allow":["GET"]}}],"collection":[{"href":"https:\/\/artstella-elixirs-floraux.com\/en\/wp-json\/wp\/v2\/product"}],"about":[{"href":"https:\/\/artstella-elixirs-floraux.com\/en\/wp-json\/wp\/v2\/types\/product"}],"version-history":[{"count":0,"href":"https:\/\/artstella-elixirs-floraux.com\/en\/wp-json\/wp\/v2\/product\/6394\/revisions"}],"wp:featuredmedia":[{"embeddable":true,"href":"https:\/\/artstella-elixirs-floraux.com\/en\/wp-json\/wp\/v2\/media\/6668"}],"wp:attachment":[{"href":"https:\/\/artstella-elixirs-floraux.com\/en\/wp-json\/wp\/v2\/media?parent=6394"}],"wp:term":[{"taxonomy":"product_brand","embeddable":true,"href":"https:\/\/artstella-elixirs-floraux.com\/en\/wp-json\/wp\/v2\/product_brand?post=6394"},{"taxonomy":"product_cat","embeddable":true,"href":"https:\/\/artstella-elixirs-floraux.com\/en\/wp-json\/wp\/v2\/product_cat?post=6394"},{"taxonomy":"product_tag","embeddable":true,"href":"https:\/\/artstella-elixirs-floraux.com\/en\/wp-json\/wp\/v2\/product_tag?post=6394"}],"curies":[{"name":"wp","href":"https:\/\/api.w.org\/{rel}","templated":true}]}}