{"id":6396,"date":"2025-03-09T13:57:40","date_gmt":"2025-03-09T13:57:40","guid":{"rendered":"https:\/\/artstella-elixirs-floraux.com\/product\/sleep-sommeil-spay-50ml-bush-australien\/"},"modified":"2025-06-08T12:47:44","modified_gmt":"2025-06-08T12:47:44","slug":"sleep-sommeil-spay-50ml-bush-australien","status":"publish","type":"product","link":"https:\/\/artstella-elixirs-floraux.com\/en\/product\/sleep-sommeil-spay-50ml-bush-australien\/","title":{"rendered":"Sleep &#8211; Sommeil Spray 50ml Bush Australien"},"content":{"rendered":"<div id=\"product-description-short-1554\">\n<p>Plongez dans un sommeil profond et r\u00e9parateur gr\u00e2ce \u00e0 la nouvelle brume nuit Sleep-Sommeil. Ce doux m\u00e9lange d&rsquo;\u00e9lixirs de fleurs du bush australien et d&rsquo;huiles essentielles pures contribue \u00e0 cr\u00e9er un environnement calme et serein pour vous permettre de vous d\u00e9tendre, m\u00eame apr\u00e8s les journ\u00e9es les plus charg\u00e9es.<\/p>\n<p>Cette brume d&rsquo;espace est le compl\u00e9ment parfait \u00e0 votre routine du coucher. Il suffit de vaporiser une l\u00e9g\u00e8re brume autour de votre oreiller, de vos draps ou de votre chambre pour vous immerger dans son ar\u00f4me apaisant, vous guidant vers le calme int\u00e9rieur et un repos paisible.<\/p>\n<p>L&rsquo;ar\u00f4me caract\u00e9ristique associe la lavande bois\u00e9e, le bois de c\u00e8dre apaisant et la cannelle chaude, apportent un sentiment de paix qui favorise un \u00e9tat d&rsquo;esprit calme et reposant.<\/p>\n<\/div>","protected":false},"excerpt":{"rendered":"<p>Un nouveau spray du Bush australien pour favoriser le sommeil.<\/p>","protected":false},"featured_media":6665,"template":"","meta":[],"product_brand":[],"product_cat":[126,83],"product_tag":[],"class_list":{"0":"post-6396","1":"product","2":"type-product","3":"status-publish","4":"has-post-thumbnail","6":"product_cat-cremes-sprays","7":"product_cat-bush-australien","9":"first","10":"instock","11":"taxable","12":"shipping-taxable","13":"purchasable","14":"product-type-simple"},"etheme_brands":{"errors":{"invalid_taxonomy":["Invalid taxonomy."]},"error_data":[]},"jetpack_sharing_enabled":true,"jetpack-related-posts":[{"id":3497,"url":"https:\/\/artstella-elixirs-floraux.com\/en\/product\/gentle-sleep-ltoe-15ml\/","url_meta":{"origin":6396,"position":0},"title":"GENTLE SLEEP LTOE 15ML","author":"eveapprill","date":"9 March 2025","format":false,"excerpt":"Gentle sleep \/ Doux sommeil : Est une version am\u00e9lior\u00e9e de Gentle Geisha avec le Rhododendron griffithianum, made by Don dans les jardins d'Achamore House.","rel":"","context":"Similar post","block_context":{"text":"Similar post","link":""},"img":{"alt_text":"","src":"https:\/\/i0.wp.com\/artstella-elixirs-floraux.com\/wp-content\/uploads\/2025\/03\/f1da7075-2893-4090-8141-56d98c0424f3.jpg?resize=350%2C200&ssl=1","width":350,"height":200,"srcset":"https:\/\/i0.wp.com\/artstella-elixirs-floraux.com\/wp-content\/uploads\/2025\/03\/f1da7075-2893-4090-8141-56d98c0424f3.jpg?resize=350%2C200&ssl=1 1x, https:\/\/i0.wp.com\/artstella-elixirs-floraux.com\/wp-content\/uploads\/2025\/03\/f1da7075-2893-4090-8141-56d98c0424f3.jpg?resize=525%2C300&ssl=1 1.5x, https:\/\/i0.wp.com\/artstella-elixirs-floraux.com\/wp-content\/uploads\/2025\/03\/f1da7075-2893-4090-8141-56d98c0424f3.jpg?resize=700%2C400&ssl=1 2x"},"classes":[]},{"id":6086,"url":"https:\/\/artstella-elixirs-floraux.com\/en\/product\/gentle-sleep-spray-ltoe-100ml\/","url_meta":{"origin":6396,"position":1},"title":"Gentle sleep spray LTOE","author":"eveapprill","date":"9 March 2025","format":false,"excerpt":"Gentle sleep\u00a0 (Bon sommeil) De nos jours, les troubles du sommeil touchent un grand nombre de personnes. Pollution \u00e9lectromagn\u00e9tique, t\u00e9l\u00e9phones portables, t\u00e9l\u00e9phones sans fils, le WIFI peuvent alt\u00e9rer le sommeil. Ce spray a \u00e9t\u00e9 cr\u00e9\u00e9 pour prot\u00e9ger le sommeil de ces diff\u00e9rents stress.","rel":"","context":"Similar post","block_context":{"text":"Similar post","link":""},"img":{"alt_text":"","src":"https:\/\/i0.wp.com\/artstella-elixirs-floraux.com\/wp-content\/uploads\/2025\/03\/wp-image2120.png?resize=350%2C200&ssl=1","width":350,"height":200},"classes":[]},{"id":5882,"url":"https:\/\/artstella-elixirs-floraux.com\/en\/product\/boost-bush-30ml\/","url_meta":{"origin":6396,"position":2},"title":"BOOST BUSH 30ml","author":"eveapprill","date":"9 March 2025","format":false,"excerpt":"Boost Compos\u00e9 du Bush Australien 30 ml A \u00e9t\u00e9 sp\u00e9cialement formul\u00e9 pour soutenir et faire face aux grands changements et d\u00e9fis des temps pr\u00e9sents. R\u00e9silience, calme et \u00e9quilibre, pour se sentir en s\u00e9curit\u00e9 et rassur\u00e9 et ancr\u00e9.","rel":"","context":"Similar post","block_context":{"text":"Similar post","link":""},"img":{"alt_text":"Les compos\u00e9s du bush Australien","src":"https:\/\/i0.wp.com\/artstella-elixirs-floraux.com\/wp-content\/uploads\/2025\/03\/bea4b58e-ae33-4723-8319-0ce84dd56801.jpg?resize=350%2C200&ssl=1","width":350,"height":200,"srcset":"https:\/\/i0.wp.com\/artstella-elixirs-floraux.com\/wp-content\/uploads\/2025\/03\/bea4b58e-ae33-4723-8319-0ce84dd56801.jpg?resize=350%2C200&ssl=1 1x, https:\/\/i0.wp.com\/artstella-elixirs-floraux.com\/wp-content\/uploads\/2025\/03\/bea4b58e-ae33-4723-8319-0ce84dd56801.jpg?resize=525%2C300&ssl=1 1.5x, https:\/\/i0.wp.com\/artstella-elixirs-floraux.com\/wp-content\/uploads\/2025\/03\/bea4b58e-ae33-4723-8319-0ce84dd56801.jpg?resize=700%2C400&ssl=1 2x"},"classes":[]},{"id":2721,"url":"https:\/\/artstella-elixirs-floraux.com\/en\/product\/calm-and-clear-serenite-bush-30ml\/","url_meta":{"origin":6396,"position":3},"title":"CALM AND CLEAR S\u00e9r\u00e9nit\u00e9 BUSH 30ml","author":"eveapprill","date":"9 March 2025","format":false,"excerpt":"Calm and Clear -\u00a0S\u00e9r\u00e9nit\u00e9 Destin\u00e9 \u00e0 ceux qui en font trop, s'oubliant volontiers dans l'agitation quotidienne. Pour favoriser l'acceptation du l\u00e2cher-prise, trouver du temps pour soi, d\u00e9compresser et prendre plaisir \u00e0 se d\u00e9tendre.","rel":"","context":"Similar post","block_context":{"text":"Similar post","link":""},"img":{"alt_text":"","src":"https:\/\/i0.wp.com\/artstella-elixirs-floraux.com\/wp-content\/uploads\/2025\/03\/d750407b-2703-4a0a-b346-dcf0fc4d3072.jpg?resize=350%2C200&ssl=1","width":350,"height":200,"srcset":"https:\/\/i0.wp.com\/artstella-elixirs-floraux.com\/wp-content\/uploads\/2025\/03\/d750407b-2703-4a0a-b346-dcf0fc4d3072.jpg?resize=350%2C200&ssl=1 1x, https:\/\/i0.wp.com\/artstella-elixirs-floraux.com\/wp-content\/uploads\/2025\/03\/d750407b-2703-4a0a-b346-dcf0fc4d3072.jpg?resize=525%2C300&ssl=1 1.5x, https:\/\/i0.wp.com\/artstella-elixirs-floraux.com\/wp-content\/uploads\/2025\/03\/d750407b-2703-4a0a-b346-dcf0fc4d3072.jpg?resize=700%2C400&ssl=1 2x"},"classes":[]},{"id":2637,"url":"https:\/\/artstella-elixirs-floraux.com\/en\/product\/bottlebrush-bush-15ml\/","url_meta":{"origin":6396,"position":4},"title":"BOTTLEBRUSH BUSH 15ml","author":"eveapprill","date":"9 March 2025","format":false,"excerpt":"BOTTLEBRUSH\u00a0 Etre accabl\u00e9 par les changements importants de la vie, adolescence, vieillesse. S\u00e9r\u00e9nit\u00e9 et calme face aux changements de la vie, renforce les liens entre m\u00e8re et enfant.","rel":"","context":"Similar post","block_context":{"text":"Similar post","link":""},"img":{"alt_text":"","src":"https:\/\/i0.wp.com\/artstella-elixirs-floraux.com\/wp-content\/uploads\/2025\/03\/wp-image247.png?resize=350%2C200&ssl=1","width":350,"height":200},"classes":[]},{"id":2629,"url":"https:\/\/artstella-elixirs-floraux.com\/en\/product\/black-eyed-suzan-bush-15ml\/","url_meta":{"origin":6396,"position":5},"title":"BLACK EYED SUZAN BUSH 15ml","author":"eveapprill","date":"9 March 2025","format":false,"excerpt":"Black Eyed Susan Impatience, toujours en train de courir, d\u00e9penses continuelles d\u2019\u00e9nergie. Pouvoir s\u2019int\u00e9rioriser et\u00a0 se calme, paix int\u00e9rieure. \u00a0","rel":"","context":"Similar post","block_context":{"text":"Similar post","link":""},"img":{"alt_text":"","src":"https:\/\/i0.wp.com\/artstella-elixirs-floraux.com\/wp-content\/uploads\/2025\/03\/wp-image244.png?resize=350%2C200&ssl=1","width":350,"height":200},"classes":[]}],"_links":{"self":[{"href":"https:\/\/artstella-elixirs-floraux.com\/en\/wp-json\/wp\/v2\/product\/6396","targetHints":{"allow":["GET"]}}],"collection":[{"href":"https:\/\/artstella-elixirs-floraux.com\/en\/wp-json\/wp\/v2\/product"}],"about":[{"href":"https:\/\/artstella-elixirs-floraux.com\/en\/wp-json\/wp\/v2\/types\/product"}],"version-history":[{"count":0,"href":"https:\/\/artstella-elixirs-floraux.com\/en\/wp-json\/wp\/v2\/product\/6396\/revisions"}],"wp:featuredmedia":[{"embeddable":true,"href":"https:\/\/artstella-elixirs-floraux.com\/en\/wp-json\/wp\/v2\/media\/6665"}],"wp:attachment":[{"href":"https:\/\/artstella-elixirs-floraux.com\/en\/wp-json\/wp\/v2\/media?parent=6396"}],"wp:term":[{"taxonomy":"product_brand","embeddable":true,"href":"https:\/\/artstella-elixirs-floraux.com\/en\/wp-json\/wp\/v2\/product_brand?post=6396"},{"taxonomy":"product_cat","embeddable":true,"href":"https:\/\/artstella-elixirs-floraux.com\/en\/wp-json\/wp\/v2\/product_cat?post=6396"},{"taxonomy":"product_tag","embeddable":true,"href":"https:\/\/artstella-elixirs-floraux.com\/en\/wp-json\/wp\/v2\/product_tag?post=6396"}],"curies":[{"name":"wp","href":"https:\/\/api.w.org\/{rel}","templated":true}]}}