{"id":7950,"date":"2025-03-20T18:58:08","date_gmt":"2025-03-20T18:58:08","guid":{"rendered":"https:\/\/whitesmoke-mantis-253117.hostingersite.com\/?page_id=7950"},"modified":"2026-02-12T16:16:26","modified_gmt":"2026-02-12T16:16:26","slug":"artstella-actualites","status":"publish","type":"page","link":"https:\/\/artstella-elixirs-floraux.com\/fr_fr\/artstella-actualites\/","title":{"rendered":"Artstella  Actualit\u00e9s"},"content":{"rendered":"\t\t<div data-elementor-type=\"wp-page\" data-elementor-id=\"7950\" class=\"elementor elementor-7950\" data-elementor-post-type=\"page\">\n\t\t\t\t<div class=\"elementor-element elementor-element-b4faace e-flex e-con-boxed e-con e-parent\" data-id=\"b4faace\" data-element_type=\"container\" data-e-type=\"container\">\n\t\t\t\t\t<div class=\"e-con-inner\">\n\t\t\t\t<div class=\"elementor-element elementor-element-29bcf32 elementor-widget elementor-widget-image\" data-id=\"29bcf32\" data-element_type=\"widget\" data-e-type=\"widget\" data-widget_type=\"image.default\">\n\t\t\t\t<div class=\"elementor-widget-container\">\n\t\t\t\t\t\t\t\t\t\t\t\t\t\t\t<img decoding=\"async\" width=\"1536\" height=\"400\" src=\"https:\/\/artstella-elixirs-floraux.com\/wp-content\/uploads\/elementor\/thumbs\/xstore-placeholder-r7g9ctsqh6uhvex6144b0vvnl4upye24abhhig6aqw.png\" class=\"attachment-1536x1536 size-1536x1536 wp-image-7413 lazyload lazyload-simple et-lazyload-fadeIn\" alt=\"Artstella-elixirs-floraux-1\" sizes=\"(max-width: 1536px) 100vw, 1536px\" data-src=\"https:\/\/artstella-elixirs-floraux.com\/wp-content\/uploads\/2025\/03\/Artstella-elixirs-floraux-1-1536x400.jpg\" data-srcset=\"https:\/\/artstella-elixirs-floraux.com\/wp-content\/uploads\/2025\/03\/Artstella-elixirs-floraux-1-1536x400.jpg 1536w, https:\/\/artstella-elixirs-floraux.com\/wp-content\/uploads\/2025\/03\/Artstella-elixirs-floraux-1-300x78.jpg 300w, https:\/\/artstella-elixirs-floraux.com\/wp-content\/uploads\/2025\/03\/Artstella-elixirs-floraux-1-1024x267.jpg 1024w, https:\/\/artstella-elixirs-floraux.com\/wp-content\/uploads\/2025\/03\/Artstella-elixirs-floraux-1-768x200.jpg 768w, https:\/\/artstella-elixirs-floraux.com\/wp-content\/uploads\/2025\/03\/Artstella-elixirs-floraux-1-18x5.jpg 18w, https:\/\/artstella-elixirs-floraux.com\/wp-content\/uploads\/2025\/03\/Artstella-elixirs-floraux-1-600x156.jpg 600w, https:\/\/artstella-elixirs-floraux.com\/wp-content\/uploads\/2025\/03\/Artstella-elixirs-floraux-1-1x1.jpg 1w, https:\/\/artstella-elixirs-floraux.com\/wp-content\/uploads\/2025\/03\/Artstella-elixirs-floraux-1-10x3.jpg 10w, https:\/\/artstella-elixirs-floraux.com\/wp-content\/uploads\/2025\/03\/Artstella-elixirs-floraux-1.jpg 1600w\" \/>\t\t\t\t\t\t\t\t\t\t\t\t\t\t\t<\/div>\n\t\t\t\t<\/div>\n\t\t\t\t<div class=\"elementor-element elementor-element-0e38d6f elementor-widget elementor-widget-heading\" data-id=\"0e38d6f\" data-element_type=\"widget\" data-e-type=\"widget\" data-widget_type=\"heading.default\">\n\t\t\t\t<div class=\"elementor-widget-container\">\n\t\t\t\t\t<h2 class=\"elementor-heading-title elementor-size-default\">Informations &amp; Prochains Ev\u00eanements<\/h2>\t\t\t\t<\/div>\n\t\t\t\t<\/div>\n\t\t\t\t\t<\/div>\n\t\t\t\t<\/div>\n\t\t<div class=\"elementor-element elementor-element-6b782af e-flex e-con-boxed e-con e-parent\" data-id=\"6b782af\" data-element_type=\"container\" data-e-type=\"container\">\n\t\t\t\t\t<div class=\"e-con-inner\">\n\t\t<div class=\"elementor-element elementor-element-18ff653 e-con-full e-flex e-con e-child\" data-id=\"18ff653\" data-element_type=\"container\" data-e-type=\"container\">\n\t\t\t\t<\/div>\n\t\t\t\t<div class=\"elementor-element elementor-element-5bca746 elementor-widget elementor-widget-text-editor\" data-id=\"5bca746\" data-element_type=\"widget\" data-e-type=\"widget\" data-widget_type=\"text-editor.default\">\n\t\t\t\t<div class=\"elementor-widget-container\">\n\t\t\t\t\t\t\t\t\t<p><strong><a href=\"https:\/\/www.bach-essences.eu\/montlieu2026\" target=\"_blank\" rel=\"noopener\">STAGE Atelier en pr\u00e9sentiel les 23, 24 et 25 mai\u00a0 1721<\/a>0 Montlieu La Garde<\/strong><\/p><p><strong>Possibilit\u00e9 d&rsquo;\u00eatre cherch\u00e9 \u00e0 la Gare de\u00a0<\/strong><strong>Saint-Mariens &#8211; Saint-Yzan\u00a0<\/strong><\/p><p><strong>(trains r\u00e9guliers \u00e0 partir de la gare de Bordeaux Saint Jean)<\/strong><\/p><p><strong>Logement possible \u00e0 proximit\u00e9 en Maison d&rsquo;h\u00f4te\u00a0<\/strong><\/p><p><strong>Renseignements et r\u00e9servation Art&rsquo;Stella Eve Apprill : 05 46 70 69 58<\/strong><\/p>\t\t\t\t\t\t\t\t<\/div>\n\t\t\t\t<\/div>\n\t\t\t\t<div class=\"elementor-element elementor-element-b835787 elementor-widget elementor-widget-image\" data-id=\"b835787\" data-element_type=\"widget\" data-e-type=\"widget\" data-widget_type=\"image.default\">\n\t\t\t\t<div class=\"elementor-widget-container\">\n\t\t\t\t\t\t\t\t\t\t\t\t\t\t\t\t<a href=\"https:\/\/www.bach-essences.eu\/montlieu2026\" target=\"_blank\" rel=\"noopener\">\n\t\t\t\t\t\t\t<img decoding=\"async\" width=\"213\" height=\"320\" src=\"https:\/\/artstella-elixirs-floraux.com\/wp-content\/uploads\/elementor\/thumbs\/xstore-placeholder-r7g9ctsn0n4xfv8q491blmlubvhyxj1xvlny1a2y1y.png\" class=\"attachment-large size-large wp-image-12110 lazyload lazyload-simple et-lazyload-fadeIn\" alt=\"\" sizes=\"(max-width: 213px) 100vw, 213px\" data-src=\"https:\/\/artstella-elixirs-floraux.com\/wp-content\/uploads\/2026\/02\/pentecote-py-pt.jpg\" data-srcset=\"https:\/\/artstella-elixirs-floraux.com\/wp-content\/uploads\/2026\/02\/pentecote-py-pt.jpg 213w, https:\/\/artstella-elixirs-floraux.com\/wp-content\/uploads\/2026\/02\/pentecote-py-pt-200x300.jpg 200w, https:\/\/artstella-elixirs-floraux.com\/wp-content\/uploads\/2026\/02\/pentecote-py-pt-8x12.jpg 8w, https:\/\/artstella-elixirs-floraux.com\/wp-content\/uploads\/2026\/02\/pentecote-py-pt-1x1.jpg 1w, https:\/\/artstella-elixirs-floraux.com\/wp-content\/uploads\/2026\/02\/pentecote-py-pt-7x10.jpg 7w\" \/>\t\t\t\t\t\t\t\t<\/a>\n\t\t\t\t\t\t\t\t\t\t\t\t\t\t\t<\/div>\n\t\t\t\t<\/div>\n\t\t<div class=\"elementor-element elementor-element-5e70d1a e-con-full e-flex e-con e-child\" data-id=\"5e70d1a\" data-element_type=\"container\" data-e-type=\"container\">\n\t\t\t\t<\/div>\n\t\t\t\t<div class=\"elementor-element elementor-element-63a4ba3 elementor-widget elementor-widget-text-editor\" data-id=\"63a4ba3\" data-element_type=\"widget\" data-e-type=\"widget\" data-widget_type=\"text-editor.default\">\n\t\t\t\t<div class=\"elementor-widget-container\">\n\t\t\t\t\t\t\t\t\t<p><em>Pour s&rsquo;inscrire cliquez sur l&rsquo;image<\/em><\/p>\t\t\t\t\t\t\t\t<\/div>\n\t\t\t\t<\/div>\n\t\t\t\t\t<\/div>\n\t\t\t\t<\/div>\n\t\t<div class=\"elementor-element elementor-element-b0360ae e-flex e-con-boxed e-con e-parent\" data-id=\"b0360ae\" data-element_type=\"container\" data-e-type=\"container\">\n\t\t\t\t\t<div class=\"e-con-inner\">\n\t\t\t\t\t<\/div>\n\t\t\t\t<\/div>\n\t\t\t\t<\/div>\n\t\t","protected":false},"excerpt":{"rendered":"<p>Informations &amp; Prochains Ev\u00eanements STAGE Atelier en pr\u00e9sentiel les 23, 24 et 25 mai\u00a0 17210 Montlieu La Garde Possibilit\u00e9 d&rsquo;\u00eatre cherch\u00e9 \u00e0 la Gare de\u00a0Saint-Mariens&#8230;<\/p>\n","protected":false},"author":1,"featured_media":0,"parent":0,"menu_order":0,"comment_status":"closed","ping_status":"closed","template":"","meta":{"footnotes":""},"class_list":["post-7950","page","type-page","status-publish","hentry"],"jetpack_sharing_enabled":true,"jetpack_shortlink":"https:\/\/wp.me\/PgCxCS-24e","jetpack-related-posts":[{"id":7441,"url":"https:\/\/artstella-elixirs-floraux.com\/fr_fr\/commander\/","url_meta":{"origin":7950,"position":0},"title":"Validation de la commande","author":"eveapprill","date":"17 mars 2025","format":false,"excerpt":"","rel":"","context":"Article similaire","block_context":{"text":"Article similaire","link":""},"img":{"alt_text":"Artstella-elixirs-floraux-1","src":"https:\/\/i0.wp.com\/artstella-elixirs-floraux.com\/wp-content\/uploads\/2025\/03\/Artstella-elixirs-floraux-1.jpg?resize=350%2C200&ssl=1","width":350,"height":200,"srcset":"https:\/\/i0.wp.com\/artstella-elixirs-floraux.com\/wp-content\/uploads\/2025\/03\/Artstella-elixirs-floraux-1.jpg?resize=350%2C200&ssl=1 1x, https:\/\/i0.wp.com\/artstella-elixirs-floraux.com\/wp-content\/uploads\/2025\/03\/Artstella-elixirs-floraux-1.jpg?resize=525%2C300&ssl=1 1.5x, https:\/\/i0.wp.com\/artstella-elixirs-floraux.com\/wp-content\/uploads\/2025\/03\/Artstella-elixirs-floraux-1.jpg?resize=700%2C400&ssl=1 2x, https:\/\/i0.wp.com\/artstella-elixirs-floraux.com\/wp-content\/uploads\/2025\/03\/Artstella-elixirs-floraux-1.jpg?resize=1050%2C600&ssl=1 3x, https:\/\/i0.wp.com\/artstella-elixirs-floraux.com\/wp-content\/uploads\/2025\/03\/Artstella-elixirs-floraux-1.jpg?resize=1400%2C800&ssl=1 4x"},"classes":[]},{"id":7442,"url":"https:\/\/artstella-elixirs-floraux.com\/fr_fr\/mon-compte-2\/","url_meta":{"origin":7950,"position":1},"title":"Mon compte","author":"eveapprill","date":"17 mars 2025","format":false,"excerpt":"","rel":"","context":"Article similaire","block_context":{"text":"Article similaire","link":""},"img":{"alt_text":"Artstella-elixirs-floraux-1","src":"https:\/\/i0.wp.com\/artstella-elixirs-floraux.com\/wp-content\/uploads\/2025\/03\/Artstella-elixirs-floraux-1-1536x400.jpg?resize=350%2C200&ssl=1","width":350,"height":200,"srcset":"https:\/\/i0.wp.com\/artstella-elixirs-floraux.com\/wp-content\/uploads\/2025\/03\/Artstella-elixirs-floraux-1-1536x400.jpg?resize=350%2C200&ssl=1 1x, https:\/\/i0.wp.com\/artstella-elixirs-floraux.com\/wp-content\/uploads\/2025\/03\/Artstella-elixirs-floraux-1-1536x400.jpg?resize=525%2C300&ssl=1 1.5x, https:\/\/i0.wp.com\/artstella-elixirs-floraux.com\/wp-content\/uploads\/2025\/03\/Artstella-elixirs-floraux-1-1536x400.jpg?resize=700%2C400&ssl=1 2x, https:\/\/i0.wp.com\/artstella-elixirs-floraux.com\/wp-content\/uploads\/2025\/03\/Artstella-elixirs-floraux-1-1536x400.jpg?resize=1050%2C600&ssl=1 3x"},"classes":[]},{"id":7450,"url":"https:\/\/artstella-elixirs-floraux.com\/fr_fr\/pro\/","url_meta":{"origin":7950,"position":2},"title":"Pro","author":"eveapprill","date":"17 mars 2025","format":false,"excerpt":"Enregistrement Compte Professionnel \u00a0","rel":"","context":"Article similaire","block_context":{"text":"Article similaire","link":""},"img":{"alt_text":"Artstella-elixirs-floraux-1","src":"https:\/\/i0.wp.com\/artstella-elixirs-floraux.com\/wp-content\/uploads\/2025\/03\/Artstella-elixirs-floraux-1-1536x400.jpg?resize=350%2C200&ssl=1","width":350,"height":200,"srcset":"https:\/\/i0.wp.com\/artstella-elixirs-floraux.com\/wp-content\/uploads\/2025\/03\/Artstella-elixirs-floraux-1-1536x400.jpg?resize=350%2C200&ssl=1 1x, https:\/\/i0.wp.com\/artstella-elixirs-floraux.com\/wp-content\/uploads\/2025\/03\/Artstella-elixirs-floraux-1-1536x400.jpg?resize=525%2C300&ssl=1 1.5x, https:\/\/i0.wp.com\/artstella-elixirs-floraux.com\/wp-content\/uploads\/2025\/03\/Artstella-elixirs-floraux-1-1536x400.jpg?resize=700%2C400&ssl=1 2x, https:\/\/i0.wp.com\/artstella-elixirs-floraux.com\/wp-content\/uploads\/2025\/03\/Artstella-elixirs-floraux-1-1536x400.jpg?resize=1050%2C600&ssl=1 3x"},"classes":[]},{"id":7,"url":"https:\/\/artstella-elixirs-floraux.com\/fr_fr\/shop\/","url_meta":{"origin":7950,"position":3},"title":"Shop","author":"eveapprill","date":"24 ao\u00fbt 2022","format":false,"excerpt":"","rel":"","context":"Article similaire","block_context":{"text":"Article similaire","link":""},"img":{"alt_text":"","src":"","width":0,"height":0},"classes":[]},{"id":7465,"url":"https:\/\/artstella-elixirs-floraux.com\/fr_fr\/login\/","url_meta":{"origin":7950,"position":4},"title":"Login","author":"eveapprill","date":"17 mars 2025","format":false,"excerpt":"","rel":"","context":"Article similaire","block_context":{"text":"Article similaire","link":""},"img":{"alt_text":"","src":"","width":0,"height":0},"classes":[]},{"id":7895,"url":"https:\/\/artstella-elixirs-floraux.com\/fr_fr\/telecharger-vos-documents\/","url_meta":{"origin":7950,"position":5},"title":"T\u00e9l\u00e9charger vos documents","author":"eveapprill","date":"20 mars 2025","format":false,"excerpt":"T\u00e9l\u00e9charger Gatuitement Vos Documents PDF CATALOGUES Catalogue Artstella 2025\u00a0 T\u00e9l\u00e9charger le Catalogue BROCHURES Les Elixirs de Crop Circles PHI T\u00e9l\u00e9charger Elixirs Crop Circles FICHES PRATIQUES Fiche pratique comment prendre les \u00e9lixirs T\u00e9l\u00e9charger ici","rel":"","context":"Article similaire","block_context":{"text":"Article similaire","link":""},"img":{"alt_text":"Artstella-elixirs-floraux-1","src":"https:\/\/i0.wp.com\/artstella-elixirs-floraux.com\/wp-content\/uploads\/2025\/03\/Artstella-elixirs-floraux-1-1536x400.jpg?resize=350%2C200&ssl=1","width":350,"height":200,"srcset":"https:\/\/i0.wp.com\/artstella-elixirs-floraux.com\/wp-content\/uploads\/2025\/03\/Artstella-elixirs-floraux-1-1536x400.jpg?resize=350%2C200&ssl=1 1x, https:\/\/i0.wp.com\/artstella-elixirs-floraux.com\/wp-content\/uploads\/2025\/03\/Artstella-elixirs-floraux-1-1536x400.jpg?resize=525%2C300&ssl=1 1.5x, https:\/\/i0.wp.com\/artstella-elixirs-floraux.com\/wp-content\/uploads\/2025\/03\/Artstella-elixirs-floraux-1-1536x400.jpg?resize=700%2C400&ssl=1 2x, https:\/\/i0.wp.com\/artstella-elixirs-floraux.com\/wp-content\/uploads\/2025\/03\/Artstella-elixirs-floraux-1-1536x400.jpg?resize=1050%2C600&ssl=1 3x"},"classes":[]}],"_links":{"self":[{"href":"https:\/\/artstella-elixirs-floraux.com\/fr_fr\/wp-json\/wp\/v2\/pages\/7950","targetHints":{"allow":["GET"]}}],"collection":[{"href":"https:\/\/artstella-elixirs-floraux.com\/fr_fr\/wp-json\/wp\/v2\/pages"}],"about":[{"href":"https:\/\/artstella-elixirs-floraux.com\/fr_fr\/wp-json\/wp\/v2\/types\/page"}],"author":[{"embeddable":true,"href":"https:\/\/artstella-elixirs-floraux.com\/fr_fr\/wp-json\/wp\/v2\/users\/1"}],"replies":[{"embeddable":true,"href":"https:\/\/artstella-elixirs-floraux.com\/fr_fr\/wp-json\/wp\/v2\/comments?post=7950"}],"version-history":[{"count":39,"href":"https:\/\/artstella-elixirs-floraux.com\/fr_fr\/wp-json\/wp\/v2\/pages\/7950\/revisions"}],"predecessor-version":[{"id":12116,"href":"https:\/\/artstella-elixirs-floraux.com\/fr_fr\/wp-json\/wp\/v2\/pages\/7950\/revisions\/12116"}],"wp:attachment":[{"href":"https:\/\/artstella-elixirs-floraux.com\/fr_fr\/wp-json\/wp\/v2\/media?parent=7950"}],"curies":[{"name":"wp","href":"https:\/\/api.w.org\/{rel}","templated":true}]}}