{"id":12230,"date":"2026-03-13T16:03:24","date_gmt":"2026-03-13T16:03:24","guid":{"rendered":"https:\/\/artstella-elixirs-floraux.com\/?post_type=product&#038;p=12230"},"modified":"2026-03-13T17:41:49","modified_gmt":"2026-03-13T17:41:49","slug":"1-orchidee-de-lharmonie-sylfos","status":"publish","type":"product","link":"https:\/\/artstella-elixirs-floraux.com\/fr_fr\/produit\/1-orchidee-de-lharmonie-sylfos\/","title":{"rendered":"01. ORCHID\u00c9E DE L\u2019HARMONIE Sylfos"},"content":{"rendered":"","protected":false},"excerpt":{"rendered":"<p><strong>Orchid\u00e9e de l\u2019Harmonie \u2013 <em>Bletia purpurea<\/em><\/strong><br \/>\n\u00c9lixir d\u2019<strong>\u00e9quilibre \u00e9motionnel et d\u2019alignement int\u00e9rieur<\/strong>. Il harmonise rapidement les \u00e9motions, calme la saturation mentale et stabilise l\u2019hypersensibilit\u00e9. Favorise pr\u00e9sence, clart\u00e9 et s\u00e9r\u00e9nit\u00e9 dans les situations de tension.<\/p>\n","protected":false},"featured_media":12235,"template":"","meta":[],"product_brand":[],"product_cat":[342],"product_tag":[],"class_list":{"0":"post-12230","1":"product","2":"type-product","3":"status-publish","4":"has-post-thumbnail","6":"product_cat-les-elixirs-dorchidees-sylfos","8":"first","9":"instock","10":"taxable","11":"shipping-taxable","12":"purchasable","13":"product-type-simple"},"etheme_brands":{"errors":{"invalid_taxonomy":["Taxonomie non valide."]},"error_data":[]},"jetpack_sharing_enabled":true,"jetpack-related-posts":[{"id":6197,"url":"https:\/\/artstella-elixirs-floraux.com\/fr_fr\/produit\/orchidee-habenella-15ml-sylfos\/","url_meta":{"origin":12230,"position":0},"title":"Orchid\u00e9e HABENELLA 15ml Sylfos","author":"eveapprill","date":"9 mars 2025","format":false,"excerpt":"Orchid\u00e9e Habenalla ex\u00a0EQUILIBRE & STABILIT\u00c9 (Habenella petalodes) Harmonie, stabilit\u00e9, ancrage Elixir \u00e0 large spectre qui nous aide \u00e0 nous sentir \u00e9quilibr\u00e9 dans notre environnement","rel":"","context":"Article similaire","block_context":{"text":"Article similaire","link":""},"img":{"alt_text":"","src":"https:\/\/i0.wp.com\/artstella-elixirs-floraux.com\/wp-content\/uploads\/2025\/03\/wp-image2193.png?resize=350%2C200&ssl=1","width":350,"height":200},"classes":[]},{"id":12305,"url":"https:\/\/artstella-elixirs-floraux.com\/fr_fr\/produit\/16-orchidee-de-lunion-cyrtopodium-puntatum-sylfos\/","url_meta":{"origin":12230,"position":1},"title":"16 . ORCHID\u00c9E DE L&rsquo;UNION (Cyrtopodium puntatum) Sylfos","author":"eveapprill","date":"13 mars 2026","format":false,"excerpt":"Il agit comme catalyseur vibratoire pour \u00e9lever l\u2019union et la connexion et repr\u00e9sente l\u2019amour comme instrument de paix et d\u2019harmonie, en soutenant l\u2019\u00e9l\u00e9vation \u00e9nerg\u00e9tique et la transformation int\u00e9rieure.","rel":"","context":"Article similaire","block_context":{"text":"Article similaire","link":""},"img":{"alt_text":"","src":"https:\/\/i0.wp.com\/artstella-elixirs-floraux.com\/wp-content\/uploads\/2026\/03\/16_union_-WEB.png?resize=350%2C200&ssl=1","width":350,"height":200},"classes":[]},{"id":5229,"url":"https:\/\/artstella-elixirs-floraux.com\/fr_fr\/produit\/creme-lotus\/","url_meta":{"origin":12230,"position":2},"title":"Cr\u00e8me Lotus","author":"eveapprill","date":"9 mars 2025","format":false,"excerpt":"Cr\u00e8me Lotus La Cr\u00e8me de Lotus est r\u00e9alis\u00e9e avec l\u2019\u00e9nergie de la fleur de lotus, du lilas et de l\u2019orchid\u00e9e Limodorum abortivum. Vous pouvez utiliser cette cr\u00e8me pour vos soins corporels et de visage quotidiens. Elle r\u00e9tablit l'\u00e9quilibre \u00e9nerg\u00e9tique de la peau et contribue par son action de d\u00e9tente \u00e0\u2026","rel":"","context":"Article similaire","block_context":{"text":"Article similaire","link":""},"img":{"alt_text":"","src":"https:\/\/i0.wp.com\/artstella-elixirs-floraux.com\/wp-content\/uploads\/2025\/03\/aea4d170-3831-49f5-b2aa-2524b51c96de.jpg?resize=350%2C200&ssl=1","width":350,"height":200,"srcset":"https:\/\/i0.wp.com\/artstella-elixirs-floraux.com\/wp-content\/uploads\/2025\/03\/aea4d170-3831-49f5-b2aa-2524b51c96de.jpg?resize=350%2C200&ssl=1 1x, https:\/\/i0.wp.com\/artstella-elixirs-floraux.com\/wp-content\/uploads\/2025\/03\/aea4d170-3831-49f5-b2aa-2524b51c96de.jpg?resize=525%2C300&ssl=1 1.5x, https:\/\/i0.wp.com\/artstella-elixirs-floraux.com\/wp-content\/uploads\/2025\/03\/aea4d170-3831-49f5-b2aa-2524b51c96de.jpg?resize=700%2C400&ssl=1 2x"},"classes":[]},{"id":3598,"url":"https:\/\/artstella-elixirs-floraux.com\/fr_fr\/produit\/lessaim-du-paradis-ltoe-15-ml\/","url_meta":{"origin":12230,"position":3},"title":"Hive of Heaven LTOE 15 ml","author":"eveapprill","date":"9 mars 2025","format":false,"excerpt":"Hive of Heaven \/ L\u2019essaim du Paradis Les fleurs de cette tr\u00e8s petite orchid\u00e9e d\u2019Afrique centrale, ressemblent aux abeilles en essaim.\u00a0","rel":"","context":"Article similaire","block_context":{"text":"Article similaire","link":""},"img":{"alt_text":"","src":"https:\/\/i0.wp.com\/artstella-elixirs-floraux.com\/wp-content\/uploads\/2025\/03\/42766b56-eb8d-47f2-8c5e-fff3c1021007.jpg?resize=350%2C200&ssl=1","width":350,"height":200,"srcset":"https:\/\/i0.wp.com\/artstella-elixirs-floraux.com\/wp-content\/uploads\/2025\/03\/42766b56-eb8d-47f2-8c5e-fff3c1021007.jpg?resize=350%2C200&ssl=1 1x, https:\/\/i0.wp.com\/artstella-elixirs-floraux.com\/wp-content\/uploads\/2025\/03\/42766b56-eb8d-47f2-8c5e-fff3c1021007.jpg?resize=525%2C300&ssl=1 1.5x, https:\/\/i0.wp.com\/artstella-elixirs-floraux.com\/wp-content\/uploads\/2025\/03\/42766b56-eb8d-47f2-8c5e-fff3c1021007.jpg?resize=700%2C400&ssl=1 2x"},"classes":[]},{"id":12266,"url":"https:\/\/artstella-elixirs-floraux.com\/fr_fr\/produit\/9-orchidee-de-la-paix-dendrobium-aggregatum-sylfos\/","url_meta":{"origin":12230,"position":4},"title":"09. ORCHID\u00c9E DE LA PAIX Dendrobium aggregatum Sylfos","author":"eveapprill","date":"13 mars 2026","format":false,"excerpt":"","rel":"","context":"Article similaire","block_context":{"text":"Article similaire","link":""},"img":{"alt_text":"","src":"https:\/\/i0.wp.com\/artstella-elixirs-floraux.com\/wp-content\/uploads\/2026\/03\/9_PAZ_-WEB.png?resize=350%2C200&ssl=1","width":350,"height":200},"classes":[]},{"id":12245,"url":"https:\/\/artstella-elixirs-floraux.com\/fr_fr\/produit\/4-orchidee-de-lequilibre-phragmipedium-longifolium-sylfos\/","url_meta":{"origin":12230,"position":5},"title":"04. ORCHID\u00c9E DE L\u2019\u00c9QUILIBRE Phragmipedium longifolium Sylfos","author":"eveapprill","date":"13 mars 2026","format":false,"excerpt":"Orchid\u00e9e de l\u2019\u00c9quilibre \u2013 Phragmipedium longifolium \u00c9lixir de\u00a0paix int\u00e9rieure et d\u2019harmonisation \u00e9motionnelle. Stabilise les \u00e9motions, clarifie l\u2019esprit et aide \u00e0 transformer les tensions affectives en s\u00e9r\u00e9nit\u00e9 et maturit\u00e9.","rel":"","context":"Article similaire","block_context":{"text":"Article similaire","link":""},"img":{"alt_text":"","src":"https:\/\/i0.wp.com\/artstella-elixirs-floraux.com\/wp-content\/uploads\/2026\/03\/4_EQUILIBRIO_-WEB.png?resize=350%2C200&ssl=1","width":350,"height":200},"classes":[]}],"_links":{"self":[{"href":"https:\/\/artstella-elixirs-floraux.com\/fr_fr\/wp-json\/wp\/v2\/product\/12230","targetHints":{"allow":["GET"]}}],"collection":[{"href":"https:\/\/artstella-elixirs-floraux.com\/fr_fr\/wp-json\/wp\/v2\/product"}],"about":[{"href":"https:\/\/artstella-elixirs-floraux.com\/fr_fr\/wp-json\/wp\/v2\/types\/product"}],"version-history":[{"count":2,"href":"https:\/\/artstella-elixirs-floraux.com\/fr_fr\/wp-json\/wp\/v2\/product\/12230\/revisions"}],"predecessor-version":[{"id":12297,"href":"https:\/\/artstella-elixirs-floraux.com\/fr_fr\/wp-json\/wp\/v2\/product\/12230\/revisions\/12297"}],"wp:featuredmedia":[{"embeddable":true,"href":"https:\/\/artstella-elixirs-floraux.com\/fr_fr\/wp-json\/wp\/v2\/media\/12235"}],"wp:attachment":[{"href":"https:\/\/artstella-elixirs-floraux.com\/fr_fr\/wp-json\/wp\/v2\/media?parent=12230"}],"wp:term":[{"taxonomy":"product_brand","embeddable":true,"href":"https:\/\/artstella-elixirs-floraux.com\/fr_fr\/wp-json\/wp\/v2\/product_brand?post=12230"},{"taxonomy":"product_cat","embeddable":true,"href":"https:\/\/artstella-elixirs-floraux.com\/fr_fr\/wp-json\/wp\/v2\/product_cat?post=12230"},{"taxonomy":"product_tag","embeddable":true,"href":"https:\/\/artstella-elixirs-floraux.com\/fr_fr\/wp-json\/wp\/v2\/product_tag?post=12230"}],"curies":[{"name":"wp","href":"https:\/\/api.w.org\/{rel}","templated":true}]}}