{"id":12249,"date":"2026-03-13T16:52:57","date_gmt":"2026-03-13T16:52:57","guid":{"rendered":"https:\/\/artstella-elixirs-floraux.com\/?post_type=product&#038;p=12249"},"modified":"2026-03-13T17:38:55","modified_gmt":"2026-03-13T17:38:55","slug":"5-orchidee-de-lintuition-spathoglottis-plicata-sylfos","status":"publish","type":"product","link":"https:\/\/artstella-elixirs-floraux.com\/fr_fr\/produit\/5-orchidee-de-lintuition-spathoglottis-plicata-sylfos\/","title":{"rendered":"05. ORCHID\u00c9E DE L\u2019INTUITION Spathoglottis plicata Sylfos"},"content":{"rendered":"","protected":false},"excerpt":{"rendered":"<p>\u00c9lixir d\u2019<strong>intuition et de clart\u00e9 int\u00e9rieure<\/strong>. Ouvre la perception subtile, apaise le mental et renforce la confiance dans la voix int\u00e9rieure.<\/p>\n","protected":false},"featured_media":12250,"template":"","meta":[],"product_brand":[],"product_cat":[342],"product_tag":[],"class_list":{"0":"post-12249","1":"product","2":"type-product","3":"status-publish","4":"has-post-thumbnail","6":"product_cat-les-elixirs-dorchidees-sylfos","8":"first","9":"instock","10":"taxable","11":"shipping-taxable","12":"purchasable","13":"product-type-simple"},"etheme_brands":{"errors":{"invalid_taxonomy":["Taxonomie non valide."]},"error_data":[]},"jetpack_sharing_enabled":true,"jetpack-related-posts":[{"id":5830,"url":"https:\/\/artstella-elixirs-floraux.com\/fr_fr\/produit\/lezard-lizard-gallotia-caesaris-gomerae15-ml-phi\/","url_meta":{"origin":12249,"position":0},"title":"L\u00e9zard &#8211; Lizard (Gallotia caesaris gomerae)15 ml PHI","author":"eveapprill","date":"9 mars 2025","format":false,"excerpt":"L\u00e9zard - Lizard (Gallotia caesaris gomerae)\u00a0 Energ\u00e9tiquement cet \u00e9lixir nous offre un fort potentiel de r\u00e9g\u00e9n\u00e9ration, notamment apr\u00e8s un traitement pour des probl\u00e8mes cutan\u00e9s. Il nous aide \u00e0 faire confiance \u00e0 notre intuition et \u00e0 suivre notre lumi\u00e8re int\u00e9rieure.","rel":"","context":"Article similaire","block_context":{"text":"Article similaire","link":""},"img":{"alt_text":"","src":"","width":0,"height":0},"classes":[]},{"id":6294,"url":"https:\/\/artstella-elixirs-floraux.com\/fr_fr\/produit\/coton-algodon-sylfos-15ml\/","url_meta":{"origin":12249,"position":1},"title":"COTON ALGODON SYLFOS 15ML","author":"eveapprill","date":"9 mars 2025","format":false,"excerpt":"ALGOD\u00d3N \/ Coton(Gossypiumarboreum) Image parentale, sensibilit\u00e9 Pour ceux qui, parce qu'ils n'ont pas re\u00e7u assez d'amour dans leur enfance, ne savent pas s'aimer eux-m\u00eames. Il favorise la recherche et les retrouvailles avec l'enfant int\u00e9rieur, pour gu\u00e9rir ses blessures\u00a0; Il am\u00e9liore \u00e9galement l'intuition.","rel":"","context":"Article similaire","block_context":{"text":"Article similaire","link":""},"img":{"alt_text":"","src":"https:\/\/i0.wp.com\/artstella-elixirs-floraux.com\/wp-content\/uploads\/2025\/03\/wp-image2376.png?resize=350%2C200&ssl=1","width":350,"height":200},"classes":[]},{"id":5422,"url":"https:\/\/artstella-elixirs-floraux.com\/fr_fr\/produit\/monnaie-du-pape-judaspenning-10ml\/","url_meta":{"origin":12249,"position":2},"title":"Monnaie du Pape &#8211; JUDASPENNING 10ml","author":"eveapprill","date":"9 mars 2025","format":false,"excerpt":"Lunaria annua (Monnaie du Pape)\u00a0Judas penning Pour ceux qui s\u2019int\u00e9ressent davantage aux biens mat\u00e9riels qu\u2019\u00e0 autrui, la Nature ou \u00e0 son propre \u00eatre. Cette attitude entra\u00eene une perte des capacit\u00e9s intuitives inn\u00e9es.","rel":"","context":"Article similaire","block_context":{"text":"Article similaire","link":""},"img":{"alt_text":"","src":"","width":0,"height":0},"classes":[]},{"id":2670,"url":"https:\/\/artstella-elixirs-floraux.com\/fr_fr\/produit\/bush-fuchsia-15ml\/","url_meta":{"origin":12249,"position":3},"title":"BUSH FUCHSIA 15ml","author":"eveapprill","date":"9 mars 2025","format":false,"excerpt":"BUSH FUSHIA\u00a0 Incapacit\u00e9 \u00e0 \u00e9quilibrer la logique et la rationalit\u00e9 avec l\u2019intuition et la cr\u00e9ativit\u00e9, ne pas \u00e9couter son intuition. Pour l\u2019int\u00e9gration des connaissances, pour \u00e9couter et suivre son intuition.","rel":"","context":"Article similaire","block_context":{"text":"Article similaire","link":""},"img":{"alt_text":"","src":"https:\/\/i0.wp.com\/artstella-elixirs-floraux.com\/wp-content\/uploads\/2025\/03\/wp-image248.png?resize=350%2C200&ssl=1","width":350,"height":200},"classes":[]},{"id":5364,"url":"https:\/\/artstella-elixirs-floraux.com\/fr_fr\/produit\/cartes-des-fleurs-de-bach\/","url_meta":{"origin":12249,"position":4},"title":"Cartes des fleurs de Bach","author":"eveapprill","date":"9 mars 2025","format":false,"excerpt":"Ce jeu de cartes est un outil de d\u00e9couverte et de s\u00e9lection intuitive et efficace des fleurs du Dr Bach. Format des cartes : 70 mm x 100 mm","rel":"","context":"Article similaire","block_context":{"text":"Article similaire","link":""},"img":{"alt_text":"","src":"https:\/\/i0.wp.com\/artstella-elixirs-floraux.com\/wp-content\/uploads\/2025\/03\/wp-image1649.png?resize=350%2C200&ssl=1","width":350,"height":200},"classes":[]},{"id":5950,"url":"https:\/\/artstella-elixirs-floraux.com\/fr_fr\/produit\/plumbago-10ml-deva\/","url_meta":{"origin":12249,"position":5},"title":"Plumbago 10ml DEVA","author":"eveapprill","date":"9 mars 2025","format":false,"excerpt":"Plumbago - Cerato Ceratostigma willmottiana Confiance en soi, intuition Pour ceux qui doutent de leurs capacit\u00e9s, qui n'ont pas confiance dans leur intuition. Manquant de volont\u00e9, ils n'ont pas le courage de leurs convictions.","rel":"","context":"Article similaire","block_context":{"text":"Article similaire","link":""},"img":{"alt_text":"","src":"","width":0,"height":0},"classes":[]}],"_links":{"self":[{"href":"https:\/\/artstella-elixirs-floraux.com\/fr_fr\/wp-json\/wp\/v2\/product\/12249","targetHints":{"allow":["GET"]}}],"collection":[{"href":"https:\/\/artstella-elixirs-floraux.com\/fr_fr\/wp-json\/wp\/v2\/product"}],"about":[{"href":"https:\/\/artstella-elixirs-floraux.com\/fr_fr\/wp-json\/wp\/v2\/types\/product"}],"version-history":[{"count":3,"href":"https:\/\/artstella-elixirs-floraux.com\/fr_fr\/wp-json\/wp\/v2\/product\/12249\/revisions"}],"predecessor-version":[{"id":12293,"href":"https:\/\/artstella-elixirs-floraux.com\/fr_fr\/wp-json\/wp\/v2\/product\/12249\/revisions\/12293"}],"wp:featuredmedia":[{"embeddable":true,"href":"https:\/\/artstella-elixirs-floraux.com\/fr_fr\/wp-json\/wp\/v2\/media\/12250"}],"wp:attachment":[{"href":"https:\/\/artstella-elixirs-floraux.com\/fr_fr\/wp-json\/wp\/v2\/media?parent=12249"}],"wp:term":[{"taxonomy":"product_brand","embeddable":true,"href":"https:\/\/artstella-elixirs-floraux.com\/fr_fr\/wp-json\/wp\/v2\/product_brand?post=12249"},{"taxonomy":"product_cat","embeddable":true,"href":"https:\/\/artstella-elixirs-floraux.com\/fr_fr\/wp-json\/wp\/v2\/product_cat?post=12249"},{"taxonomy":"product_tag","embeddable":true,"href":"https:\/\/artstella-elixirs-floraux.com\/fr_fr\/wp-json\/wp\/v2\/product_tag?post=12249"}],"curies":[{"name":"wp","href":"https:\/\/api.w.org\/{rel}","templated":true}]}}