{"id":12261,"date":"2026-03-13T17:00:59","date_gmt":"2026-03-13T17:00:59","guid":{"rendered":"https:\/\/artstella-elixirs-floraux.com\/?post_type=product&#038;p=12261"},"modified":"2026-03-13T17:36:39","modified_gmt":"2026-03-13T17:36:39","slug":"8-orchidee-de-la-meditation-pleurothallis-revoluta-sylfos","status":"publish","type":"product","link":"https:\/\/artstella-elixirs-floraux.com\/fr_fr\/produit\/8-orchidee-de-la-meditation-pleurothallis-revoluta-sylfos\/","title":{"rendered":"08. ORCHID\u00c9E DE LA M\u00c9DITATION Pleurothallis revoluta Sylfos"},"content":{"rendered":"","protected":false},"excerpt":{"rendered":"<p>\u00c9lixir de\u00a0<strong>silence int\u00e9rieur et de pr\u00e9sence consciente<\/strong>. Apaise le mental, facilite la m\u00e9ditation et ouvre la voie \u00e0 une perception spirituelle claire.<\/p>\n","protected":false},"featured_media":12263,"template":"","meta":[],"product_brand":[],"product_cat":[342],"product_tag":[],"class_list":{"0":"post-12261","1":"product","2":"type-product","3":"status-publish","4":"has-post-thumbnail","6":"product_cat-les-elixirs-dorchidees-sylfos","8":"first","9":"instock","10":"taxable","11":"shipping-taxable","12":"purchasable","13":"product-type-simple"},"etheme_brands":{"errors":{"invalid_taxonomy":["Taxonomie non valide."]},"error_data":[]},"jetpack_sharing_enabled":true,"jetpack-related-posts":[{"id":2735,"url":"https:\/\/artstella-elixirs-floraux.com\/fr_fr\/produit\/meditation-bush-30-ml\/","url_meta":{"origin":12261,"position":0},"title":"MEDITATION BUSH 30 ml","author":"eveapprill","date":"9 mars 2025","format":false,"excerpt":"Meditation Eveille la spiritualit\u00e9. Aide approfondir toute pratique spirituelle ou religieuse et favorise l'acc\u00e8s \u00e0 un autre niveau de conscience, tout en assurant une plus grande protection du Moi et la sauvegarde de l'aura. Fortement recommand\u00e9 \u00e0 tous ceux qui pratiquent la m\u00e9ditation.","rel":"","context":"Article similaire","block_context":{"text":"Article similaire","link":""},"img":{"alt_text":"","src":"https:\/\/i0.wp.com\/artstella-elixirs-floraux.com\/wp-content\/uploads\/2025\/03\/8213eb41-48ef-461b-ada2-bbd45136e611.jpg?resize=350%2C200&ssl=1","width":350,"height":200,"srcset":"https:\/\/i0.wp.com\/artstella-elixirs-floraux.com\/wp-content\/uploads\/2025\/03\/8213eb41-48ef-461b-ada2-bbd45136e611.jpg?resize=350%2C200&ssl=1 1x, https:\/\/i0.wp.com\/artstella-elixirs-floraux.com\/wp-content\/uploads\/2025\/03\/8213eb41-48ef-461b-ada2-bbd45136e611.jpg?resize=525%2C300&ssl=1 1.5x, https:\/\/i0.wp.com\/artstella-elixirs-floraux.com\/wp-content\/uploads\/2025\/03\/8213eb41-48ef-461b-ada2-bbd45136e611.jpg?resize=700%2C400&ssl=1 2x"},"classes":[]},{"id":3586,"url":"https:\/\/artstella-elixirs-floraux.com\/fr_fr\/produit\/protecteur-du-voyage-interieur-15-ml\/","url_meta":{"origin":12261,"position":1},"title":"Guardian of the inner journey LTOE 15 ml","author":"eveapprill","date":"9 mars 2025","format":false,"excerpt":"Guardian of the inner journey \/Protecteur du voyage int\u00e9rieur Il apporte le courage de voir notre ombre et les peurs qui inhibent notre \u00e9volution spirituelle. Un \u00e9lixir \"s\u00e9rieux\" qui nous aide dans les pratiques de m\u00e9ditation. Il correspond \u00e9nerg\u00e9tiquement \u00e0 \"Walking to the Earth rythm\" qui peut \u00eatre pris \u00e0\u2026","rel":"","context":"Article similaire","block_context":{"text":"Article similaire","link":""},"img":{"alt_text":"","src":"https:\/\/i0.wp.com\/artstella-elixirs-floraux.com\/wp-content\/uploads\/2025\/03\/be484e02-a99a-4749-8338-486dd12f7498.jpg?resize=350%2C200&ssl=1","width":350,"height":200,"srcset":"https:\/\/i0.wp.com\/artstella-elixirs-floraux.com\/wp-content\/uploads\/2025\/03\/be484e02-a99a-4749-8338-486dd12f7498.jpg?resize=350%2C200&ssl=1 1x, https:\/\/i0.wp.com\/artstella-elixirs-floraux.com\/wp-content\/uploads\/2025\/03\/be484e02-a99a-4749-8338-486dd12f7498.jpg?resize=525%2C300&ssl=1 1.5x, https:\/\/i0.wp.com\/artstella-elixirs-floraux.com\/wp-content\/uploads\/2025\/03\/be484e02-a99a-4749-8338-486dd12f7498.jpg?resize=700%2C400&ssl=1 2x"},"classes":[]},{"id":6249,"url":"https:\/\/artstella-elixirs-floraux.com\/fr_fr\/produit\/clarity-of-connection-15ml\/","url_meta":{"origin":12261,"position":2},"title":"CLARITY OF CONNECTION 15ML","author":"eveapprill","date":"9 mars 2025","format":false,"excerpt":"Clarity of Connection\u00a0 - Clart\u00e9 de Connexion Pour rester centrer dans la m\u00e9ditation. Equilibre les chakras et ainsi am\u00e9liore la connexion avec le moi sup\u00e9rieur et les chakras sup\u00e9rieurs.","rel":"","context":"Article similaire","block_context":{"text":"Article similaire","link":""},"img":{"alt_text":"","src":"https:\/\/i0.wp.com\/artstella-elixirs-floraux.com\/wp-content\/uploads\/2025\/03\/wp-image2215.png?resize=350%2C200&ssl=1","width":350,"height":200,"srcset":"https:\/\/i0.wp.com\/artstella-elixirs-floraux.com\/wp-content\/uploads\/2025\/03\/wp-image2215.png?resize=350%2C200&ssl=1 1x, https:\/\/i0.wp.com\/artstella-elixirs-floraux.com\/wp-content\/uploads\/2025\/03\/wp-image2215.png?resize=525%2C300&ssl=1 1.5x, https:\/\/i0.wp.com\/artstella-elixirs-floraux.com\/wp-content\/uploads\/2025\/03\/wp-image2215.png?resize=700%2C400&ssl=1 2x, https:\/\/i0.wp.com\/artstella-elixirs-floraux.com\/wp-content\/uploads\/2025\/03\/wp-image2215.png?resize=1050%2C600&ssl=1 3x"},"classes":[]},{"id":3557,"url":"https:\/\/artstella-elixirs-floraux.com\/fr_fr\/produit\/9-celestial-siren-ltoe-15-ml\/","url_meta":{"origin":12261,"position":3},"title":"CELESTIAL SIREN LTOE 15 ML","author":"eveapprill","date":"9 mars 2025","format":false,"excerpt":"Celestial siren \/ Sir\u00e8ne c\u00e9leste (Dendrobium lawesii)Favorable \u00e0 la m\u00e9ditation. Permet d\u2019atteindre une attitude int\u00e9rieure de calme et de silence. Les pens\u00e9es n\u00e9gatives sont souffl\u00e9es telles des bougies.","rel":"","context":"Article similaire","block_context":{"text":"Article similaire","link":""},"img":{"alt_text":"","src":"https:\/\/i0.wp.com\/artstella-elixirs-floraux.com\/wp-content\/uploads\/2025\/03\/f89166a4-b22a-4ff5-9fa5-1b29deb20102.jpg?resize=350%2C200&ssl=1","width":350,"height":200,"srcset":"https:\/\/i0.wp.com\/artstella-elixirs-floraux.com\/wp-content\/uploads\/2025\/03\/f89166a4-b22a-4ff5-9fa5-1b29deb20102.jpg?resize=350%2C200&ssl=1 1x, https:\/\/i0.wp.com\/artstella-elixirs-floraux.com\/wp-content\/uploads\/2025\/03\/f89166a4-b22a-4ff5-9fa5-1b29deb20102.jpg?resize=525%2C300&ssl=1 1.5x, https:\/\/i0.wp.com\/artstella-elixirs-floraux.com\/wp-content\/uploads\/2025\/03\/f89166a4-b22a-4ff5-9fa5-1b29deb20102.jpg?resize=700%2C400&ssl=1 2x"},"classes":[]},{"id":2985,"url":"https:\/\/artstella-elixirs-floraux.com\/fr_fr\/produit\/apatite-phi-15-ml\/","url_meta":{"origin":12261,"position":4},"title":"APATITE PHI 15 ML","author":"eveapprill","date":"9 mars 2025","format":false,"excerpt":"Apatite (Apatit) Favorise l'apaisement, la clart\u00e9, la concentration et la m\u00e9ditation. Il soutient le travail de r\u00e9gression.","rel":"","context":"Article similaire","block_context":{"text":"Article similaire","link":""},"img":{"alt_text":"","src":"","width":0,"height":0},"classes":[]},{"id":2922,"url":"https:\/\/artstella-elixirs-floraux.com\/fr_fr\/produit\/amethyste-15-ml-phi\/","url_meta":{"origin":12261,"position":5},"title":"AMETHYSTE 15 ML PHI","author":"eveapprill","date":"9 mars 2025","format":false,"excerpt":"Am\u00e9thyste (Amethyst) Permet un meilleur acc\u00e8s au domaine du r\u00eave et de l'intuition. Il supprime les cons\u00e9quences du stress. Id\u00e9al pour accompagner la m\u00e9ditation.","rel":"","context":"Article similaire","block_context":{"text":"Article similaire","link":""},"img":{"alt_text":"","src":"https:\/\/i0.wp.com\/artstella-elixirs-floraux.com\/wp-content\/uploads\/2025\/03\/wp-image294.png?resize=350%2C200&ssl=1","width":350,"height":200},"classes":[]}],"_links":{"self":[{"href":"https:\/\/artstella-elixirs-floraux.com\/fr_fr\/wp-json\/wp\/v2\/product\/12261","targetHints":{"allow":["GET"]}}],"collection":[{"href":"https:\/\/artstella-elixirs-floraux.com\/fr_fr\/wp-json\/wp\/v2\/product"}],"about":[{"href":"https:\/\/artstella-elixirs-floraux.com\/fr_fr\/wp-json\/wp\/v2\/types\/product"}],"version-history":[{"count":3,"href":"https:\/\/artstella-elixirs-floraux.com\/fr_fr\/wp-json\/wp\/v2\/product\/12261\/revisions"}],"predecessor-version":[{"id":12290,"href":"https:\/\/artstella-elixirs-floraux.com\/fr_fr\/wp-json\/wp\/v2\/product\/12261\/revisions\/12290"}],"wp:featuredmedia":[{"embeddable":true,"href":"https:\/\/artstella-elixirs-floraux.com\/fr_fr\/wp-json\/wp\/v2\/media\/12263"}],"wp:attachment":[{"href":"https:\/\/artstella-elixirs-floraux.com\/fr_fr\/wp-json\/wp\/v2\/media?parent=12261"}],"wp:term":[{"taxonomy":"product_brand","embeddable":true,"href":"https:\/\/artstella-elixirs-floraux.com\/fr_fr\/wp-json\/wp\/v2\/product_brand?post=12261"},{"taxonomy":"product_cat","embeddable":true,"href":"https:\/\/artstella-elixirs-floraux.com\/fr_fr\/wp-json\/wp\/v2\/product_cat?post=12261"},{"taxonomy":"product_tag","embeddable":true,"href":"https:\/\/artstella-elixirs-floraux.com\/fr_fr\/wp-json\/wp\/v2\/product_tag?post=12261"}],"curies":[{"name":"wp","href":"https:\/\/api.w.org\/{rel}","templated":true}]}}