{"id":12266,"date":"2026-03-13T17:05:03","date_gmt":"2026-03-13T17:05:03","guid":{"rendered":"https:\/\/artstella-elixirs-floraux.com\/?post_type=product&#038;p=12266"},"modified":"2026-03-13T17:35:44","modified_gmt":"2026-03-13T17:35:44","slug":"9-orchidee-de-la-paix-dendrobium-aggregatum-sylfos","status":"publish","type":"product","link":"https:\/\/artstella-elixirs-floraux.com\/fr_fr\/produit\/9-orchidee-de-la-paix-dendrobium-aggregatum-sylfos\/","title":{"rendered":"09. ORCHID\u00c9E DE LA PAIX Dendrobium aggregatum Sylfos"},"content":{"rendered":"","protected":false},"excerpt":{"rendered":"","protected":false},"featured_media":12262,"template":"","meta":[],"product_brand":[],"product_cat":[342],"product_tag":[],"class_list":{"0":"post-12266","1":"product","2":"type-product","3":"status-publish","4":"has-post-thumbnail","6":"product_cat-les-elixirs-dorchidees-sylfos","8":"first","9":"instock","10":"taxable","11":"shipping-taxable","12":"purchasable","13":"product-type-simple"},"etheme_brands":{"errors":{"invalid_taxonomy":["Taxonomie non valide."]},"error_data":[]},"jetpack_sharing_enabled":true,"jetpack-related-posts":[{"id":12298,"url":"https:\/\/artstella-elixirs-floraux.com\/fr_fr\/produit\/15-orchidee-de-la-transformation-dendrobium-fimbriatum-sylfos\/","url_meta":{"origin":12266,"position":0},"title":"15. ORCHID\u00c9E DE LA TRANSFORMATION  (Dendrobium fimbriatum) Sylfos","author":"eveapprill","date":"13 mars 2026","format":false,"excerpt":"\u00c9lixir de\u00a0renouveau et de m\u00e9tamorphose int\u00e9rieure. Aide \u00e0 lib\u00e9rer le pass\u00e9 et \u00e0 avancer vers une nouvelle \u00e9tape de vie avec confiance.","rel":"","context":"Article similaire","block_context":{"text":"Article similaire","link":""},"img":{"alt_text":"","src":"https:\/\/i0.wp.com\/artstella-elixirs-floraux.com\/wp-content\/uploads\/2026\/03\/15_transformacion_-WEB.png?resize=350%2C200&ssl=1","width":350,"height":200},"classes":[]},{"id":12285,"url":"https:\/\/artstella-elixirs-floraux.com\/fr_fr\/produit\/14-orchidee-du-courage-dendrobium-anceps-sylfos\/","url_meta":{"origin":12266,"position":1},"title":"14. ORCHID\u00c9E DU COURAGE Dendrobium anceps Sylfos","author":"eveapprill","date":"13 mars 2026","format":false,"excerpt":"\u00c9lixir de\u00a0r\u00e9silience et de force int\u00e9rieure. Aide \u00e0 d\u00e9passer la peur, \u00e0 prendre des d\u00e9cisions et \u00e0 avancer avec d\u00e9termination face aux d\u00e9fis.","rel":"","context":"Article similaire","block_context":{"text":"Article similaire","link":""},"img":{"alt_text":"","src":"https:\/\/i0.wp.com\/artstella-elixirs-floraux.com\/wp-content\/uploads\/2026\/03\/14_valentia_-WEB.png?resize=350%2C200&ssl=1","width":350,"height":200},"classes":[]},{"id":6074,"url":"https:\/\/artstella-elixirs-floraux.com\/fr_fr\/produit\/inner-peace-15-ml-ltoe\/","url_meta":{"origin":12266,"position":2},"title":"INNER PEACE 15 ML LTOE","author":"eveapprill","date":"9 mars 2025","format":false,"excerpt":"Inner Peace - Dendrobium eximium Paix int\u00e9rieure Pr\u00e9pare \u00e0 exp\u00e9rimenter la vraie paix int\u00e9rieure, comme ceux qui ont atteint un haut d\u00e9veloppement de leur voyage spirituel. \u00ab\u00a0La paix surpassera toute compr\u00e9hension\u00a0\u00bb.","rel":"","context":"Article similaire","block_context":{"text":"Article similaire","link":""},"img":{"alt_text":"","src":"https:\/\/i0.wp.com\/artstella-elixirs-floraux.com\/wp-content\/uploads\/2025\/03\/wp-image2062.png?resize=350%2C200&ssl=1","width":350,"height":200,"srcset":"https:\/\/i0.wp.com\/artstella-elixirs-floraux.com\/wp-content\/uploads\/2025\/03\/wp-image2062.png?resize=350%2C200&ssl=1 1x, https:\/\/i0.wp.com\/artstella-elixirs-floraux.com\/wp-content\/uploads\/2025\/03\/wp-image2062.png?resize=525%2C300&ssl=1 1.5x, https:\/\/i0.wp.com\/artstella-elixirs-floraux.com\/wp-content\/uploads\/2025\/03\/wp-image2062.png?resize=700%2C400&ssl=1 2x, https:\/\/i0.wp.com\/artstella-elixirs-floraux.com\/wp-content\/uploads\/2025\/03\/wp-image2062.png?resize=1050%2C600&ssl=1 3x, https:\/\/i0.wp.com\/artstella-elixirs-floraux.com\/wp-content\/uploads\/2025\/03\/wp-image2062.png?resize=1400%2C800&ssl=1 4x"},"classes":[]},{"id":12245,"url":"https:\/\/artstella-elixirs-floraux.com\/fr_fr\/produit\/4-orchidee-de-lequilibre-phragmipedium-longifolium-sylfos\/","url_meta":{"origin":12266,"position":3},"title":"04. ORCHID\u00c9E DE L\u2019\u00c9QUILIBRE Phragmipedium longifolium Sylfos","author":"eveapprill","date":"13 mars 2026","format":false,"excerpt":"Orchid\u00e9e de l\u2019\u00c9quilibre \u2013 Phragmipedium longifolium \u00c9lixir de\u00a0paix int\u00e9rieure et d\u2019harmonisation \u00e9motionnelle. Stabilise les \u00e9motions, clarifie l\u2019esprit et aide \u00e0 transformer les tensions affectives en s\u00e9r\u00e9nit\u00e9 et maturit\u00e9.","rel":"","context":"Article similaire","block_context":{"text":"Article similaire","link":""},"img":{"alt_text":"","src":"https:\/\/i0.wp.com\/artstella-elixirs-floraux.com\/wp-content\/uploads\/2026\/03\/4_EQUILIBRIO_-WEB.png?resize=350%2C200&ssl=1","width":350,"height":200},"classes":[]},{"id":12305,"url":"https:\/\/artstella-elixirs-floraux.com\/fr_fr\/produit\/16-orchidee-de-lunion-cyrtopodium-puntatum-sylfos\/","url_meta":{"origin":12266,"position":4},"title":"16 . ORCHID\u00c9E DE L&rsquo;UNION (Cyrtopodium puntatum) Sylfos","author":"eveapprill","date":"13 mars 2026","format":false,"excerpt":"Il agit comme catalyseur vibratoire pour \u00e9lever l\u2019union et la connexion et repr\u00e9sente l\u2019amour comme instrument de paix et d\u2019harmonie, en soutenant l\u2019\u00e9l\u00e9vation \u00e9nerg\u00e9tique et la transformation int\u00e9rieure.","rel":"","context":"Article similaire","block_context":{"text":"Article similaire","link":""},"img":{"alt_text":"","src":"https:\/\/i0.wp.com\/artstella-elixirs-floraux.com\/wp-content\/uploads\/2026\/03\/16_union_-WEB.png?resize=350%2C200&ssl=1","width":350,"height":200},"classes":[]},{"id":12230,"url":"https:\/\/artstella-elixirs-floraux.com\/fr_fr\/produit\/1-orchidee-de-lharmonie-sylfos\/","url_meta":{"origin":12266,"position":5},"title":"01. ORCHID\u00c9E DE L\u2019HARMONIE Sylfos","author":"eveapprill","date":"13 mars 2026","format":false,"excerpt":"Orchid\u00e9e de l\u2019Harmonie \u2013 Bletia purpurea \u00c9lixir d\u2019\u00e9quilibre \u00e9motionnel et d\u2019alignement int\u00e9rieur. Il harmonise rapidement les \u00e9motions, calme la saturation mentale et stabilise l\u2019hypersensibilit\u00e9. Favorise pr\u00e9sence, clart\u00e9 et s\u00e9r\u00e9nit\u00e9 dans les situations de tension.","rel":"","context":"Article similaire","block_context":{"text":"Article similaire","link":""},"img":{"alt_text":"","src":"https:\/\/i0.wp.com\/artstella-elixirs-floraux.com\/wp-content\/uploads\/2026\/03\/01_ARMONIA-WEB-2.png?resize=350%2C200&ssl=1","width":350,"height":200},"classes":[]}],"_links":{"self":[{"href":"https:\/\/artstella-elixirs-floraux.com\/fr_fr\/wp-json\/wp\/v2\/product\/12266","targetHints":{"allow":["GET"]}}],"collection":[{"href":"https:\/\/artstella-elixirs-floraux.com\/fr_fr\/wp-json\/wp\/v2\/product"}],"about":[{"href":"https:\/\/artstella-elixirs-floraux.com\/fr_fr\/wp-json\/wp\/v2\/types\/product"}],"version-history":[{"count":2,"href":"https:\/\/artstella-elixirs-floraux.com\/fr_fr\/wp-json\/wp\/v2\/product\/12266\/revisions"}],"predecessor-version":[{"id":12289,"href":"https:\/\/artstella-elixirs-floraux.com\/fr_fr\/wp-json\/wp\/v2\/product\/12266\/revisions\/12289"}],"wp:featuredmedia":[{"embeddable":true,"href":"https:\/\/artstella-elixirs-floraux.com\/fr_fr\/wp-json\/wp\/v2\/media\/12262"}],"wp:attachment":[{"href":"https:\/\/artstella-elixirs-floraux.com\/fr_fr\/wp-json\/wp\/v2\/media?parent=12266"}],"wp:term":[{"taxonomy":"product_brand","embeddable":true,"href":"https:\/\/artstella-elixirs-floraux.com\/fr_fr\/wp-json\/wp\/v2\/product_brand?post=12266"},{"taxonomy":"product_cat","embeddable":true,"href":"https:\/\/artstella-elixirs-floraux.com\/fr_fr\/wp-json\/wp\/v2\/product_cat?post=12266"},{"taxonomy":"product_tag","embeddable":true,"href":"https:\/\/artstella-elixirs-floraux.com\/fr_fr\/wp-json\/wp\/v2\/product_tag?post=12266"}],"curies":[{"name":"wp","href":"https:\/\/api.w.org\/{rel}","templated":true}]}}