{"id":12273,"date":"2026-03-13T17:13:05","date_gmt":"2026-03-13T17:13:05","guid":{"rendered":"https:\/\/artstella-elixirs-floraux.com\/?post_type=product&#038;p=12273"},"modified":"2026-03-13T17:15:19","modified_gmt":"2026-03-13T17:15:19","slug":"11-orchidee-casque-rouge-red-helmet-corybas-dilatatus-sylfos","status":"publish","type":"product","link":"https:\/\/artstella-elixirs-floraux.com\/fr_fr\/produit\/11-orchidee-casque-rouge-red-helmet-corybas-dilatatus-sylfos\/","title":{"rendered":"11. ORCHID\u00c9E CASQUE ROUGE \/ RED HELMET Corybas dilatatus Sylfos"},"content":{"rendered":"","protected":false},"excerpt":{"rendered":"<p>\u00c9lixir de\u00a0<strong>gu\u00e9rison du p\u00e8re et d\u2019int\u00e9gration du masculin int\u00e9rieur<\/strong>. Favorise respect, autorit\u00e9 saine, maturit\u00e9 \u00e9motionnelle et relations \u00e9quilibr\u00e9es avec les figures d\u2019autorit\u00e9.<\/p>\n","protected":false},"featured_media":12274,"template":"","meta":[],"product_brand":[],"product_cat":[342],"product_tag":[],"class_list":{"0":"post-12273","1":"product","2":"type-product","3":"status-publish","4":"has-post-thumbnail","6":"product_cat-les-elixirs-dorchidees-sylfos","8":"first","9":"instock","10":"taxable","11":"shipping-taxable","12":"purchasable","13":"product-type-simple"},"etheme_brands":{"errors":{"invalid_taxonomy":["Taxonomie non valide."]},"error_data":[]},"jetpack_sharing_enabled":true,"jetpack-related-posts":[{"id":5570,"url":"https:\/\/artstella-elixirs-floraux.com\/fr_fr\/produit\/saguaro-15-ml-sylfos\/","url_meta":{"origin":12273,"position":0},"title":"SAGUARO 15 ML SYLFOS","author":"eveapprill","date":"9 mars 2025","format":false,"excerpt":"SAGUARO Carnegiea giganta \u00a0 \u00a0 Repr\u00e9sente le pouvoir et l\u2019autorit\u00e9. Pour les personnes en conflit avec les figures d\u2019autorit\u00e9. Ces personnes ont du mal \u00e0 distinguer les aspects positifs de l\u2019autorit\u00e9,","rel":"","context":"Article similaire","block_context":{"text":"Article similaire","link":""},"img":{"alt_text":"","src":"","width":0,"height":0},"classes":[]},{"id":4119,"url":"https:\/\/artstella-elixirs-floraux.com\/fr_fr\/produit\/almirante-rojo-sylfos-15-ml\/","url_meta":{"origin":12273,"position":1},"title":"ALMIRANTE ROJO SYLFOS 15 ML","author":"eveapprill","date":"9 mars 2025","format":false,"excerpt":"ALMIRANTE ROJO Vanessa atalanta Autorit\u00e9 \u2013 Fermet\u00e9 . Un \u00e9lixir qui nous permet de nous affirmer sur nos propres croyances et nos objectifs de vie.","rel":"","context":"Article similaire","block_context":{"text":"Article similaire","link":""},"img":{"alt_text":"","src":"","width":0,"height":0},"classes":[]},{"id":5558,"url":"https:\/\/artstella-elixirs-floraux.com\/fr_fr\/produit\/orchidee-red-helmet-15ml-corybas-dilatatus\/","url_meta":{"origin":12273,"position":2},"title":"Orchid\u00e9e RED HELMET 15ml Corybas dilatatus","author":"eveapprill","date":"9 mars 2025","format":false,"excerpt":"Orchid\u00e9e RED HELMET Corybas dilatatus \u00a0 \u00a0 Pour les personnes rebelles, \u00e9go\u00efstes, ayant des probl\u00e8mes avec la figure de l\u2019autorit\u00e9 provenant d\u2019une mauvaise relation avec leur propre p\u00e8re.\u00a0","rel":"","context":"Article similaire","block_context":{"text":"Article similaire","link":""},"img":{"alt_text":"","src":"","width":0,"height":0},"classes":[]},{"id":4380,"url":"https:\/\/artstella-elixirs-floraux.com\/fr_fr\/produit\/empower-wea-30-ml\/","url_meta":{"origin":12273,"position":3},"title":"EMPOWER WEA 30 ML","author":"eveapprill","date":"27 mai 2025","format":false,"excerpt":"Empower Grand soutien pour revendiquer notre sens de pouvoir et notre autorit\u00e9","rel":"","context":"Article similaire","block_context":{"text":"Article similaire","link":""},"img":{"alt_text":"","src":"https:\/\/i0.wp.com\/artstella-elixirs-floraux.com\/wp-content\/uploads\/2025\/03\/empower.jpeg?resize=350%2C200&ssl=1","width":350,"height":200},"classes":[]},{"id":5138,"url":"https:\/\/artstella-elixirs-floraux.com\/fr_fr\/produit\/pater-15-ml\/","url_meta":{"origin":12273,"position":4},"title":"PATER 15 ML","author":"eveapprill","date":"9 mars 2025","format":false,"excerpt":"PATER 15ML Pour se reconnecter au sch\u00e9ma \u00e9motionnel du \u00ab\u00a0P\u00e8re Int\u00e9rieur\u00a0\u00bb. Aide \u00e0 clarifier la lign\u00e9e paternelle, aussi bien ascendante que descendante. Apporte un soutien au niveau physique et psychique dans la relation au p\u00e8re et d\u00e9veloppe \u00a0l'union et la r\u00e9conciliation p\u00e8re\/enfant. Permet une relation saine \u00e0 l\u2019autorit\u00e9 et au\u2026","rel":"","context":"Article similaire","block_context":{"text":"Article similaire","link":""},"img":{"alt_text":"","src":"https:\/\/i0.wp.com\/artstella-elixirs-floraux.com\/wp-content\/uploads\/2025\/03\/825ba292-20de-49d2-a6f8-42ef8c9b88bc.jpg?resize=350%2C200&ssl=1","width":350,"height":200,"srcset":"https:\/\/i0.wp.com\/artstella-elixirs-floraux.com\/wp-content\/uploads\/2025\/03\/825ba292-20de-49d2-a6f8-42ef8c9b88bc.jpg?resize=350%2C200&ssl=1 1x, https:\/\/i0.wp.com\/artstella-elixirs-floraux.com\/wp-content\/uploads\/2025\/03\/825ba292-20de-49d2-a6f8-42ef8c9b88bc.jpg?resize=525%2C300&ssl=1 1.5x, https:\/\/i0.wp.com\/artstella-elixirs-floraux.com\/wp-content\/uploads\/2025\/03\/825ba292-20de-49d2-a6f8-42ef8c9b88bc.jpg?resize=700%2C400&ssl=1 2x"},"classes":[]},{"id":5738,"url":"https:\/\/artstella-elixirs-floraux.com\/fr_fr\/produit\/mouron-des-champs-10-ml-deva\/","url_meta":{"origin":12273,"position":5},"title":"Mouron des champs 10 ml DEVA","author":"eveapprill","date":"9 mars 2025","format":false,"excerpt":"Mouron des Champs Affirmation de soi. Pour les probl\u00e8mes li\u00e9s \u00e0 l\u2019autorit\u00e9 et \u00e0 l\u2019image du p\u00e8re.","rel":"","context":"Article similaire","block_context":{"text":"Article similaire","link":""},"img":{"alt_text":"","src":"https:\/\/i0.wp.com\/artstella-elixirs-floraux.com\/wp-content\/uploads\/2025\/03\/wp-image2428.png?resize=350%2C200&ssl=1","width":350,"height":200},"classes":[]}],"_links":{"self":[{"href":"https:\/\/artstella-elixirs-floraux.com\/fr_fr\/wp-json\/wp\/v2\/product\/12273","targetHints":{"allow":["GET"]}}],"collection":[{"href":"https:\/\/artstella-elixirs-floraux.com\/fr_fr\/wp-json\/wp\/v2\/product"}],"about":[{"href":"https:\/\/artstella-elixirs-floraux.com\/fr_fr\/wp-json\/wp\/v2\/types\/product"}],"version-history":[{"count":2,"href":"https:\/\/artstella-elixirs-floraux.com\/fr_fr\/wp-json\/wp\/v2\/product\/12273\/revisions"}],"predecessor-version":[{"id":12276,"href":"https:\/\/artstella-elixirs-floraux.com\/fr_fr\/wp-json\/wp\/v2\/product\/12273\/revisions\/12276"}],"wp:featuredmedia":[{"embeddable":true,"href":"https:\/\/artstella-elixirs-floraux.com\/fr_fr\/wp-json\/wp\/v2\/media\/12274"}],"wp:attachment":[{"href":"https:\/\/artstella-elixirs-floraux.com\/fr_fr\/wp-json\/wp\/v2\/media?parent=12273"}],"wp:term":[{"taxonomy":"product_brand","embeddable":true,"href":"https:\/\/artstella-elixirs-floraux.com\/fr_fr\/wp-json\/wp\/v2\/product_brand?post=12273"},{"taxonomy":"product_cat","embeddable":true,"href":"https:\/\/artstella-elixirs-floraux.com\/fr_fr\/wp-json\/wp\/v2\/product_cat?post=12273"},{"taxonomy":"product_tag","embeddable":true,"href":"https:\/\/artstella-elixirs-floraux.com\/fr_fr\/wp-json\/wp\/v2\/product_tag?post=12273"}],"curies":[{"name":"wp","href":"https:\/\/api.w.org\/{rel}","templated":true}]}}