{"id":12323,"date":"2026-03-16T14:12:05","date_gmt":"2026-03-16T14:12:05","guid":{"rendered":"https:\/\/artstella-elixirs-floraux.com\/?post_type=product&#038;p=12323"},"modified":"2026-03-16T14:12:06","modified_gmt":"2026-03-16T14:12:06","slug":"aigue-marine-agua-marina-15ml","status":"publish","type":"product","link":"https:\/\/artstella-elixirs-floraux.com\/fr_fr\/produit\/aigue-marine-agua-marina-15ml\/","title":{"rendered":"AIGUE MARINE &#8211; AGUA MARINA 15ML"},"content":{"rendered":"","protected":false},"excerpt":{"rendered":"<p>L&rsquo;aigue-marine apporte calme et clart\u00e9 \u00e0 la communication \u00e9motionnelle, aidant \u00e0 exprimer ce que l&rsquo;on ressent sans anxi\u00e9t\u00e9 ni blocage. Elle met de l&rsquo;ordre dans les pens\u00e9es et les \u00e9motions, facilitant une expression authentique et coh\u00e9rente. Elle est particuli\u00e8rement utile en cas de peur de parler ou de difficult\u00e9 \u00e0 communiquer ce qui est profond. Son \u00e9nergie unit l&rsquo;esprit et le c\u0153ur en une parole sereine et consciente.<\/p>\n","protected":false},"featured_media":12324,"template":"","meta":[],"product_brand":[],"product_cat":[343],"product_tag":[],"class_list":{"0":"post-12323","1":"product","2":"type-product","3":"status-publish","4":"has-post-thumbnail","6":"product_cat-les-elixirs-de-pierre-sylfos","8":"first","9":"instock","10":"taxable","11":"shipping-taxable","12":"purchasable","13":"product-type-simple"},"etheme_brands":{"errors":{"invalid_taxonomy":["Taxonomie non valide."]},"error_data":[]},"jetpack_sharing_enabled":true,"jetpack-related-posts":[{"id":2925,"url":"https:\/\/artstella-elixirs-floraux.com\/fr_fr\/produit\/aigue-marine-phi-15-ml\/","url_meta":{"origin":12323,"position":0},"title":"AIGUE MARINE PHI 15 ML","author":"eveapprill","date":"9 mars 2025","format":false,"excerpt":"Aigue marine (Aquamarin) A un effet calmant, renforce le travail des organes d'\u00e9limination du corps. Il est rafra\u00eechissant et purifiant.","rel":"","context":"Article similaire","block_context":{"text":"Article similaire","link":""},"img":{"alt_text":"","src":"https:\/\/i0.wp.com\/artstella-elixirs-floraux.com\/wp-content\/uploads\/2025\/03\/wp-image295.png?resize=350%2C200&ssl=1","width":350,"height":200},"classes":[]},{"id":5376,"url":"https:\/\/artstella-elixirs-floraux.com\/fr_fr\/produit\/agua-marina-listada-15-ml-sylfos\/","url_meta":{"origin":12323,"position":1},"title":"AGUA MARINA LISTADA 15 ML SYLFOS","author":"eveapprill","date":"9 mars 2025","format":false,"excerpt":"22 - AGUA-MARINA LISTADA \/ AIGUE MARINE RAY\u00c9E Oenomaus ortygnus\u00a0 L\u00e2cher-prise \u2013 Renouveau \u2013 Abondance Cet \u00e9lixir permet de l\u00e2cher tout ce qui est ancien de fa\u00e7on a ce que le nouveau puisse entrer. Il permet de l\u00e2cher ce qui ne nous sert plus et qui emp\u00eache notre cheminement. Il\u2026","rel":"","context":"Article similaire","block_context":{"text":"Article similaire","link":""},"img":{"alt_text":"","src":"https:\/\/i0.wp.com\/artstella-elixirs-floraux.com\/wp-content\/uploads\/2025\/03\/6e9f3bfa-15ed-4531-8eb6-5b1de3a744f8.jpg?resize=350%2C200&ssl=1","width":350,"height":200,"srcset":"https:\/\/i0.wp.com\/artstella-elixirs-floraux.com\/wp-content\/uploads\/2025\/03\/6e9f3bfa-15ed-4531-8eb6-5b1de3a744f8.jpg?resize=350%2C200&ssl=1 1x, https:\/\/i0.wp.com\/artstella-elixirs-floraux.com\/wp-content\/uploads\/2025\/03\/6e9f3bfa-15ed-4531-8eb6-5b1de3a744f8.jpg?resize=525%2C300&ssl=1 1.5x, https:\/\/i0.wp.com\/artstella-elixirs-floraux.com\/wp-content\/uploads\/2025\/03\/6e9f3bfa-15ed-4531-8eb6-5b1de3a744f8.jpg?resize=700%2C400&ssl=1 2x"},"classes":[]},{"id":3560,"url":"https:\/\/artstella-elixirs-floraux.com\/fr_fr\/produit\/10-clear-mind-ltoe-15-ml\/","url_meta":{"origin":12323,"position":2},"title":"CLEAR MIND LTOE 15 ML","author":"eveapprill","date":"9 mars 2025","format":false,"excerpt":"Esprit serein\/Clear Mind (Aeranthes grandiflora - Madagascar) aigue-marineCet \u00e9lixir apaise le mental et \u00e9claircit l\u2019esprit afin d\u2019aider la r\u00e9flexion et d\u2019amener de nouvelles perspectives.","rel":"","context":"Article similaire","block_context":{"text":"Article similaire","link":""},"img":{"alt_text":"","src":"https:\/\/i0.wp.com\/artstella-elixirs-floraux.com\/wp-content\/uploads\/2025\/03\/ae08dff2-4160-4921-bb08-c5043b1ae455.jpg?resize=350%2C200&ssl=1","width":350,"height":200,"srcset":"https:\/\/i0.wp.com\/artstella-elixirs-floraux.com\/wp-content\/uploads\/2025\/03\/ae08dff2-4160-4921-bb08-c5043b1ae455.jpg?resize=350%2C200&ssl=1 1x, https:\/\/i0.wp.com\/artstella-elixirs-floraux.com\/wp-content\/uploads\/2025\/03\/ae08dff2-4160-4921-bb08-c5043b1ae455.jpg?resize=525%2C300&ssl=1 1.5x, https:\/\/i0.wp.com\/artstella-elixirs-floraux.com\/wp-content\/uploads\/2025\/03\/ae08dff2-4160-4921-bb08-c5043b1ae455.jpg?resize=700%2C400&ssl=1 2x"},"classes":[]},{"id":4542,"url":"https:\/\/artstella-elixirs-floraux.com\/fr_fr\/produit\/coffret-pierres-precieuses-15-ml\/","url_meta":{"origin":12323,"position":3},"title":"COFFRET PIERRES PRECIEUSES 15 ML","author":"eveapprill","date":"9 mars 2025","format":false,"excerpt":"\u00a0Les 20 \u00e9lixirs de pierres pr\u00e9cieuses Les pierres pr\u00e9cieuses sont un cadeau de la terre. Durant des millions d\u2019ann\u00e9es, elles se sont form\u00e9es en son sein jusqu\u2019\u00e0 ce que les hommes les d\u00e9couvrent et les mettent \u00e0 la lumi\u00e8re.","rel":"","context":"Article similaire","block_context":{"text":"Article similaire","link":""},"img":{"alt_text":"","src":"https:\/\/i0.wp.com\/artstella-elixirs-floraux.com\/wp-content\/uploads\/2025\/03\/wp-image1169.png?resize=350%2C200&ssl=1","width":350,"height":200,"srcset":"https:\/\/i0.wp.com\/artstella-elixirs-floraux.com\/wp-content\/uploads\/2025\/03\/wp-image1169.png?resize=350%2C200&ssl=1 1x, https:\/\/i0.wp.com\/artstella-elixirs-floraux.com\/wp-content\/uploads\/2025\/03\/wp-image1169.png?resize=525%2C300&ssl=1 1.5x, https:\/\/i0.wp.com\/artstella-elixirs-floraux.com\/wp-content\/uploads\/2025\/03\/wp-image1169.png?resize=700%2C400&ssl=1 2x"},"classes":[]},{"id":2814,"url":"https:\/\/artstella-elixirs-floraux.com\/fr_fr\/produit\/cherry-plum-phi-15ml\/","url_meta":{"origin":12323,"position":4},"title":"CHERRY PLUM PHI 15ML","author":"eveapprill","date":"9 mars 2025","format":false,"excerpt":"Cherry Plum (Prunus cerasifera) (Prunier) Nous aide dans les situations aigu\u00ebs dans lesquelles nous avons l'impression que nous allons exploser.","rel":"","context":"Article similaire","block_context":{"text":"Article similaire","link":""},"img":{"alt_text":"","src":"https:\/\/i0.wp.com\/artstella-elixirs-floraux.com\/wp-content\/uploads\/2025\/03\/wp-image338.png?resize=350%2C200&ssl=1","width":350,"height":200},"classes":[]},{"id":4090,"url":"https:\/\/artstella-elixirs-floraux.com\/fr_fr\/produit\/avocatier-15ml-fleur-sylfos\/","url_meta":{"origin":12323,"position":5},"title":"AVOCATIER 15ML FLEUR SYLFOS","author":"eveapprill","date":"9 mars 2025","format":false,"excerpt":"AVOCATIER \/ PALTO\u00a0\u00a0\u00a0\u00a0 Avocado\u00a0\u00a0 Persea americana \u00a0 \u00a0 Stabilise les fluctuations \u00e9motionnelles. Utile pour ceux qui ont des difficult\u00e9s \u00e0 exp\u00e9rimenter le plaisir. Permet de retrouver la confiance en soi-m\u00eame et dans les autres\u00a0;\u00a0","rel":"","context":"Article similaire","block_context":{"text":"Article similaire","link":""},"img":{"alt_text":"","src":"","width":0,"height":0},"classes":[]}],"_links":{"self":[{"href":"https:\/\/artstella-elixirs-floraux.com\/fr_fr\/wp-json\/wp\/v2\/product\/12323","targetHints":{"allow":["GET"]}}],"collection":[{"href":"https:\/\/artstella-elixirs-floraux.com\/fr_fr\/wp-json\/wp\/v2\/product"}],"about":[{"href":"https:\/\/artstella-elixirs-floraux.com\/fr_fr\/wp-json\/wp\/v2\/types\/product"}],"version-history":[{"count":1,"href":"https:\/\/artstella-elixirs-floraux.com\/fr_fr\/wp-json\/wp\/v2\/product\/12323\/revisions"}],"predecessor-version":[{"id":12325,"href":"https:\/\/artstella-elixirs-floraux.com\/fr_fr\/wp-json\/wp\/v2\/product\/12323\/revisions\/12325"}],"wp:featuredmedia":[{"embeddable":true,"href":"https:\/\/artstella-elixirs-floraux.com\/fr_fr\/wp-json\/wp\/v2\/media\/12324"}],"wp:attachment":[{"href":"https:\/\/artstella-elixirs-floraux.com\/fr_fr\/wp-json\/wp\/v2\/media?parent=12323"}],"wp:term":[{"taxonomy":"product_brand","embeddable":true,"href":"https:\/\/artstella-elixirs-floraux.com\/fr_fr\/wp-json\/wp\/v2\/product_brand?post=12323"},{"taxonomy":"product_cat","embeddable":true,"href":"https:\/\/artstella-elixirs-floraux.com\/fr_fr\/wp-json\/wp\/v2\/product_cat?post=12323"},{"taxonomy":"product_tag","embeddable":true,"href":"https:\/\/artstella-elixirs-floraux.com\/fr_fr\/wp-json\/wp\/v2\/product_tag?post=12323"}],"curies":[{"name":"wp","href":"https:\/\/api.w.org\/{rel}","templated":true}]}}