{"id":12326,"date":"2026-03-16T14:14:35","date_gmt":"2026-03-16T14:14:35","guid":{"rendered":"https:\/\/artstella-elixirs-floraux.com\/?post_type=product&#038;p=12326"},"modified":"2026-03-16T14:22:52","modified_gmt":"2026-03-16T14:22:52","slug":"ambre-ambar-15-ml-sylfos","status":"publish","type":"product","link":"https:\/\/artstella-elixirs-floraux.com\/fr_fr\/produit\/ambre-ambar-15-ml-sylfos\/","title":{"rendered":"AMBRE &#8211; AMBAR 15 ml Sylfos"},"content":{"rendered":"","protected":false},"excerpt":{"rendered":"<p>L&rsquo;ambre lib\u00e8re les charges \u00e9motionnelles du pass\u00e9 qui g\u00e9n\u00e8rent une lourdeur ou une stagnation int\u00e9rieure. Il purifie le champ \u00e9nerg\u00e9tique et redonne vitalit\u00e9 et l\u00e9g\u00e8ret\u00e9. Il est particuli\u00e8rement utile dans les processus d&rsquo;\u00e9puisement ou de purification \u00e9motionnelle profonde. Son \u00e9nergie transforme la densit\u00e9 en renouveau et en mouvement int\u00e9rieur.<\/p>\n","protected":false},"featured_media":12327,"template":"","meta":[],"product_brand":[],"product_cat":[343],"product_tag":[],"class_list":{"0":"post-12326","1":"product","2":"type-product","3":"status-publish","4":"has-post-thumbnail","6":"product_cat-les-elixirs-de-pierre-sylfos","8":"first","9":"instock","10":"taxable","11":"shipping-taxable","12":"purchasable","13":"product-type-simple"},"etheme_brands":{"errors":{"invalid_taxonomy":["Taxonomie non valide."]},"error_data":[]},"jetpack_sharing_enabled":true,"jetpack-related-posts":[{"id":2737,"url":"https:\/\/artstella-elixirs-floraux.com\/fr_fr\/produit\/purifying-purification-bush-30ml\/","url_meta":{"origin":12326,"position":0},"title":"PURIFYING Purification BUSH 30ml","author":"eveapprill","date":"9 mars 2025","format":false,"excerpt":"Purifying -\u00a0Purification Pour clarifier les r\u00e9sidus \u00e9motionnels accumul\u00e9s au fil du temps et se d\u00e9faire de ces ''bagages'' psychiques encombrants. Compos\u00e9 de Bauhinia Bush Iris, Bottlebrush, Dagger Hakea, Dog Rose, Wild Potato Bush.","rel":"","context":"Article similaire","block_context":{"text":"Article similaire","link":""},"img":{"alt_text":"","src":"https:\/\/i0.wp.com\/artstella-elixirs-floraux.com\/wp-content\/uploads\/2025\/03\/98f26060-c4ae-440e-839e-9e9fc7f90583.jpg?resize=350%2C200&ssl=1","width":350,"height":200,"srcset":"https:\/\/i0.wp.com\/artstella-elixirs-floraux.com\/wp-content\/uploads\/2025\/03\/98f26060-c4ae-440e-839e-9e9fc7f90583.jpg?resize=350%2C200&ssl=1 1x, https:\/\/i0.wp.com\/artstella-elixirs-floraux.com\/wp-content\/uploads\/2025\/03\/98f26060-c4ae-440e-839e-9e9fc7f90583.jpg?resize=525%2C300&ssl=1 1.5x, https:\/\/i0.wp.com\/artstella-elixirs-floraux.com\/wp-content\/uploads\/2025\/03\/98f26060-c4ae-440e-839e-9e9fc7f90583.jpg?resize=700%2C400&ssl=1 2x"},"classes":[]},{"id":4022,"url":"https:\/\/artstella-elixirs-floraux.com\/fr_fr\/produit\/cola-de-zorro-15-ml-sylfos\/","url_meta":{"origin":12326,"position":1},"title":"COLA DE ZORRO \/ HERBE DE LA PAMPA SYLFOS","author":"eveapprill","date":"9 mars 2025","format":false,"excerpt":"COLA DE ZORRO Cortaderia araucana Purification et \u00e9quilibre des \u00e9motions Aide \u00e0 se lib\u00e9rer des \u00e9motions n\u00e9gatives et \u00e0 surmonter la d\u00e9tresse \u00e9motionnelle, l\u2019amertume, la frustration, la haine\u2026","rel":"","context":"Article similaire","block_context":{"text":"Article similaire","link":""},"img":{"alt_text":"","src":"","width":0,"height":0},"classes":[]},{"id":5032,"url":"https:\/\/artstella-elixirs-floraux.com\/fr_fr\/produit\/amazonite-7-5-ml-alas-gem-sup\/","url_meta":{"origin":12326,"position":2},"title":"AMAZONITE 7.5 ML ALAS GEM SUP","author":"eveapprill","date":"9 mars 2025","format":false,"excerpt":"Amazonite \u00a0 Indications : congestion \u00e9motionnelle ; traitement des difficult\u00e9s et en lib\u00e9rant les \u00e9motions d'un pass\u00e9 lointain ; attitude d\u00e9faitiste ; sentiment accabl\u00e9 par la vie.","rel":"","context":"Article similaire","block_context":{"text":"Article similaire","link":""},"img":{"alt_text":"","src":"https:\/\/i0.wp.com\/artstella-elixirs-floraux.com\/wp-content\/uploads\/2025\/03\/wp-image1370.png?resize=350%2C200&ssl=1","width":350,"height":200},"classes":[]},{"id":5466,"url":"https:\/\/artstella-elixirs-floraux.com\/fr_fr\/produit\/grande-chelidoine-chelidoine-greater-celandine-10-ml\/","url_meta":{"origin":12326,"position":3},"title":"Grande ch\u00e9lidoine Chelidoine -Greater celandine 10 ML","author":"eveapprill","date":"9 mars 2025","format":false,"excerpt":"Chelidoine - Chelidonium majus - Greater celandine La cerise sur le g\u00e2teau\u201d qui rend la vie plus compl\u00e8te. Pour d\u00e9velopper un esprit de d\u00e9cision. Permet d\u2019int\u00e9grer des qualit\u00e9s int\u00e9rieures masculines et f\u00e9minines, autant chez l\u2019homme que chez la femme. Purifie les poisons \u00e9motionnels, am\u00e9liore les relations, notamment quand un mur\u2026","rel":"","context":"Article similaire","block_context":{"text":"Article similaire","link":""},"img":{"alt_text":"","src":"","width":0,"height":0},"classes":[]},{"id":5710,"url":"https:\/\/artstella-elixirs-floraux.com\/fr_fr\/produit\/lavande-15-ml-deva\/","url_meta":{"origin":12326,"position":4},"title":"Lavande 15 ml DEVA","author":"eveapprill","date":"9 mars 2025","format":false,"excerpt":"Lavande Purification, \u00e9quilibre \u00e9motionnel. Harmonisant de grande valeur. Pour ceux qui sont soumis aux tensions nerveuses provoqu\u00e9es par un exc\u00e8s de stimulation.","rel":"","context":"Article similaire","block_context":{"text":"Article similaire","link":""},"img":{"alt_text":"","src":"https:\/\/i0.wp.com\/artstella-elixirs-floraux.com\/wp-content\/uploads\/2025\/03\/wp-image2413.png?resize=350%2C200&ssl=1","width":350,"height":200},"classes":[]},{"id":2678,"url":"https:\/\/artstella-elixirs-floraux.com\/fr_fr\/produit\/green-essence-bush-15ml\/","url_meta":{"origin":12326,"position":5},"title":"GREEN ESSENCE BUSH 15ML","author":"eveapprill","date":"9 mars 2025","format":false,"excerpt":"GREEN ESSENCE D\u00e9tresse \u00e9motionnelle associ\u00e9e \u00e0 des probl\u00e8mes intestinaux et dermatologiques. Harmonise la vibration de tout champignon ou parasite avec sa propre vibration, purification.","rel":"","context":"Article similaire","block_context":{"text":"Article similaire","link":""},"img":{"alt_text":"","src":"","width":0,"height":0},"classes":[]}],"_links":{"self":[{"href":"https:\/\/artstella-elixirs-floraux.com\/fr_fr\/wp-json\/wp\/v2\/product\/12326","targetHints":{"allow":["GET"]}}],"collection":[{"href":"https:\/\/artstella-elixirs-floraux.com\/fr_fr\/wp-json\/wp\/v2\/product"}],"about":[{"href":"https:\/\/artstella-elixirs-floraux.com\/fr_fr\/wp-json\/wp\/v2\/types\/product"}],"version-history":[{"count":2,"href":"https:\/\/artstella-elixirs-floraux.com\/fr_fr\/wp-json\/wp\/v2\/product\/12326\/revisions"}],"predecessor-version":[{"id":12336,"href":"https:\/\/artstella-elixirs-floraux.com\/fr_fr\/wp-json\/wp\/v2\/product\/12326\/revisions\/12336"}],"wp:featuredmedia":[{"embeddable":true,"href":"https:\/\/artstella-elixirs-floraux.com\/fr_fr\/wp-json\/wp\/v2\/media\/12327"}],"wp:attachment":[{"href":"https:\/\/artstella-elixirs-floraux.com\/fr_fr\/wp-json\/wp\/v2\/media?parent=12326"}],"wp:term":[{"taxonomy":"product_brand","embeddable":true,"href":"https:\/\/artstella-elixirs-floraux.com\/fr_fr\/wp-json\/wp\/v2\/product_brand?post=12326"},{"taxonomy":"product_cat","embeddable":true,"href":"https:\/\/artstella-elixirs-floraux.com\/fr_fr\/wp-json\/wp\/v2\/product_cat?post=12326"},{"taxonomy":"product_tag","embeddable":true,"href":"https:\/\/artstella-elixirs-floraux.com\/fr_fr\/wp-json\/wp\/v2\/product_tag?post=12326"}],"curies":[{"name":"wp","href":"https:\/\/api.w.org\/{rel}","templated":true}]}}