{"id":12329,"date":"2026-03-16T14:16:21","date_gmt":"2026-03-16T14:16:21","guid":{"rendered":"https:\/\/artstella-elixirs-floraux.com\/?post_type=product&#038;p=12329"},"modified":"2026-03-16T14:20:55","modified_gmt":"2026-03-16T14:20:55","slug":"axinite-axinita-15ml-sylfos","status":"publish","type":"product","link":"https:\/\/artstella-elixirs-floraux.com\/fr_fr\/produit\/axinite-axinita-15ml-sylfos\/","title":{"rendered":"AXINITE &#8211; AXINITA 15ml Sylfos"},"content":{"rendered":"","protected":false},"excerpt":{"rendered":"<p>L&rsquo;axinite facilite l&rsquo;adaptation aux changements importants, en aidant \u00e0 r\u00e9organiser l&rsquo;\u00e9nergie personnelle sans perdre en stabilit\u00e9. Elle est utile dans les moments de transition marqu\u00e9s par la d\u00e9sorientation ou l&rsquo;ins\u00e9curit\u00e9. Elle permet d&rsquo;int\u00e9grer de nouvelles \u00e9tapes avec plus d&rsquo;\u00e9quilibre et de clart\u00e9. Son action transforme le d\u00e9s\u00e9quilibre en alignement int\u00e9rieur.<\/p>\n","protected":false},"featured_media":12330,"template":"","meta":[],"product_brand":[],"product_cat":[343],"product_tag":[],"class_list":{"0":"post-12329","1":"product","2":"type-product","3":"status-publish","4":"has-post-thumbnail","6":"product_cat-les-elixirs-de-pierre-sylfos","8":"first","9":"instock","10":"taxable","11":"shipping-taxable","12":"purchasable","13":"product-type-simple"},"etheme_brands":{"errors":{"invalid_taxonomy":["Taxonomie non valide."]},"error_data":[]},"jetpack_sharing_enabled":true,"jetpack-related-posts":[],"_links":{"self":[{"href":"https:\/\/artstella-elixirs-floraux.com\/fr_fr\/wp-json\/wp\/v2\/product\/12329","targetHints":{"allow":["GET"]}}],"collection":[{"href":"https:\/\/artstella-elixirs-floraux.com\/fr_fr\/wp-json\/wp\/v2\/product"}],"about":[{"href":"https:\/\/artstella-elixirs-floraux.com\/fr_fr\/wp-json\/wp\/v2\/types\/product"}],"version-history":[{"count":2,"href":"https:\/\/artstella-elixirs-floraux.com\/fr_fr\/wp-json\/wp\/v2\/product\/12329\/revisions"}],"predecessor-version":[{"id":12335,"href":"https:\/\/artstella-elixirs-floraux.com\/fr_fr\/wp-json\/wp\/v2\/product\/12329\/revisions\/12335"}],"wp:featuredmedia":[{"embeddable":true,"href":"https:\/\/artstella-elixirs-floraux.com\/fr_fr\/wp-json\/wp\/v2\/media\/12330"}],"wp:attachment":[{"href":"https:\/\/artstella-elixirs-floraux.com\/fr_fr\/wp-json\/wp\/v2\/media?parent=12329"}],"wp:term":[{"taxonomy":"product_brand","embeddable":true,"href":"https:\/\/artstella-elixirs-floraux.com\/fr_fr\/wp-json\/wp\/v2\/product_brand?post=12329"},{"taxonomy":"product_cat","embeddable":true,"href":"https:\/\/artstella-elixirs-floraux.com\/fr_fr\/wp-json\/wp\/v2\/product_cat?post=12329"},{"taxonomy":"product_tag","embeddable":true,"href":"https:\/\/artstella-elixirs-floraux.com\/fr_fr\/wp-json\/wp\/v2\/product_tag?post=12329"}],"curies":[{"name":"wp","href":"https:\/\/api.w.org\/{rel}","templated":true}]}}