{"id":12337,"date":"2026-03-16T14:25:27","date_gmt":"2026-03-16T14:25:27","guid":{"rendered":"https:\/\/artstella-elixirs-floraux.com\/?post_type=product&#038;p=12337"},"modified":"2026-03-16T14:25:28","modified_gmt":"2026-03-16T14:25:28","slug":"cuivre-natif-cobre-nativo-15ml-sylfos","status":"publish","type":"product","link":"https:\/\/artstella-elixirs-floraux.com\/fr_fr\/produit\/cuivre-natif-cobre-nativo-15ml-sylfos\/","title":{"rendered":"CUIVRE NATIF &#8211; COBRE NATIVO 15ml Sylfos"},"content":{"rendered":"","protected":false},"excerpt":{"rendered":"<p>Le cuivre natif r\u00e9active l&rsquo;\u00e9nergie vitale en cas d&rsquo;apathie ou de stagnation \u00e9motionnelle. Il facilite la transformation de l&rsquo;\u00e9motion en action, redonnant fluidit\u00e9 et dynamisme. Il est utile en cas de d\u00e9connexion interne ou de manque de motivation. Son \u00e9nergie int\u00e8gre le sentiment, la pens\u00e9e et l&rsquo;action.<\/p>\n","protected":false},"featured_media":12338,"template":"","meta":[],"product_brand":[],"product_cat":[343],"product_tag":[],"class_list":{"0":"post-12337","1":"product","2":"type-product","3":"status-publish","4":"has-post-thumbnail","6":"product_cat-les-elixirs-de-pierre-sylfos","8":"first","9":"instock","10":"taxable","11":"shipping-taxable","12":"purchasable","13":"product-type-simple"},"etheme_brands":{"errors":{"invalid_taxonomy":["Taxonomie non valide."]},"error_data":[]},"jetpack_sharing_enabled":true,"jetpack-related-posts":[{"id":5862,"url":"https:\/\/artstella-elixirs-floraux.com\/fr_fr\/produit\/papillon-grand-cuivre-feuerfalter-15ml-phi\/","url_meta":{"origin":12337,"position":0},"title":"Papillon Grand cuivr\u00e9 &#8211; Feuerfalter 15ml PHI","author":"eveapprill","date":"9 mars 2025","format":false,"excerpt":"Papillon Grand cuivr\u00e9 - Feuerfalter Nous aide a transformer. Il apporte la conscience du rayon rouge a la terre.\u00a0 Il active les points d accupuncure et les meridians. Il nous connecte avec la conscience de Dieu et tout ce qui est et repr\u00e9senter le rayon rouge pour le service inconditionnel\u2026","rel":"","context":"Article similaire","block_context":{"text":"Article similaire","link":""},"img":{"alt_text":"","src":"https:\/\/i0.wp.com\/artstella-elixirs-floraux.com\/wp-content\/uploads\/2025\/03\/wp-image1945.png?resize=350%2C200&ssl=1","width":350,"height":200},"classes":[]},{"id":12375,"url":"https:\/\/artstella-elixirs-floraux.com\/fr_fr\/produit\/rubis-rubi-15ml-sylfos\/","url_meta":{"origin":12337,"position":1},"title":"RUBIS &#8211; RUBI 15ml Sylfos","author":"eveapprill","date":"16 mars 2026","format":false,"excerpt":"Le rubis active la force vitale et \u00e9veille une profonde motivation face \u00e0 la vie. Il est utile en cas d'apathie, de d\u00e9couragement ou de d\u00e9connexion \u00e9motionnelle. Il aide \u00e0 retrouver \u00e9nergie, passion et direction int\u00e9rieure. Son action transforme l'inertie en \u00e9lan vital plein de sens.","rel":"","context":"Article similaire","block_context":{"text":"Article similaire","link":""},"img":{"alt_text":"","src":"https:\/\/i0.wp.com\/artstella-elixirs-floraux.com\/wp-content\/uploads\/2026\/03\/Rubi_1.png?resize=350%2C200&ssl=1","width":350,"height":200},"classes":[]},{"id":2243,"url":"https:\/\/artstella-elixirs-floraux.com\/fr_fr\/produit\/one-sided-wintergreen-alaskan\/","url_meta":{"origin":12337,"position":2},"title":"One -sided wintergreen Alaskan","author":"eveapprill","date":"9 mars 2025","format":false,"excerpt":"One -sided wintergreen. Pyrola secunda Dysfonctionnement de nos \u00ab\u00a0fronti\u00e8res\u00a0\u00bb, trop influenc\u00e9s par l'\u00e9nergie des autres, inconscient de l'influence et de l'action de l'\u00e9nergie sur les autres.","rel":"","context":"Article similaire","block_context":{"text":"Article similaire","link":""},"img":{"alt_text":"","src":"https:\/\/i0.wp.com\/artstella-elixirs-floraux.com\/wp-content\/uploads\/2025\/03\/wp-image570.png?resize=350%2C200&ssl=1","width":350,"height":200},"classes":[]},{"id":3891,"url":"https:\/\/artstella-elixirs-floraux.com\/fr_fr\/produit\/delph-spray-spray-energie-dauphin-phi\/","url_meta":{"origin":12337,"position":3},"title":"DELPH -SPRAY spray \u00e9nergie dauphin PHI","author":"eveapprill","date":"9 mars 2025","format":false,"excerpt":"Delph spray - Spray \u00e0 l'\u00e9nergie des dauphins Action bienfaisante et purifiante de Delph\u00ae existe en spray. Il s'utilise en vaporisation pour purifier les pi\u00e8ces charg\u00e9es \u00e9nerg\u00e9tiquement (bureau, cabinet de consultation, salle de conf\u00e9rences, etc.).","rel":"","context":"Article similaire","block_context":{"text":"Article similaire","link":""},"img":{"alt_text":"","src":"","width":0,"height":0},"classes":[]},{"id":3685,"url":"https:\/\/artstella-elixirs-floraux.com\/fr_fr\/produit\/69-vital-core-ltoe-15ml\/","url_meta":{"origin":12337,"position":4},"title":"VITAL CORE LTOE 15ML","author":"eveapprill","date":"9 mars 2025","format":false,"excerpt":"Vital core \/ Centre vital Apporte une forte \u00e9nergie d\u2019enracinement et au 2\u00e8me chakra de m\u00eame qu\u2019au m\u00e9ridien de la v\u00e9sicule biliaire. Tout en ayant une action sur le chakra coronal, laryng\u00e9 et du c\u0153ur, celle-ci est principalement remarquable","rel":"","context":"Article similaire","block_context":{"text":"Article similaire","link":""},"img":{"alt_text":"","src":"https:\/\/i0.wp.com\/artstella-elixirs-floraux.com\/wp-content\/uploads\/2025\/03\/b7fd20da-5fb4-4b7c-83f1-7cba0c405f2b.jpg?resize=350%2C200&ssl=1","width":350,"height":200,"srcset":"https:\/\/i0.wp.com\/artstella-elixirs-floraux.com\/wp-content\/uploads\/2025\/03\/b7fd20da-5fb4-4b7c-83f1-7cba0c405f2b.jpg?resize=350%2C200&ssl=1 1x, https:\/\/i0.wp.com\/artstella-elixirs-floraux.com\/wp-content\/uploads\/2025\/03\/b7fd20da-5fb4-4b7c-83f1-7cba0c405f2b.jpg?resize=525%2C300&ssl=1 1.5x, https:\/\/i0.wp.com\/artstella-elixirs-floraux.com\/wp-content\/uploads\/2025\/03\/b7fd20da-5fb4-4b7c-83f1-7cba0c405f2b.jpg?resize=700%2C400&ssl=1 2x"},"classes":[]},{"id":6337,"url":"https:\/\/artstella-elixirs-floraux.com\/fr_fr\/produit\/espinillo-mimosa-du-chili-15-ml-sylfos\/","url_meta":{"origin":12337,"position":5},"title":"ESPINILLO \u2013 MIMOSA DU CHILI 15 ml SYLFOS","author":"eveapprill","date":"9 mars 2025","format":false,"excerpt":"ESPINILLO \u2013 MIMOSA DU CHILI\u00a0 Vachellia caven Amertume, vuln\u00e9rabilit\u00e9, incapacit\u00e9 \u00e0 se pardonner, sensibilit\u00e9 excessive. Le Mimosa du Chili agit comme un antid\u00e9presseur et poss\u00e8de une action \u00e9nergisante naturelle. Il sera recommand\u00e9 en cas d'incapacit\u00e9 \u00e0 se pardonner et lorsque la personne a besoin d'\u00eatre surla d\u00e9fensive face \u00e0 toute\u2026","rel":"","context":"Article similaire","block_context":{"text":"Article similaire","link":""},"img":{"alt_text":"","src":"https:\/\/i0.wp.com\/artstella-elixirs-floraux.com\/wp-content\/uploads\/2025\/03\/ESPINILLO.jpg?resize=350%2C200&ssl=1","width":350,"height":200},"classes":[]}],"_links":{"self":[{"href":"https:\/\/artstella-elixirs-floraux.com\/fr_fr\/wp-json\/wp\/v2\/product\/12337","targetHints":{"allow":["GET"]}}],"collection":[{"href":"https:\/\/artstella-elixirs-floraux.com\/fr_fr\/wp-json\/wp\/v2\/product"}],"about":[{"href":"https:\/\/artstella-elixirs-floraux.com\/fr_fr\/wp-json\/wp\/v2\/types\/product"}],"version-history":[{"count":2,"href":"https:\/\/artstella-elixirs-floraux.com\/fr_fr\/wp-json\/wp\/v2\/product\/12337\/revisions"}],"predecessor-version":[{"id":12340,"href":"https:\/\/artstella-elixirs-floraux.com\/fr_fr\/wp-json\/wp\/v2\/product\/12337\/revisions\/12340"}],"wp:featuredmedia":[{"embeddable":true,"href":"https:\/\/artstella-elixirs-floraux.com\/fr_fr\/wp-json\/wp\/v2\/media\/12338"}],"wp:attachment":[{"href":"https:\/\/artstella-elixirs-floraux.com\/fr_fr\/wp-json\/wp\/v2\/media?parent=12337"}],"wp:term":[{"taxonomy":"product_brand","embeddable":true,"href":"https:\/\/artstella-elixirs-floraux.com\/fr_fr\/wp-json\/wp\/v2\/product_brand?post=12337"},{"taxonomy":"product_cat","embeddable":true,"href":"https:\/\/artstella-elixirs-floraux.com\/fr_fr\/wp-json\/wp\/v2\/product_cat?post=12337"},{"taxonomy":"product_tag","embeddable":true,"href":"https:\/\/artstella-elixirs-floraux.com\/fr_fr\/wp-json\/wp\/v2\/product_tag?post=12337"}],"curies":[{"name":"wp","href":"https:\/\/api.w.org\/{rel}","templated":true}]}}