{"id":12345,"date":"2026-03-16T14:32:05","date_gmt":"2026-03-16T14:32:05","guid":{"rendered":"https:\/\/artstella-elixirs-floraux.com\/?post_type=product&#038;p=12345"},"modified":"2026-03-16T14:32:06","modified_gmt":"2026-03-16T14:32:06","slug":"quartz-rose-cuarzo-rosa-15ml-sylfos","status":"publish","type":"product","link":"https:\/\/artstella-elixirs-floraux.com\/fr_fr\/produit\/quartz-rose-cuarzo-rosa-15ml-sylfos\/","title":{"rendered":"QUARTZ ROSE &#8211; CUARZO ROSA 15ml Sylfos"},"content":{"rendered":"","protected":false},"excerpt":{"rendered":"<p>Le quartz fum\u00e9 apporte stabilit\u00e9, ancrage et protection face \u00e0 la surcharge \u00e9motionnelle. Il aide \u00e0 lib\u00e9rer les tensions et \u00e0 contenir les \u00e9motions sans d\u00e9bordement. Il est utile en cas d&rsquo;anxi\u00e9t\u00e9, de peur diffuse ou d&rsquo;hypersensibilit\u00e9. Son \u00e9nergie transforme l&rsquo;instabilit\u00e9 en s\u00e9curit\u00e9 et en pr\u00e9sence.<\/p>\n","protected":false},"featured_media":12346,"template":"","meta":[],"product_brand":[],"product_cat":[343],"product_tag":[],"class_list":{"0":"post-12345","1":"product","2":"type-product","3":"status-publish","4":"has-post-thumbnail","6":"product_cat-les-elixirs-de-pierre-sylfos","8":"first","9":"instock","10":"taxable","11":"shipping-taxable","12":"purchasable","13":"product-type-simple"},"etheme_brands":{"errors":{"invalid_taxonomy":["Taxonomie non valide."]},"error_data":[]},"jetpack_sharing_enabled":true,"jetpack-related-posts":[{"id":2572,"url":"https:\/\/artstella-elixirs-floraux.com\/fr_fr\/produit\/quartz-rose\/","url_meta":{"origin":12345,"position":0},"title":"QUARTZ ROSE","author":"eveapprill","date":"9 mars 2025","format":false,"excerpt":"Quartz rose Ouvre, adoucit et tranquillise le c\u0153ur ; nous aide \u00e0 nous connecter \u00e0 et \u00e0 nourrir notre enfant int\u00e9rieur ; harmonise les forces du c\u0153ur de fa\u00e7on \u00e0 pouvoir rester intime avec soi-m\u00eame et les autres.","rel":"","context":"Article similaire","block_context":{"text":"Article similaire","link":""},"img":{"alt_text":"","src":"","width":0,"height":0},"classes":[]},{"id":5100,"url":"https:\/\/artstella-elixirs-floraux.com\/fr_fr\/produit\/rose-smoky-quartz-gems-rech-7-5ml\/","url_meta":{"origin":12345,"position":1},"title":"ROSE SMOKY QUARTZ GEMS RECH 7.5ML","author":"eveapprill","date":"9 mars 2025","format":false,"excerpt":"Rose\/Smoky Quartz \u2013 Quartz rose-quartz fume Indication\u00a0: honte\u00a0; sentiments de culpabilit\u00e9\u00a0; difficult\u00e9s \u00e0 accepter des actions pass\u00e9es et leurs cons\u00e9quences\u00a0; connexion faible entre le chakra du c\u0153ur et la Terre.","rel":"","context":"Article similaire","block_context":{"text":"Article similaire","link":""},"img":{"alt_text":"","src":"https:\/\/i0.wp.com\/artstella-elixirs-floraux.com\/wp-content\/uploads\/2025\/03\/wp-image1416.png?resize=350%2C200&ssl=1","width":350,"height":200},"classes":[]},{"id":5093,"url":"https:\/\/artstella-elixirs-floraux.com\/fr_fr\/produit\/pink-quartz-rose-7-5-ml-alas-g-sup\/","url_meta":{"origin":12345,"position":2},"title":"PINK QUARTZ ROSE 7.5 ML ALAS G SUP","author":"eveapprill","date":"9 mars 2025","format":false,"excerpt":"Pink Quartz \u2013 Quartz Rose Indication : grande douleur \u00e9motionnelle\u00a0; angoisse et souffrance\u00a0; attachement \u00e0 la souffrance\u00a0; manque de compassion pour soi-m\u00eame et les autres\u00a0; comportement de victime\u00a0; se lamente par rapport \u00e0 des actions ou des \u00e9v\u00e9nements pass\u00e9s.","rel":"","context":"Article similaire","block_context":{"text":"Article similaire","link":""},"img":{"alt_text":"","src":"","width":0,"height":0},"classes":[]},{"id":2950,"url":"https:\/\/artstella-elixirs-floraux.com\/fr_fr\/produit\/quartz-rose-15-ml-phi\/","url_meta":{"origin":12345,"position":3},"title":"QUARTZ ROSE 15 ML PHI","author":"eveapprill","date":"9 mars 2025","format":false,"excerpt":"Quartz rose (Rosenquarz) Dissout la n\u00e9gativit\u00e9 par la douceur et l'amour. Apporte une vibration douce, calme et pleine d'amour, harmonise le corps \u00e9motionnel.","rel":"","context":"Article similaire","block_context":{"text":"Article similaire","link":""},"img":{"alt_text":"","src":"https:\/\/i0.wp.com\/artstella-elixirs-floraux.com\/wp-content\/uploads\/2025\/03\/wp-image637.png?resize=350%2C200&ssl=1","width":350,"height":200},"classes":[]},{"id":4542,"url":"https:\/\/artstella-elixirs-floraux.com\/fr_fr\/produit\/coffret-pierres-precieuses-15-ml\/","url_meta":{"origin":12345,"position":4},"title":"COFFRET PIERRES PRECIEUSES 15 ML","author":"eveapprill","date":"9 mars 2025","format":false,"excerpt":"\u00a0Les 20 \u00e9lixirs de pierres pr\u00e9cieuses Les pierres pr\u00e9cieuses sont un cadeau de la terre. Durant des millions d\u2019ann\u00e9es, elles se sont form\u00e9es en son sein jusqu\u2019\u00e0 ce que les hommes les d\u00e9couvrent et les mettent \u00e0 la lumi\u00e8re.","rel":"","context":"Article similaire","block_context":{"text":"Article similaire","link":""},"img":{"alt_text":"","src":"https:\/\/i0.wp.com\/artstella-elixirs-floraux.com\/wp-content\/uploads\/2025\/03\/wp-image1169.png?resize=350%2C200&ssl=1","width":350,"height":200,"srcset":"https:\/\/i0.wp.com\/artstella-elixirs-floraux.com\/wp-content\/uploads\/2025\/03\/wp-image1169.png?resize=350%2C200&ssl=1 1x, https:\/\/i0.wp.com\/artstella-elixirs-floraux.com\/wp-content\/uploads\/2025\/03\/wp-image1169.png?resize=525%2C300&ssl=1 1.5x, https:\/\/i0.wp.com\/artstella-elixirs-floraux.com\/wp-content\/uploads\/2025\/03\/wp-image1169.png?resize=700%2C400&ssl=1 2x"},"classes":[]},{"id":2947,"url":"https:\/\/artstella-elixirs-floraux.com\/fr_fr\/produit\/quartz-fume-phi-15-ml\/","url_meta":{"origin":12345,"position":5},"title":"QUARTZ FUME PHI 15 ML","author":"eveapprill","date":"9 mars 2025","format":false,"excerpt":"Quartz fum\u00e9 (Rauchquarz) Aide \u00e0 voir les parties sombres de l'\u00e2me et \u00e0 les admettre. Nous apprenons ainsi \u00e0 nous accepter tels que nous sommes.","rel":"","context":"Article similaire","block_context":{"text":"Article similaire","link":""},"img":{"alt_text":"","src":"https:\/\/i0.wp.com\/artstella-elixirs-floraux.com\/wp-content\/uploads\/2025\/03\/wp-image302.png?resize=350%2C200&ssl=1","width":350,"height":200},"classes":[]}],"_links":{"self":[{"href":"https:\/\/artstella-elixirs-floraux.com\/fr_fr\/wp-json\/wp\/v2\/product\/12345","targetHints":{"allow":["GET"]}}],"collection":[{"href":"https:\/\/artstella-elixirs-floraux.com\/fr_fr\/wp-json\/wp\/v2\/product"}],"about":[{"href":"https:\/\/artstella-elixirs-floraux.com\/fr_fr\/wp-json\/wp\/v2\/types\/product"}],"version-history":[{"count":1,"href":"https:\/\/artstella-elixirs-floraux.com\/fr_fr\/wp-json\/wp\/v2\/product\/12345\/revisions"}],"predecessor-version":[{"id":12347,"href":"https:\/\/artstella-elixirs-floraux.com\/fr_fr\/wp-json\/wp\/v2\/product\/12345\/revisions\/12347"}],"wp:featuredmedia":[{"embeddable":true,"href":"https:\/\/artstella-elixirs-floraux.com\/fr_fr\/wp-json\/wp\/v2\/media\/12346"}],"wp:attachment":[{"href":"https:\/\/artstella-elixirs-floraux.com\/fr_fr\/wp-json\/wp\/v2\/media?parent=12345"}],"wp:term":[{"taxonomy":"product_brand","embeddable":true,"href":"https:\/\/artstella-elixirs-floraux.com\/fr_fr\/wp-json\/wp\/v2\/product_brand?post=12345"},{"taxonomy":"product_cat","embeddable":true,"href":"https:\/\/artstella-elixirs-floraux.com\/fr_fr\/wp-json\/wp\/v2\/product_cat?post=12345"},{"taxonomy":"product_tag","embeddable":true,"href":"https:\/\/artstella-elixirs-floraux.com\/fr_fr\/wp-json\/wp\/v2\/product_tag?post=12345"}],"curies":[{"name":"wp","href":"https:\/\/api.w.org\/{rel}","templated":true}]}}