{"id":12348,"date":"2026-03-16T14:37:59","date_gmt":"2026-03-16T14:37:59","guid":{"rendered":"https:\/\/artstella-elixirs-floraux.com\/?post_type=product&#038;p=12348"},"modified":"2026-03-16T14:38:00","modified_gmt":"2026-03-16T14:38:00","slug":"labradorite-labradorita-15ml-sylfos","status":"publish","type":"product","link":"https:\/\/artstella-elixirs-floraux.com\/fr_fr\/produit\/labradorite-labradorita-15ml-sylfos\/","title":{"rendered":"LABRADORITE &#8211; LABRADORITA 15ml Sylfos"},"content":{"rendered":"","protected":false},"excerpt":{"rendered":"<p>Le Quartz rose apaise la douleur \u00e9motionnelle et aide \u00e0 gu\u00e9rir les blessures du c\u0153ur. Il favorise l&rsquo;amour de soi, le pardon et l&rsquo;ouverture affective. Il est utile en cas de deuil, de rupture ou de difficult\u00e9s relationnelles. Son \u00e9nergie transforme la duret\u00e9 en tendresse et la tristesse en r\u00e9conciliation.<\/p>\n","protected":false},"featured_media":12349,"template":"","meta":[],"product_brand":[],"product_cat":[343],"product_tag":[],"class_list":{"0":"post-12348","1":"product","2":"type-product","3":"status-publish","4":"has-post-thumbnail","6":"product_cat-les-elixirs-de-pierre-sylfos","8":"first","9":"instock","10":"taxable","11":"shipping-taxable","12":"purchasable","13":"product-type-simple"},"etheme_brands":{"errors":{"invalid_taxonomy":["Taxonomie non valide."]},"error_data":[]},"jetpack_sharing_enabled":true,"jetpack-related-posts":[{"id":5081,"url":"https:\/\/artstella-elixirs-floraux.com\/fr_fr\/produit\/labradorite-7-5-ml-alas-gem-sup\/","url_meta":{"origin":12348,"position":0},"title":"LABRADORITE 7.5 ML ALAS GEM SUP","author":"eveapprill","date":"9 mars 2025","format":false,"excerpt":"Labradorite \u2013 Labradorite Indication : Qualit\u00e9s : morose, pens\u00e9es pessimistes\u00a0; faibles r\u00e9serves d\u2019\u00e9nergies\u00a0; fatigue du \u00e0 un rythme de vie ne tenant pas compte des besoins corporels\u00a0; mauvaise utilisation de l\u2019\u00e9nergie vitale.","rel":"","context":"Article similaire","block_context":{"text":"Article similaire","link":""},"img":{"alt_text":"","src":"https:\/\/i0.wp.com\/artstella-elixirs-floraux.com\/wp-content\/uploads\/2025\/03\/wp-image1411.png?resize=350%2C200&ssl=1","width":350,"height":200},"classes":[]},{"id":12351,"url":"https:\/\/artstella-elixirs-floraux.com\/fr_fr\/produit\/lapis-lazuli-15-ml-sylfos\/","url_meta":{"origin":12348,"position":1},"title":"LAPIS LAZULI 15 ml Sylfos","author":"eveapprill","date":"16 mars 2026","format":false,"excerpt":"La labradorite prot\u00e8ge le champ \u00e9nerg\u00e9tique et renforce l'intuition. Elle est utile pour les personnes sensibles ou dans les environnements charg\u00e9s. Elle aide \u00e0 \u00e9viter l'absorption \u00e9motionnelle externe et \u00e0 faire confiance \u00e0 sa propre perception. Son \u00e9nergie apporte clart\u00e9, protection et \u00e9quilibre.","rel":"","context":"Article similaire","block_context":{"text":"Article similaire","link":""},"img":{"alt_text":"","src":"https:\/\/i0.wp.com\/artstella-elixirs-floraux.com\/wp-content\/uploads\/2026\/03\/LapisLazuli_1.png?resize=350%2C200&ssl=1","width":350,"height":200},"classes":[]}],"_links":{"self":[{"href":"https:\/\/artstella-elixirs-floraux.com\/fr_fr\/wp-json\/wp\/v2\/product\/12348","targetHints":{"allow":["GET"]}}],"collection":[{"href":"https:\/\/artstella-elixirs-floraux.com\/fr_fr\/wp-json\/wp\/v2\/product"}],"about":[{"href":"https:\/\/artstella-elixirs-floraux.com\/fr_fr\/wp-json\/wp\/v2\/types\/product"}],"version-history":[{"count":1,"href":"https:\/\/artstella-elixirs-floraux.com\/fr_fr\/wp-json\/wp\/v2\/product\/12348\/revisions"}],"predecessor-version":[{"id":12350,"href":"https:\/\/artstella-elixirs-floraux.com\/fr_fr\/wp-json\/wp\/v2\/product\/12348\/revisions\/12350"}],"wp:featuredmedia":[{"embeddable":true,"href":"https:\/\/artstella-elixirs-floraux.com\/fr_fr\/wp-json\/wp\/v2\/media\/12349"}],"wp:attachment":[{"href":"https:\/\/artstella-elixirs-floraux.com\/fr_fr\/wp-json\/wp\/v2\/media?parent=12348"}],"wp:term":[{"taxonomy":"product_brand","embeddable":true,"href":"https:\/\/artstella-elixirs-floraux.com\/fr_fr\/wp-json\/wp\/v2\/product_brand?post=12348"},{"taxonomy":"product_cat","embeddable":true,"href":"https:\/\/artstella-elixirs-floraux.com\/fr_fr\/wp-json\/wp\/v2\/product_cat?post=12348"},{"taxonomy":"product_tag","embeddable":true,"href":"https:\/\/artstella-elixirs-floraux.com\/fr_fr\/wp-json\/wp\/v2\/product_tag?post=12348"}],"curies":[{"name":"wp","href":"https:\/\/api.w.org\/{rel}","templated":true}]}}