{"id":12362,"date":"2026-03-16T14:51:58","date_gmt":"2026-03-16T14:51:58","guid":{"rendered":"https:\/\/artstella-elixirs-floraux.com\/?post_type=product&#038;p=12362"},"modified":"2026-03-16T14:52:34","modified_gmt":"2026-03-16T14:52:34","slug":"pierre-de-croix-piedra-cruz-15ml-sylfos","status":"publish","type":"product","link":"https:\/\/artstella-elixirs-floraux.com\/fr_fr\/produit\/pierre-de-croix-piedra-cruz-15ml-sylfos\/","title":{"rendered":"PIERRE DE CROIX- PIEDRA CRUZ 15ml Sylfos"},"content":{"rendered":"","protected":false},"excerpt":{"rendered":"<p>La Pierre de la Croix prot\u00e8ge et apporte de la stabilit\u00e9 dans les moments de crise ou de vuln\u00e9rabilit\u00e9. Elle aide \u00e0 maintenir son centre int\u00e9rieur face \u00e0 la peur ou \u00e0 la d\u00e9sorientation. Elle est utile dans les processus difficiles ou les transformations profondes. Son \u00e9nergie renforce la confiance et la r\u00e9silience.<\/p>\n","protected":false},"featured_media":12363,"template":"","meta":[],"product_brand":[],"product_cat":[343],"product_tag":[],"class_list":{"0":"post-12362","1":"product","2":"type-product","3":"status-publish","4":"has-post-thumbnail","6":"product_cat-les-elixirs-de-pierre-sylfos","8":"first","9":"instock","10":"taxable","11":"shipping-taxable","12":"purchasable","13":"product-type-simple"},"etheme_brands":{"errors":{"invalid_taxonomy":["Taxonomie non valide."]},"error_data":[]},"jetpack_sharing_enabled":true,"jetpack-related-posts":[{"id":4542,"url":"https:\/\/artstella-elixirs-floraux.com\/fr_fr\/produit\/coffret-pierres-precieuses-15-ml\/","url_meta":{"origin":12362,"position":0},"title":"COFFRET PIERRES PRECIEUSES 15 ML","author":"eveapprill","date":"9 mars 2025","format":false,"excerpt":"\u00a0Les 20 \u00e9lixirs de pierres pr\u00e9cieuses Les pierres pr\u00e9cieuses sont un cadeau de la terre. Durant des millions d\u2019ann\u00e9es, elles se sont form\u00e9es en son sein jusqu\u2019\u00e0 ce que les hommes les d\u00e9couvrent et les mettent \u00e0 la lumi\u00e8re.","rel":"","context":"Article similaire","block_context":{"text":"Article similaire","link":""},"img":{"alt_text":"","src":"https:\/\/i0.wp.com\/artstella-elixirs-floraux.com\/wp-content\/uploads\/2025\/03\/wp-image1169.png?resize=350%2C200&ssl=1","width":350,"height":200,"srcset":"https:\/\/i0.wp.com\/artstella-elixirs-floraux.com\/wp-content\/uploads\/2025\/03\/wp-image1169.png?resize=350%2C200&ssl=1 1x, https:\/\/i0.wp.com\/artstella-elixirs-floraux.com\/wp-content\/uploads\/2025\/03\/wp-image1169.png?resize=525%2C300&ssl=1 1.5x, https:\/\/i0.wp.com\/artstella-elixirs-floraux.com\/wp-content\/uploads\/2025\/03\/wp-image1169.png?resize=700%2C400&ssl=1 2x"},"classes":[]},{"id":2406,"url":"https:\/\/artstella-elixirs-floraux.com\/fr_fr\/produit\/stone-circle\/","url_meta":{"origin":12362,"position":1},"title":"STONE CIRCLE &#8211; Cercle de pierre","author":"eveapprill","date":"9 mars 2025","format":false,"excerpt":"STONE CIRCLE . CERCLE DE PIERRE Cet \u00e9lixir a \u00e9t\u00e9 pr\u00e9par\u00e9 dans un cercle naturel de pierres sur la montagne Talkeetna en Alaska. Ce cercle rec\u00e8le des \u00e9nergies \u00e9l\u00e9mentales dans leur \u00e9tat originel \u00e9quilibr\u00e9. \u00ab\u00a0Stone circle\u00a0\u00bb est particuli\u00e8rement utile \u00e0 ceux qui \u00e9quilibrent les \u00e9nergies des personnes dans des structures\u2026","rel":"","context":"Article similaire","block_context":{"text":"Article similaire","link":""},"img":{"alt_text":"","src":"https:\/\/i0.wp.com\/artstella-elixirs-floraux.com\/wp-content\/uploads\/2025\/03\/Stone_Circle2_1024x1024.jpg?resize=350%2C200&ssl=1","width":350,"height":200},"classes":[]},{"id":12366,"url":"https:\/\/artstella-elixirs-floraux.com\/fr_fr\/produit\/pierre-de-soleil-piedra-sol-15ml-sylfos\/","url_meta":{"origin":12362,"position":2},"title":"PIERRE DE SOLEIL &#8211; PIEDRA SOL 15ml Sylfos","author":"eveapprill","date":"16 mars 2026","format":false,"excerpt":"Elle nous apporte la joie de vivre, nous rend de bonne humeur, aide \u00e0 combattre les \u00e9tats d\u00e9pressifs et \u00e0 faire dispara\u00eetre le sentiment d'\u00eatre d\u00e9favoris\u00e9. Elle renforce notre estime de soi et notre confiance en nous. Elle favorise l'optimisme et le besoin d'agir. Elle stimule les forces d'auto-gu\u00e9rison et\u2026","rel":"","context":"Article similaire","block_context":{"text":"Article similaire","link":""},"img":{"alt_text":"","src":"https:\/\/i0.wp.com\/artstella-elixirs-floraux.com\/wp-content\/uploads\/2026\/03\/PiedraSol_1.png?resize=350%2C200&ssl=1","width":350,"height":200},"classes":[]},{"id":3052,"url":"https:\/\/artstella-elixirs-floraux.com\/fr_fr\/produit\/sugilite-violette-phi-15-ml\/","url_meta":{"origin":12362,"position":3},"title":"SUGILITE VIOLETTE PHI 15 ML","author":"eveapprill","date":"9 mars 2025","format":false,"excerpt":"Sugilite violette (Violetter Sugilit) Aide \u00e0 l'int\u00e9gration de la spiritualit\u00e9 dans la vie quotidienne. Son action harmonise les \u00e9motions et aide \u00e0 dissoudre l'affliction et la m\u00e9lancolie.","rel":"","context":"Article similaire","block_context":{"text":"Article similaire","link":""},"img":{"alt_text":"","src":"https:\/\/i0.wp.com\/artstella-elixirs-floraux.com\/wp-content\/uploads\/2025\/03\/wp-image649.png?resize=350%2C200&ssl=1","width":350,"height":200},"classes":[]},{"id":12369,"url":"https:\/\/artstella-elixirs-floraux.com\/fr_fr\/produit\/platine-platino-15ml-sylfos\/","url_meta":{"origin":12362,"position":4},"title":"PLATINE &#8211; PLATINO 15ml Sylfos","author":"eveapprill","date":"16 mars 2026","format":false,"excerpt":"Le platine renforce la dignit\u00e9 et le pouvoir personnel conscient. Il aide \u00e0 retrouver l'estime de soi et \u00e0 occuper sa place avec assurance. Il est utile dans les processus d'autonomisation ou de leadership. Son \u00e9nergie transforme l'ins\u00e9curit\u00e9 en autorit\u00e9 int\u00e9rieure \u00e9quilibr\u00e9e.","rel":"","context":"Article similaire","block_context":{"text":"Article similaire","link":""},"img":{"alt_text":"","src":"https:\/\/i0.wp.com\/artstella-elixirs-floraux.com\/wp-content\/uploads\/2026\/03\/Platino_1.png?resize=350%2C200&ssl=1","width":350,"height":200},"classes":[]},{"id":3019,"url":"https:\/\/artstella-elixirs-floraux.com\/fr_fr\/produit\/magnetite-phi-15-ml\/","url_meta":{"origin":12362,"position":5},"title":"MAGNETITE PHI 15 ML","author":"eveapprill","date":"9 mars 2025","format":false,"excerpt":"Magn\u00e9tite (Magnetit) Son action est \u00e9quilibrante et purifiante. Il favorise notre relation \u00e0 la nature. Il renforce le courage et la force, renforce l\u2019\u00e9nergie yang","rel":"","context":"Article similaire","block_context":{"text":"Article similaire","link":""},"img":{"alt_text":"","src":"","width":0,"height":0},"classes":[]}],"_links":{"self":[{"href":"https:\/\/artstella-elixirs-floraux.com\/fr_fr\/wp-json\/wp\/v2\/product\/12362","targetHints":{"allow":["GET"]}}],"collection":[{"href":"https:\/\/artstella-elixirs-floraux.com\/fr_fr\/wp-json\/wp\/v2\/product"}],"about":[{"href":"https:\/\/artstella-elixirs-floraux.com\/fr_fr\/wp-json\/wp\/v2\/types\/product"}],"version-history":[{"count":2,"href":"https:\/\/artstella-elixirs-floraux.com\/fr_fr\/wp-json\/wp\/v2\/product\/12362\/revisions"}],"predecessor-version":[{"id":12365,"href":"https:\/\/artstella-elixirs-floraux.com\/fr_fr\/wp-json\/wp\/v2\/product\/12362\/revisions\/12365"}],"wp:featuredmedia":[{"embeddable":true,"href":"https:\/\/artstella-elixirs-floraux.com\/fr_fr\/wp-json\/wp\/v2\/media\/12363"}],"wp:attachment":[{"href":"https:\/\/artstella-elixirs-floraux.com\/fr_fr\/wp-json\/wp\/v2\/media?parent=12362"}],"wp:term":[{"taxonomy":"product_brand","embeddable":true,"href":"https:\/\/artstella-elixirs-floraux.com\/fr_fr\/wp-json\/wp\/v2\/product_brand?post=12362"},{"taxonomy":"product_cat","embeddable":true,"href":"https:\/\/artstella-elixirs-floraux.com\/fr_fr\/wp-json\/wp\/v2\/product_cat?post=12362"},{"taxonomy":"product_tag","embeddable":true,"href":"https:\/\/artstella-elixirs-floraux.com\/fr_fr\/wp-json\/wp\/v2\/product_tag?post=12362"}],"curies":[{"name":"wp","href":"https:\/\/api.w.org\/{rel}","templated":true}]}}