{"id":12372,"date":"2026-03-16T15:02:55","date_gmt":"2026-03-16T15:02:55","guid":{"rendered":"https:\/\/artstella-elixirs-floraux.com\/?post_type=product&#038;p=12372"},"modified":"2026-03-16T15:02:56","modified_gmt":"2026-03-16T15:02:56","slug":"rhodonite-rodonita-15ml-sylfos","status":"publish","type":"product","link":"https:\/\/artstella-elixirs-floraux.com\/fr_fr\/produit\/rhodonite-rodonita-15ml-sylfos\/","title":{"rendered":"RHODONITE &#8211; RODONITA 15ml Sylfos"},"content":{"rendered":"","protected":false},"excerpt":{"rendered":"","protected":false},"featured_media":12373,"template":"","meta":[],"product_brand":[],"product_cat":[343],"product_tag":[],"class_list":{"0":"post-12372","1":"product","2":"type-product","3":"status-publish","4":"has-post-thumbnail","6":"product_cat-les-elixirs-de-pierre-sylfos","8":"first","9":"instock","10":"taxable","11":"shipping-taxable","12":"purchasable","13":"product-type-simple"},"etheme_brands":{"errors":{"invalid_taxonomy":["Taxonomie non valide."]},"error_data":[]},"jetpack_sharing_enabled":true,"jetpack-related-posts":[{"id":4161,"url":"https:\/\/artstella-elixirs-floraux.com\/fr_fr\/produit\/cofret-papillons-de-1-20-15ml-sylfos\/","url_meta":{"origin":12372,"position":0},"title":"COFRET PAPILLONS de 1 &#8211; 20 15ML SYLFOS","author":"eveapprill","date":"9 mars 2025","format":false,"excerpt":"contient les \u00e9lixirs de papillons de 1 \u00e0 20 en 15ml","rel":"","context":"Article similaire","block_context":{"text":"Article similaire","link":""},"img":{"alt_text":"","src":"https:\/\/i0.wp.com\/artstella-elixirs-floraux.com\/wp-content\/uploads\/2025\/03\/wp-image1522.png?resize=350%2C200&ssl=1","width":350,"height":200,"srcset":"https:\/\/i0.wp.com\/artstella-elixirs-floraux.com\/wp-content\/uploads\/2025\/03\/wp-image1522.png?resize=350%2C200&ssl=1 1x, https:\/\/i0.wp.com\/artstella-elixirs-floraux.com\/wp-content\/uploads\/2025\/03\/wp-image1522.png?resize=525%2C300&ssl=1 1.5x, https:\/\/i0.wp.com\/artstella-elixirs-floraux.com\/wp-content\/uploads\/2025\/03\/wp-image1522.png?resize=700%2C400&ssl=1 2x"},"classes":[]},{"id":4165,"url":"https:\/\/artstella-elixirs-floraux.com\/fr_fr\/produit\/cofret-papillons-de-21-a-40-15ml-sylfos\/","url_meta":{"origin":12372,"position":1},"title":"COFRET PAPILLONS de 21 \u00e0 40 15ML SYLFOS","author":"eveapprill","date":"9 mars 2025","format":false,"excerpt":"Contient les \u00e9lixirs de papillons Sylfos de 21 \u00e0 40 en 15 ml","rel":"","context":"Article similaire","block_context":{"text":"Article similaire","link":""},"img":{"alt_text":"","src":"https:\/\/i0.wp.com\/artstella-elixirs-floraux.com\/wp-content\/uploads\/2025\/03\/wp-image1523.png?resize=350%2C200&ssl=1","width":350,"height":200,"srcset":"https:\/\/i0.wp.com\/artstella-elixirs-floraux.com\/wp-content\/uploads\/2025\/03\/wp-image1523.png?resize=350%2C200&ssl=1 1x, https:\/\/i0.wp.com\/artstella-elixirs-floraux.com\/wp-content\/uploads\/2025\/03\/wp-image1523.png?resize=525%2C300&ssl=1 1.5x, https:\/\/i0.wp.com\/artstella-elixirs-floraux.com\/wp-content\/uploads\/2025\/03\/wp-image1523.png?resize=700%2C400&ssl=1 2x, https:\/\/i0.wp.com\/artstella-elixirs-floraux.com\/wp-content\/uploads\/2025\/03\/wp-image1523.png?resize=1050%2C600&ssl=1 3x"},"classes":[]},{"id":12369,"url":"https:\/\/artstella-elixirs-floraux.com\/fr_fr\/produit\/platine-platino-15ml-sylfos\/","url_meta":{"origin":12372,"position":2},"title":"PLATINE &#8211; PLATINO 15ml Sylfos","author":"eveapprill","date":"16 mars 2026","format":false,"excerpt":"Le platine renforce la dignit\u00e9 et le pouvoir personnel conscient. Il aide \u00e0 retrouver l'estime de soi et \u00e0 occuper sa place avec assurance. Il est utile dans les processus d'autonomisation ou de leadership. Son \u00e9nergie transforme l'ins\u00e9curit\u00e9 en autorit\u00e9 int\u00e9rieure \u00e9quilibr\u00e9e.","rel":"","context":"Article similaire","block_context":{"text":"Article similaire","link":""},"img":{"alt_text":"","src":"https:\/\/i0.wp.com\/artstella-elixirs-floraux.com\/wp-content\/uploads\/2026\/03\/Platino_1.png?resize=350%2C200&ssl=1","width":350,"height":200},"classes":[]},{"id":4157,"url":"https:\/\/artstella-elixirs-floraux.com\/fr_fr\/produit\/coffret-10-animaux-chamaniques-15ml\/","url_meta":{"origin":12372,"position":3},"title":"COFFRET 10 ANIMAUX CHAMANIQUES 15ML","author":"eveapprill","date":"9 mars 2025","format":false,"excerpt":"Contient les 10 animaux chamaniques Sylfos en 15ml","rel":"","context":"Article similaire","block_context":{"text":"Article similaire","link":""},"img":{"alt_text":"","src":"https:\/\/i0.wp.com\/artstella-elixirs-floraux.com\/wp-content\/uploads\/2025\/03\/wp-image1494.png?resize=350%2C200&ssl=1","width":350,"height":200,"srcset":"https:\/\/i0.wp.com\/artstella-elixirs-floraux.com\/wp-content\/uploads\/2025\/03\/wp-image1494.png?resize=350%2C200&ssl=1 1x, https:\/\/i0.wp.com\/artstella-elixirs-floraux.com\/wp-content\/uploads\/2025\/03\/wp-image1494.png?resize=525%2C300&ssl=1 1.5x, https:\/\/i0.wp.com\/artstella-elixirs-floraux.com\/wp-content\/uploads\/2025\/03\/wp-image1494.png?resize=700%2C400&ssl=1 2x"},"classes":[]},{"id":12341,"url":"https:\/\/artstella-elixirs-floraux.com\/fr_fr\/produit\/chrysoberyl-crisoberio-15ml-sylfos\/","url_meta":{"origin":12372,"position":4},"title":"CHRYSOBERYL &#8211; CRISOBERIO 15ml Sylfos","author":"eveapprill","date":"16 mars 2026","format":false,"excerpt":"Le chrysob\u00e9ryl apporte de la clart\u00e9 mentale et renforce le discernement dans les situations complexes. Il aide \u00e0 int\u00e9grer intuition et raison, r\u00e9duisant les doutes et l'ind\u00e9cision. Il est utile lorsqu'il faut prendre des d\u00e9cisions importantes. Son \u00e9nergie favorise une perception objective et consciente.","rel":"","context":"Article similaire","block_context":{"text":"Article similaire","link":""},"img":{"alt_text":"","src":"https:\/\/i0.wp.com\/artstella-elixirs-floraux.com\/wp-content\/uploads\/2026\/03\/Crisoberilo_1.png?resize=350%2C200&ssl=1","width":350,"height":200},"classes":[]},{"id":12348,"url":"https:\/\/artstella-elixirs-floraux.com\/fr_fr\/produit\/labradorite-labradorita-15ml-sylfos\/","url_meta":{"origin":12372,"position":5},"title":"LABRADORITE &#8211; LABRADORITA 15ml Sylfos","author":"eveapprill","date":"16 mars 2026","format":false,"excerpt":"Le Quartz rose apaise la douleur \u00e9motionnelle et aide \u00e0 gu\u00e9rir les blessures du c\u0153ur. Il favorise l'amour de soi, le pardon et l'ouverture affective. Il est utile en cas de deuil, de rupture ou de difficult\u00e9s relationnelles. Son \u00e9nergie transforme la duret\u00e9 en tendresse et la tristesse en r\u00e9conciliation.","rel":"","context":"Article similaire","block_context":{"text":"Article similaire","link":""},"img":{"alt_text":"","src":"https:\/\/i0.wp.com\/artstella-elixirs-floraux.com\/wp-content\/uploads\/2026\/03\/Labradorita_1.png?resize=350%2C200&ssl=1","width":350,"height":200},"classes":[]}],"_links":{"self":[{"href":"https:\/\/artstella-elixirs-floraux.com\/fr_fr\/wp-json\/wp\/v2\/product\/12372","targetHints":{"allow":["GET"]}}],"collection":[{"href":"https:\/\/artstella-elixirs-floraux.com\/fr_fr\/wp-json\/wp\/v2\/product"}],"about":[{"href":"https:\/\/artstella-elixirs-floraux.com\/fr_fr\/wp-json\/wp\/v2\/types\/product"}],"version-history":[{"count":1,"href":"https:\/\/artstella-elixirs-floraux.com\/fr_fr\/wp-json\/wp\/v2\/product\/12372\/revisions"}],"predecessor-version":[{"id":12374,"href":"https:\/\/artstella-elixirs-floraux.com\/fr_fr\/wp-json\/wp\/v2\/product\/12372\/revisions\/12374"}],"wp:featuredmedia":[{"embeddable":true,"href":"https:\/\/artstella-elixirs-floraux.com\/fr_fr\/wp-json\/wp\/v2\/media\/12373"}],"wp:attachment":[{"href":"https:\/\/artstella-elixirs-floraux.com\/fr_fr\/wp-json\/wp\/v2\/media?parent=12372"}],"wp:term":[{"taxonomy":"product_brand","embeddable":true,"href":"https:\/\/artstella-elixirs-floraux.com\/fr_fr\/wp-json\/wp\/v2\/product_brand?post=12372"},{"taxonomy":"product_cat","embeddable":true,"href":"https:\/\/artstella-elixirs-floraux.com\/fr_fr\/wp-json\/wp\/v2\/product_cat?post=12372"},{"taxonomy":"product_tag","embeddable":true,"href":"https:\/\/artstella-elixirs-floraux.com\/fr_fr\/wp-json\/wp\/v2\/product_tag?post=12372"}],"curies":[{"name":"wp","href":"https:\/\/api.w.org\/{rel}","templated":true}]}}