{"id":1876,"date":"2025-05-27T16:37:09","date_gmt":"2025-05-27T16:37:09","guid":{"rendered":"https:\/\/artstella-elixirs-floraux.com\/?post_type=product&#038;p=1876"},"modified":"2025-05-27T16:37:09","modified_gmt":"2025-05-27T16:37:09","slug":"38-narnia-30-ml","status":"publish","type":"product","link":"https:\/\/artstella-elixirs-floraux.com\/fr_fr\/produit\/38-narnia-30-ml\/","title":{"rendered":"38. NARNIA 30 ML"},"content":{"rendered":"","protected":false},"excerpt":{"rendered":"","protected":false},"featured_media":0,"template":"","meta":[],"product_brand":[],"product_cat":[95],"product_tag":[],"class_list":{"0":"post-1876","1":"product","2":"type-product","3":"status-publish","5":"product_cat-les-elixirs-unitaires","7":"first","8":"instock","9":"taxable","10":"shipping-taxable","11":"purchasable","12":"product-type-simple"},"etheme_brands":{"errors":{"invalid_taxonomy":["Taxonomie non valide."]},"error_data":[]},"jetpack_sharing_enabled":true,"jetpack-related-posts":[{"id":3625,"url":"https:\/\/artstella-elixirs-floraux.com\/fr_fr\/produit\/narnia-sphagnum-moss-ltoe-15-ml\/","url_meta":{"origin":1876,"position":0},"title":"Narnia Sphagnum Moss  LTOE 15 ml","author":"eveapprill","date":"9 mars 2025","format":false,"excerpt":"Narnia Sphagnum Moss \/ Sphaigne Il \u00e9tait une fois une for\u00eat enchant\u00e9e dans le Sussex, et au c\u0153ur de cette for\u00eat une tache d\u2019un vert magnifique\u00a0: de la sphaigne.","rel":"","context":"Article similaire","block_context":{"text":"Article similaire","link":""},"img":{"alt_text":"Narnia Sphagnum Moss LTOE 15 ml","src":"https:\/\/i0.wp.com\/artstella-elixirs-floraux.com\/wp-content\/uploads\/2025\/03\/f1fbc256-e898-4600-b8f4-6cd87e7aa4b2.jpg?resize=350%2C200&ssl=1","width":350,"height":200,"srcset":"https:\/\/i0.wp.com\/artstella-elixirs-floraux.com\/wp-content\/uploads\/2025\/03\/f1fbc256-e898-4600-b8f4-6cd87e7aa4b2.jpg?resize=350%2C200&ssl=1 1x, https:\/\/i0.wp.com\/artstella-elixirs-floraux.com\/wp-content\/uploads\/2025\/03\/f1fbc256-e898-4600-b8f4-6cd87e7aa4b2.jpg?resize=525%2C300&ssl=1 1.5x, https:\/\/i0.wp.com\/artstella-elixirs-floraux.com\/wp-content\/uploads\/2025\/03\/f1fbc256-e898-4600-b8f4-6cd87e7aa4b2.jpg?resize=700%2C400&ssl=1 2x"},"classes":[]},{"id":4155,"url":"https:\/\/artstella-elixirs-floraux.com\/fr_fr\/produit\/coffret-sylfos-30-ml\/","url_meta":{"origin":1876,"position":1},"title":"COFFRET SYLFOS 30 ML","author":"eveapprill","date":"9 mars 2025","format":false,"excerpt":"contient les 24 \u00e9lixirs floraux Andins en 30 ml","rel":"","context":"Article similaire","block_context":{"text":"Article similaire","link":""},"img":{"alt_text":"","src":"https:\/\/i0.wp.com\/artstella-elixirs-floraux.com\/wp-content\/uploads\/2025\/03\/wp-image1493.png?resize=350%2C200&ssl=1","width":350,"height":200},"classes":[]},{"id":4617,"url":"https:\/\/artstella-elixirs-floraux.com\/fr_fr\/produit\/coffret-48-gemmes-30-ml\/","url_meta":{"origin":1876,"position":2},"title":"COFFRET 48 GEMMES 30 ML","author":"eveapprill","date":"9 mars 2025","format":false,"excerpt":"COFFRET 48 GEMMES 30 ML","rel":"","context":"Article similaire","block_context":{"text":"Article similaire","link":""},"img":{"alt_text":"","src":"","width":0,"height":0},"classes":[]},{"id":4625,"url":"https:\/\/artstella-elixirs-floraux.com\/fr_fr\/produit\/coffret-72-fleurs-30-ml\/","url_meta":{"origin":1876,"position":3},"title":"COFFRET 72 FLEURS 30 ML","author":"eveapprill","date":"9 mars 2025","format":false,"excerpt":"COFFRET 72 FLEURS 30 ML","rel":"","context":"Article similaire","block_context":{"text":"Article similaire","link":""},"img":{"alt_text":"Les coffrets des \u00e9lixirs d'Alaska","src":"https:\/\/i0.wp.com\/artstella-elixirs-floraux.com\/wp-content\/uploads\/2025\/03\/wp-image1462.png?resize=350%2C200&ssl=1","width":350,"height":200},"classes":[]},{"id":4609,"url":"https:\/\/artstella-elixirs-floraux.com\/fr_fr\/produit\/coffret-12-combinaisons-30-ml-alaska\/","url_meta":{"origin":1876,"position":4},"title":"COFFRET 12 Combinaisons 30 ML ALASKA","author":"eveapprill","date":"9 mars 2025","format":false,"excerpt":"COFFRET 12 Combinaisons 30 ML ALASKA","rel":"","context":"Article similaire","block_context":{"text":"Article similaire","link":""},"img":{"alt_text":"","src":"","width":0,"height":0},"classes":[]},{"id":4537,"url":"https:\/\/artstella-elixirs-floraux.com\/fr_fr\/produit\/coffret-fleurs-classiques-15-ml\/","url_meta":{"origin":1876,"position":5},"title":"COFFRET FLEURS CLASSIQUES 15 ML","author":"eveapprill","date":"9 mars 2025","format":false,"excerpt":"Elixirs de fleurs classiques : Correspondent aux 38 Fleurs de Bach avec le RQ5 rem\u00e8de d'urgence aux 5 fleurs et le RQ7 rem\u00e8de d'urgence aux 7 fleurs, r\u00e9alis\u00e9s avec la m\u00e9thode de transfert sans couper les fleurs.","rel":"","context":"Article similaire","block_context":{"text":"Article similaire","link":""},"img":{"alt_text":"","src":"https:\/\/i0.wp.com\/artstella-elixirs-floraux.com\/wp-content\/uploads\/2025\/03\/wp-image2354.png?resize=350%2C200&ssl=1","width":350,"height":200,"srcset":"https:\/\/i0.wp.com\/artstella-elixirs-floraux.com\/wp-content\/uploads\/2025\/03\/wp-image2354.png?resize=350%2C200&ssl=1 1x, https:\/\/i0.wp.com\/artstella-elixirs-floraux.com\/wp-content\/uploads\/2025\/03\/wp-image2354.png?resize=525%2C300&ssl=1 1.5x, https:\/\/i0.wp.com\/artstella-elixirs-floraux.com\/wp-content\/uploads\/2025\/03\/wp-image2354.png?resize=700%2C400&ssl=1 2x"},"classes":[]}],"_links":{"self":[{"href":"https:\/\/artstella-elixirs-floraux.com\/fr_fr\/wp-json\/wp\/v2\/product\/1876","targetHints":{"allow":["GET"]}}],"collection":[{"href":"https:\/\/artstella-elixirs-floraux.com\/fr_fr\/wp-json\/wp\/v2\/product"}],"about":[{"href":"https:\/\/artstella-elixirs-floraux.com\/fr_fr\/wp-json\/wp\/v2\/types\/product"}],"version-history":[{"count":0,"href":"https:\/\/artstella-elixirs-floraux.com\/fr_fr\/wp-json\/wp\/v2\/product\/1876\/revisions"}],"wp:attachment":[{"href":"https:\/\/artstella-elixirs-floraux.com\/fr_fr\/wp-json\/wp\/v2\/media?parent=1876"}],"wp:term":[{"taxonomy":"product_brand","embeddable":true,"href":"https:\/\/artstella-elixirs-floraux.com\/fr_fr\/wp-json\/wp\/v2\/product_brand?post=1876"},{"taxonomy":"product_cat","embeddable":true,"href":"https:\/\/artstella-elixirs-floraux.com\/fr_fr\/wp-json\/wp\/v2\/product_cat?post=1876"},{"taxonomy":"product_tag","embeddable":true,"href":"https:\/\/artstella-elixirs-floraux.com\/fr_fr\/wp-json\/wp\/v2\/product_tag?post=1876"}],"curies":[{"name":"wp","href":"https:\/\/api.w.org\/{rel}","templated":true}]}}