{"id":1877,"date":"2025-05-27T16:37:09","date_gmt":"2025-05-27T16:37:09","guid":{"rendered":"https:\/\/artstella-elixirs-floraux.com\/?post_type=product&#038;p=1877"},"modified":"2025-06-08T12:47:43","modified_gmt":"2025-06-08T12:47:43","slug":"serene-power-15-ml-ltoe","status":"publish","type":"product","link":"https:\/\/artstella-elixirs-floraux.com\/fr_fr\/produit\/serene-power-15-ml-ltoe\/","title":{"rendered":"SERENE POWER 15 ML LTOE"},"content":{"rendered":"","protected":false},"excerpt":{"rendered":"","protected":false},"featured_media":0,"template":"","meta":[],"product_brand":[],"product_cat":[95],"product_tag":[],"class_list":{"0":"post-1877","1":"product","2":"type-product","3":"status-publish","5":"product_cat-les-elixirs-unitaires","7":"first","8":"instock","9":"taxable","10":"shipping-taxable","11":"purchasable","12":"product-type-simple"},"etheme_brands":{"errors":{"invalid_taxonomy":["Taxonomie non valide."]},"error_data":[]},"jetpack_sharing_enabled":true,"jetpack-related-posts":[{"id":5410,"url":"https:\/\/artstella-elixirs-floraux.com\/fr_fr\/produit\/serene-overview-devata-ltoe-15-ml\/","url_meta":{"origin":1877,"position":0},"title":"Serene overview (Devata) LTOE 15 ML","author":"eveapprill","date":"9 mars 2025","format":false,"excerpt":"Serene overview (Devata)\u00a0 \/ Vision sereine \u00a0Cr\u00e9e en soi-m\u00eame les conditions d\u2019une vision sereine et mise en perspective de sa vie.\u00a0","rel":"","context":"Article similaire","block_context":{"text":"Article similaire","link":""},"img":{"alt_text":"","src":"https:\/\/i0.wp.com\/artstella-elixirs-floraux.com\/wp-content\/uploads\/2025\/03\/5c814628-c78b-4115-86a8-52838cb0db8c.jpg?resize=350%2C200&ssl=1","width":350,"height":200,"srcset":"https:\/\/i0.wp.com\/artstella-elixirs-floraux.com\/wp-content\/uploads\/2025\/03\/5c814628-c78b-4115-86a8-52838cb0db8c.jpg?resize=350%2C200&ssl=1 1x, https:\/\/i0.wp.com\/artstella-elixirs-floraux.com\/wp-content\/uploads\/2025\/03\/5c814628-c78b-4115-86a8-52838cb0db8c.jpg?resize=525%2C300&ssl=1 1.5x, https:\/\/i0.wp.com\/artstella-elixirs-floraux.com\/wp-content\/uploads\/2025\/03\/5c814628-c78b-4115-86a8-52838cb0db8c.jpg?resize=700%2C400&ssl=1 2x"},"classes":[]},{"id":3505,"url":"https:\/\/artstella-elixirs-floraux.com\/fr_fr\/produit\/memory-enhancer-15-ml-ltoe\/","url_meta":{"origin":1877,"position":1},"title":"MEMORY ENHANCER 15 ML LTOE","author":"eveapprill","date":"9 mars 2025","format":false,"excerpt":"Memory enhancer \/M\u00e9moire (Liberation\/deception, Moon Child, Positive outcome, Serene overview) Ces quatre \u00e9lixirs ont chacun un effet qui \u00e9claircit les processus du mental et am\u00e9liore les capacit\u00e9s m\u00e9morielles.","rel":"","context":"Article similaire","block_context":{"text":"Article similaire","link":""},"img":{"alt_text":"","src":"https:\/\/i0.wp.com\/artstella-elixirs-floraux.com\/wp-content\/uploads\/2025\/03\/6f562d30-1a12-4d19-8bbb-1d51a2239783.jpg?resize=350%2C200&ssl=1","width":350,"height":200,"srcset":"https:\/\/i0.wp.com\/artstella-elixirs-floraux.com\/wp-content\/uploads\/2025\/03\/6f562d30-1a12-4d19-8bbb-1d51a2239783.jpg?resize=350%2C200&ssl=1 1x, https:\/\/i0.wp.com\/artstella-elixirs-floraux.com\/wp-content\/uploads\/2025\/03\/6f562d30-1a12-4d19-8bbb-1d51a2239783.jpg?resize=525%2C300&ssl=1 1.5x, https:\/\/i0.wp.com\/artstella-elixirs-floraux.com\/wp-content\/uploads\/2025\/03\/6f562d30-1a12-4d19-8bbb-1d51a2239783.jpg?resize=700%2C400&ssl=1 2x"},"classes":[]},{"id":3667,"url":"https:\/\/artstella-elixirs-floraux.com\/fr_fr\/produit\/59-shivas-trident-ltoe-15-ml\/","url_meta":{"origin":1877,"position":2},"title":"59. SHIVA&rsquo;S TRIDENT LTOE 15 ML","author":"eveapprill","date":"9 mars 2025","format":false,"excerpt":"Shiva\u2019s Trident \/ Trident de Shiva : ouvre la polarit\u00e9 yang du syst\u00e8me des m\u00e9ridiens \u2013 le point baihui* au sommet de la t\u00eate\u00a0 \u2013 et apporte une \u00e9nergie puissante et tourbillonnante","rel":"","context":"Article similaire","block_context":{"text":"Article similaire","link":""},"img":{"alt_text":"","src":"https:\/\/i0.wp.com\/artstella-elixirs-floraux.com\/wp-content\/uploads\/2025\/03\/69ccbb8d-8a4c-4937-9b07-edb4efe72ae4.jpg?resize=350%2C200&ssl=1","width":350,"height":200,"srcset":"https:\/\/i0.wp.com\/artstella-elixirs-floraux.com\/wp-content\/uploads\/2025\/03\/69ccbb8d-8a4c-4937-9b07-edb4efe72ae4.jpg?resize=350%2C200&ssl=1 1x, https:\/\/i0.wp.com\/artstella-elixirs-floraux.com\/wp-content\/uploads\/2025\/03\/69ccbb8d-8a4c-4937-9b07-edb4efe72ae4.jpg?resize=525%2C300&ssl=1 1.5x, https:\/\/i0.wp.com\/artstella-elixirs-floraux.com\/wp-content\/uploads\/2025\/03\/69ccbb8d-8a4c-4937-9b07-edb4efe72ae4.jpg?resize=700%2C400&ssl=1 2x"},"classes":[]},{"id":1878,"url":"https:\/\/artstella-elixirs-floraux.com\/fr_fr\/produit\/sound-of-thunder-lto-15-ml\/","url_meta":{"origin":1877,"position":3},"title":"SOUND OF THUNDER LTO 15 ML","author":"eveapprill","date":"27 mai 2025","format":false,"excerpt":"","rel":"","context":"Article similaire","block_context":{"text":"Article similaire","link":""},"img":{"alt_text":"","src":"","width":0,"height":0},"classes":[]},{"id":3517,"url":"https:\/\/artstella-elixirs-floraux.com\/fr_fr\/produit\/sleep-of-peace-lto-15-ml\/","url_meta":{"origin":1877,"position":4},"title":"SLEEP OF PEACE LTO 15 ML","author":"eveapprill","date":"9 mars 2025","format":false,"excerpt":"Sleep of peace \/ Dormir en paix : am\u00e9liore la qualit\u00e9 du sommeil et la quantit\u00e9 de sommeil, diff\u00e9remment de Gentle Sleep, en ce qu'il touche les sch\u00e9mas du sommeil.","rel":"","context":"Article similaire","block_context":{"text":"Article similaire","link":""},"img":{"alt_text":"","src":"https:\/\/i0.wp.com\/artstella-elixirs-floraux.com\/wp-content\/uploads\/2025\/03\/215447f8-a671-498d-9849-7286bf5b6f82.jpg?resize=350%2C200&ssl=1","width":350,"height":200,"srcset":"https:\/\/i0.wp.com\/artstella-elixirs-floraux.com\/wp-content\/uploads\/2025\/03\/215447f8-a671-498d-9849-7286bf5b6f82.jpg?resize=350%2C200&ssl=1 1x, https:\/\/i0.wp.com\/artstella-elixirs-floraux.com\/wp-content\/uploads\/2025\/03\/215447f8-a671-498d-9849-7286bf5b6f82.jpg?resize=525%2C300&ssl=1 1.5x, https:\/\/i0.wp.com\/artstella-elixirs-floraux.com\/wp-content\/uploads\/2025\/03\/215447f8-a671-498d-9849-7286bf5b6f82.jpg?resize=700%2C400&ssl=1 2x"},"classes":[]},{"id":3623,"url":"https:\/\/artstella-elixirs-floraux.com\/fr_fr\/produit\/enfant-de-la-lune-ltoe-15-ml\/","url_meta":{"origin":1877,"position":5},"title":"Enfant de la Lune LTOE 15 ml","author":"eveapprill","date":"9 mars 2025","format":false,"excerpt":"Moon Child \/ Enfant de la Lune Poss\u00e8de une affinit\u00e9 avec l\u2019\u00e9nergie de la r\u00e9gion pelvienne et aide \u00e0 lib\u00e9rer les blocages entravant l\u2019\u00e9volution \u00e9motionnelle. Durant la gestation, nous recevons toutes sortes d\u2019empreintes plus ou moins subtiles.","rel":"","context":"Article similaire","block_context":{"text":"Article similaire","link":""},"img":{"alt_text":"Enfant de la Lune LTOE 15 ml","src":"https:\/\/i0.wp.com\/artstella-elixirs-floraux.com\/wp-content\/uploads\/2025\/03\/ef27ae0b-ec83-4986-8926-fba89587d513.jpg?resize=350%2C200&ssl=1","width":350,"height":200,"srcset":"https:\/\/i0.wp.com\/artstella-elixirs-floraux.com\/wp-content\/uploads\/2025\/03\/ef27ae0b-ec83-4986-8926-fba89587d513.jpg?resize=350%2C200&ssl=1 1x, https:\/\/i0.wp.com\/artstella-elixirs-floraux.com\/wp-content\/uploads\/2025\/03\/ef27ae0b-ec83-4986-8926-fba89587d513.jpg?resize=525%2C300&ssl=1 1.5x, https:\/\/i0.wp.com\/artstella-elixirs-floraux.com\/wp-content\/uploads\/2025\/03\/ef27ae0b-ec83-4986-8926-fba89587d513.jpg?resize=700%2C400&ssl=1 2x"},"classes":[]}],"_links":{"self":[{"href":"https:\/\/artstella-elixirs-floraux.com\/fr_fr\/wp-json\/wp\/v2\/product\/1877","targetHints":{"allow":["GET"]}}],"collection":[{"href":"https:\/\/artstella-elixirs-floraux.com\/fr_fr\/wp-json\/wp\/v2\/product"}],"about":[{"href":"https:\/\/artstella-elixirs-floraux.com\/fr_fr\/wp-json\/wp\/v2\/types\/product"}],"version-history":[{"count":0,"href":"https:\/\/artstella-elixirs-floraux.com\/fr_fr\/wp-json\/wp\/v2\/product\/1877\/revisions"}],"wp:attachment":[{"href":"https:\/\/artstella-elixirs-floraux.com\/fr_fr\/wp-json\/wp\/v2\/media?parent=1877"}],"wp:term":[{"taxonomy":"product_brand","embeddable":true,"href":"https:\/\/artstella-elixirs-floraux.com\/fr_fr\/wp-json\/wp\/v2\/product_brand?post=1877"},{"taxonomy":"product_cat","embeddable":true,"href":"https:\/\/artstella-elixirs-floraux.com\/fr_fr\/wp-json\/wp\/v2\/product_cat?post=1877"},{"taxonomy":"product_tag","embeddable":true,"href":"https:\/\/artstella-elixirs-floraux.com\/fr_fr\/wp-json\/wp\/v2\/product_tag?post=1877"}],"curies":[{"name":"wp","href":"https:\/\/api.w.org\/{rel}","templated":true}]}}