{"id":1878,"date":"2025-05-27T16:37:09","date_gmt":"2025-05-27T16:37:09","guid":{"rendered":"https:\/\/artstella-elixirs-floraux.com\/?post_type=product&#038;p=1878"},"modified":"2025-05-27T16:37:09","modified_gmt":"2025-05-27T16:37:09","slug":"sound-of-thunder-lto-15-ml","status":"publish","type":"product","link":"https:\/\/artstella-elixirs-floraux.com\/fr_fr\/produit\/sound-of-thunder-lto-15-ml\/","title":{"rendered":"SOUND OF THUNDER LTO 15 ML"},"content":{"rendered":"","protected":false},"excerpt":{"rendered":"","protected":false},"featured_media":0,"template":"","meta":[],"product_brand":[],"product_cat":[95],"product_tag":[],"class_list":{"0":"post-1878","1":"product","2":"type-product","3":"status-publish","5":"product_cat-les-elixirs-unitaires","7":"first","8":"instock","9":"taxable","10":"shipping-taxable","11":"purchasable","12":"product-type-simple"},"etheme_brands":{"errors":{"invalid_taxonomy":["Taxonomie non valide."]},"error_data":[]},"jetpack_sharing_enabled":true,"jetpack-related-posts":[{"id":3517,"url":"https:\/\/artstella-elixirs-floraux.com\/fr_fr\/produit\/sleep-of-peace-lto-15-ml\/","url_meta":{"origin":1878,"position":0},"title":"SLEEP OF PEACE LTO 15 ML","author":"eveapprill","date":"9 mars 2025","format":false,"excerpt":"Sleep of peace \/ Dormir en paix : am\u00e9liore la qualit\u00e9 du sommeil et la quantit\u00e9 de sommeil, diff\u00e9remment de Gentle Sleep, en ce qu'il touche les sch\u00e9mas du sommeil.","rel":"","context":"Article similaire","block_context":{"text":"Article similaire","link":""},"img":{"alt_text":"","src":"https:\/\/i0.wp.com\/artstella-elixirs-floraux.com\/wp-content\/uploads\/2025\/03\/215447f8-a671-498d-9849-7286bf5b6f82.jpg?resize=350%2C200&ssl=1","width":350,"height":200,"srcset":"https:\/\/i0.wp.com\/artstella-elixirs-floraux.com\/wp-content\/uploads\/2025\/03\/215447f8-a671-498d-9849-7286bf5b6f82.jpg?resize=350%2C200&ssl=1 1x, https:\/\/i0.wp.com\/artstella-elixirs-floraux.com\/wp-content\/uploads\/2025\/03\/215447f8-a671-498d-9849-7286bf5b6f82.jpg?resize=525%2C300&ssl=1 1.5x, https:\/\/i0.wp.com\/artstella-elixirs-floraux.com\/wp-content\/uploads\/2025\/03\/215447f8-a671-498d-9849-7286bf5b6f82.jpg?resize=700%2C400&ssl=1 2x"},"classes":[]},{"id":3523,"url":"https:\/\/artstella-elixirs-floraux.com\/fr_fr\/produit\/spirit-of-life-15-ml-lto\/","url_meta":{"origin":1878,"position":1},"title":"SPIRIT OF LIFE 15 ML LTO","author":"eveapprill","date":"9 mars 2025","format":false,"excerpt":"Spirit of life \/ Esprit de vie: contient Furnace of Life et Fire of Life. Cette pr\u00e9paration permet de lever les blocages au niveau des sch\u00e9mas ancestraux et \"tribaux\" contenus dans le premier et le deuxi\u00e8me chakra, permettant se centrer par rapport \u00e0 soi-m\u00eame.","rel":"","context":"Article similaire","block_context":{"text":"Article similaire","link":""},"img":{"alt_text":"","src":"https:\/\/i0.wp.com\/artstella-elixirs-floraux.com\/wp-content\/uploads\/2025\/03\/775f61b9-dca1-46e8-b2b1-240a49b4b68c.jpg?resize=350%2C200&ssl=1","width":350,"height":200,"srcset":"https:\/\/i0.wp.com\/artstella-elixirs-floraux.com\/wp-content\/uploads\/2025\/03\/775f61b9-dca1-46e8-b2b1-240a49b4b68c.jpg?resize=350%2C200&ssl=1 1x, https:\/\/i0.wp.com\/artstella-elixirs-floraux.com\/wp-content\/uploads\/2025\/03\/775f61b9-dca1-46e8-b2b1-240a49b4b68c.jpg?resize=525%2C300&ssl=1 1.5x, https:\/\/i0.wp.com\/artstella-elixirs-floraux.com\/wp-content\/uploads\/2025\/03\/775f61b9-dca1-46e8-b2b1-240a49b4b68c.jpg?resize=700%2C400&ssl=1 2x"},"classes":[]},{"id":3527,"url":"https:\/\/artstella-elixirs-floraux.com\/fr_fr\/produit\/temple-of-light-5-lto-15-ml\/","url_meta":{"origin":1878,"position":2},"title":"TEMPLE OF LIGHT 5 LTO 15 ML","author":"eveapprill","date":"9 mars 2025","format":false,"excerpt":"Temple of light (5) \/ Temple de lumi\u00e8re : permet une utilisation prolong\u00e9e pour faire face \u00e0 l'instabilit\u00e9 \u00e9nerg\u00e9tique des la connexion entre les quatre points cit\u00e9s plus haut.","rel":"","context":"Article similaire","block_context":{"text":"Article similaire","link":""},"img":{"alt_text":"","src":"https:\/\/i0.wp.com\/artstella-elixirs-floraux.com\/wp-content\/uploads\/2025\/03\/98abf329-bfd3-45e6-bae4-c87d83b26e2b.jpg?resize=350%2C200&ssl=1","width":350,"height":200,"srcset":"https:\/\/i0.wp.com\/artstella-elixirs-floraux.com\/wp-content\/uploads\/2025\/03\/98abf329-bfd3-45e6-bae4-c87d83b26e2b.jpg?resize=350%2C200&ssl=1 1x, https:\/\/i0.wp.com\/artstella-elixirs-floraux.com\/wp-content\/uploads\/2025\/03\/98abf329-bfd3-45e6-bae4-c87d83b26e2b.jpg?resize=525%2C300&ssl=1 1.5x, https:\/\/i0.wp.com\/artstella-elixirs-floraux.com\/wp-content\/uploads\/2025\/03\/98abf329-bfd3-45e6-bae4-c87d83b26e2b.jpg?resize=700%2C400&ssl=1 2x"},"classes":[]},{"id":3572,"url":"https:\/\/artstella-elixirs-floraux.com\/fr_fr\/produit\/14-crown-of-consciousness-ltoe-15-ml\/","url_meta":{"origin":1878,"position":3},"title":"14. CROWN OF CONSCIOUSNESS LTOE 15 ML","author":"eveapprill","date":"9 mars 2025","format":false,"excerpt":"Couronne de conscience\/Crown of Consciousness (Masdevallia reginae - \u00c9quateur) Celui-ci est un \u00c9LIXIR MAJEUR qui permet une exp\u00e9rience totale du chakra coronal afin de se faire accueillir \u00e0 la Biblioth\u00e8que Akashique - espace int\u00e9rieur","rel":"","context":"Article similaire","block_context":{"text":"Article similaire","link":""},"img":{"alt_text":"","src":"https:\/\/i0.wp.com\/artstella-elixirs-floraux.com\/wp-content\/uploads\/2025\/03\/04dd8130-d86d-437d-955b-d165027979f9.jpg?resize=350%2C200&ssl=1","width":350,"height":200,"srcset":"https:\/\/i0.wp.com\/artstella-elixirs-floraux.com\/wp-content\/uploads\/2025\/03\/04dd8130-d86d-437d-955b-d165027979f9.jpg?resize=350%2C200&ssl=1 1x, https:\/\/i0.wp.com\/artstella-elixirs-floraux.com\/wp-content\/uploads\/2025\/03\/04dd8130-d86d-437d-955b-d165027979f9.jpg?resize=525%2C300&ssl=1 1.5x, https:\/\/i0.wp.com\/artstella-elixirs-floraux.com\/wp-content\/uploads\/2025\/03\/04dd8130-d86d-437d-955b-d165027979f9.jpg?resize=700%2C400&ssl=1 2x"},"classes":[]},{"id":3671,"url":"https:\/\/artstella-elixirs-floraux.com\/fr_fr\/produit\/61-source-of-life-lto-15-ml\/","url_meta":{"origin":1878,"position":4},"title":"61. SOURCE OF LIFE LTO 15 ML","author":"eveapprill","date":"9 mars 2025","format":false,"excerpt":"Source of Life \/ Source de vie Un\u00a0 \u00e9lixir unique pour s\u2019adresser aux aspects sexuels du 2\u00e8me chakra.\u00a0","rel":"","context":"Article similaire","block_context":{"text":"Article similaire","link":""},"img":{"alt_text":"","src":"https:\/\/i0.wp.com\/artstella-elixirs-floraux.com\/wp-content\/uploads\/2025\/03\/2246925e-0c0b-4269-8b46-a4b4ef4dce55.jpg?resize=350%2C200&ssl=1","width":350,"height":200,"srcset":"https:\/\/i0.wp.com\/artstella-elixirs-floraux.com\/wp-content\/uploads\/2025\/03\/2246925e-0c0b-4269-8b46-a4b4ef4dce55.jpg?resize=350%2C200&ssl=1 1x, https:\/\/i0.wp.com\/artstella-elixirs-floraux.com\/wp-content\/uploads\/2025\/03\/2246925e-0c0b-4269-8b46-a4b4ef4dce55.jpg?resize=525%2C300&ssl=1 1.5x, https:\/\/i0.wp.com\/artstella-elixirs-floraux.com\/wp-content\/uploads\/2025\/03\/2246925e-0c0b-4269-8b46-a4b4ef4dce55.jpg?resize=700%2C400&ssl=1 2x"},"classes":[]},{"id":5494,"url":"https:\/\/artstella-elixirs-floraux.com\/fr_fr\/produit\/sympathetic-p-15-ml-ltoe\/","url_meta":{"origin":1878,"position":5},"title":"SYMPATHETIC P 15 ml LTOE","author":"eveapprill","date":"9 mars 2025","format":false,"excerpt":"Sympathetic (P) \/ Sympathie (P) (Heaven\u2019s Gate, Hive of Heaven, Purity of Soul, Winged Messenger) Aide en cas de sous-activit\u00e9 des 2\u00e8me\u00a0 et 3\u00e8me\u00a0 chakras, et r\u00e9gule une suractivit\u00e9 des glandes surr\u00e9nales. L\u2019\u00e9lixir agit sur les 1er, 4\u00e8me, 5\u00e8me et 7\u00e8me chakras.","rel":"","context":"Article similaire","block_context":{"text":"Article similaire","link":""},"img":{"alt_text":"","src":"https:\/\/i0.wp.com\/artstella-elixirs-floraux.com\/wp-content\/uploads\/2025\/03\/569c2266-0dc6-4ab0-99b3-65eb7a0197a2.jpg?resize=350%2C200&ssl=1","width":350,"height":200,"srcset":"https:\/\/i0.wp.com\/artstella-elixirs-floraux.com\/wp-content\/uploads\/2025\/03\/569c2266-0dc6-4ab0-99b3-65eb7a0197a2.jpg?resize=350%2C200&ssl=1 1x, https:\/\/i0.wp.com\/artstella-elixirs-floraux.com\/wp-content\/uploads\/2025\/03\/569c2266-0dc6-4ab0-99b3-65eb7a0197a2.jpg?resize=525%2C300&ssl=1 1.5x, https:\/\/i0.wp.com\/artstella-elixirs-floraux.com\/wp-content\/uploads\/2025\/03\/569c2266-0dc6-4ab0-99b3-65eb7a0197a2.jpg?resize=700%2C400&ssl=1 2x"},"classes":[]}],"_links":{"self":[{"href":"https:\/\/artstella-elixirs-floraux.com\/fr_fr\/wp-json\/wp\/v2\/product\/1878","targetHints":{"allow":["GET"]}}],"collection":[{"href":"https:\/\/artstella-elixirs-floraux.com\/fr_fr\/wp-json\/wp\/v2\/product"}],"about":[{"href":"https:\/\/artstella-elixirs-floraux.com\/fr_fr\/wp-json\/wp\/v2\/types\/product"}],"version-history":[{"count":0,"href":"https:\/\/artstella-elixirs-floraux.com\/fr_fr\/wp-json\/wp\/v2\/product\/1878\/revisions"}],"wp:attachment":[{"href":"https:\/\/artstella-elixirs-floraux.com\/fr_fr\/wp-json\/wp\/v2\/media?parent=1878"}],"wp:term":[{"taxonomy":"product_brand","embeddable":true,"href":"https:\/\/artstella-elixirs-floraux.com\/fr_fr\/wp-json\/wp\/v2\/product_brand?post=1878"},{"taxonomy":"product_cat","embeddable":true,"href":"https:\/\/artstella-elixirs-floraux.com\/fr_fr\/wp-json\/wp\/v2\/product_cat?post=1878"},{"taxonomy":"product_tag","embeddable":true,"href":"https:\/\/artstella-elixirs-floraux.com\/fr_fr\/wp-json\/wp\/v2\/product_tag?post=1878"}],"curies":[{"name":"wp","href":"https:\/\/api.w.org\/{rel}","templated":true}]}}