{"id":1919,"date":"2025-04-23T11:22:33","date_gmt":"2025-04-23T11:22:33","guid":{"rendered":"https:\/\/artstella-elixirs-floraux.com\/?post_type=product&#038;p=1919"},"modified":"2025-05-27T16:08:58","modified_gmt":"2025-05-27T16:08:58","slug":"alligator-a-a-phi-30-ml","status":"publish","type":"product","link":"https:\/\/artstella-elixirs-floraux.com\/fr_fr\/produit\/alligator-a-a-phi-30-ml\/","title":{"rendered":"ALLIGATOR A.A PHI 30 ML"},"content":{"rendered":"","protected":false},"excerpt":{"rendered":"","protected":false},"featured_media":0,"template":"","meta":[],"product_brand":[],"product_cat":[101],"product_tag":[],"class_list":{"0":"post-1919","1":"product","2":"type-product","3":"status-publish","5":"product_cat-divers","7":"first","8":"instock","9":"taxable","10":"shipping-taxable","11":"purchasable","12":"product-type-simple"},"etheme_brands":{"errors":{"invalid_taxonomy":["Taxonomie non valide."]},"error_data":[]},"jetpack_sharing_enabled":true,"jetpack-related-posts":[{"id":3904,"url":"https:\/\/artstella-elixirs-floraux.com\/fr_fr\/produit\/alligator-15-ml-phi\/","url_meta":{"origin":1919,"position":0},"title":"ALLIGATOR 15 ML PHI","author":"eveapprill","date":"27 mai 2025","format":false,"excerpt":"Alligator (Crocodylus Acutus) permet de transformer les vieux sch\u00e9mas pour nous en s\u00e9parer. Quand nous sentons que ces anciens sch\u00e9mas et traditions ne nous correspondent plus et handicapent notre d\u00e9veloppement.","rel":"","context":"Article similaire","block_context":{"text":"Article similaire","link":""},"img":{"alt_text":"","src":"https:\/\/i0.wp.com\/artstella-elixirs-floraux.com\/wp-content\/uploads\/2025\/03\/wp-image731.png?resize=350%2C200&ssl=1","width":350,"height":200},"classes":[]},{"id":5812,"url":"https:\/\/artstella-elixirs-floraux.com\/fr_fr\/produit\/alligator-crocodylus-acutus-15-ml-phi\/","url_meta":{"origin":1919,"position":1},"title":"Alligator (Crocodylus Acutus) 15 ml PHI","author":"eveapprill","date":"9 mars 2025","format":false,"excerpt":"Alligator (Crocodylus Acutus) Cet \u00e9lixir permet de transformer les vieux sch\u00e9mas pour nous en s\u00e9parer. Quand nous sentons que ces anciens sch\u00e9mas et traditions ne nous correspondent plus et handicapent notre d\u00e9veloppement... Pour les personnes grin\u00e7ant des dents.","rel":"","context":"Article similaire","block_context":{"text":"Article similaire","link":""},"img":{"alt_text":"","src":"","width":0,"height":0},"classes":[]},{"id":4290,"url":"https:\/\/artstella-elixirs-floraux.com\/fr_fr\/produit\/alligator-aligator-wea-30-ml\/","url_meta":{"origin":1919,"position":2},"title":"ALLIGATOR\/ALIGATOR WEA 30 ML","author":"eveapprill","date":"9 mars 2025","format":false,"excerpt":"Alligator (alligator) Patiente absolue\u00a0; choix du moment propice pour agir\u00a0; divinit\u00e9 de l\u2019attente\u00a0; sagesse du marais.","rel":"","context":"Article similaire","block_context":{"text":"Article similaire","link":""},"img":{"alt_text":"","src":"https:\/\/i0.wp.com\/artstella-elixirs-floraux.com\/wp-content\/uploads\/2025\/03\/wp-image2282.png?resize=350%2C200&ssl=1","width":350,"height":200,"srcset":"https:\/\/i0.wp.com\/artstella-elixirs-floraux.com\/wp-content\/uploads\/2025\/03\/wp-image2282.png?resize=350%2C200&ssl=1 1x, https:\/\/i0.wp.com\/artstella-elixirs-floraux.com\/wp-content\/uploads\/2025\/03\/wp-image2282.png?resize=525%2C300&ssl=1 1.5x, https:\/\/i0.wp.com\/artstella-elixirs-floraux.com\/wp-content\/uploads\/2025\/03\/wp-image2282.png?resize=700%2C400&ssl=1 2x"},"classes":[]},{"id":1920,"url":"https:\/\/artstella-elixirs-floraux.com\/fr_fr\/produit\/gnou-30-ml-phi\/","url_meta":{"origin":1919,"position":3},"title":"GNOU 30 ML PHI","author":"eveapprill","date":"27 mai 2025","format":false,"excerpt":"","rel":"","context":"Article similaire","block_context":{"text":"Article similaire","link":""},"img":{"alt_text":"","src":"","width":0,"height":0},"classes":[]},{"id":1921,"url":"https:\/\/artstella-elixirs-floraux.com\/fr_fr\/produit\/autruche-30-ml-phi\/","url_meta":{"origin":1919,"position":4},"title":"AUTRUCHE 30 ML PHI","author":"eveapprill","date":"27 mai 2025","format":false,"excerpt":"","rel":"","context":"Article similaire","block_context":{"text":"Article similaire","link":""},"img":{"alt_text":"","src":"","width":0,"height":0},"classes":[]},{"id":1902,"url":"https:\/\/artstella-elixirs-floraux.com\/fr_fr\/produit\/dauphin-rose-30-ml-phi\/","url_meta":{"origin":1919,"position":5},"title":"DAUPHIN ROSE 30 ML PHI","author":"eveapprill","date":"23 avril 2025","format":false,"excerpt":"","rel":"","context":"Article similaire","block_context":{"text":"Article similaire","link":""},"img":{"alt_text":"","src":"","width":0,"height":0},"classes":[]}],"_links":{"self":[{"href":"https:\/\/artstella-elixirs-floraux.com\/fr_fr\/wp-json\/wp\/v2\/product\/1919","targetHints":{"allow":["GET"]}}],"collection":[{"href":"https:\/\/artstella-elixirs-floraux.com\/fr_fr\/wp-json\/wp\/v2\/product"}],"about":[{"href":"https:\/\/artstella-elixirs-floraux.com\/fr_fr\/wp-json\/wp\/v2\/types\/product"}],"version-history":[{"count":0,"href":"https:\/\/artstella-elixirs-floraux.com\/fr_fr\/wp-json\/wp\/v2\/product\/1919\/revisions"}],"wp:attachment":[{"href":"https:\/\/artstella-elixirs-floraux.com\/fr_fr\/wp-json\/wp\/v2\/media?parent=1919"}],"wp:term":[{"taxonomy":"product_brand","embeddable":true,"href":"https:\/\/artstella-elixirs-floraux.com\/fr_fr\/wp-json\/wp\/v2\/product_brand?post=1919"},{"taxonomy":"product_cat","embeddable":true,"href":"https:\/\/artstella-elixirs-floraux.com\/fr_fr\/wp-json\/wp\/v2\/product_cat?post=1919"},{"taxonomy":"product_tag","embeddable":true,"href":"https:\/\/artstella-elixirs-floraux.com\/fr_fr\/wp-json\/wp\/v2\/product_tag?post=1919"}],"curies":[{"name":"wp","href":"https:\/\/api.w.org\/{rel}","templated":true}]}}