{"id":1927,"date":"2025-05-27T16:06:45","date_gmt":"2025-05-27T16:06:45","guid":{"rendered":"https:\/\/artstella-elixirs-floraux.com\/?post_type=product&#038;p=1927"},"modified":"2025-05-27T16:06:45","modified_gmt":"2025-05-27T16:06:45","slug":"gorille-15-ml-phi","status":"publish","type":"product","link":"https:\/\/artstella-elixirs-floraux.com\/fr_fr\/produit\/gorille-15-ml-phi\/","title":{"rendered":"GORILLE 15 ML PHI"},"content":{"rendered":"","protected":false},"excerpt":{"rendered":"","protected":false},"featured_media":0,"template":"","meta":[],"product_brand":[],"product_cat":[101],"product_tag":[],"class_list":{"0":"post-1927","1":"product","2":"type-product","3":"status-publish","5":"product_cat-divers","7":"first","8":"instock","9":"taxable","10":"shipping-taxable","11":"purchasable","12":"product-type-simple"},"etheme_brands":{"errors":{"invalid_taxonomy":["Taxonomie non valide."]},"error_data":[]},"jetpack_sharing_enabled":true,"jetpack-related-posts":[{"id":5870,"url":"https:\/\/artstella-elixirs-floraux.com\/fr_fr\/produit\/gorille-gorilla-gorilla-gorilla-15ml-phi\/","url_meta":{"origin":1927,"position":0},"title":"Gorille &#8211; Gorilla (Gorilla gorilla) 15ml PHI","author":"eveapprill","date":"9 mars 2025","format":false,"excerpt":"Gorille - Gorilla (Gorilla gorilla) \u00a0Cet \u00e9lixir nous permet de nous sentir connect\u00e9s au pouvoir et \u00e0 force avec la compassion et le sens de la responsabilit\u00e9. Nous apprenons \u00e0 d\u00e9velopper notre vie sociale et \u00e0 renforcer les structures de groupe ou familiales.","rel":"","context":"Article similaire","block_context":{"text":"Article similaire","link":""},"img":{"alt_text":"","src":"","width":0,"height":0},"classes":[]},{"id":4312,"url":"https:\/\/artstella-elixirs-floraux.com\/fr_fr\/produit\/gorilla-gorille-wea-exp-30-ml\/","url_meta":{"origin":1927,"position":1},"title":"GORILLA\/GORILLE WEA EXP 30 ML","author":"eveapprill","date":"9 mars 2025","format":false,"excerpt":"Gorilla (gorille) Connaissance et expression de soi affirm\u00e9es\u00a0; force supr\u00eame\u00a0; revendication du pouvoir personnel\u00a0; tenir bon.","rel":"","context":"Article similaire","block_context":{"text":"Article similaire","link":""},"img":{"alt_text":"","src":"https:\/\/i0.wp.com\/artstella-elixirs-floraux.com\/wp-content\/uploads\/2025\/03\/wp-image2293.png?resize=350%2C200&ssl=1","width":350,"height":200,"srcset":"https:\/\/i0.wp.com\/artstella-elixirs-floraux.com\/wp-content\/uploads\/2025\/03\/wp-image2293.png?resize=350%2C200&ssl=1 1x, https:\/\/i0.wp.com\/artstella-elixirs-floraux.com\/wp-content\/uploads\/2025\/03\/wp-image2293.png?resize=525%2C300&ssl=1 1.5x, https:\/\/i0.wp.com\/artstella-elixirs-floraux.com\/wp-content\/uploads\/2025\/03\/wp-image2293.png?resize=700%2C400&ssl=1 2x"},"classes":[]},{"id":3022,"url":"https:\/\/artstella-elixirs-floraux.com\/fr_fr\/produit\/malachite-15-ml-phi\/","url_meta":{"origin":1927,"position":2},"title":"MALACHITE 15 ML PHI","author":"eveapprill","date":"9 mars 2025","format":false,"excerpt":"","rel":"","context":"Article similaire","block_context":{"text":"Article similaire","link":""},"img":{"alt_text":"","src":"https:\/\/i0.wp.com\/artstella-elixirs-floraux.com\/wp-content\/uploads\/2025\/03\/wp-image638.png?resize=350%2C200&ssl=1","width":350,"height":200,"srcset":"https:\/\/i0.wp.com\/artstella-elixirs-floraux.com\/wp-content\/uploads\/2025\/03\/wp-image638.png?resize=350%2C200&ssl=1 1x, https:\/\/i0.wp.com\/artstella-elixirs-floraux.com\/wp-content\/uploads\/2025\/03\/wp-image638.png?resize=525%2C300&ssl=1 1.5x"},"classes":[]},{"id":1922,"url":"https:\/\/artstella-elixirs-floraux.com\/fr_fr\/produit\/anaconda-15-ml-phi\/","url_meta":{"origin":1927,"position":3},"title":"ANACONDA 15 ML PHI","author":"eveapprill","date":"27 mai 2025","format":false,"excerpt":"","rel":"","context":"Article similaire","block_context":{"text":"Article similaire","link":""},"img":{"alt_text":"","src":"","width":0,"height":0},"classes":[]},{"id":1931,"url":"https:\/\/artstella-elixirs-floraux.com\/fr_fr\/produit\/perroquet-phi-15-ml\/","url_meta":{"origin":1927,"position":4},"title":"PERROQUET PHI 15 ML","author":"eveapprill","date":"27 mai 2025","format":false,"excerpt":"","rel":"","context":"Article similaire","block_context":{"text":"Article similaire","link":""},"img":{"alt_text":"","src":"","width":0,"height":0},"classes":[]},{"id":1937,"url":"https:\/\/artstella-elixirs-floraux.com\/fr_fr\/produit\/tarentule-phi-15-ml\/","url_meta":{"origin":1927,"position":5},"title":"TARENTULE PHI 15 ML","author":"eveapprill","date":"27 mai 2025","format":false,"excerpt":"","rel":"","context":"Article similaire","block_context":{"text":"Article similaire","link":""},"img":{"alt_text":"","src":"","width":0,"height":0},"classes":[]}],"_links":{"self":[{"href":"https:\/\/artstella-elixirs-floraux.com\/fr_fr\/wp-json\/wp\/v2\/product\/1927","targetHints":{"allow":["GET"]}}],"collection":[{"href":"https:\/\/artstella-elixirs-floraux.com\/fr_fr\/wp-json\/wp\/v2\/product"}],"about":[{"href":"https:\/\/artstella-elixirs-floraux.com\/fr_fr\/wp-json\/wp\/v2\/types\/product"}],"version-history":[{"count":0,"href":"https:\/\/artstella-elixirs-floraux.com\/fr_fr\/wp-json\/wp\/v2\/product\/1927\/revisions"}],"wp:attachment":[{"href":"https:\/\/artstella-elixirs-floraux.com\/fr_fr\/wp-json\/wp\/v2\/media?parent=1927"}],"wp:term":[{"taxonomy":"product_brand","embeddable":true,"href":"https:\/\/artstella-elixirs-floraux.com\/fr_fr\/wp-json\/wp\/v2\/product_brand?post=1927"},{"taxonomy":"product_cat","embeddable":true,"href":"https:\/\/artstella-elixirs-floraux.com\/fr_fr\/wp-json\/wp\/v2\/product_cat?post=1927"},{"taxonomy":"product_tag","embeddable":true,"href":"https:\/\/artstella-elixirs-floraux.com\/fr_fr\/wp-json\/wp\/v2\/product_tag?post=1927"}],"curies":[{"name":"wp","href":"https:\/\/api.w.org\/{rel}","templated":true}]}}