{"id":1930,"date":"2025-05-27T16:06:46","date_gmt":"2025-05-27T16:06:46","guid":{"rendered":"https:\/\/artstella-elixirs-floraux.com\/?post_type=product&#038;p=1930"},"modified":"2025-05-27T16:06:46","modified_gmt":"2025-05-27T16:06:46","slug":"lezard-phi-15ml","status":"publish","type":"product","link":"https:\/\/artstella-elixirs-floraux.com\/fr_fr\/produit\/lezard-phi-15ml\/","title":{"rendered":"LEZARD PHI 15ML"},"content":{"rendered":"","protected":false},"excerpt":{"rendered":"","protected":false},"featured_media":0,"template":"","meta":[],"product_brand":[],"product_cat":[101],"product_tag":[],"class_list":{"0":"post-1930","1":"product","2":"type-product","3":"status-publish","5":"product_cat-divers","7":"first","8":"instock","9":"taxable","10":"shipping-taxable","11":"purchasable","12":"product-type-simple"},"etheme_brands":{"errors":{"invalid_taxonomy":["Taxonomie non valide."]},"error_data":[]},"jetpack_sharing_enabled":true,"jetpack-related-posts":[{"id":5534,"url":"https:\/\/artstella-elixirs-floraux.com\/fr_fr\/produit\/coffret-10-elixirs-danimaux-n-3-15ml\/","url_meta":{"origin":1930,"position":0},"title":"COFFRET 10 \u00e9lixirs d&rsquo;ANIMAUX N\u00b0 3 15ML","author":"eveapprill","date":"9 mars 2025","format":false,"excerpt":"Coffret 10 \u00e9lixirs d'animaux 15ml : Colibri, Lama, L\u00e9zard, pandan, Perroquet, Pingouin, Scorpion, Paresseux \u00e0 2 doigts, L\u00e9opard des neiges, Ours \u00e0 lunettes","rel":"","context":"Article similaire","block_context":{"text":"Article similaire","link":""},"img":{"alt_text":"","src":"https:\/\/i0.wp.com\/artstella-elixirs-floraux.com\/wp-content\/uploads\/2025\/03\/wp-image1762.png?resize=350%2C200&ssl=1","width":350,"height":200},"classes":[]},{"id":5830,"url":"https:\/\/artstella-elixirs-floraux.com\/fr_fr\/produit\/lezard-lizard-gallotia-caesaris-gomerae15-ml-phi\/","url_meta":{"origin":1930,"position":1},"title":"L\u00e9zard &#8211; Lizard (Gallotia caesaris gomerae)15 ml PHI","author":"eveapprill","date":"9 mars 2025","format":false,"excerpt":"L\u00e9zard - Lizard (Gallotia caesaris gomerae)\u00a0 Energ\u00e9tiquement cet \u00e9lixir nous offre un fort potentiel de r\u00e9g\u00e9n\u00e9ration, notamment apr\u00e8s un traitement pour des probl\u00e8mes cutan\u00e9s. Il nous aide \u00e0 faire confiance \u00e0 notre intuition et \u00e0 suivre notre lumi\u00e8re int\u00e9rieure.","rel":"","context":"Article similaire","block_context":{"text":"Article similaire","link":""},"img":{"alt_text":"","src":"","width":0,"height":0},"classes":[]},{"id":1933,"url":"https:\/\/artstella-elixirs-floraux.com\/fr_fr\/produit\/scorpion-phi-15ml\/","url_meta":{"origin":1930,"position":2},"title":"SCORPION PHI 15ML","author":"eveapprill","date":"27 mai 2025","format":false,"excerpt":"","rel":"","context":"Article similaire","block_context":{"text":"Article similaire","link":""},"img":{"alt_text":"","src":"","width":0,"height":0},"classes":[]},{"id":1923,"url":"https:\/\/artstella-elixirs-floraux.com\/fr_fr\/produit\/chameau-phi-15ml\/","url_meta":{"origin":1930,"position":3},"title":"CHAMEAU PHI 15ML","author":"eveapprill","date":"27 mai 2025","format":false,"excerpt":"","rel":"","context":"Article similaire","block_context":{"text":"Article similaire","link":""},"img":{"alt_text":"","src":"","width":0,"height":0},"classes":[]},{"id":1924,"url":"https:\/\/artstella-elixirs-floraux.com\/fr_fr\/produit\/flamant-phi-15ml\/","url_meta":{"origin":1930,"position":4},"title":"FLAMANT PHI 15ML","author":"eveapprill","date":"27 mai 2025","format":false,"excerpt":"","rel":"","context":"Article similaire","block_context":{"text":"Article similaire","link":""},"img":{"alt_text":"","src":"","width":0,"height":0},"classes":[]},{"id":1925,"url":"https:\/\/artstella-elixirs-floraux.com\/fr_fr\/produit\/gibbon-phi-15ml\/","url_meta":{"origin":1930,"position":5},"title":"GIBBON PHI 15ML","author":"eveapprill","date":"27 mai 2025","format":false,"excerpt":"","rel":"","context":"Article similaire","block_context":{"text":"Article similaire","link":""},"img":{"alt_text":"","src":"","width":0,"height":0},"classes":[]}],"_links":{"self":[{"href":"https:\/\/artstella-elixirs-floraux.com\/fr_fr\/wp-json\/wp\/v2\/product\/1930","targetHints":{"allow":["GET"]}}],"collection":[{"href":"https:\/\/artstella-elixirs-floraux.com\/fr_fr\/wp-json\/wp\/v2\/product"}],"about":[{"href":"https:\/\/artstella-elixirs-floraux.com\/fr_fr\/wp-json\/wp\/v2\/types\/product"}],"version-history":[{"count":0,"href":"https:\/\/artstella-elixirs-floraux.com\/fr_fr\/wp-json\/wp\/v2\/product\/1930\/revisions"}],"wp:attachment":[{"href":"https:\/\/artstella-elixirs-floraux.com\/fr_fr\/wp-json\/wp\/v2\/media?parent=1930"}],"wp:term":[{"taxonomy":"product_brand","embeddable":true,"href":"https:\/\/artstella-elixirs-floraux.com\/fr_fr\/wp-json\/wp\/v2\/product_brand?post=1930"},{"taxonomy":"product_cat","embeddable":true,"href":"https:\/\/artstella-elixirs-floraux.com\/fr_fr\/wp-json\/wp\/v2\/product_cat?post=1930"},{"taxonomy":"product_tag","embeddable":true,"href":"https:\/\/artstella-elixirs-floraux.com\/fr_fr\/wp-json\/wp\/v2\/product_tag?post=1930"}],"curies":[{"name":"wp","href":"https:\/\/api.w.org\/{rel}","templated":true}]}}