{"id":1968,"date":"2025-05-27T16:37:09","date_gmt":"2025-05-27T16:37:09","guid":{"rendered":"https:\/\/artstella-elixirs-floraux.com\/?post_type=product&#038;p=1968"},"modified":"2025-05-27T16:37:09","modified_gmt":"2025-05-27T16:37:09","slug":"jacaranda-15-ml-bush","status":"publish","type":"product","link":"https:\/\/artstella-elixirs-floraux.com\/fr_fr\/produit\/jacaranda-15-ml-bush\/","title":{"rendered":"JACARANDA 15 ML BUSH"},"content":{"rendered":"","protected":false},"excerpt":{"rendered":"<p><strong><em>Jacaranda<\/em><\/strong><\/p>\n<p>Personnalit\u00e9 changeante, impression de tourner en rond, d\u00e9s\u0153uvrement. Etre d\u00e9cisif, \u00eatre centr\u00e9, clart\u00e9 d\u2019esprit.<\/p>\n","protected":false},"featured_media":1969,"template":"","meta":[],"product_brand":[],"product_cat":[107],"product_tag":[],"class_list":{"0":"post-1968","1":"product","2":"type-product","3":"status-publish","4":"has-post-thumbnail","6":"product_cat-les-elixirs-de-fleurs-du-bush-australien","8":"first","9":"instock","10":"taxable","11":"shipping-taxable","12":"purchasable","13":"product-type-simple"},"etheme_brands":{"errors":{"invalid_taxonomy":["Taxonomie non valide."]},"error_data":[]},"jetpack_sharing_enabled":true,"jetpack-related-posts":[{"id":6008,"url":"https:\/\/artstella-elixirs-floraux.com\/fr_fr\/produit\/dr-bach-un-etre-dexception-v-knight\/","url_meta":{"origin":1968,"position":0},"title":"Dr Bach, un \u00eatre d&rsquo;exception V. Knight","author":"eveapprill","date":"9 mars 2025","format":false,"excerpt":"Dr Bach, un \u00eatre d'exception par Valerie Knight \u00e9ditions M\u00e9dicis Une biographie inspir\u00e9e qui allie authenticit\u00e9 et romanesque.","rel":"","context":"Article similaire","block_context":{"text":"Article similaire","link":""},"img":{"alt_text":"","src":"https:\/\/i0.wp.com\/artstella-elixirs-floraux.com\/wp-content\/uploads\/2025\/03\/wp-image2023.png?resize=350%2C200&ssl=1","width":350,"height":200},"classes":[]},{"id":5586,"url":"https:\/\/artstella-elixirs-floraux.com\/fr_fr\/produit\/combination-blessings-of-dog-30ml\/","url_meta":{"origin":1968,"position":1},"title":"Combination Blessings of Dog 30ML","author":"eveapprill","date":"9 mars 2025","format":false,"excerpt":"Combination Blessings of Dog (Complexe \u201cB\u00e9n\u00e9diction de chien\u201d) Pour exp\u00e9rimenter la joie, l\u2019amour, l\u2019enjouement, la simplicit\u00e9 et la pr\u00e9sence incarn\u00e9s par les chiens, en g\u00e9n\u00e9ral. Grande joie d\u2019\u00eatre vivant et vivre du c\u0153ur. Cr\u00e9ation des liens affectifs avec autrui, \u00eatre loyal et d\u00e9vou\u00e9 \u00e0 ceux que nous aimons.\u00a0","rel":"","context":"Article similaire","block_context":{"text":"Article similaire","link":""},"img":{"alt_text":"","src":"https:\/\/i0.wp.com\/artstella-elixirs-floraux.com\/wp-content\/uploads\/2025\/03\/5f231411-2387-45a0-b372-3733395a77dc.jpg?resize=350%2C200&ssl=1","width":350,"height":200,"srcset":"https:\/\/i0.wp.com\/artstella-elixirs-floraux.com\/wp-content\/uploads\/2025\/03\/5f231411-2387-45a0-b372-3733395a77dc.jpg?resize=350%2C200&ssl=1 1x, https:\/\/i0.wp.com\/artstella-elixirs-floraux.com\/wp-content\/uploads\/2025\/03\/5f231411-2387-45a0-b372-3733395a77dc.jpg?resize=525%2C300&ssl=1 1.5x, https:\/\/i0.wp.com\/artstella-elixirs-floraux.com\/wp-content\/uploads\/2025\/03\/5f231411-2387-45a0-b372-3733395a77dc.jpg?resize=700%2C400&ssl=1 2x"},"classes":[]},{"id":3199,"url":"https:\/\/artstella-elixirs-floraux.com\/fr_fr\/produit\/brunelle-15-ml-phi\/","url_meta":{"origin":1968,"position":2},"title":"BRUNELLE 15 ML PHI","author":"eveapprill","date":"9 mars 2025","format":false,"excerpt":"Brunelle (Prunella vulgaris) (Braunelle) Stimule les forces d'auto gu\u00e9rison et la volont\u00e9 d'\u00eatre en bonne sant\u00e9. Pour retrouver le courage d\u2019\u00eatre en bonne sant\u00e9.\u00a0 (Peut \u00eatre ajout\u00e9 \u00e0 une cr\u00e8me)","rel":"","context":"Article similaire","block_context":{"text":"Article similaire","link":""},"img":{"alt_text":"","src":"https:\/\/i0.wp.com\/artstella-elixirs-floraux.com\/wp-content\/uploads\/2025\/03\/wp-image382.png?resize=350%2C200&ssl=1","width":350,"height":200},"classes":[]},{"id":5974,"url":"https:\/\/artstella-elixirs-floraux.com\/fr_fr\/produit\/living-star-ligth-bloesem-10ml\/","url_meta":{"origin":1968,"position":3},"title":"LIVING STAR LIGTH BLOESEM 10ML","author":"eveapprill","date":"9 mars 2025","format":false,"excerpt":"LIVING STAR LIGHT Cet \u00e9lixir n\u2019est ni un compos\u00e9 ni une essence florale, mais une essence cosmique. Elle nous met en contact avec notre \u00eatre naturel terrien et avec les \u00e9toiles. Elle a \u00e9t\u00e9 pr\u00e9par\u00e9e \u00e0 partir d\u2019une \u00e9toile \u00e0 cinq branches, avec trois sur le plan horizontal, une autre\u2026","rel":"","context":"Article similaire","block_context":{"text":"Article similaire","link":""},"img":{"alt_text":"","src":"","width":0,"height":0},"classes":[]},{"id":4443,"url":"https:\/\/artstella-elixirs-floraux.com\/fr_fr\/produit\/paw-paw-15-ml-bush\/","url_meta":{"origin":1968,"position":4},"title":"PAW PAW 15 ML BUSH","author":"eveapprill","date":"9 mars 2025","format":false,"excerpt":"Paw Paw Etre d\u00e9bord\u00e9, \u00eatre accabl\u00e9 par les d\u00e9cisions. Concentration, clart\u00e9.","rel":"","context":"Article similaire","block_context":{"text":"Article similaire","link":""},"img":{"alt_text":"","src":"https:\/\/i0.wp.com\/artstella-elixirs-floraux.com\/wp-content\/uploads\/2025\/03\/wp-image1051.png?resize=350%2C200&ssl=1","width":350,"height":200},"classes":[]},{"id":5027,"url":"https:\/\/artstella-elixirs-floraux.com\/fr_fr\/produit\/yellow-violet-alas-f-sup\/","url_meta":{"origin":1968,"position":5},"title":"YELLOW VIOLET ALAS F SUP","author":"eveapprill","date":"9 mars 2025","format":false,"excerpt":"Yellow Violet Viola biflora Pens\u00e9e jaune Indications\u00a0: communication sur la d\u00e9fensive\u00a0; trac\u00a0; terreur pour parler en public\u00a0; expression bloqu\u00e9es par la peur d\u2019\u00eatre jug\u00e9e ou ridicule.","rel":"","context":"Article similaire","block_context":{"text":"Article similaire","link":""},"img":{"alt_text":"","src":"","width":0,"height":0},"classes":[]}],"_links":{"self":[{"href":"https:\/\/artstella-elixirs-floraux.com\/fr_fr\/wp-json\/wp\/v2\/product\/1968","targetHints":{"allow":["GET"]}}],"collection":[{"href":"https:\/\/artstella-elixirs-floraux.com\/fr_fr\/wp-json\/wp\/v2\/product"}],"about":[{"href":"https:\/\/artstella-elixirs-floraux.com\/fr_fr\/wp-json\/wp\/v2\/types\/product"}],"version-history":[{"count":0,"href":"https:\/\/artstella-elixirs-floraux.com\/fr_fr\/wp-json\/wp\/v2\/product\/1968\/revisions"}],"wp:featuredmedia":[{"embeddable":true,"href":"https:\/\/artstella-elixirs-floraux.com\/fr_fr\/wp-json\/wp\/v2\/media\/1969"}],"wp:attachment":[{"href":"https:\/\/artstella-elixirs-floraux.com\/fr_fr\/wp-json\/wp\/v2\/media?parent=1968"}],"wp:term":[{"taxonomy":"product_brand","embeddable":true,"href":"https:\/\/artstella-elixirs-floraux.com\/fr_fr\/wp-json\/wp\/v2\/product_brand?post=1968"},{"taxonomy":"product_cat","embeddable":true,"href":"https:\/\/artstella-elixirs-floraux.com\/fr_fr\/wp-json\/wp\/v2\/product_cat?post=1968"},{"taxonomy":"product_tag","embeddable":true,"href":"https:\/\/artstella-elixirs-floraux.com\/fr_fr\/wp-json\/wp\/v2\/product_tag?post=1968"}],"curies":[{"name":"wp","href":"https:\/\/api.w.org\/{rel}","templated":true}]}}