{"id":2094,"date":"2025-03-09T12:50:43","date_gmt":"2025-03-09T12:50:43","guid":{"rendered":"https:\/\/artstella-elixirs-floraux.com\/product\/blue-elf-viola-alaskan\/"},"modified":"2025-04-14T12:24:23","modified_gmt":"2025-04-14T12:24:23","slug":"blue-elf-viola-alaskan","status":"publish","type":"product","link":"https:\/\/artstella-elixirs-floraux.com\/fr_fr\/produit\/blue-elf-viola-alaskan\/","title":{"rendered":"Blue Elf Viola Alaskan"},"content":{"rendered":"","protected":false},"excerpt":{"rendered":"<p><strong><span style=\"color: #008000;\">Blue Elf Viola<\/span><\/strong><\/p>\n<p>Pour ceux qui sont incapables d&rsquo;exprimer leur col\u00e8re d&rsquo;une mani\u00e8re claire et non-violente, plus sp\u00e9cialement dans les groupes. Permet de dissoudre l&rsquo;\u00e9nergie protectrice autour de votre col\u00e8re, rage ou frustrations et facilite la compr\u00e9hension de la racine de ces \u00e9motions de fa\u00e7on \u00e0 ce qu&rsquo;elle puisse \u00eatre exprim\u00e9es de fa\u00e7on claire, et centr\u00e9e dans le c\u0153ur.<\/p>\n","protected":false},"featured_media":2095,"template":"","meta":[],"product_brand":[],"product_cat":[119],"product_tag":[],"class_list":{"0":"post-2094","1":"product","2":"type-product","3":"status-publish","4":"has-post-thumbnail","6":"product_cat-les-72-elixirs-floraux","8":"first","9":"instock","10":"taxable","11":"shipping-taxable","12":"purchasable","13":"product-type-variable"},"etheme_brands":{"errors":{"invalid_taxonomy":["Taxonomie non valide."]},"error_data":[]},"jetpack_sharing_enabled":true,"jetpack-related-posts":[{"id":6187,"url":"https:\/\/artstella-elixirs-floraux.com\/fr_fr\/produit\/blue-angel-15ml-ltoe\/","url_meta":{"origin":2094,"position":0},"title":"BLUE ANGEL 15ML LTOE","author":"eveapprill","date":"9 mars 2025","format":false,"excerpt":"Blue Angel - Ange bleu Vanda Gomalco's Blue Magic Aide \u00e0 nous reconnecter avec l\u2019origine de notre \u00e2me et son but. Il tr\u00e8s \u00ab\u00a0r\u00e9fl\u00e9chissant\u00a0\u00bb\u00a0: regarder vers notre origine comme au fond d\u2019un lac clair dont les rayons lumineux p\u00e9n\u00e8trent en scintillant les profondeurs de l\u2019eau.","rel":"","context":"Article similaire","block_context":{"text":"Article similaire","link":""},"img":{"alt_text":"","src":"https:\/\/i0.wp.com\/artstella-elixirs-floraux.com\/wp-content\/uploads\/2025\/03\/39e0c487-06be-494b-86ff-3351cba6818c.jpg?resize=350%2C200&ssl=1","width":350,"height":200,"srcset":"https:\/\/i0.wp.com\/artstella-elixirs-floraux.com\/wp-content\/uploads\/2025\/03\/39e0c487-06be-494b-86ff-3351cba6818c.jpg?resize=350%2C200&ssl=1 1x, https:\/\/i0.wp.com\/artstella-elixirs-floraux.com\/wp-content\/uploads\/2025\/03\/39e0c487-06be-494b-86ff-3351cba6818c.jpg?resize=525%2C300&ssl=1 1.5x, https:\/\/i0.wp.com\/artstella-elixirs-floraux.com\/wp-content\/uploads\/2025\/03\/39e0c487-06be-494b-86ff-3351cba6818c.jpg?resize=700%2C400&ssl=1 2x"},"classes":[]},{"id":4094,"url":"https:\/\/artstella-elixirs-floraux.com\/fr_fr\/produit\/lin-15ml-fleur-sylfos\/","url_meta":{"origin":2094,"position":1},"title":"LIN 15ML FLEUR SYLFOS","author":"eveapprill","date":"9 mars 2025","format":false,"excerpt":"LIN \/ LINO\u00a0\u00a0\u00a0\u00a0 Blue Flax \u00a0\u00a0\u00a0Linum usitatissimum \u00a0 \u00a0 Pour \u00e9quilibrer le stress \u00e9motionnel et rel\u00e2cher les attitudes rigides, les acc\u00e8s de col\u00e8re,\u00a0","rel":"","context":"Article similaire","block_context":{"text":"Article similaire","link":""},"img":{"alt_text":"","src":"","width":0,"height":0},"classes":[]},{"id":3487,"url":"https:\/\/artstella-elixirs-floraux.com\/fr_fr\/produit\/defender-of-the-light-ltoe-15ml\/","url_meta":{"origin":2094,"position":2},"title":"DEFENDER OF THE LIGHT LTOE 15ML","author":"eveapprill","date":"9 mars 2025","format":false,"excerpt":"Defender of Ligth \/ D\u00e9fenseur de la lumi\u00e8re * (Defender from the Dark et Violacea Veritas), L\u2019effet de Viola Veritas ouvrant et activant le troisi\u00e8me \u0153il peut amener la personne \u00e0 faire face \u00e0 des \u00e9nergies n\u00e9gatives, pouvant troubler la psych\u00e9.","rel":"","context":"Article similaire","block_context":{"text":"Article similaire","link":""},"img":{"alt_text":"","src":"https:\/\/i0.wp.com\/artstella-elixirs-floraux.com\/wp-content\/uploads\/2025\/03\/0c234c02-a4d7-4c04-87cb-0336c64d2c8a.jpg?resize=350%2C200&ssl=1","width":350,"height":200,"srcset":"https:\/\/i0.wp.com\/artstella-elixirs-floraux.com\/wp-content\/uploads\/2025\/03\/0c234c02-a4d7-4c04-87cb-0336c64d2c8a.jpg?resize=350%2C200&ssl=1 1x, https:\/\/i0.wp.com\/artstella-elixirs-floraux.com\/wp-content\/uploads\/2025\/03\/0c234c02-a4d7-4c04-87cb-0336c64d2c8a.jpg?resize=525%2C300&ssl=1 1.5x, https:\/\/i0.wp.com\/artstella-elixirs-floraux.com\/wp-content\/uploads\/2025\/03\/0c234c02-a4d7-4c04-87cb-0336c64d2c8a.jpg?resize=700%2C400&ssl=1 2x"},"classes":[]},{"id":4390,"url":"https:\/\/artstella-elixirs-floraux.com\/fr_fr\/produit\/healthy-anger-wea-30-ml\/","url_meta":{"origin":2094,"position":3},"title":"HEALTHY ANGER WEA 30 ML","author":"eveapprill","date":"9 mars 2025","format":false,"excerpt":"Healthy Anger (col\u00e8re saine) Aide \u00e0 ressentir et accepter sa col\u00e8re ; soutient l\u2019expression de la col\u00e8re de mani\u00e8re saine.","rel":"","context":"Article similaire","block_context":{"text":"Article similaire","link":""},"img":{"alt_text":"","src":"","width":0,"height":0},"classes":[]},{"id":2343,"url":"https:\/\/artstella-elixirs-floraux.com\/fr_fr\/produit\/white-violet-alaskan\/","url_meta":{"origin":2094,"position":4},"title":"White violet Alaskan","author":"eveapprill","date":"9 mars 2025","format":false,"excerpt":"White violet. Viola renifolia Claustrophobie ; peur de perdre son identit\u00e9 au sein d'un groupe ; incapacit\u00e9 \u00e0 exprimer sa sensibilit\u00e9 d'une mani\u00e8re ais\u00e9e.","rel":"","context":"Article similaire","block_context":{"text":"Article similaire","link":""},"img":{"alt_text":"","src":"https:\/\/i0.wp.com\/artstella-elixirs-floraux.com\/wp-content\/uploads\/2025\/03\/wp-image599.png?resize=350%2C200&ssl=1","width":350,"height":200},"classes":[]},{"id":5442,"url":"https:\/\/artstella-elixirs-floraux.com\/fr_fr\/produit\/coprin-little-inky-cap-10-ml\/","url_meta":{"origin":2094,"position":5},"title":"Coprin &#8211; Little Inky Cap 10 ML","author":"eveapprill","date":"9 mars 2025","format":false,"excerpt":"Coprin \/ Coprinus xanthotrix (little inky cap\/Coprin) Ce petit champignon aide \u00e0 se lib\u00e9rer des \u00e9motions. \u00a0telle la col\u00e8re ainsi que des sch\u00e9mas familiaux souvent inconscients. A ceux qui se sentent vuln\u00e9rables, l\u2019\u00e9lixir apporte de la force \u00e9motionnelle\u00a0","rel":"","context":"Article similaire","block_context":{"text":"Article similaire","link":""},"img":{"alt_text":"","src":"","width":0,"height":0},"classes":[]}],"_links":{"self":[{"href":"https:\/\/artstella-elixirs-floraux.com\/fr_fr\/wp-json\/wp\/v2\/product\/2094","targetHints":{"allow":["GET"]}}],"collection":[{"href":"https:\/\/artstella-elixirs-floraux.com\/fr_fr\/wp-json\/wp\/v2\/product"}],"about":[{"href":"https:\/\/artstella-elixirs-floraux.com\/fr_fr\/wp-json\/wp\/v2\/types\/product"}],"version-history":[{"count":0,"href":"https:\/\/artstella-elixirs-floraux.com\/fr_fr\/wp-json\/wp\/v2\/product\/2094\/revisions"}],"wp:featuredmedia":[{"embeddable":true,"href":"https:\/\/artstella-elixirs-floraux.com\/fr_fr\/wp-json\/wp\/v2\/media\/2095"}],"wp:attachment":[{"href":"https:\/\/artstella-elixirs-floraux.com\/fr_fr\/wp-json\/wp\/v2\/media?parent=2094"}],"wp:term":[{"taxonomy":"product_brand","embeddable":true,"href":"https:\/\/artstella-elixirs-floraux.com\/fr_fr\/wp-json\/wp\/v2\/product_brand?post=2094"},{"taxonomy":"product_cat","embeddable":true,"href":"https:\/\/artstella-elixirs-floraux.com\/fr_fr\/wp-json\/wp\/v2\/product_cat?post=2094"},{"taxonomy":"product_tag","embeddable":true,"href":"https:\/\/artstella-elixirs-floraux.com\/fr_fr\/wp-json\/wp\/v2\/product_tag?post=2094"}],"curies":[{"name":"wp","href":"https:\/\/api.w.org\/{rel}","templated":true}]}}