{"id":2098,"date":"2025-03-09T12:50:47","date_gmt":"2025-03-09T12:50:47","guid":{"rendered":"https:\/\/artstella-elixirs-floraux.com\/product\/bog-blueberry-alaskan\/"},"modified":"2025-04-14T12:20:24","modified_gmt":"2025-04-14T12:20:24","slug":"bog-blueberry-alaskan","status":"publish","type":"product","link":"https:\/\/artstella-elixirs-floraux.com\/fr_fr\/produit\/bog-blueberry-alaskan\/","title":{"rendered":"Bog Blueberry Alaskan"},"content":{"rendered":"","protected":false},"excerpt":{"rendered":"<p><strong><span style=\"color: #008000;\">Bog Blueberry<\/span><\/strong><\/p>\n<p>Conception \u00ab donnant-donnant \u00bb de l&rsquo;abondance, trop attach\u00e9 \u00e0 la forme mat\u00e9rielle de la manifestation de la vie.Permet de neutraliser les croyances limitant l&rsquo;abondance sur tous les niveaux, encourage \u00e0 s&rsquo;ouvrir \u00e0 l&rsquo;abondance qui s&rsquo;offre avec acceptation et gratitude.<\/p>\n","protected":false},"featured_media":2099,"template":"","meta":[],"product_brand":[],"product_cat":[119],"product_tag":[],"class_list":{"0":"post-2098","1":"product","2":"type-product","3":"status-publish","4":"has-post-thumbnail","6":"product_cat-les-72-elixirs-floraux","8":"first","9":"instock","10":"taxable","11":"shipping-taxable","12":"purchasable","13":"product-type-variable"},"etheme_brands":{"errors":{"invalid_taxonomy":["Taxonomie non valide."]},"error_data":[]},"jetpack_sharing_enabled":true,"jetpack-related-posts":[{"id":2090,"url":"https:\/\/artstella-elixirs-floraux.com\/fr_fr\/produit\/blueberry-pollen-alaskan\/","url_meta":{"origin":2098,"position":0},"title":"Blueberry Pollen Alaskan","author":"eveapprill","date":"9 mars 2025","format":false,"excerpt":"Blueberry Pollen Alaska Pour ceux qui ne croient pas assez \u00e0 leur potentiel d'abondance, ont une faible id\u00e9e de la prosp\u00e9rit\u00e9, et connaissent des difficult\u00e9s \u00e0 recevoir des autres et de la terre. Permet une extension sur tous les niveaux pour s'accorder \u00e0 l'abondance ; facilite la dissolution des sch\u00e9mas\u2026","rel":"","context":"Article similaire","block_context":{"text":"Article similaire","link":""},"img":{"alt_text":"","src":"https:\/\/i0.wp.com\/artstella-elixirs-floraux.com\/wp-content\/uploads\/2025\/03\/wp-image42.webp?resize=350%2C200&ssl=1","width":350,"height":200},"classes":[]},{"id":3381,"url":"https:\/\/artstella-elixirs-floraux.com\/fr_fr\/produit\/blueberry-cactus-15-ml-phi\/","url_meta":{"origin":2098,"position":1},"title":"BLUEBERRY CACTUS 15 ML PHI","author":"eveapprill","date":"9 mars 2025","format":false,"excerpt":"Blueberry cactus (Myrtillocactus geometrizans) favorise la d\u00e9limitation et la protection pour mieux int\u00e9grer le plan \u00e9motionnel. Il renforce et permet \u00e0 notre potentiel de se d\u00e9ployer enti\u00e8rement. Nous pouvons appr\u00e9cier la beaut\u00e9 dans la vie.","rel":"","context":"Article similaire","block_context":{"text":"Article similaire","link":""},"img":{"alt_text":"","src":"https:\/\/i0.wp.com\/artstella-elixirs-floraux.com\/wp-content\/uploads\/2025\/03\/wp-image367.png?resize=350%2C200&ssl=1","width":350,"height":200},"classes":[]},{"id":5528,"url":"https:\/\/artstella-elixirs-floraux.com\/fr_fr\/produit\/go-create-spray-alaska-60-ml\/","url_meta":{"origin":2098,"position":2},"title":"GO CREATE SPRAY ALASKA 60ml","author":"eveapprill","date":"9 mars 2025","format":false,"excerpt":"GO CREATE\u00a0 (Cr\u00e9ativit\u00e9) (spray 60ml) Combinaison soutenant l'abondance. Elle est faite pour nous aider \u00e0 co-cr\u00e9er ce que vous voulez, avez besoin de et d\u00e9sirez dans vos vie avec moins de r\u00e9sistance, plus de facilit\u00e9 et d'efficacit\u00e9.","rel":"","context":"Article similaire","block_context":{"text":"Article similaire","link":""},"img":{"alt_text":"","src":"https:\/\/i0.wp.com\/artstella-elixirs-floraux.com\/wp-content\/uploads\/2025\/03\/a3a37652-b137-43bd-9eb5-5397cb3760f1.jpg?resize=350%2C200&ssl=1","width":350,"height":200,"srcset":"https:\/\/i0.wp.com\/artstella-elixirs-floraux.com\/wp-content\/uploads\/2025\/03\/a3a37652-b137-43bd-9eb5-5397cb3760f1.jpg?resize=350%2C200&ssl=1 1x, https:\/\/i0.wp.com\/artstella-elixirs-floraux.com\/wp-content\/uploads\/2025\/03\/a3a37652-b137-43bd-9eb5-5397cb3760f1.jpg?resize=525%2C300&ssl=1 1.5x, https:\/\/i0.wp.com\/artstella-elixirs-floraux.com\/wp-content\/uploads\/2025\/03\/a3a37652-b137-43bd-9eb5-5397cb3760f1.jpg?resize=700%2C400&ssl=1 2x"},"classes":[]},{"id":2663,"url":"https:\/\/artstella-elixirs-floraux.com\/fr_fr\/produit\/abund-abondance-30-ml-bush\/","url_meta":{"origin":2098,"position":3},"title":"ABUND Abondance 30 ML BUSH","author":"eveapprill","date":"9 mars 2025","format":false,"excerpt":"Abund - Abondance Permet d'abandonner les croyances n\u00e9gatives, les mod\u00e8les et sch\u00e9mas familiaux. Lib\u00e8re de la tendance \u00e0 l'autodestruction et de la peur de manquer. Permet l'ouverture donnant acc\u00e8s aux richesses de tous les niveaux et pas seulement p\u00e9cuniaire. Compos\u00e9 de Bluebell, Boab, Five Corners, Philoteca, Southern Cross, Sunshine Wattle\u2026","rel":"","context":"Article similaire","block_context":{"text":"Article similaire","link":""},"img":{"alt_text":"","src":"https:\/\/i0.wp.com\/artstella-elixirs-floraux.com\/wp-content\/uploads\/2025\/03\/0c1366aa-b1b9-4d6f-88cd-f28788a5c7e3.jpg?resize=350%2C200&ssl=1","width":350,"height":200,"srcset":"https:\/\/i0.wp.com\/artstella-elixirs-floraux.com\/wp-content\/uploads\/2025\/03\/0c1366aa-b1b9-4d6f-88cd-f28788a5c7e3.jpg?resize=350%2C200&ssl=1 1x, https:\/\/i0.wp.com\/artstella-elixirs-floraux.com\/wp-content\/uploads\/2025\/03\/0c1366aa-b1b9-4d6f-88cd-f28788a5c7e3.jpg?resize=525%2C300&ssl=1 1.5x, https:\/\/i0.wp.com\/artstella-elixirs-floraux.com\/wp-content\/uploads\/2025\/03\/0c1366aa-b1b9-4d6f-88cd-f28788a5c7e3.jpg?resize=700%2C400&ssl=1 2x"},"classes":[]},{"id":2422,"url":"https:\/\/artstella-elixirs-floraux.com\/fr_fr\/produit\/bog-marecage\/","url_meta":{"origin":2098,"position":4},"title":"BOG &#8211; MARECAGE","author":"eveapprill","date":"9 mars 2025","format":false,"excerpt":"BOG, Mar\u00e9cage soutient la r\u00e9alisation du potentiel ainsi que la capacit\u00e9 \u00e0 conserver du potentiel pour une cr\u00e9ation nouvelle. Il est particuli\u00e8rement recommand\u00e9 aux femmes, pour les aider \u00e0 conserver leur part f\u00e9minine tel un calice matrice de vie nouvelle.","rel":"","context":"Article similaire","block_context":{"text":"Article similaire","link":""},"img":{"alt_text":"","src":"https:\/\/i0.wp.com\/artstella-elixirs-floraux.com\/wp-content\/uploads\/2025\/03\/Bog_1024x1024.jpg?resize=350%2C200&ssl=1","width":350,"height":200},"classes":[]},{"id":2102,"url":"https:\/\/artstella-elixirs-floraux.com\/fr_fr\/produit\/bog-rosemary-alaska\/","url_meta":{"origin":2098,"position":5},"title":"BOG ROSEMARY ALASKA","author":"eveapprill","date":"9 mars 2025","format":false,"excerpt":"BOG ROSEMARY ALASKA Pour le manque de confiance, la peur paralysante de l'inconnu, l'incapacit\u00e9 de prendre des risques. lib\u00e8re de la peur et de la r\u00e9sistance \u00e0 avancer. Renforce la foi.","rel":"","context":"Article similaire","block_context":{"text":"Article similaire","link":""},"img":{"alt_text":"","src":"https:\/\/i0.wp.com\/artstella-elixirs-floraux.com\/wp-content\/uploads\/2025\/03\/wp-image45.png?resize=350%2C200&ssl=1","width":350,"height":200},"classes":[]}],"_links":{"self":[{"href":"https:\/\/artstella-elixirs-floraux.com\/fr_fr\/wp-json\/wp\/v2\/product\/2098","targetHints":{"allow":["GET"]}}],"collection":[{"href":"https:\/\/artstella-elixirs-floraux.com\/fr_fr\/wp-json\/wp\/v2\/product"}],"about":[{"href":"https:\/\/artstella-elixirs-floraux.com\/fr_fr\/wp-json\/wp\/v2\/types\/product"}],"version-history":[{"count":0,"href":"https:\/\/artstella-elixirs-floraux.com\/fr_fr\/wp-json\/wp\/v2\/product\/2098\/revisions"}],"wp:featuredmedia":[{"embeddable":true,"href":"https:\/\/artstella-elixirs-floraux.com\/fr_fr\/wp-json\/wp\/v2\/media\/2099"}],"wp:attachment":[{"href":"https:\/\/artstella-elixirs-floraux.com\/fr_fr\/wp-json\/wp\/v2\/media?parent=2098"}],"wp:term":[{"taxonomy":"product_brand","embeddable":true,"href":"https:\/\/artstella-elixirs-floraux.com\/fr_fr\/wp-json\/wp\/v2\/product_brand?post=2098"},{"taxonomy":"product_cat","embeddable":true,"href":"https:\/\/artstella-elixirs-floraux.com\/fr_fr\/wp-json\/wp\/v2\/product_cat?post=2098"},{"taxonomy":"product_tag","embeddable":true,"href":"https:\/\/artstella-elixirs-floraux.com\/fr_fr\/wp-json\/wp\/v2\/product_tag?post=2098"}],"curies":[{"name":"wp","href":"https:\/\/api.w.org\/{rel}","templated":true}]}}