{"id":2102,"date":"2025-03-09T12:50:51","date_gmt":"2025-03-09T12:50:51","guid":{"rendered":"https:\/\/artstella-elixirs-floraux.com\/product\/bog-rosemary-alaska\/"},"modified":"2025-04-14T12:22:59","modified_gmt":"2025-04-14T12:22:59","slug":"bog-rosemary-alaska","status":"publish","type":"product","link":"https:\/\/artstella-elixirs-floraux.com\/fr_fr\/produit\/bog-rosemary-alaska\/","title":{"rendered":"BOG ROSEMARY ALASKA"},"content":{"rendered":"","protected":false},"excerpt":{"rendered":"<p><strong><span style=\"color: #008000;\">BOG ROSEMARY ALASKA<\/span><\/strong><\/p>\n<p>Pour le manque de confiance, la peur paralysante de l&rsquo;inconnu, l&rsquo;incapacit\u00e9 de prendre des risques. lib\u00e8re de la peur et de la r\u00e9sistance \u00e0 avancer. Renforce la foi.<\/p>\n","protected":false},"featured_media":2103,"template":"","meta":[],"product_brand":[],"product_cat":[119],"product_tag":[],"class_list":{"0":"post-2102","1":"product","2":"type-product","3":"status-publish","4":"has-post-thumbnail","6":"product_cat-les-72-elixirs-floraux","8":"first","9":"instock","10":"taxable","11":"shipping-taxable","12":"purchasable","13":"product-type-variable"},"etheme_brands":{"errors":{"invalid_taxonomy":["Taxonomie non valide."]},"error_data":[]},"jetpack_sharing_enabled":true,"jetpack-related-posts":[{"id":2170,"url":"https:\/\/artstella-elixirs-floraux.com\/fr_fr\/produit\/green-bog-orchid-alaskan\/","url_meta":{"origin":2102,"position":0},"title":"Green bog orchid Alaskan","author":"eveapprill","date":"9 mars 2025","format":false,"excerpt":"Green bog orchid. Platanthera obtusata Sensibilit\u00e9 bloqu\u00e9e par des exp\u00e9riences douloureuses ou effrayantes contenues au niveau du c\u0153ur. GREEN BOG ORCHID ALASKA 7.5 ML","rel":"","context":"Article similaire","block_context":{"text":"Article similaire","link":""},"img":{"alt_text":"","src":"https:\/\/i0.wp.com\/artstella-elixirs-floraux.com\/wp-content\/uploads\/2025\/03\/wp-image538.png?resize=350%2C200&ssl=1","width":350,"height":200},"classes":[]},{"id":4884,"url":"https:\/\/artstella-elixirs-floraux.com\/fr_fr\/produit\/bog-candle-alaskan-sup\/","url_meta":{"origin":2102,"position":1},"title":"BOG CANDLE ALASKAN SUP","author":"eveapprill","date":"9 mars 2025","format":false,"excerpt":"BOG CANDLE Indications : pris dans la confusion, honte, la peur et la culpabilit\u00e9 ; tendances sujettes aux destructeurs ou d\u00e9gradant ; extr\u00eamement faible estime de soi.","rel":"","context":"Article similaire","block_context":{"text":"Article similaire","link":""},"img":{"alt_text":"","src":"https:\/\/i0.wp.com\/artstella-elixirs-floraux.com\/wp-content\/uploads\/2025\/03\/wp-image1376.png?resize=350%2C200&ssl=1","width":350,"height":200},"classes":[]},{"id":2154,"url":"https:\/\/artstella-elixirs-floraux.com\/fr_fr\/produit\/foxglove-alaska\/","url_meta":{"origin":2102,"position":2},"title":"FOXGLOVE ALASKA","author":"eveapprill","date":"9 mars 2025","format":false,"excerpt":"FOXGLOVE ALASKA Peur de l'inconnu; manque d'ouverture face au d\u00e9fi; ne peut voir les causes de nos conflits et difficult\u00e9s. Lib\u00e9ration des peurs et de tension \u00e9motionnelle au niveau du c\u0153ur; permet \u00e0 nos perceptions de s'\u00e9largir pour voir la v\u00e9rit\u00e9 de la situation.","rel":"","context":"Article similaire","block_context":{"text":"Article similaire","link":""},"img":{"alt_text":"","src":"https:\/\/i0.wp.com\/artstella-elixirs-floraux.com\/wp-content\/uploads\/2025\/03\/wp-image457.png?resize=350%2C200&ssl=1","width":350,"height":200},"classes":[]},{"id":2150,"url":"https:\/\/artstella-elixirs-floraux.com\/fr_fr\/produit\/forget-me-not-alaska\/","url_meta":{"origin":2102,"position":3},"title":"FORGET ME NOT ALASKA","author":"eveapprill","date":"9 mars 2025","format":false,"excerpt":"FORGET ME NOT ALASKA Sensation d'\u00eatre s\u00e9par\u00e9 ; difficult\u00e9 \u00e0 connecter la dimension spirituelle, connexion aux autres bloqu\u00e9e par des peurs inconscientes, sensation de culpabilit\u00e9 en rapport avec des actions du pass\u00e9. Permet de rel\u00e2cher les peurs, sentiments de culpabilit\u00e9 et souffrances subconscientes, permet de retrouver respect et compassion envers\u2026","rel":"","context":"Article similaire","block_context":{"text":"Article similaire","link":""},"img":{"alt_text":"","src":"https:\/\/i0.wp.com\/artstella-elixirs-floraux.com\/wp-content\/uploads\/2025\/03\/wp-image561.png?resize=350%2C200&ssl=1","width":350,"height":200},"classes":[]},{"id":2422,"url":"https:\/\/artstella-elixirs-floraux.com\/fr_fr\/produit\/bog-marecage\/","url_meta":{"origin":2102,"position":4},"title":"BOG &#8211; MARECAGE","author":"eveapprill","date":"9 mars 2025","format":false,"excerpt":"BOG, Mar\u00e9cage soutient la r\u00e9alisation du potentiel ainsi que la capacit\u00e9 \u00e0 conserver du potentiel pour une cr\u00e9ation nouvelle. Il est particuli\u00e8rement recommand\u00e9 aux femmes, pour les aider \u00e0 conserver leur part f\u00e9minine tel un calice matrice de vie nouvelle.","rel":"","context":"Article similaire","block_context":{"text":"Article similaire","link":""},"img":{"alt_text":"","src":"https:\/\/i0.wp.com\/artstella-elixirs-floraux.com\/wp-content\/uploads\/2025\/03\/Bog_1024x1024.jpg?resize=350%2C200&ssl=1","width":350,"height":200},"classes":[]},{"id":2098,"url":"https:\/\/artstella-elixirs-floraux.com\/fr_fr\/produit\/bog-blueberry-alaskan\/","url_meta":{"origin":2102,"position":5},"title":"Bog Blueberry Alaskan","author":"eveapprill","date":"9 mars 2025","format":false,"excerpt":"Bog Blueberry Conception \u00ab donnant-donnant \u00bb de l'abondance, trop attach\u00e9 \u00e0 la forme mat\u00e9rielle de la manifestation de la vie.Permet de neutraliser les croyances limitant l'abondance sur tous les niveaux, encourage \u00e0 s'ouvrir \u00e0 l'abondance qui s'offre avec acceptation et gratitude.","rel":"","context":"Article similaire","block_context":{"text":"Article similaire","link":""},"img":{"alt_text":"","src":"https:\/\/i0.wp.com\/artstella-elixirs-floraux.com\/wp-content\/uploads\/2025\/03\/wp-image44.png?resize=350%2C200&ssl=1","width":350,"height":200},"classes":[]}],"_links":{"self":[{"href":"https:\/\/artstella-elixirs-floraux.com\/fr_fr\/wp-json\/wp\/v2\/product\/2102","targetHints":{"allow":["GET"]}}],"collection":[{"href":"https:\/\/artstella-elixirs-floraux.com\/fr_fr\/wp-json\/wp\/v2\/product"}],"about":[{"href":"https:\/\/artstella-elixirs-floraux.com\/fr_fr\/wp-json\/wp\/v2\/types\/product"}],"version-history":[{"count":0,"href":"https:\/\/artstella-elixirs-floraux.com\/fr_fr\/wp-json\/wp\/v2\/product\/2102\/revisions"}],"wp:featuredmedia":[{"embeddable":true,"href":"https:\/\/artstella-elixirs-floraux.com\/fr_fr\/wp-json\/wp\/v2\/media\/2103"}],"wp:attachment":[{"href":"https:\/\/artstella-elixirs-floraux.com\/fr_fr\/wp-json\/wp\/v2\/media?parent=2102"}],"wp:term":[{"taxonomy":"product_brand","embeddable":true,"href":"https:\/\/artstella-elixirs-floraux.com\/fr_fr\/wp-json\/wp\/v2\/product_brand?post=2102"},{"taxonomy":"product_cat","embeddable":true,"href":"https:\/\/artstella-elixirs-floraux.com\/fr_fr\/wp-json\/wp\/v2\/product_cat?post=2102"},{"taxonomy":"product_tag","embeddable":true,"href":"https:\/\/artstella-elixirs-floraux.com\/fr_fr\/wp-json\/wp\/v2\/product_tag?post=2102"}],"curies":[{"name":"wp","href":"https:\/\/api.w.org\/{rel}","templated":true}]}}