{"id":2124,"date":"2025-03-09T12:51:09","date_gmt":"2025-03-09T12:51:09","guid":{"rendered":"https:\/\/artstella-elixirs-floraux.com\/product\/columbine-alaska\/"},"modified":"2025-04-14T12:08:07","modified_gmt":"2025-04-14T12:08:07","slug":"columbine-alaska","status":"publish","type":"product","link":"https:\/\/artstella-elixirs-floraux.com\/fr_fr\/produit\/columbine-alaska\/","title":{"rendered":"COLUMBINE ALASKA"},"content":{"rendered":"","protected":false},"excerpt":{"rendered":"<p><strong><span style=\"color: #008000;\">COLUMBINE ALASKA<\/span><\/strong><\/p>\n<p>Faible estime de soi comparant sans cesse son apparence\u00e0 celle des autres. Aide \u00e0 pouvoir apprecier notre beaut\u00e9 personnelle et unique, sans comparaison, renforce l&rsquo;estime de soi et nous permet de nous montrer et d&rsquo;\u00eatre vus<\/p>\n","protected":false},"featured_media":2125,"template":"","meta":[],"product_brand":[],"product_cat":[119],"product_tag":[],"class_list":{"0":"post-2124","1":"product","2":"type-product","3":"status-publish","4":"has-post-thumbnail","6":"product_cat-les-72-elixirs-floraux","8":"first","9":"instock","10":"taxable","11":"shipping-taxable","12":"purchasable","13":"product-type-variable"},"etheme_brands":{"errors":{"invalid_taxonomy":["Taxonomie non valide."]},"error_data":[]},"jetpack_sharing_enabled":true,"jetpack-related-posts":[{"id":5066,"url":"https:\/\/artstella-elixirs-floraux.com\/fr_fr\/produit\/diopside-7-5ml-alaska-gem-sup\/","url_meta":{"origin":2124,"position":0},"title":"DIOPSIDE 7.5ML ALASKA GEM SUP","author":"eveapprill","date":"9 mars 2025","format":false,"excerpt":"Diopside \u2013 Diopside Indication\u00a0: peur de l\u2019abandon, de dispara\u00eetre, mauvaise estime de soi et de sa valeur\u00a0; attitudes compulsives et n\u00e9gatives envers soi-m\u00eame\u00a0; surcompensation \u00e0 cause d\u2019un sentiment d\u2019inf\u00e9riorit\u00e9\u00a0; manque d\u2019intimit\u00e9 dans les relations avec les autres et soi-m\u00eame.","rel":"","context":"Article similaire","block_context":{"text":"Article similaire","link":""},"img":{"alt_text":"","src":"","width":0,"height":0},"classes":[]},{"id":2319,"url":"https:\/\/artstella-elixirs-floraux.com\/fr_fr\/produit\/tamarack-alaskan\/","url_meta":{"origin":2124,"position":1},"title":"Tamarack Alaskan","author":"eveapprill","date":"9 mars 2025","format":false,"excerpt":"Tamarack. Larix laricina. Famille du m\u00e9l\u00e8ze Manque de confiance dans nos capacit\u00e9s ou talents, manque d'estime, manque de conscience de ce dont nous sommes vraiment capables.","rel":"","context":"Article similaire","block_context":{"text":"Article similaire","link":""},"img":{"alt_text":"","src":"https:\/\/i0.wp.com\/artstella-elixirs-floraux.com\/wp-content\/uploads\/2025\/03\/wp-image593.png?resize=350%2C200&ssl=1","width":350,"height":200},"classes":[]},{"id":4609,"url":"https:\/\/artstella-elixirs-floraux.com\/fr_fr\/produit\/coffret-12-combinaisons-30-ml-alaska\/","url_meta":{"origin":2124,"position":2},"title":"COFFRET 12 Combinaisons 30 ML ALASKA","author":"eveapprill","date":"9 mars 2025","format":false,"excerpt":"COFFRET 12 Combinaisons 30 ML ALASKA","rel":"","context":"Article similaire","block_context":{"text":"Article similaire","link":""},"img":{"alt_text":"","src":"","width":0,"height":0},"classes":[]},{"id":4864,"url":"https:\/\/artstella-elixirs-floraux.com\/fr_fr\/produit\/alaska-violet-alaska-f-sup\/","url_meta":{"origin":2124,"position":3},"title":"ALASKA VIOLET ALASKA F SUP","author":"eveapprill","date":"9 mars 2025","format":false,"excerpt":"Alaska Violet Indications : le manque de mise \u00e0 la terre ; frileuse ; timides ; r\u00e9ticents ; Impossible d'actualiser son but dans la vie d'une mani\u00e8re pratique sur le plan physique.","rel":"","context":"Article similaire","block_context":{"text":"Article similaire","link":""},"img":{"alt_text":"","src":"https:\/\/i0.wp.com\/artstella-elixirs-floraux.com\/wp-content\/uploads\/2025\/03\/wp-image1371.png?resize=350%2C200&ssl=1","width":350,"height":200},"classes":[]},{"id":2102,"url":"https:\/\/artstella-elixirs-floraux.com\/fr_fr\/produit\/bog-rosemary-alaska\/","url_meta":{"origin":2124,"position":4},"title":"BOG ROSEMARY ALASKA","author":"eveapprill","date":"9 mars 2025","format":false,"excerpt":"BOG ROSEMARY ALASKA Pour le manque de confiance, la peur paralysante de l'inconnu, l'incapacit\u00e9 de prendre des risques. lib\u00e8re de la peur et de la r\u00e9sistance \u00e0 avancer. Renforce la foi.","rel":"","context":"Article similaire","block_context":{"text":"Article similaire","link":""},"img":{"alt_text":"","src":"https:\/\/i0.wp.com\/artstella-elixirs-floraux.com\/wp-content\/uploads\/2025\/03\/wp-image45.png?resize=350%2C200&ssl=1","width":350,"height":200},"classes":[]},{"id":2111,"url":"https:\/\/artstella-elixirs-floraux.com\/fr_fr\/produit\/cassandra-alaska\/","url_meta":{"origin":2124,"position":5},"title":"CASSANDRA ALASKA","author":"eveapprill","date":"9 mars 2025","format":false,"excerpt":"CASSANDRA ALASKA. Anxi\u00e9t\u00e9, incapacit\u00e9 \u00e0 se tourner vers l'int\u00e9rieur, \u00e0 se relaxer dans les niveaux plus profond de m\u00e9ditation. Calme, encourage la paix de l'esprit et permet de percevoir la vie \u00e0 partir du calme int\u00e9rieur.","rel":"","context":"Article similaire","block_context":{"text":"Article similaire","link":""},"img":{"alt_text":"","src":"https:\/\/i0.wp.com\/artstella-elixirs-floraux.com\/wp-content\/uploads\/2025\/03\/wp-image549.png?resize=350%2C200&ssl=1","width":350,"height":200,"srcset":"https:\/\/i0.wp.com\/artstella-elixirs-floraux.com\/wp-content\/uploads\/2025\/03\/wp-image549.png?resize=350%2C200&ssl=1 1x, https:\/\/i0.wp.com\/artstella-elixirs-floraux.com\/wp-content\/uploads\/2025\/03\/wp-image549.png?resize=525%2C300&ssl=1 1.5x"},"classes":[]}],"_links":{"self":[{"href":"https:\/\/artstella-elixirs-floraux.com\/fr_fr\/wp-json\/wp\/v2\/product\/2124","targetHints":{"allow":["GET"]}}],"collection":[{"href":"https:\/\/artstella-elixirs-floraux.com\/fr_fr\/wp-json\/wp\/v2\/product"}],"about":[{"href":"https:\/\/artstella-elixirs-floraux.com\/fr_fr\/wp-json\/wp\/v2\/types\/product"}],"version-history":[{"count":0,"href":"https:\/\/artstella-elixirs-floraux.com\/fr_fr\/wp-json\/wp\/v2\/product\/2124\/revisions"}],"wp:featuredmedia":[{"embeddable":true,"href":"https:\/\/artstella-elixirs-floraux.com\/fr_fr\/wp-json\/wp\/v2\/media\/2125"}],"wp:attachment":[{"href":"https:\/\/artstella-elixirs-floraux.com\/fr_fr\/wp-json\/wp\/v2\/media?parent=2124"}],"wp:term":[{"taxonomy":"product_brand","embeddable":true,"href":"https:\/\/artstella-elixirs-floraux.com\/fr_fr\/wp-json\/wp\/v2\/product_brand?post=2124"},{"taxonomy":"product_cat","embeddable":true,"href":"https:\/\/artstella-elixirs-floraux.com\/fr_fr\/wp-json\/wp\/v2\/product_cat?post=2124"},{"taxonomy":"product_tag","embeddable":true,"href":"https:\/\/artstella-elixirs-floraux.com\/fr_fr\/wp-json\/wp\/v2\/product_tag?post=2124"}],"curies":[{"name":"wp","href":"https:\/\/api.w.org\/{rel}","templated":true}]}}