{"id":2133,"date":"2025-03-09T12:51:16","date_gmt":"2025-03-09T12:51:16","guid":{"rendered":"https:\/\/artstella-elixirs-floraux.com\/product\/cotton-grass-alaska\/"},"modified":"2025-04-14T11:54:52","modified_gmt":"2025-04-14T11:54:52","slug":"cotton-grass-alaska","status":"publish","type":"product","link":"https:\/\/artstella-elixirs-floraux.com\/fr_fr\/produit\/cotton-grass-alaska\/","title":{"rendered":"COTTON GRASS ALASKA"},"content":{"rendered":"","protected":false},"excerpt":{"rendered":"<p><strong><span style=\"color: #008080;\">COTTON GRASS ALASKA<\/span><\/strong><\/p>\n<p>Chocs et traumatismes provenant d&rsquo;un accident, pour ceux qui sont fix\u00e9s sur l&rsquo;inconfort plut\u00f4t que sur le processus d&rsquo;auto gu\u00e9rison. Permet de comprendre les circonstances qui ont men\u00e9 \u00e0 un accident ou une blessure de mani\u00e8re \u00e0 dissoudre le traumatisme sur le plan physique aussi bien qu&rsquo;\u00e9motionnel et mental.<\/p>\n","protected":false},"featured_media":2134,"template":"","meta":[],"product_brand":[],"product_cat":[119],"product_tag":[],"class_list":{"0":"post-2133","1":"product","2":"type-product","3":"status-publish","4":"has-post-thumbnail","6":"product_cat-les-72-elixirs-floraux","8":"first","9":"instock","10":"taxable","11":"shipping-taxable","12":"purchasable","13":"product-type-variable"},"etheme_brands":{"errors":{"invalid_taxonomy":["Taxonomie non valide."]},"error_data":[]},"jetpack_sharing_enabled":true,"jetpack-related-posts":[{"id":2709,"url":"https:\/\/artstella-elixirs-floraux.com\/fr_fr\/produit\/soul-support-alaska\/","url_meta":{"origin":2133,"position":0},"title":"SOUL SUPPORT ALASKA","author":"eveapprill","date":"9 mars 2025","format":false,"excerpt":"Soul support (Support de l\u2019\u00e2me) existe en spray Contient : Cattell Pollen. Chalice well. Cotton Grass. Firenze. Labrador Tema. Malachite. River Beauty. Tuby. White Firenze.. Correspond \u00e0 la pr\u00e9paration d\u2019urgence. Elle peut \u00eatre utilis\u00e9e pour maintenir force et stabilit\u00e9 et \u00e9quilibre dans toute situation de stress ou de traumatisme","rel":"","context":"Article similaire","block_context":{"text":"Article similaire","link":""},"img":{"alt_text":"","src":"https:\/\/i0.wp.com\/artstella-elixirs-floraux.com\/wp-content\/uploads\/2025\/03\/ca7328c6-de94-4934-a288-a35ba1678624.jpg?resize=350%2C200&ssl=1","width":350,"height":200,"srcset":"https:\/\/i0.wp.com\/artstella-elixirs-floraux.com\/wp-content\/uploads\/2025\/03\/ca7328c6-de94-4934-a288-a35ba1678624.jpg?resize=350%2C200&ssl=1 1x, https:\/\/i0.wp.com\/artstella-elixirs-floraux.com\/wp-content\/uploads\/2025\/03\/ca7328c6-de94-4934-a288-a35ba1678624.jpg?resize=525%2C300&ssl=1 1.5x, https:\/\/i0.wp.com\/artstella-elixirs-floraux.com\/wp-content\/uploads\/2025\/03\/ca7328c6-de94-4934-a288-a35ba1678624.jpg?resize=700%2C400&ssl=1 2x"},"classes":[]},{"id":5875,"url":"https:\/\/artstella-elixirs-floraux.com\/fr_fr\/produit\/soul-support-spray-120ml\/","url_meta":{"origin":2133,"position":1},"title":"SOUL SUPPORT SPRAY ALASKA","author":"eveapprill","date":"9 mars 2025","format":false,"excerpt":"Soul support (Soutien de l\u2019\u00e2me) Correspond \u00e0 la pr\u00e9paration d\u2019urgence.","rel":"","context":"Article similaire","block_context":{"text":"Article similaire","link":""},"img":{"alt_text":"Sprays","src":"https:\/\/i0.wp.com\/artstella-elixirs-floraux.com\/wp-content\/uploads\/2025\/03\/7691d083-6c4b-4693-8449-eb757c5320ed.jpg?resize=350%2C200&ssl=1","width":350,"height":200,"srcset":"https:\/\/i0.wp.com\/artstella-elixirs-floraux.com\/wp-content\/uploads\/2025\/03\/7691d083-6c4b-4693-8449-eb757c5320ed.jpg?resize=350%2C200&ssl=1 1x, https:\/\/i0.wp.com\/artstella-elixirs-floraux.com\/wp-content\/uploads\/2025\/03\/7691d083-6c4b-4693-8449-eb757c5320ed.jpg?resize=525%2C300&ssl=1 1.5x, https:\/\/i0.wp.com\/artstella-elixirs-floraux.com\/wp-content\/uploads\/2025\/03\/7691d083-6c4b-4693-8449-eb757c5320ed.jpg?resize=700%2C400&ssl=1 2x"},"classes":[]},{"id":2359,"url":"https:\/\/artstella-elixirs-floraux.com\/fr_fr\/produit\/yarrow-alaskan\/","url_meta":{"origin":2133,"position":2},"title":"Yarrow Alaskan","author":"eveapprill","date":"9 mars 2025","format":false,"excerpt":"Yarrow. Achillea borealis. Achill\u00e9e Hypersensibilit\u00e9 \u00e0 l'environnement ; recherche la protection \u00e0 l'ext\u00e9rieur, int\u00e9grit\u00e9 de l'aura atteinte par un accident ou un traumatisme pass\u00e9 ou pr\u00e9sent.","rel":"","context":"Article similaire","block_context":{"text":"Article similaire","link":""},"img":{"alt_text":"","src":"https:\/\/i0.wp.com\/artstella-elixirs-floraux.com\/wp-content\/uploads\/2025\/03\/wp-image603.png?resize=350%2C200&ssl=1","width":350,"height":200},"classes":[]},{"id":2146,"url":"https:\/\/artstella-elixirs-floraux.com\/fr_fr\/produit\/fireweed-alaska\/","url_meta":{"origin":2133,"position":3},"title":"FIREWEED ALASKA","author":"eveapprill","date":"9 mars 2025","format":false,"excerpt":"FIREWEED ALASKA Choc ou traumatisme ; \u00e9nergie stagnante sur tout niveau ; se sent \u00e9puis\u00e9 ; faible connexion avec la terre. Tendance \u00e0 projeter le pass\u00e9 dans le futur. Pour soulager les chocs et les traumatismes ; renforce la connexion terrestre ; Permet de dissoudre les vieux \u00ab\u00a0circuits d'\u00e9nergie\u00a0\u00bb du\u2026","rel":"","context":"Article similaire","block_context":{"text":"Article similaire","link":""},"img":{"alt_text":"","src":"https:\/\/i0.wp.com\/artstella-elixirs-floraux.com\/wp-content\/uploads\/2025\/03\/wp-image560.png?resize=350%2C200&ssl=1","width":350,"height":200},"classes":[]},{"id":2078,"url":"https:\/\/artstella-elixirs-floraux.com\/fr_fr\/produit\/balsam-poplar-alaskan\/","url_meta":{"origin":2133,"position":4},"title":"Balsam poplar Alaskan","author":"eveapprill","date":"9 mars 2025","format":false,"excerpt":"BALSAM POPLAR \u00abAn\u00e9mie \u00bb \u00c9motionnel et sexuelle r\u00e9sultant la plupart du temps un choc traumatisme, voil\u00e0 manque de stabilit\u00e9.Permet la lib\u00e9ration de tensions physiques et \u00e9motionnelles associ\u00e9es \u00e0 un traumatisme sexuel ; \u00e9quilibre et contribue \u00e0 ancrer notre \u00e9nergie sexuelle.","rel":"","context":"Article similaire","block_context":{"text":"Article similaire","link":""},"img":{"alt_text":"","src":"https:\/\/i0.wp.com\/artstella-elixirs-floraux.com\/wp-content\/uploads\/2025\/03\/wp-image39.webp?resize=350%2C200&ssl=1","width":350,"height":200},"classes":[]},{"id":5474,"url":"https:\/\/artstella-elixirs-floraux.com\/fr_fr\/produit\/terra-bloesem-30ml\/","url_meta":{"origin":2133,"position":5},"title":"TERRA BLOESEM 30ML","author":"eveapprill","date":"9 mars 2025","format":false,"excerpt":"Terra, (Ang\u00e9lique, Cl\u00e9matite, Mycena, Cephalanth\u00e8re rouge, , Yeloow star tulip) Combinaison d\u2019urgence. Il am\u00e9liore l\u2019ancrage dans\u00a0 les moments difficiles, dans les cas de peurs, d\u2019examens, d\u2019accidents, de choc, de traumatisme, ou les moments de changements d\u2019humeur","rel":"","context":"Article similaire","block_context":{"text":"Article similaire","link":""},"img":{"alt_text":"","src":"","width":0,"height":0},"classes":[]}],"_links":{"self":[{"href":"https:\/\/artstella-elixirs-floraux.com\/fr_fr\/wp-json\/wp\/v2\/product\/2133","targetHints":{"allow":["GET"]}}],"collection":[{"href":"https:\/\/artstella-elixirs-floraux.com\/fr_fr\/wp-json\/wp\/v2\/product"}],"about":[{"href":"https:\/\/artstella-elixirs-floraux.com\/fr_fr\/wp-json\/wp\/v2\/types\/product"}],"version-history":[{"count":0,"href":"https:\/\/artstella-elixirs-floraux.com\/fr_fr\/wp-json\/wp\/v2\/product\/2133\/revisions"}],"wp:featuredmedia":[{"embeddable":true,"href":"https:\/\/artstella-elixirs-floraux.com\/fr_fr\/wp-json\/wp\/v2\/media\/2134"}],"wp:attachment":[{"href":"https:\/\/artstella-elixirs-floraux.com\/fr_fr\/wp-json\/wp\/v2\/media?parent=2133"}],"wp:term":[{"taxonomy":"product_brand","embeddable":true,"href":"https:\/\/artstella-elixirs-floraux.com\/fr_fr\/wp-json\/wp\/v2\/product_brand?post=2133"},{"taxonomy":"product_cat","embeddable":true,"href":"https:\/\/artstella-elixirs-floraux.com\/fr_fr\/wp-json\/wp\/v2\/product_cat?post=2133"},{"taxonomy":"product_tag","embeddable":true,"href":"https:\/\/artstella-elixirs-floraux.com\/fr_fr\/wp-json\/wp\/v2\/product_tag?post=2133"}],"curies":[{"name":"wp","href":"https:\/\/api.w.org\/{rel}","templated":true}]}}