{"id":2166,"date":"2025-03-09T12:51:44","date_gmt":"2025-03-09T12:51:44","guid":{"rendered":"https:\/\/artstella-elixirs-floraux.com\/product\/green-bells-of-ireland-alaskan\/"},"modified":"2025-04-14T11:40:01","modified_gmt":"2025-04-14T11:40:01","slug":"green-bells-of-ireland-alaskan","status":"publish","type":"product","link":"https:\/\/artstella-elixirs-floraux.com\/fr_fr\/produit\/green-bells-of-ireland-alaskan\/","title":{"rendered":"Green bells of Ireland Alaskan"},"content":{"rendered":"<p><span style=\"color: #008000;\"><strong><em>Green bells of Irland. Molucella laevis<\/em><\/strong><\/span><\/p>\n<p>D\u00e9racin\u00e9 ; manque de connexion avec la nature, inconscience de la lumi\u00e8re et de l&rsquo;intelligence pr\u00e9sentes dans la nature. Nous permet de percevoir la conscience co-cr\u00e9ative pr\u00e9sente dans la nature, aide le nouveau n\u00e9 \u00e0 saluer la Terre ; renforce le lien \u00e9nerg\u00e9tique entre le corps physique et la Terre.<\/p>\n","protected":false},"excerpt":{"rendered":"<p><span style=\"color: #008000;\"><strong><em>Green bells of Ireland. Molucella laevis<\/em><\/strong><\/span><\/p>\n<p>D\u00e9racin\u00e9 ; manque de connexion avec la nature, inconscience de la lumi\u00e8re et de l&rsquo;intelligence pr\u00e9sentes dans la nature.<\/p>\n","protected":false},"featured_media":2167,"template":"","meta":[],"product_brand":[],"product_cat":[119],"product_tag":[],"class_list":{"0":"post-2166","1":"product","2":"type-product","3":"status-publish","4":"has-post-thumbnail","6":"product_cat-les-72-elixirs-floraux","8":"first","9":"instock","10":"taxable","11":"shipping-taxable","12":"purchasable","13":"product-type-variable"},"etheme_brands":{"errors":{"invalid_taxonomy":["Taxonomie non valide."]},"error_data":[]},"jetpack_sharing_enabled":true,"jetpack-related-posts":[{"id":2170,"url":"https:\/\/artstella-elixirs-floraux.com\/fr_fr\/produit\/green-bog-orchid-alaskan\/","url_meta":{"origin":2166,"position":0},"title":"Green bog orchid Alaskan","author":"eveapprill","date":"9 mars 2025","format":false,"excerpt":"Green bog orchid. Platanthera obtusata Sensibilit\u00e9 bloqu\u00e9e par des exp\u00e9riences douloureuses ou effrayantes contenues au niveau du c\u0153ur. GREEN BOG ORCHID ALASKA 7.5 ML","rel":"","context":"Article similaire","block_context":{"text":"Article similaire","link":""},"img":{"alt_text":"","src":"https:\/\/i0.wp.com\/artstella-elixirs-floraux.com\/wp-content\/uploads\/2025\/03\/wp-image538.png?resize=350%2C200&ssl=1","width":350,"height":200},"classes":[]},{"id":5069,"url":"https:\/\/artstella-elixirs-floraux.com\/fr_fr\/produit\/green-tour-verte-30ml-gem-sup\/","url_meta":{"origin":2166,"position":1},"title":"GREEN TOUR\/ VERTE 30ML GEM SUP","author":"eveapprill","date":"9 mars 2025","format":false,"excerpt":"Green Tourmaline \u2013 Tourmaline verte Indication : peurs et sentiments d\u2019inf\u00e9riorit\u00e9 bloquant les liens intimes du c\u0153ur aux autres\u00a0; manque de transparence dans les relations\u00a0; difficult\u00e9 \u00e0 rester pr\u00e9sent dans la confrontation \u00e0 de fortes \u00e9motions ou aux autres.","rel":"","context":"Article similaire","block_context":{"text":"Article similaire","link":""},"img":{"alt_text":"","src":"https:\/\/i0.wp.com\/artstella-elixirs-floraux.com\/wp-content\/uploads\/2025\/03\/wp-image1405.png?resize=350%2C200&ssl=1","width":350,"height":200},"classes":[]},{"id":5077,"url":"https:\/\/artstella-elixirs-floraux.com\/fr_fr\/produit\/green-tour-smoky-quartz-7-5m-g-sup\/","url_meta":{"origin":2166,"position":2},"title":"GREEN TOUR\/SMOKY QUARTZ 7.5M G SUP","author":"eveapprill","date":"9 mars 2025","format":false,"excerpt":"Green Tourmaline\/Smoky Quartz \u2013 Tourmaline verte\/quartz fum\u00e9 : Indication\u00a0: anxi\u00e9t\u00e9, tensions dans le corps, manque de synchronisation entre les diff\u00e9rentes parties du champ \u00e9nerg\u00e9tique et de la Terre\u00a0; difficult\u00e9 \u00e0 mener des activit\u00e9s coordonn\u00e9es apr\u00e8s un choc ou un bouleversement.","rel":"","context":"Article similaire","block_context":{"text":"Article similaire","link":""},"img":{"alt_text":"Les Elixirs de Gemmes en recherche","src":"https:\/\/i0.wp.com\/artstella-elixirs-floraux.com\/wp-content\/uploads\/2025\/03\/wp-image1410.png?resize=350%2C200&ssl=1","width":350,"height":200},"classes":[]},{"id":5073,"url":"https:\/\/artstella-elixirs-floraux.com\/fr_fr\/produit\/green-garnet-7-5ml-alas-gem-sup\/","url_meta":{"origin":2166,"position":3},"title":"GREEN GARNET 7.5ML ALAS GEM SUP","author":"eveapprill","date":"9 mars 2025","format":false,"excerpt":"Green Garnet \u2013 Grenat vert Indication : manque d\u2019enracinement\u00a0; d\u00e9connect\u00e9 de la Terre\u00a0; d\u00e9sorientation\u00a0; facilement d\u00e9pass\u00e9\u00a0; tendance \u00e0 \u00eatre trop en expansion et \u00e0 la dispersion\u00a0; difficult\u00e9 \u00e0 \u00eatre concentr\u00e9 sur l\u2019instant pr\u00e9sent","rel":"","context":"Article similaire","block_context":{"text":"Article similaire","link":""},"img":{"alt_text":"","src":"https:\/\/i0.wp.com\/artstella-elixirs-floraux.com\/wp-content\/uploads\/2025\/03\/wp-image1406.png?resize=350%2C200&ssl=1","width":350,"height":200},"classes":[]},{"id":4987,"url":"https:\/\/artstella-elixirs-floraux.com\/fr_fr\/produit\/reindeer-moss-alaska-f-sup\/","url_meta":{"origin":2166,"position":4},"title":"REINDEER MOSS ALASKA F SUP","author":"eveapprill","date":"9 mars 2025","format":false,"excerpt":"Reindeer Moss Cladina rangiferina Lichen des caribous Indications\u00a0: d\u00e9racinement\u00a0; d\u00e9connexion\u00a0; d\u00e9plac\u00e9\u00a0; tristesse\u00a0; d\u00e9couragement, d\u00e9sespoir\u00a0; changements importants et soudains dans la vie hors de notre contr\u00f4le tel que perdre sa maison, son travail.","rel":"","context":"Article similaire","block_context":{"text":"Article similaire","link":""},"img":{"alt_text":"","src":"","width":0,"height":0},"classes":[]},{"id":2256,"url":"https:\/\/artstella-elixirs-floraux.com\/fr_fr\/produit\/pineapple-weed-alaskan\/","url_meta":{"origin":2166,"position":5},"title":"Pineapple weed Alaskan","author":"eveapprill","date":"9 mars 2025","format":false,"excerpt":"Pineapple weed. Matricaria matricariodes Manque d'harmonie avec son environnement physique ; insensible aux bienfaits de la nature ; lien nourricier faible entre la m\u00e8re et l'enfant.","rel":"","context":"Article similaire","block_context":{"text":"Article similaire","link":""},"img":{"alt_text":"","src":"https:\/\/i0.wp.com\/artstella-elixirs-floraux.com\/wp-content\/uploads\/2025\/03\/wp-image574.png?resize=350%2C200&ssl=1","width":350,"height":200},"classes":[]}],"_links":{"self":[{"href":"https:\/\/artstella-elixirs-floraux.com\/fr_fr\/wp-json\/wp\/v2\/product\/2166","targetHints":{"allow":["GET"]}}],"collection":[{"href":"https:\/\/artstella-elixirs-floraux.com\/fr_fr\/wp-json\/wp\/v2\/product"}],"about":[{"href":"https:\/\/artstella-elixirs-floraux.com\/fr_fr\/wp-json\/wp\/v2\/types\/product"}],"version-history":[{"count":0,"href":"https:\/\/artstella-elixirs-floraux.com\/fr_fr\/wp-json\/wp\/v2\/product\/2166\/revisions"}],"wp:featuredmedia":[{"embeddable":true,"href":"https:\/\/artstella-elixirs-floraux.com\/fr_fr\/wp-json\/wp\/v2\/media\/2167"}],"wp:attachment":[{"href":"https:\/\/artstella-elixirs-floraux.com\/fr_fr\/wp-json\/wp\/v2\/media?parent=2166"}],"wp:term":[{"taxonomy":"product_brand","embeddable":true,"href":"https:\/\/artstella-elixirs-floraux.com\/fr_fr\/wp-json\/wp\/v2\/product_brand?post=2166"},{"taxonomy":"product_cat","embeddable":true,"href":"https:\/\/artstella-elixirs-floraux.com\/fr_fr\/wp-json\/wp\/v2\/product_cat?post=2166"},{"taxonomy":"product_tag","embeddable":true,"href":"https:\/\/artstella-elixirs-floraux.com\/fr_fr\/wp-json\/wp\/v2\/product_tag?post=2166"}],"curies":[{"name":"wp","href":"https:\/\/api.w.org\/{rel}","templated":true}]}}