{"id":2190,"date":"2025-03-09T12:52:19","date_gmt":"2025-03-09T12:52:19","guid":{"rendered":"https:\/\/artstella-elixirs-floraux.com\/product\/horsetail-alaskan\/"},"modified":"2025-04-14T11:30:20","modified_gmt":"2025-04-14T11:30:20","slug":"horsetail-alaskan","status":"publish","type":"product","link":"https:\/\/artstella-elixirs-floraux.com\/fr_fr\/produit\/horsetail-alaskan\/","title":{"rendered":"Horsetail Alaskan"},"content":{"rendered":"<p><span style=\"color: #008000;\"><strong><em>Horsetail. Equisetum arvense. Pr\u00eale<\/em><\/strong><\/span><\/p>\n<p>Communication d\u00e9form\u00e9e avec les niveaux de sa conscience. Difficult\u00e9 \u00e0 communiquer avec son moi sup\u00e9rieur et les autres, m\u00eame les animaux. Ouvre et d\u00e9veloppe canaux de la communication entre le conscient, le subconscient et les niveaux sup\u00e9rieurs de conscience, am\u00e9liore la communication entre les esp\u00e8ces<\/p>\n","protected":false},"excerpt":{"rendered":"<p><span style=\"color: #008000;\"><strong><em>Horsetail. Equisetum arvense. Pr\u00eale<\/em><\/strong><\/span><\/p>\n<p>Communication d\u00e9form\u00e9e avec les niveaux de sa conscience. Difficult\u00e9 \u00e0 communiquer avec son moi sup\u00e9rieur et les autres, m\u00eame les animaux.<\/p>\n","protected":false},"featured_media":2191,"template":"","meta":[],"product_brand":[],"product_cat":[119],"product_tag":[],"class_list":{"0":"post-2190","1":"product","2":"type-product","3":"status-publish","4":"has-post-thumbnail","6":"product_cat-les-72-elixirs-floraux","8":"first","9":"instock","10":"taxable","11":"shipping-taxable","12":"purchasable","13":"product-type-variable"},"etheme_brands":{"errors":{"invalid_taxonomy":["Taxonomie non valide."]},"error_data":[]},"jetpack_sharing_enabled":true,"jetpack-related-posts":[{"id":3281,"url":"https:\/\/artstella-elixirs-floraux.com\/fr_fr\/produit\/prele-15-ml-phi\/","url_meta":{"origin":2190,"position":0},"title":"PRELE 15 ML PHI","author":"eveapprill","date":"9 mars 2025","format":false,"excerpt":"\u00a0Pr\u00eale (Equisetum arvense) (Ackerschachtelham) am\u00e9liore la r\u00e9g\u00e9n\u00e9ration et la r\u00e9sistance. L'\u00e9lixir aide \u00e0 nous redresser int\u00e9rieurement et \u00e0 continuer notre chemin.","rel":"","context":"Article similaire","block_context":{"text":"Article similaire","link":""},"img":{"alt_text":"","src":"","width":0,"height":0},"classes":[]},{"id":5858,"url":"https:\/\/artstella-elixirs-floraux.com\/fr_fr\/produit\/rorqual-commun-finnwal-15-ml-phi\/","url_meta":{"origin":2190,"position":1},"title":"Rorqual commun &#8211; Finnwal 15 ml PHI","author":"eveapprill","date":"9 mars 2025","format":false,"excerpt":"Rorqual commun - Finnwal Ouvre notre conscience \u00e0 la quatri\u00e8me et cinqui\u00e8me dimension. Au del\u00e0 du temps et de l espace. Nous r\u00e9alisons la conscience de la matrice. Le principe de la concr\u00e9tisation des pens\u00e9es dans la mati\u00e8re","rel":"","context":"Article similaire","block_context":{"text":"Article similaire","link":""},"img":{"alt_text":"","src":"","width":0,"height":0},"classes":[]},{"id":2619,"url":"https:\/\/artstella-elixirs-floraux.com\/fr_fr\/produit\/angelsword-15ml\/","url_meta":{"origin":2190,"position":2},"title":"ANGELSWORD 15ml","author":"eveapprill","date":"9 mars 2025","format":false,"excerpt":"Angelsword Difficult\u00e9 \u00e0 se connecter avec son Moi sup\u00e9rieur. Discernement spirituel, lib\u00e9ration des \u00e9nergies psychiques n\u00e9gatives, acc\u00e8s aux dons des vies ant\u00e9rieures, communication spirituelle sans entraves.","rel":"","context":"Article similaire","block_context":{"text":"Article similaire","link":""},"img":{"alt_text":"","src":"https:\/\/i0.wp.com\/artstella-elixirs-floraux.com\/wp-content\/uploads\/2025\/03\/Angelsword-.jpg?resize=350%2C200&ssl=1","width":350,"height":200,"srcset":"https:\/\/i0.wp.com\/artstella-elixirs-floraux.com\/wp-content\/uploads\/2025\/03\/Angelsword-.jpg?resize=350%2C200&ssl=1 1x, https:\/\/i0.wp.com\/artstella-elixirs-floraux.com\/wp-content\/uploads\/2025\/03\/Angelsword-.jpg?resize=525%2C300&ssl=1 1.5x, https:\/\/i0.wp.com\/artstella-elixirs-floraux.com\/wp-content\/uploads\/2025\/03\/Angelsword-.jpg?resize=700%2C400&ssl=1 2x"},"classes":[]},{"id":2621,"url":"https:\/\/artstella-elixirs-floraux.com\/fr_fr\/produit\/autumn-leaves-bush-15ml\/","url_meta":{"origin":2190,"position":3},"title":"AUTUMN LEAVES BUSH 15ML","author":"eveapprill","date":"9 mars 2025","format":false,"excerpt":"AUTUMN LEAVES permet d'entendre, voir et ressentir la communication de l'autre c\u00f4t\u00e9 du miroir et ainsi d'\u00eatre ouvert(e) \u00e0 cette guidance et \u00e0 cette communication. Il accentue d'avantage la notion de l\u00e2cher prise et d'approfondissement. Les feuilles elles-m\u00eames furent cueillies dans une r\u00e9gion sacr\u00e9e en Automne, au moment pr\u00e9cis de\u2026","rel":"","context":"Article similaire","block_context":{"text":"Article similaire","link":""},"img":{"alt_text":"","src":"https:\/\/i0.wp.com\/artstella-elixirs-floraux.com\/wp-content\/uploads\/2025\/03\/wp-image261.png?resize=350%2C200&ssl=1","width":350,"height":200},"classes":[]},{"id":2665,"url":"https:\/\/artstella-elixirs-floraux.com\/fr_fr\/produit\/aminalcare\/","url_meta":{"origin":2190,"position":4},"title":"AMINALCARE","author":"eveapprill","date":"9 mars 2025","format":false,"excerpt":"ANIMAL CARE Combinaison sp\u00e9ciale d\u2019\u00e9lixirs de fleurs et de gemmes d\u2019Alaska pr\u00e9par\u00e9 comme un rem\u00e8de d\u2019urgence. Pour traiter les animaux. Il sera d'autant plus efficace s\u2019il est donn\u00e9 d\u00e8s les premiers soins apport\u00e9s aux animaux arrivant chez le v\u00e9t\u00e9rinaire, au refuge, \u00e0 la clinique, etc.","rel":"","context":"Article similaire","block_context":{"text":"Article similaire","link":""},"img":{"alt_text":"","src":"https:\/\/i0.wp.com\/artstella-elixirs-floraux.com\/wp-content\/uploads\/2025\/03\/3ab3c6d7-5031-4c7b-95d2-d61f14919774.jpg?resize=350%2C200&ssl=1","width":350,"height":200,"srcset":"https:\/\/i0.wp.com\/artstella-elixirs-floraux.com\/wp-content\/uploads\/2025\/03\/3ab3c6d7-5031-4c7b-95d2-d61f14919774.jpg?resize=350%2C200&ssl=1 1x, https:\/\/i0.wp.com\/artstella-elixirs-floraux.com\/wp-content\/uploads\/2025\/03\/3ab3c6d7-5031-4c7b-95d2-d61f14919774.jpg?resize=525%2C300&ssl=1 1.5x, https:\/\/i0.wp.com\/artstella-elixirs-floraux.com\/wp-content\/uploads\/2025\/03\/3ab3c6d7-5031-4c7b-95d2-d61f14919774.jpg?resize=700%2C400&ssl=1 2x"},"classes":[]},{"id":4569,"url":"https:\/\/artstella-elixirs-floraux.com\/fr_fr\/produit\/animal-care\/","url_meta":{"origin":2190,"position":5},"title":"Animal care","author":"eveapprill","date":"9 mars 2025","format":false,"excerpt":"ANIMAL CARE SPRAYS Combinaison sp\u00e9ciale d\u2019\u00e9lixirs de fleurs et de gemmes d\u2019Alaska pr\u00e9par\u00e9 comme un rem\u00e8de d\u2019urgence. Pour traiter les animaux. Il sera d'autant plus efficace s\u2019il est donn\u00e9 d\u00e8s les premiers soins apport\u00e9s aux animaux arrivant chez le v\u00e9t\u00e9rinaire, au refuge, \u00e0 la clinique, etc.","rel":"","context":"Article similaire","block_context":{"text":"Article similaire","link":""},"img":{"alt_text":"","src":"https:\/\/i0.wp.com\/artstella-elixirs-floraux.com\/wp-content\/uploads\/2025\/03\/f106a38d-47a3-45a8-b95d-77f509ef85e5.jpg?resize=350%2C200&ssl=1","width":350,"height":200,"srcset":"https:\/\/i0.wp.com\/artstella-elixirs-floraux.com\/wp-content\/uploads\/2025\/03\/f106a38d-47a3-45a8-b95d-77f509ef85e5.jpg?resize=350%2C200&ssl=1 1x, https:\/\/i0.wp.com\/artstella-elixirs-floraux.com\/wp-content\/uploads\/2025\/03\/f106a38d-47a3-45a8-b95d-77f509ef85e5.jpg?resize=525%2C300&ssl=1 1.5x, https:\/\/i0.wp.com\/artstella-elixirs-floraux.com\/wp-content\/uploads\/2025\/03\/f106a38d-47a3-45a8-b95d-77f509ef85e5.jpg?resize=700%2C400&ssl=1 2x"},"classes":[]}],"_links":{"self":[{"href":"https:\/\/artstella-elixirs-floraux.com\/fr_fr\/wp-json\/wp\/v2\/product\/2190","targetHints":{"allow":["GET"]}}],"collection":[{"href":"https:\/\/artstella-elixirs-floraux.com\/fr_fr\/wp-json\/wp\/v2\/product"}],"about":[{"href":"https:\/\/artstella-elixirs-floraux.com\/fr_fr\/wp-json\/wp\/v2\/types\/product"}],"version-history":[{"count":0,"href":"https:\/\/artstella-elixirs-floraux.com\/fr_fr\/wp-json\/wp\/v2\/product\/2190\/revisions"}],"wp:featuredmedia":[{"embeddable":true,"href":"https:\/\/artstella-elixirs-floraux.com\/fr_fr\/wp-json\/wp\/v2\/media\/2191"}],"wp:attachment":[{"href":"https:\/\/artstella-elixirs-floraux.com\/fr_fr\/wp-json\/wp\/v2\/media?parent=2190"}],"wp:term":[{"taxonomy":"product_brand","embeddable":true,"href":"https:\/\/artstella-elixirs-floraux.com\/fr_fr\/wp-json\/wp\/v2\/product_brand?post=2190"},{"taxonomy":"product_cat","embeddable":true,"href":"https:\/\/artstella-elixirs-floraux.com\/fr_fr\/wp-json\/wp\/v2\/product_cat?post=2190"},{"taxonomy":"product_tag","embeddable":true,"href":"https:\/\/artstella-elixirs-floraux.com\/fr_fr\/wp-json\/wp\/v2\/product_tag?post=2190"}],"curies":[{"name":"wp","href":"https:\/\/api.w.org\/{rel}","templated":true}]}}