{"id":2202,"date":"2025-03-09T12:52:30","date_gmt":"2025-03-09T12:52:30","guid":{"rendered":"https:\/\/artstella-elixirs-floraux.com\/product\/labrador-tea-alaska\/"},"modified":"2025-04-14T11:24:59","modified_gmt":"2025-04-14T11:24:59","slug":"labrador-tea-alaska","status":"publish","type":"product","link":"https:\/\/artstella-elixirs-floraux.com\/fr_fr\/produit\/labrador-tea-alaska\/","title":{"rendered":"Labrador tea Alaska"},"content":{"rendered":"<p><span style=\"color: #008000;\"><strong><em>Labrador tea. Ledum palustre<\/em><\/strong><\/span><\/p>\n<p>D\u00e9pendances, passe d&rsquo;un extr\u00eame \u00e0 l&rsquo;autre ; vie d\u00e9sax\u00e9e, difficult\u00e9 \u00e0 retrouver un centrage apr\u00e8s une exp\u00e9rience traumatisante ou ins\u00e9curisante. Centre l&rsquo;\u00e9nergie dans le corps, dans l&rsquo;instant ; soulage du stress associ\u00e9 \u00e0 l&rsquo;exp\u00e9rience des extr\u00eames, nous permet d&rsquo;accepter continuellement un nouvel \u00e9quilibre.<\/p>\n","protected":false},"excerpt":{"rendered":"<p><span style=\"color: #008000;\"><strong><em>Labrador tea. Ledum palustre<\/em><\/strong><\/span><\/p>\n<p>D\u00e9pendances, passe d&rsquo;un extr\u00eame \u00e0 l&rsquo;autre ; vie d\u00e9sax\u00e9e, difficult\u00e9 \u00e0 retrouver un centrage apr\u00e8s une exp\u00e9rience traumatisante ou ins\u00e9curisante.<\/p>\n","protected":false},"featured_media":2203,"template":"","meta":[],"product_brand":[],"product_cat":[119],"product_tag":[],"class_list":{"0":"post-2202","1":"product","2":"type-product","3":"status-publish","4":"has-post-thumbnail","6":"product_cat-les-72-elixirs-floraux","8":"first","9":"instock","10":"taxable","11":"shipping-taxable","12":"purchasable","13":"product-type-variable"},"etheme_brands":{"errors":{"invalid_taxonomy":["Taxonomie non valide."]},"error_data":[]},"jetpack_sharing_enabled":true,"jetpack-related-posts":[{"id":5875,"url":"https:\/\/artstella-elixirs-floraux.com\/fr_fr\/produit\/soul-support-spray-120ml\/","url_meta":{"origin":2202,"position":0},"title":"SOUL SUPPORT SPRAY ALASKA","author":"eveapprill","date":"9 mars 2025","format":false,"excerpt":"Soul support (Soutien de l\u2019\u00e2me) Correspond \u00e0 la pr\u00e9paration d\u2019urgence.","rel":"","context":"Article similaire","block_context":{"text":"Article similaire","link":""},"img":{"alt_text":"Sprays","src":"https:\/\/i0.wp.com\/artstella-elixirs-floraux.com\/wp-content\/uploads\/2025\/03\/7691d083-6c4b-4693-8449-eb757c5320ed.jpg?resize=350%2C200&ssl=1","width":350,"height":200,"srcset":"https:\/\/i0.wp.com\/artstella-elixirs-floraux.com\/wp-content\/uploads\/2025\/03\/7691d083-6c4b-4693-8449-eb757c5320ed.jpg?resize=350%2C200&ssl=1 1x, https:\/\/i0.wp.com\/artstella-elixirs-floraux.com\/wp-content\/uploads\/2025\/03\/7691d083-6c4b-4693-8449-eb757c5320ed.jpg?resize=525%2C300&ssl=1 1.5x, https:\/\/i0.wp.com\/artstella-elixirs-floraux.com\/wp-content\/uploads\/2025\/03\/7691d083-6c4b-4693-8449-eb757c5320ed.jpg?resize=700%2C400&ssl=1 2x"},"classes":[]},{"id":2709,"url":"https:\/\/artstella-elixirs-floraux.com\/fr_fr\/produit\/soul-support-alaska\/","url_meta":{"origin":2202,"position":1},"title":"SOUL SUPPORT ALASKA","author":"eveapprill","date":"9 mars 2025","format":false,"excerpt":"Soul support (Support de l\u2019\u00e2me) existe en spray Contient : Cattell Pollen. Chalice well. Cotton Grass. Firenze. Labrador Tema. Malachite. River Beauty. Tuby. White Firenze.. Correspond \u00e0 la pr\u00e9paration d\u2019urgence. Elle peut \u00eatre utilis\u00e9e pour maintenir force et stabilit\u00e9 et \u00e9quilibre dans toute situation de stress ou de traumatisme","rel":"","context":"Article similaire","block_context":{"text":"Article similaire","link":""},"img":{"alt_text":"","src":"https:\/\/i0.wp.com\/artstella-elixirs-floraux.com\/wp-content\/uploads\/2025\/03\/ca7328c6-de94-4934-a288-a35ba1678624.jpg?resize=350%2C200&ssl=1","width":350,"height":200,"srcset":"https:\/\/i0.wp.com\/artstella-elixirs-floraux.com\/wp-content\/uploads\/2025\/03\/ca7328c6-de94-4934-a288-a35ba1678624.jpg?resize=350%2C200&ssl=1 1x, https:\/\/i0.wp.com\/artstella-elixirs-floraux.com\/wp-content\/uploads\/2025\/03\/ca7328c6-de94-4934-a288-a35ba1678624.jpg?resize=525%2C300&ssl=1 1.5x, https:\/\/i0.wp.com\/artstella-elixirs-floraux.com\/wp-content\/uploads\/2025\/03\/ca7328c6-de94-4934-a288-a35ba1678624.jpg?resize=700%2C400&ssl=1 2x"},"classes":[]},{"id":2211,"url":"https:\/\/artstella-elixirs-floraux.com\/fr_fr\/produit\/ladies-tresses-alaskan\/","url_meta":{"origin":2202,"position":2},"title":"Ladie\u2019s tresses.Alaskan","author":"eveapprill","date":"9 mars 2025","format":false,"excerpt":"Ladie\u2019s tresses. Spiranthes romanzoffiana Manque de connexion entre les le\u00e7ons de notre vie et notre but. Reconnection difficile avec le corps \u00e0 la suite d'une blessure s\u00e9rieuse ou d'une exp\u00e9rience traumatisante","rel":"","context":"Article similaire","block_context":{"text":"Article similaire","link":""},"img":{"alt_text":"","src":"https:\/\/i0.wp.com\/artstella-elixirs-floraux.com\/wp-content\/uploads\/2025\/03\/wp-image562.png?resize=350%2C200&ssl=1","width":350,"height":200},"classes":[]},{"id":6394,"url":"https:\/\/artstella-elixirs-floraux.com\/fr_fr\/produit\/libertad-30-ml-sylfos\/","url_meta":{"origin":2202,"position":3},"title":"LIBERTAD 30 ml Sylfos","author":"eveapprill","date":"9 mars 2025","format":false,"excerpt":"LIBERTAD 30 ml Sylfos Pour ceux qui souhaitent surmonter les diverses d\u00e9pendances. Elle aide \u00e0 la d\u00e9sintoxication psychophysique, en particulier lorsque des substances nocives pour la sant\u00e9 ont \u00e9t\u00e9 consomm\u00e9es de mani\u00e8re excessive. Elle remet de l'ordre l\u00e0 o\u00f9 existaient des comportements compulsifs et autodestructeurs, et aide ceux qui le\u2026","rel":"","context":"Article similaire","block_context":{"text":"Article similaire","link":""},"img":{"alt_text":"","src":"https:\/\/i0.wp.com\/artstella-elixirs-floraux.com\/wp-content\/uploads\/2025\/03\/937bb8d6-05da-4553-a4f4-cc7d91c6bf3f.webp?resize=350%2C200&ssl=1","width":350,"height":200,"srcset":"https:\/\/i0.wp.com\/artstella-elixirs-floraux.com\/wp-content\/uploads\/2025\/03\/937bb8d6-05da-4553-a4f4-cc7d91c6bf3f.webp?resize=350%2C200&ssl=1 1x, https:\/\/i0.wp.com\/artstella-elixirs-floraux.com\/wp-content\/uploads\/2025\/03\/937bb8d6-05da-4553-a4f4-cc7d91c6bf3f.webp?resize=525%2C300&ssl=1 1.5x, https:\/\/i0.wp.com\/artstella-elixirs-floraux.com\/wp-content\/uploads\/2025\/03\/937bb8d6-05da-4553-a4f4-cc7d91c6bf3f.webp?resize=700%2C400&ssl=1 2x"},"classes":[]},{"id":5514,"url":"https:\/\/artstella-elixirs-floraux.com\/fr_fr\/produit\/hypselodoris\/","url_meta":{"origin":2202,"position":4},"title":"HYPSELODORIS &#8211;","author":"eveapprill","date":"9 mars 2025","format":false,"excerpt":"HYPSELODORIS \u00a0- \u00a0Sternschnecke \u00a0( Hypselodoris picta webbi,)\u00a0Accroit la confiance en soi, agissant sur le plexus solaire. L\u2019estime de soi et la confiance de base sont renforc\u00e9es, notamment apr\u00e8s des exp\u00e9riences traumatisantes.","rel":"","context":"Article similaire","block_context":{"text":"Article similaire","link":""},"img":{"alt_text":"","src":"https:\/\/i0.wp.com\/artstella-elixirs-floraux.com\/wp-content\/uploads\/2025\/03\/wp-image1752.png?resize=350%2C200&ssl=1","width":350,"height":200},"classes":[]},{"id":2235,"url":"https:\/\/artstella-elixirs-floraux.com\/fr_fr\/produit\/northern-ladys-slipper-alaskan\/","url_meta":{"origin":2202,"position":5},"title":"Northern lady\u2019s slipper Alaskan","author":"eveapprill","date":"9 mars 2025","format":false,"excerpt":"Northern lady\u2019s slipper. Cypripedium passerinum Lien corps\/\u00e2me fragile ; exp\u00e9rience de naissance traumatisante, souffrance et trauma profond\u00e9ment vrill\u00e9s au corps.","rel":"","context":"Article similaire","block_context":{"text":"Article similaire","link":""},"img":{"alt_text":"","src":"https:\/\/i0.wp.com\/artstella-elixirs-floraux.com\/wp-content\/uploads\/2025\/03\/wp-image568.png?resize=350%2C200&ssl=1","width":350,"height":200},"classes":[]}],"_links":{"self":[{"href":"https:\/\/artstella-elixirs-floraux.com\/fr_fr\/wp-json\/wp\/v2\/product\/2202","targetHints":{"allow":["GET"]}}],"collection":[{"href":"https:\/\/artstella-elixirs-floraux.com\/fr_fr\/wp-json\/wp\/v2\/product"}],"about":[{"href":"https:\/\/artstella-elixirs-floraux.com\/fr_fr\/wp-json\/wp\/v2\/types\/product"}],"version-history":[{"count":0,"href":"https:\/\/artstella-elixirs-floraux.com\/fr_fr\/wp-json\/wp\/v2\/product\/2202\/revisions"}],"wp:featuredmedia":[{"embeddable":true,"href":"https:\/\/artstella-elixirs-floraux.com\/fr_fr\/wp-json\/wp\/v2\/media\/2203"}],"wp:attachment":[{"href":"https:\/\/artstella-elixirs-floraux.com\/fr_fr\/wp-json\/wp\/v2\/media?parent=2202"}],"wp:term":[{"taxonomy":"product_brand","embeddable":true,"href":"https:\/\/artstella-elixirs-floraux.com\/fr_fr\/wp-json\/wp\/v2\/product_brand?post=2202"},{"taxonomy":"product_cat","embeddable":true,"href":"https:\/\/artstella-elixirs-floraux.com\/fr_fr\/wp-json\/wp\/v2\/product_cat?post=2202"},{"taxonomy":"product_tag","embeddable":true,"href":"https:\/\/artstella-elixirs-floraux.com\/fr_fr\/wp-json\/wp\/v2\/product_tag?post=2202"}],"curies":[{"name":"wp","href":"https:\/\/api.w.org\/{rel}","templated":true}]}}