{"id":2227,"date":"2025-03-09T12:52:53","date_gmt":"2025-03-09T12:52:53","guid":{"rendered":"https:\/\/artstella-elixirs-floraux.com\/product\/moschatel-alaskan\/"},"modified":"2025-04-14T10:12:26","modified_gmt":"2025-04-14T10:12:26","slug":"moschatel-alaskan","status":"publish","type":"product","link":"https:\/\/artstella-elixirs-floraux.com\/fr_fr\/produit\/moschatel-alaskan\/","title":{"rendered":"Moschatel Alaskan"},"content":{"rendered":"<p><span style=\"color: #008000;\"><strong><em>Moschatel. Adoxa moschatelina<\/em><\/strong><\/span><\/p>\n<p>Gestion intellectuelle excessive de la vie ; croyance que tout doit venir en luttant ; cr\u00e9e sans joie. Nous enseigne comment accomplir plus de chose en enracinant notre mental dans la<\/p>\n<p>terre ; pour cr\u00e9er de concert avec la nature \u00e0 travers la c\u00e9l\u00e9bration et le jeu.<\/p>\n","protected":false},"excerpt":{"rendered":"<p><span style=\"color: #008000;\"><strong><em>Moschatel. Adoxa moschatelina<\/em><\/strong><\/span><\/p>\n<p>Gestion intellectuelle excessive de la vie ; croyance que tout doit venir en luttant ; cr\u00e9e sans joie.<\/p>\n","protected":false},"featured_media":2228,"template":"","meta":[],"product_brand":[],"product_cat":[119],"product_tag":[],"class_list":{"0":"post-2227","1":"product","2":"type-product","3":"status-publish","4":"has-post-thumbnail","6":"product_cat-les-72-elixirs-floraux","8":"first","9":"instock","10":"taxable","11":"shipping-taxable","12":"purchasable","13":"product-type-variable"},"etheme_brands":{"errors":{"invalid_taxonomy":["Taxonomie non valide."]},"error_data":[]},"jetpack_sharing_enabled":true,"jetpack-related-posts":[{"id":4651,"url":"https:\/\/artstella-elixirs-floraux.com\/fr_fr\/produit\/go-create\/","url_meta":{"origin":2227,"position":0},"title":"GO-CREATE","author":"eveapprill","date":"9 mars 2025","format":false,"excerpt":"GO-CREATE Go-Create est un complexe d'abondance. Il a \u00e9t\u00e9 formul\u00e9 pour nous aider \u00e0 co-cr\u00e9er ce que nous voulons et souhaitons dans notre vie avec moins de r\u00e9sistance, plus de facilit\u00e9 et d'efficacit\u00e9.","rel":"","context":"Article similaire","block_context":{"text":"Article similaire","link":""},"img":{"alt_text":"","src":"https:\/\/i0.wp.com\/artstella-elixirs-floraux.com\/wp-content\/uploads\/2025\/03\/7bbe4e42-149d-46f3-9e4f-73f4081edae4.jpg?resize=350%2C200&ssl=1","width":350,"height":200,"srcset":"https:\/\/i0.wp.com\/artstella-elixirs-floraux.com\/wp-content\/uploads\/2025\/03\/7bbe4e42-149d-46f3-9e4f-73f4081edae4.jpg?resize=350%2C200&ssl=1 1x, https:\/\/i0.wp.com\/artstella-elixirs-floraux.com\/wp-content\/uploads\/2025\/03\/7bbe4e42-149d-46f3-9e4f-73f4081edae4.jpg?resize=525%2C300&ssl=1 1.5x, https:\/\/i0.wp.com\/artstella-elixirs-floraux.com\/wp-content\/uploads\/2025\/03\/7bbe4e42-149d-46f3-9e4f-73f4081edae4.jpg?resize=700%2C400&ssl=1 2x"},"classes":[]},{"id":5580,"url":"https:\/\/artstella-elixirs-floraux.com\/fr_fr\/produit\/terrier-simplicite-et-joie-30ml\/","url_meta":{"origin":2227,"position":1},"title":"Terrier \/ simplicit\u00e9 et joie 30ml","author":"eveapprill","date":"9 mars 2025","format":false,"excerpt":"Terrier \/ simplicit\u00e9 et joie Pour exp\u00e9rimenter la simplicit\u00e9 et joie du moment pr\u00e9sent. Pour l\u00e2cher notre esprit sur-occup\u00e9 et appr\u00e9cier ce qui nous entoure. Tout est si simple, vraiment ! La vie est un parcoursde joie et bonheur. Pour laisser aller les complexit\u00e9s de la vie et savourer les\u2026","rel":"","context":"Article similaire","block_context":{"text":"Article similaire","link":""},"img":{"alt_text":"","src":"https:\/\/i0.wp.com\/artstella-elixirs-floraux.com\/wp-content\/uploads\/2025\/03\/bfbbed25-4c52-4a51-9d08-dbdd8aad9c72.jpg?resize=350%2C200&ssl=1","width":350,"height":200,"srcset":"https:\/\/i0.wp.com\/artstella-elixirs-floraux.com\/wp-content\/uploads\/2025\/03\/bfbbed25-4c52-4a51-9d08-dbdd8aad9c72.jpg?resize=350%2C200&ssl=1 1x, https:\/\/i0.wp.com\/artstella-elixirs-floraux.com\/wp-content\/uploads\/2025\/03\/bfbbed25-4c52-4a51-9d08-dbdd8aad9c72.jpg?resize=525%2C300&ssl=1 1.5x, https:\/\/i0.wp.com\/artstella-elixirs-floraux.com\/wp-content\/uploads\/2025\/03\/bfbbed25-4c52-4a51-9d08-dbdd8aad9c72.jpg?resize=700%2C400&ssl=1 2x"},"classes":[]},{"id":11845,"url":"https:\/\/artstella-elixirs-floraux.com\/fr_fr\/produit\/mood-essence-elixir-pour-lhumeur-30ml-bush\/","url_meta":{"origin":2227,"position":2},"title":"Mood Essence \u00ab\u00a0Elixir pour l&rsquo;humeur\u00a0\u00bb 30ml Bush","author":"eveapprill","date":"10 d\u00e9cembre 2025","format":false,"excerpt":"L\u2019\u00e9lixir \u00ab Mood \u00bb favorise l'\u00e9quilibre \u00e9motionnel, la clart\u00e9, l'optimisme et un sentiment renouvel\u00e9 de joie. Il a \u00e9t\u00e9 con\u00e7u pour traiter et aider \u00e0 soulager les diverses conditions que tant de personnes malheureusement vivent en ce moment.","rel":"","context":"Article similaire","block_context":{"text":"Article similaire","link":""},"img":{"alt_text":"","src":"","width":0,"height":0},"classes":[]},{"id":3554,"url":"https:\/\/artstella-elixirs-floraux.com\/fr_fr\/produit\/8-carnival-ltoe-15-ml\/","url_meta":{"origin":2227,"position":3},"title":"8. CARNIVAL LTOE 15 ML","author":"eveapprill","date":"9 mars 2025","format":false,"excerpt":"Carnaval\/Carnival (Laelia crispa - Br\u00e9sil) Voici un \u00e9lixir \u00e0 prononcer avec un accent br\u00e9silien\u2026 Rythm\u00e9 et passionn\u00e9ment sensuel, il s\u2019av\u00e8re b\u00e9n\u00e9fique pour ceux qui sont trop intellectuels et qui n\u2019habitent pas leur corps.","rel":"","context":"Article similaire","block_context":{"text":"Article similaire","link":""},"img":{"alt_text":"","src":"https:\/\/i0.wp.com\/artstella-elixirs-floraux.com\/wp-content\/uploads\/2025\/03\/39f2a4a5-a846-4847-97bf-adede32b1938.jpg?resize=350%2C200&ssl=1","width":350,"height":200,"srcset":"https:\/\/i0.wp.com\/artstella-elixirs-floraux.com\/wp-content\/uploads\/2025\/03\/39f2a4a5-a846-4847-97bf-adede32b1938.jpg?resize=350%2C200&ssl=1 1x, https:\/\/i0.wp.com\/artstella-elixirs-floraux.com\/wp-content\/uploads\/2025\/03\/39f2a4a5-a846-4847-97bf-adede32b1938.jpg?resize=525%2C300&ssl=1 1.5x, https:\/\/i0.wp.com\/artstella-elixirs-floraux.com\/wp-content\/uploads\/2025\/03\/39f2a4a5-a846-4847-97bf-adede32b1938.jpg?resize=700%2C400&ssl=1 2x"},"classes":[]},{"id":4068,"url":"https:\/\/artstella-elixirs-floraux.com\/fr_fr\/produit\/quintral-gui-15-ml-sylfos\/","url_meta":{"origin":2227,"position":4},"title":"QUINTRAL \/ GUI A FLEURS ROUGES SYLFOS","author":"eveapprill","date":"9 mars 2025","format":false,"excerpt":"QUINTRAL Tristerix tetrandrus Peurs ancestrales, acceptation et compr\u00e9hension de nos croyances. Aide \u00e0 surmonter les peurs archa\u00efques, profondes et ancestrales, qui sont ancr\u00e9es dans le corps et qui influencent nos croyances profondes","rel":"","context":"Article similaire","block_context":{"text":"Article similaire","link":""},"img":{"alt_text":"","src":"","width":0,"height":0},"classes":[]},{"id":5604,"url":"https:\/\/artstella-elixirs-floraux.com\/fr_fr\/produit\/abricot-10-ml\/","url_meta":{"origin":2227,"position":5},"title":"Abricot 10 ml","author":"eveapprill","date":"9 mars 2025","format":false,"excerpt":"Abricot 10 ml Joie, pl\u00e9nitude. Pour les temp\u00e9raments intellectuels qui sont sujets aux brusques sautes d\u2019humeur. Aide \u00e0 surmonter les tensions mentales et \u00e9motionnelles.","rel":"","context":"Article similaire","block_context":{"text":"Article similaire","link":""},"img":{"alt_text":"","src":"https:\/\/i0.wp.com\/artstella-elixirs-floraux.com\/wp-content\/uploads\/2025\/03\/wp-image2380.png?resize=350%2C200&ssl=1","width":350,"height":200},"classes":[]}],"_links":{"self":[{"href":"https:\/\/artstella-elixirs-floraux.com\/fr_fr\/wp-json\/wp\/v2\/product\/2227","targetHints":{"allow":["GET"]}}],"collection":[{"href":"https:\/\/artstella-elixirs-floraux.com\/fr_fr\/wp-json\/wp\/v2\/product"}],"about":[{"href":"https:\/\/artstella-elixirs-floraux.com\/fr_fr\/wp-json\/wp\/v2\/types\/product"}],"version-history":[{"count":0,"href":"https:\/\/artstella-elixirs-floraux.com\/fr_fr\/wp-json\/wp\/v2\/product\/2227\/revisions"}],"wp:featuredmedia":[{"embeddable":true,"href":"https:\/\/artstella-elixirs-floraux.com\/fr_fr\/wp-json\/wp\/v2\/media\/2228"}],"wp:attachment":[{"href":"https:\/\/artstella-elixirs-floraux.com\/fr_fr\/wp-json\/wp\/v2\/media?parent=2227"}],"wp:term":[{"taxonomy":"product_brand","embeddable":true,"href":"https:\/\/artstella-elixirs-floraux.com\/fr_fr\/wp-json\/wp\/v2\/product_brand?post=2227"},{"taxonomy":"product_cat","embeddable":true,"href":"https:\/\/artstella-elixirs-floraux.com\/fr_fr\/wp-json\/wp\/v2\/product_cat?post=2227"},{"taxonomy":"product_tag","embeddable":true,"href":"https:\/\/artstella-elixirs-floraux.com\/fr_fr\/wp-json\/wp\/v2\/product_tag?post=2227"}],"curies":[{"name":"wp","href":"https:\/\/api.w.org\/{rel}","templated":true}]}}