{"id":2235,"date":"2025-03-09T12:53:01","date_gmt":"2025-03-09T12:53:01","guid":{"rendered":"https:\/\/artstella-elixirs-floraux.com\/product\/northern-ladys-slipper-alaskan\/"},"modified":"2025-04-14T10:08:31","modified_gmt":"2025-04-14T10:08:31","slug":"northern-ladys-slipper-alaskan","status":"publish","type":"product","link":"https:\/\/artstella-elixirs-floraux.com\/fr_fr\/produit\/northern-ladys-slipper-alaskan\/","title":{"rendered":"Northern lady\u2019s slipper Alaskan"},"content":{"rendered":"<p><strong><em>Northern lady\u2019s slipper. Cypripedium passerinum<\/em><\/strong><\/p>\n<p>Lien corps\/\u00e2me fragile ; exp\u00e9rience de naissance traumatisante, souffrance et trauma profond\u00e9ment vrill\u00e9s au corps. Nourrit l&rsquo;\u00e9nergie pour la gu\u00e9rison de la racine des blessures primordiales qui ont eu un impact sur le physique et les structures \u00e9nerg\u00e9tiques du corps, nous aide \u00e0 accepter d&rsquo;\u00eatre touch\u00e9s et gu\u00e9ris par une gentillesse infinie.<\/p>\n","protected":false},"excerpt":{"rendered":"<p><strong><em>Northern lady\u2019s slipper. Cypripedium passerinum<\/em><\/strong><\/p>\n<p>Lien corps\/\u00e2me fragile ; exp\u00e9rience de naissance traumatisante, souffrance et trauma profond\u00e9ment vrill\u00e9s au corps.<\/p>\n","protected":false},"featured_media":2236,"template":"","meta":[],"product_brand":[],"product_cat":[119],"product_tag":[],"class_list":{"0":"post-2235","1":"product","2":"type-product","3":"status-publish","4":"has-post-thumbnail","6":"product_cat-les-72-elixirs-floraux","8":"first","9":"instock","10":"taxable","11":"shipping-taxable","12":"purchasable","13":"product-type-variable"},"etheme_brands":{"errors":{"invalid_taxonomy":["Taxonomie non valide."]},"error_data":[]},"jetpack_sharing_enabled":true,"jetpack-related-posts":[{"id":2215,"url":"https:\/\/artstella-elixirs-floraux.com\/fr_fr\/produit\/ladys-slipper-alaskan\/","url_meta":{"origin":2235,"position":0},"title":"Lady\u2019s slipper Alaskan","author":"eveapprill","date":"9 mars 2025","format":false,"excerpt":"Lady\u2019s slipper. Spiranthes romanzoffiana Manque de sensibilit\u00e9 au flux d'\u00e9nergie dans et autour du corps ; r\u00e9sistance \u00e0 recevoir l'\u00e9nergie gu\u00e9risseuse des autres","rel":"","context":"Article similaire","block_context":{"text":"Article similaire","link":""},"img":{"alt_text":"","src":"https:\/\/i0.wp.com\/artstella-elixirs-floraux.com\/wp-content\/uploads\/2025\/03\/wp-image563.png?resize=350%2C200&ssl=1","width":350,"height":200},"classes":[]},{"id":2211,"url":"https:\/\/artstella-elixirs-floraux.com\/fr_fr\/produit\/ladies-tresses-alaskan\/","url_meta":{"origin":2235,"position":1},"title":"Ladie\u2019s tresses.Alaskan","author":"eveapprill","date":"9 mars 2025","format":false,"excerpt":"Ladie\u2019s tresses. Spiranthes romanzoffiana Manque de connexion entre les le\u00e7ons de notre vie et notre but. Reconnection difficile avec le corps \u00e0 la suite d'une blessure s\u00e9rieuse ou d'une exp\u00e9rience traumatisante","rel":"","context":"Article similaire","block_context":{"text":"Article similaire","link":""},"img":{"alt_text":"","src":"https:\/\/i0.wp.com\/artstella-elixirs-floraux.com\/wp-content\/uploads\/2025\/03\/wp-image562.png?resize=350%2C200&ssl=1","width":350,"height":200},"classes":[]},{"id":5152,"url":"https:\/\/artstella-elixirs-floraux.com\/fr_fr\/produit\/pregnancy-support\/","url_meta":{"origin":2235,"position":2},"title":"PREGNANCY SUPPORT","author":"eveapprill","date":"9 mars 2025","format":false,"excerpt":"A \u00e9t\u00e9 pr\u00e9par\u00e9e pour renforcer, stabiliser et \u00e9quilibrer la femme et l\u2019enfant pendant toute la grossesse.","rel":"","context":"Article similaire","block_context":{"text":"Article similaire","link":""},"img":{"alt_text":"","src":"https:\/\/i0.wp.com\/artstella-elixirs-floraux.com\/wp-content\/uploads\/2025\/03\/68e301b9-e3e5-48d0-bb93-47cb748b1245.jpg?resize=350%2C200&ssl=1","width":350,"height":200,"srcset":"https:\/\/i0.wp.com\/artstella-elixirs-floraux.com\/wp-content\/uploads\/2025\/03\/68e301b9-e3e5-48d0-bb93-47cb748b1245.jpg?resize=350%2C200&ssl=1 1x, https:\/\/i0.wp.com\/artstella-elixirs-floraux.com\/wp-content\/uploads\/2025\/03\/68e301b9-e3e5-48d0-bb93-47cb748b1245.jpg?resize=525%2C300&ssl=1 1.5x, https:\/\/i0.wp.com\/artstella-elixirs-floraux.com\/wp-content\/uploads\/2025\/03\/68e301b9-e3e5-48d0-bb93-47cb748b1245.jpg?resize=700%2C400&ssl=1 2x"},"classes":[]},{"id":4921,"url":"https:\/\/artstella-elixirs-floraux.com\/fr_fr\/produit\/fairy-slipper-alaskan-f-sup\/","url_meta":{"origin":2235,"position":3},"title":"FAIRY SLIPPER ALASKAN F SUP","author":"eveapprill","date":"9 mars 2025","format":false,"excerpt":"Fairy Slipper \u00a0Calypso bulbeuse Aide \u00e0 incarner notre pouvoir et notre beaut\u00e9 ; soutien afin de donner une direction claire \u00e0 notre individualit\u00e9 ; aide \u00e0 manifester notre sagesse par notre corps physique ; renforce le principe masculin tant chez l\u2019homme que chez la femme ; facilite une communication claire\u2026","rel":"","context":"Article similaire","block_context":{"text":"Article similaire","link":""},"img":{"alt_text":"","src":"https:\/\/i0.wp.com\/artstella-elixirs-floraux.com\/wp-content\/uploads\/2025\/03\/wp-image1386.png?resize=350%2C200&ssl=1","width":350,"height":200},"classes":[]},{"id":5096,"url":"https:\/\/artstella-elixirs-floraux.com\/fr_fr\/produit\/raspberry-rutile-7-5ml-alas-gem-sup\/","url_meta":{"origin":2235,"position":4},"title":"RASPBERRY RUTILE 7.5ML ALAS GEM SUP","author":"eveapprill","date":"9 mars 2025","format":false,"excerpt":"Raspberry Rutile - \u00a0Rutile framboise Indication : manque de confiance dans ses capacit\u00e9s \u00e0 recevoir la guidance\u00a0du monde spirituel; d\u00e9sorientation apr\u00e8s un choc ou une exp\u00e9rience traumatisante\u00a0; facilement","rel":"","context":"Article similaire","block_context":{"text":"Article similaire","link":""},"img":{"alt_text":"","src":"https:\/\/i0.wp.com\/artstella-elixirs-floraux.com\/wp-content\/uploads\/2025\/03\/wp-image1415.png?resize=350%2C200&ssl=1","width":350,"height":200},"classes":[]},{"id":2665,"url":"https:\/\/artstella-elixirs-floraux.com\/fr_fr\/produit\/aminalcare\/","url_meta":{"origin":2235,"position":5},"title":"AMINALCARE","author":"eveapprill","date":"9 mars 2025","format":false,"excerpt":"ANIMAL CARE Combinaison sp\u00e9ciale d\u2019\u00e9lixirs de fleurs et de gemmes d\u2019Alaska pr\u00e9par\u00e9 comme un rem\u00e8de d\u2019urgence. Pour traiter les animaux. Il sera d'autant plus efficace s\u2019il est donn\u00e9 d\u00e8s les premiers soins apport\u00e9s aux animaux arrivant chez le v\u00e9t\u00e9rinaire, au refuge, \u00e0 la clinique, etc.","rel":"","context":"Article similaire","block_context":{"text":"Article similaire","link":""},"img":{"alt_text":"","src":"https:\/\/i0.wp.com\/artstella-elixirs-floraux.com\/wp-content\/uploads\/2025\/03\/3ab3c6d7-5031-4c7b-95d2-d61f14919774.jpg?resize=350%2C200&ssl=1","width":350,"height":200,"srcset":"https:\/\/i0.wp.com\/artstella-elixirs-floraux.com\/wp-content\/uploads\/2025\/03\/3ab3c6d7-5031-4c7b-95d2-d61f14919774.jpg?resize=350%2C200&ssl=1 1x, https:\/\/i0.wp.com\/artstella-elixirs-floraux.com\/wp-content\/uploads\/2025\/03\/3ab3c6d7-5031-4c7b-95d2-d61f14919774.jpg?resize=525%2C300&ssl=1 1.5x, https:\/\/i0.wp.com\/artstella-elixirs-floraux.com\/wp-content\/uploads\/2025\/03\/3ab3c6d7-5031-4c7b-95d2-d61f14919774.jpg?resize=700%2C400&ssl=1 2x"},"classes":[]}],"_links":{"self":[{"href":"https:\/\/artstella-elixirs-floraux.com\/fr_fr\/wp-json\/wp\/v2\/product\/2235","targetHints":{"allow":["GET"]}}],"collection":[{"href":"https:\/\/artstella-elixirs-floraux.com\/fr_fr\/wp-json\/wp\/v2\/product"}],"about":[{"href":"https:\/\/artstella-elixirs-floraux.com\/fr_fr\/wp-json\/wp\/v2\/types\/product"}],"version-history":[{"count":0,"href":"https:\/\/artstella-elixirs-floraux.com\/fr_fr\/wp-json\/wp\/v2\/product\/2235\/revisions"}],"wp:featuredmedia":[{"embeddable":true,"href":"https:\/\/artstella-elixirs-floraux.com\/fr_fr\/wp-json\/wp\/v2\/media\/2236"}],"wp:attachment":[{"href":"https:\/\/artstella-elixirs-floraux.com\/fr_fr\/wp-json\/wp\/v2\/media?parent=2235"}],"wp:term":[{"taxonomy":"product_brand","embeddable":true,"href":"https:\/\/artstella-elixirs-floraux.com\/fr_fr\/wp-json\/wp\/v2\/product_brand?post=2235"},{"taxonomy":"product_cat","embeddable":true,"href":"https:\/\/artstella-elixirs-floraux.com\/fr_fr\/wp-json\/wp\/v2\/product_cat?post=2235"},{"taxonomy":"product_tag","embeddable":true,"href":"https:\/\/artstella-elixirs-floraux.com\/fr_fr\/wp-json\/wp\/v2\/product_tag?post=2235"}],"curies":[{"name":"wp","href":"https:\/\/api.w.org\/{rel}","templated":true}]}}