{"id":2239,"date":"2025-03-09T12:53:06","date_gmt":"2025-03-09T12:53:06","guid":{"rendered":"https:\/\/artstella-elixirs-floraux.com\/product\/northern-twayblade-alaskan\/"},"modified":"2025-04-14T10:06:27","modified_gmt":"2025-04-14T10:06:27","slug":"northern-twayblade-alaskan","status":"publish","type":"product","link":"https:\/\/artstella-elixirs-floraux.com\/fr_fr\/produit\/northern-twayblade-alaskan\/","title":{"rendered":"Northern twayblade Alaskan"},"content":{"rendered":"<p><span style=\"color: #008000;\"><strong><em>Northern twayblade. Listera borealis<\/em><\/strong><\/span><\/p>\n<p>R\u00e9sistance \u00e0 s&rsquo;ouvrir aux niveaux subtils de sa conscience ; incapable de concilier sagesse spirituelle et besoins \u00e9l\u00e9mentaires. R\u00e9v\u00e8le nos besoins, instincts, et r\u00e9alit\u00e9s terrestres les plus \u00e9l\u00e9mentaires en les accordant aux aspects les plus fins de la sagesse spirituelle.<\/p>\n","protected":false},"excerpt":{"rendered":"<p><span style=\"color: #008000;\"><strong><em>Northern twayblade. Listera borealis<\/em><\/strong><\/span><\/p>\n<p>R\u00e9sistance \u00e0 s&rsquo;ouvrir aux niveaux subtils de sa conscience ; incapable de concilier<\/p>\n","protected":false},"featured_media":2240,"template":"","meta":[],"product_brand":[],"product_cat":[119],"product_tag":[],"class_list":{"0":"post-2239","1":"product","2":"type-product","3":"status-publish","4":"has-post-thumbnail","6":"product_cat-les-72-elixirs-floraux","8":"first","9":"instock","10":"taxable","11":"shipping-taxable","12":"purchasable","13":"product-type-variable"},"etheme_brands":{"errors":{"invalid_taxonomy":["Taxonomie non valide."]},"error_data":[]},"jetpack_sharing_enabled":true,"jetpack-related-posts":[{"id":2327,"url":"https:\/\/artstella-elixirs-floraux.com\/fr_fr\/produit\/tundra-twayblade-alaskan\/","url_meta":{"origin":2239,"position":0},"title":"Tundra twayblade Alaskan","author":"eveapprill","date":"9 mars 2025","format":false,"excerpt":"Tundra twayblade. Listera cordata Douleur et angoisse profondes r\u00e9sultant de blessures du pass\u00e9, fermeture du c\u0153ur pour \u00e9viter de ressentir la souffrance qui y demeure.","rel":"","context":"Article similaire","block_context":{"text":"Article similaire","link":""},"img":{"alt_text":"","src":"https:\/\/i0.wp.com\/artstella-elixirs-floraux.com\/wp-content\/uploads\/2025\/03\/wp-image595.png?resize=350%2C200&ssl=1","width":350,"height":200},"classes":[]},{"id":2390,"url":"https:\/\/artstella-elixirs-floraux.com\/fr_fr\/produit\/northern-light\/","url_meta":{"origin":2239,"position":1},"title":"NORTHERN LIGHT &#8211; Aurores bor\u00e9ales","author":"eveapprill","date":"9 mars 2025","format":false,"excerpt":"NORTHERN LIGHT. LUMIERE DU NORD Cet \u00e9lixir a \u00e9t\u00e9 fait lors d'une nuit arctique venteuse avec des temp\u00e9ratures inf\u00e9rieures \u00e0 z\u00e9ro, sous le foisonnement vert d'une aurore bor\u00e9ale. Il nous aide \u00e0 nous d\u00e9passer la seule perspective terrestre pour joindre la danse de la source de la cr\u00e9ation.","rel":"","context":"Article similaire","block_context":{"text":"Article similaire","link":""},"img":{"alt_text":"","src":"https:\/\/i0.wp.com\/artstella-elixirs-floraux.com\/wp-content\/uploads\/2025\/03\/Northern_Lights_1024x1024.jpg?resize=350%2C200&ssl=1","width":350,"height":200},"classes":[]},{"id":4954,"url":"https:\/\/artstella-elixirs-floraux.com\/fr_fr\/produit\/northern-coral-root-alaskan-f-s\/","url_meta":{"origin":2239,"position":2},"title":"NORTHERN CORAL ROOT ALASKAN F S","author":"eveapprill","date":"9 mars 2025","format":false,"excerpt":"Northern Coral Root \u00abRacine de Corail\u00a0\u00bb Aide \u00e0 transformer des \u00e9motions toxiques et d\u00e9s\u00e9quilibr\u00e9es, les formes-pens\u00e9es et les \u00e9nergies en les ramenant \u00e0 la lumi\u00e8re. Aide \u00e0 devenir plus conscient et respectueux de notre relation symbiotique avec la terre. Nous aide \u00e0 recevoir ce dont nous avons besoin \u00e0 travers\u2026","rel":"","context":"Article similaire","block_context":{"text":"Article similaire","link":""},"img":{"alt_text":"","src":"https:\/\/i0.wp.com\/artstella-elixirs-floraux.com\/wp-content\/uploads\/2025\/03\/wp-image1395-e1748848040392.png?resize=350%2C200&ssl=1","width":350,"height":200},"classes":[]},{"id":4958,"url":"https:\/\/artstella-elixirs-floraux.com\/fr_fr\/produit\/northern-green-orchid-alaskan-fs\/","url_meta":{"origin":2239,"position":3},"title":"Northern Green Orchid ALASKAN FS","author":"eveapprill","date":"9 mars 2025","format":false,"excerpt":"Pale Corydalis Corydalis sempervirens Pour d\u00e9velopper un sens plus fort de qui l\u2019on est dans nos relations ; aligne et int\u00e8gre le dessein personnel et Divin avec les forces du c\u0153ur ; att\u00e9nue des sch\u00e9mas de d\u00e9pendance affective et d\u2019amour conditionnel ; \u00e0 concevoir nos relations comme autant de catalyseurs\u2026","rel":"","context":"Article similaire","block_context":{"text":"Article similaire","link":""},"img":{"alt_text":"","src":"","width":0,"height":0},"classes":[]},{"id":2235,"url":"https:\/\/artstella-elixirs-floraux.com\/fr_fr\/produit\/northern-ladys-slipper-alaskan\/","url_meta":{"origin":2239,"position":4},"title":"Northern lady\u2019s slipper Alaskan","author":"eveapprill","date":"9 mars 2025","format":false,"excerpt":"Northern lady\u2019s slipper. Cypripedium passerinum Lien corps\/\u00e2me fragile ; exp\u00e9rience de naissance traumatisante, souffrance et trauma profond\u00e9ment vrill\u00e9s au corps.","rel":"","context":"Article similaire","block_context":{"text":"Article similaire","link":""},"img":{"alt_text":"","src":"https:\/\/i0.wp.com\/artstella-elixirs-floraux.com\/wp-content\/uploads\/2025\/03\/wp-image568.png?resize=350%2C200&ssl=1","width":350,"height":200},"classes":[]},{"id":5053,"url":"https:\/\/artstella-elixirs-floraux.com\/fr_fr\/produit\/blue-green-tourmaline-alas-r-30ml\/","url_meta":{"origin":2239,"position":5},"title":"BLUE GREEN TOURMALINE ALAS R 30ML","author":"eveapprill","date":"9 mars 2025","format":false,"excerpt":"Blue Green Tourmaline \u2013 Tourmaline bleu vert Indication : agitation, trouble int\u00e9rieur\u00a0; alignement vertical faible\u00a0; exc\u00e8s d\u2019\u00e9nergie mentale bloquant le flux descendant des forces spirituelles\u00a0; peur et r\u00e9sistance au niveau du c\u0153ur","rel":"","context":"Article similaire","block_context":{"text":"Article similaire","link":""},"img":{"alt_text":"","src":"https:\/\/i0.wp.com\/artstella-elixirs-floraux.com\/wp-content\/uploads\/2025\/03\/wp-image1401.png?resize=350%2C200&ssl=1","width":350,"height":200},"classes":[]}],"_links":{"self":[{"href":"https:\/\/artstella-elixirs-floraux.com\/fr_fr\/wp-json\/wp\/v2\/product\/2239","targetHints":{"allow":["GET"]}}],"collection":[{"href":"https:\/\/artstella-elixirs-floraux.com\/fr_fr\/wp-json\/wp\/v2\/product"}],"about":[{"href":"https:\/\/artstella-elixirs-floraux.com\/fr_fr\/wp-json\/wp\/v2\/types\/product"}],"version-history":[{"count":0,"href":"https:\/\/artstella-elixirs-floraux.com\/fr_fr\/wp-json\/wp\/v2\/product\/2239\/revisions"}],"wp:featuredmedia":[{"embeddable":true,"href":"https:\/\/artstella-elixirs-floraux.com\/fr_fr\/wp-json\/wp\/v2\/media\/2240"}],"wp:attachment":[{"href":"https:\/\/artstella-elixirs-floraux.com\/fr_fr\/wp-json\/wp\/v2\/media?parent=2239"}],"wp:term":[{"taxonomy":"product_brand","embeddable":true,"href":"https:\/\/artstella-elixirs-floraux.com\/fr_fr\/wp-json\/wp\/v2\/product_brand?post=2239"},{"taxonomy":"product_cat","embeddable":true,"href":"https:\/\/artstella-elixirs-floraux.com\/fr_fr\/wp-json\/wp\/v2\/product_cat?post=2239"},{"taxonomy":"product_tag","embeddable":true,"href":"https:\/\/artstella-elixirs-floraux.com\/fr_fr\/wp-json\/wp\/v2\/product_tag?post=2239"}],"curies":[{"name":"wp","href":"https:\/\/api.w.org\/{rel}","templated":true}]}}