{"id":2248,"date":"2025-03-09T12:53:14","date_gmt":"2025-03-09T12:53:14","guid":{"rendered":"https:\/\/artstella-elixirs-floraux.com\/product\/opium-poppy-alaskan\/"},"modified":"2025-04-14T10:02:04","modified_gmt":"2025-04-14T10:02:04","slug":"opium-poppy-alaskan","status":"publish","type":"product","link":"https:\/\/artstella-elixirs-floraux.com\/fr_fr\/produit\/opium-poppy-alaskan\/","title":{"rendered":"Opium poppy Alaskan"},"content":{"rendered":"<p><span style=\"color: #008000;\"><strong><em>Opium poppy. Papaver commutatum<\/em><\/strong><\/span><\/p>\n<p>Ne trouve pas l&rsquo;\u00e9quilibre entre l&rsquo;activit\u00e9 et le repos ; ext\u00e9nu\u00e9 ; ne retient rien des exp\u00e9riences pass\u00e9es, difficult\u00e9 \u00e0 les int\u00e9grer. \u00c9quilibre entre le faire et l&rsquo;\u00eatre ; aide \u00e0 assimiler les exp\u00e9riences ant\u00e9rieures afin de mieux vivre au pr\u00e9sent.<\/p>\n","protected":false},"excerpt":{"rendered":"<p><span style=\"color: #008000;\"><strong><em>Opium poppy. Papaver commutatum<\/em><\/strong><\/span><\/p>\n<p>Ne trouve pas l&rsquo;\u00e9quilibre entre l&rsquo;activit\u00e9 et le repos ; ext\u00e9nu\u00e9 ; ne retient rien des exp\u00e9riences pass\u00e9es, difficult\u00e9 \u00e0 les int\u00e9grer.<\/p>\n","protected":false},"featured_media":2249,"template":"","meta":[],"product_brand":[],"product_cat":[119],"product_tag":[],"class_list":{"0":"post-2248","1":"product","2":"type-product","3":"status-publish","4":"has-post-thumbnail","6":"product_cat-les-72-elixirs-floraux","8":"first","9":"instock","10":"taxable","11":"shipping-taxable","12":"purchasable","13":"product-type-variable"},"etheme_brands":{"errors":{"invalid_taxonomy":["Taxonomie non valide."]},"error_data":[]},"jetpack_sharing_enabled":true,"jetpack-related-posts":[{"id":4975,"url":"https:\/\/artstella-elixirs-floraux.com\/fr_fr\/produit\/purple-poppy-alaskan-f-sup\/","url_meta":{"origin":2248,"position":0},"title":"PURPLE POPPY ALASKAN F SUP","author":"eveapprill","date":"9 mars 2025","format":false,"excerpt":"Purple Poppy Papaver somniferum Pavot violet Indications\u00a0: difficult\u00e9s \u00e0 garder la cadence avec les changements de la vie\u00a0; \u00e9nervement et \u00e9puisement\u00a0; d\u00e9sorientation et fatigue en raison d\u2019un trop plein.","rel":"","context":"Article similaire","block_context":{"text":"Article similaire","link":""},"img":{"alt_text":"","src":"https:\/\/i0.wp.com\/artstella-elixirs-floraux.com\/wp-content\/uploads\/2025\/03\/wp-image2068.png?resize=350%2C200&ssl=1","width":350,"height":200},"classes":[]},{"id":5464,"url":"https:\/\/artstella-elixirs-floraux.com\/fr_fr\/produit\/escholzia-california-poppy-10ml\/","url_meta":{"origin":2248,"position":1},"title":"Escholzia &#8211; California poppy 10ML","author":"eveapprill","date":"9 mars 2025","format":false,"excerpt":"Escholzia \/ Eschscholzia california (california poppy) SLAAPMUTSJE Pour faire confiance \u00e0 notre ressenti et \u00e0 notre c\u0153ur.\u00a0 Apporte chaleur, confiance et paix au niveau du c\u0153ur. Pour d\u00e9passer les aspects superficiels et rechercher la sagesse int\u00e9rieure.","rel":"","context":"Article similaire","block_context":{"text":"Article similaire","link":""},"img":{"alt_text":"","src":"","width":0,"height":0},"classes":[]},{"id":4983,"url":"https:\/\/artstella-elixirs-floraux.com\/fr_fr\/produit\/red-purple-poppy-alaskan-f-sup\/","url_meta":{"origin":2248,"position":2},"title":"RED PURPLE POPPY ALASKAN F SUP","author":"eveapprill","date":"9 mars 2025","format":false,"excerpt":"Red-Purple PoppyPapaver somniferum Pavot rouge Indications\u00a0: ind\u00e9cision; l\u00e9thargie; manque d\u2019inspiration; \u00e9nergie stagnante dans les chakras inf\u00e9rieurs\u00a0; ressentant un manque de guidance et de soutien des royaumes spirituels.","rel":"","context":"Article similaire","block_context":{"text":"Article similaire","link":""},"img":{"alt_text":"","src":"","width":0,"height":0},"classes":[]},{"id":2194,"url":"https:\/\/artstella-elixirs-floraux.com\/fr_fr\/produit\/icelandic-poppy-alaskan\/","url_meta":{"origin":2248,"position":3},"title":"Icelandic poppy Alaskan","author":"eveapprill","date":"9 mars 2025","format":false,"excerpt":"Icelandic poppy. Papaver nudicaule Peu de conscience de l'identit\u00e9 spirituelle ; aspects de survie, de sexualit\u00e9 et de spiritualit\u00e9 non int\u00e9gr\u00e9s, manque d'\u00e9nergie spirituelle dans les chakras inf\u00e9rieurs.","rel":"","context":"Article similaire","block_context":{"text":"Article similaire","link":""},"img":{"alt_text":"","src":"https:\/\/i0.wp.com\/artstella-elixirs-floraux.com\/wp-content\/uploads\/2025\/03\/wp-image544.png?resize=350%2C200&ssl=1","width":350,"height":200},"classes":[]},{"id":5424,"url":"https:\/\/artstella-elixirs-floraux.com\/fr_fr\/produit\/coquelicot-rouge-red-poppy\/","url_meta":{"origin":2248,"position":4},"title":"Coquelicot rouge &#8211; RED POPPY","author":"eveapprill","date":"9 mars 2025","format":false,"excerpt":"Papaver rhoeas(Coquelicot rouge) Apporte chaleur et force \u00e0 ceux qui se sentent vuln\u00e9rables et d\u00e9munis. En soutenant\u00a0\u00a0la \u00ab\u00a0femme int\u00e9rieure\u00a0\u00bb, cet \u00e9lixir donne la force de transformer sa vuln\u00e9rabilit\u00e9 gr\u00e2ce \u00e0 une connexion avec le f\u00e9minin de la Terre. Augmente la qualit\u00e9 int\u00e9rieure de l\u2019amour.","rel":"","context":"Article similaire","block_context":{"text":"Article similaire","link":""},"img":{"alt_text":"","src":"","width":0,"height":0},"classes":[]},{"id":4974,"url":"https:\/\/artstella-elixirs-floraux.com\/fr_fr\/produit\/purple-poppy-30-ml-alas-f-sup\/","url_meta":{"origin":2248,"position":5},"title":"PURPLE POPPY 30 ML ALAS F SUP","author":"eveapprill","date":"9 avril 2025","format":false,"excerpt":"","rel":"","context":"Article similaire","block_context":{"text":"Article similaire","link":""},"img":{"alt_text":"","src":"","width":0,"height":0},"classes":[]}],"_links":{"self":[{"href":"https:\/\/artstella-elixirs-floraux.com\/fr_fr\/wp-json\/wp\/v2\/product\/2248","targetHints":{"allow":["GET"]}}],"collection":[{"href":"https:\/\/artstella-elixirs-floraux.com\/fr_fr\/wp-json\/wp\/v2\/product"}],"about":[{"href":"https:\/\/artstella-elixirs-floraux.com\/fr_fr\/wp-json\/wp\/v2\/types\/product"}],"version-history":[{"count":0,"href":"https:\/\/artstella-elixirs-floraux.com\/fr_fr\/wp-json\/wp\/v2\/product\/2248\/revisions"}],"wp:featuredmedia":[{"embeddable":true,"href":"https:\/\/artstella-elixirs-floraux.com\/fr_fr\/wp-json\/wp\/v2\/media\/2249"}],"wp:attachment":[{"href":"https:\/\/artstella-elixirs-floraux.com\/fr_fr\/wp-json\/wp\/v2\/media?parent=2248"}],"wp:term":[{"taxonomy":"product_brand","embeddable":true,"href":"https:\/\/artstella-elixirs-floraux.com\/fr_fr\/wp-json\/wp\/v2\/product_brand?post=2248"},{"taxonomy":"product_cat","embeddable":true,"href":"https:\/\/artstella-elixirs-floraux.com\/fr_fr\/wp-json\/wp\/v2\/product_cat?post=2248"},{"taxonomy":"product_tag","embeddable":true,"href":"https:\/\/artstella-elixirs-floraux.com\/fr_fr\/wp-json\/wp\/v2\/product_tag?post=2248"}],"curies":[{"name":"wp","href":"https:\/\/api.w.org\/{rel}","templated":true}]}}