{"id":2252,"date":"2025-03-09T12:53:17","date_gmt":"2025-03-09T12:53:17","guid":{"rendered":"https:\/\/artstella-elixirs-floraux.com\/product\/paper-birch-alaskan\/"},"modified":"2025-04-14T10:00:24","modified_gmt":"2025-04-14T10:00:24","slug":"paper-birch-alaskan","status":"publish","type":"product","link":"https:\/\/artstella-elixirs-floraux.com\/fr_fr\/produit\/paper-birch-alaskan\/","title":{"rendered":"Paper birch Alaskan"},"content":{"rendered":"<p>D\u00e9couvrez le pouvoir transformateur de l&rsquo;essence de bouleau \u00e0 papier (Betula papyfera). Cet \u00e9lixir botanique vous guide dans les moments de confusion et de d\u00e9sorientation en vous aidant \u00e0 explorer les intuitions profondes du sens de votre vie. Id\u00e9al pour ceux qui recherchent clart\u00e9 et connexion, cet \u00e9lixir encourage doucement votre v\u00e9ritable moi \u00e0 \u00e9merger, offrant une perspective nouvelle sur votre destin\u00e9e. Embarquez pour la d\u00e9couverte de soi et alignez-vous sur votre chemin authentique.<\/p>\n","protected":false},"excerpt":{"rendered":"<p><span style=\"color: #008000;\"><strong><em>Paper birch. Betula papyfera<\/em><\/strong><\/span><\/p>\n<p><span style=\"color: #008000;\"><span style=\"color: #000000;\">Confusion ou d\u00e9sorientation \u00e0 propos du sens que devrait prendre la vie.<\/span><br \/>\n<\/span><\/p>\n","protected":false},"featured_media":2253,"template":"","meta":[],"product_brand":[],"product_cat":[119],"product_tag":[],"class_list":{"0":"post-2252","1":"product","2":"type-product","3":"status-publish","4":"has-post-thumbnail","6":"product_cat-les-72-elixirs-floraux","8":"first","9":"instock","10":"taxable","11":"shipping-taxable","12":"purchasable","13":"product-type-variable"},"etheme_brands":{"errors":{"invalid_taxonomy":["Taxonomie non valide."]},"error_data":[]},"jetpack_sharing_enabled":true,"jetpack-related-posts":[{"id":6225,"url":"https:\/\/artstella-elixirs-floraux.com\/fr_fr\/produit\/elixir-ocean-n33-%c2%a8hi-15ml\/","url_meta":{"origin":2252,"position":0},"title":"ELIXIR OCEAN N\u00b033 \u00a8HI 15ml","author":"eveapprill","date":"9 mars 2025","format":false,"excerpt":"ELIXIR OCEAN N\u00b033\u00a0 nous aide \u00e0 nous orienter int\u00e9rieurement, lorsque nous nous sentons profond\u00e9ment anxieux, d\u00e9sorient\u00e9s et sans but. En nous lib\u00e9rant de tels sentiments, nous trouvons plus de\u00a0 clart\u00e9 et de confiance. Nous pouvons apprendre \u00e0 avancer m\u00eame \u00e0 petits pas dans la vie, avec confiance et estime de\u2026","rel":"","context":"Article similaire","block_context":{"text":"Article similaire","link":""},"img":{"alt_text":"","src":"https:\/\/i0.wp.com\/artstella-elixirs-floraux.com\/wp-content\/uploads\/2025\/03\/wp-image2207.png?resize=350%2C200&ssl=1","width":350,"height":200},"classes":[]},{"id":4125,"url":"https:\/\/artstella-elixirs-floraux.com\/fr_fr\/produit\/capitan-salpicado-sylfos-15ml-pap\/","url_meta":{"origin":2252,"position":1},"title":"CAPITAN SALPICADO SYLFOS 15ML PAP","author":"eveapprill","date":"9 mars 2025","format":false,"excerpt":"CAPITAN SALPICADO DE PLATA Hesperia comma Jouissance et foi en la vie Cet \u00e9lixir nous donne la foi en l\u2019avenir avec la reconnaissance de l\u2019aspect positif qui nous attend.","rel":"","context":"Article similaire","block_context":{"text":"Article similaire","link":""},"img":{"alt_text":"","src":"","width":0,"height":0},"classes":[]},{"id":5382,"url":"https:\/\/artstella-elixirs-floraux.com\/fr_fr\/produit\/battus-sylfos-15-ml-pap\/","url_meta":{"origin":2252,"position":2},"title":"BATTUS SYLFOS 15 ML PAP","author":"eveapprill","date":"9 mars 2025","format":false,"excerpt":"25 \u2013 BATTUS \/ BATTUS \u00a0Battus philenor Foi en la vie Un \u00e9lixir tr\u00e8s sp\u00e9cial car il emm\u00e8ne nos pri\u00e8res vers le Cr\u00e9ateur de fa\u00e7on \u00e0 ce qu\u2019elles soient b\u00e9nies et qu\u2019elles nous soient retourn\u00e9es manifest\u00e9es. Foi et confiance en la vie, sans l\u2019action de notre mental. Nous apprenons \u00e0\u2026","rel":"","context":"Article similaire","block_context":{"text":"Article similaire","link":""},"img":{"alt_text":"","src":"https:\/\/i0.wp.com\/artstella-elixirs-floraux.com\/wp-content\/uploads\/2025\/03\/c129dff6-fc7d-4c09-a44c-bc55c7f9dbbe.jpg?resize=350%2C200&ssl=1","width":350,"height":200,"srcset":"https:\/\/i0.wp.com\/artstella-elixirs-floraux.com\/wp-content\/uploads\/2025\/03\/c129dff6-fc7d-4c09-a44c-bc55c7f9dbbe.jpg?resize=350%2C200&ssl=1 1x, https:\/\/i0.wp.com\/artstella-elixirs-floraux.com\/wp-content\/uploads\/2025\/03\/c129dff6-fc7d-4c09-a44c-bc55c7f9dbbe.jpg?resize=525%2C300&ssl=1 1.5x, https:\/\/i0.wp.com\/artstella-elixirs-floraux.com\/wp-content\/uploads\/2025\/03\/c129dff6-fc7d-4c09-a44c-bc55c7f9dbbe.jpg?resize=700%2C400&ssl=1 2x"},"classes":[]},{"id":5384,"url":"https:\/\/artstella-elixirs-floraux.com\/fr_fr\/produit\/capitan-dion-sylfos-15-ml-pap\/","url_meta":{"origin":2252,"position":3},"title":"CAPITAN DION SYLFOS 15 ML PAP","author":"eveapprill","date":"9 mars 2025","format":false,"excerpt":"26- CAPITAN DION\/ CAPITAINE DION \u00a0Euphyes macquirei\u00a0 Changements \u2013 Habilet\u00e9 Un \u00e9lixir pour les moments ou nous sentons qu\u2019une nouvelle porte s\u2019ouvre dans notre vie, mais nous ne savons pas comment agir. Cet \u00e9lixir sert aussi pour les personnes qui essayent de forcer une situation nouvelle au lieu d\u2019attendre le\u2026","rel":"","context":"Article similaire","block_context":{"text":"Article similaire","link":""},"img":{"alt_text":"","src":"","width":0,"height":0},"classes":[]},{"id":4151,"url":"https:\/\/artstella-elixirs-floraux.com\/fr_fr\/produit\/xerces-azul-sylfos-15ml-pap\/","url_meta":{"origin":2252,"position":4},"title":"XERCES AZUL SYLFOS 15ML PAP","author":"eveapprill","date":"9 mars 2025","format":false,"excerpt":"XERCES AZUL Glaucopsyche xerces Nettoyage du karma Un autre \u00e9lixir fondamental de la gamme. Il nous permet de nous lib\u00e9rer des formes de pens\u00e9es et des implants n\u00e9gatifs que nous avons depuis nos vies ant\u00e9rieures. Il permet le nettoyage au niveau de l\u2019\u00e2me, afin d\u2019affronter la r\u00e9alit\u00e9 de notre mission\u2026","rel":"","context":"Article similaire","block_context":{"text":"Article similaire","link":""},"img":{"alt_text":"","src":"https:\/\/i0.wp.com\/artstella-elixirs-floraux.com\/wp-content\/uploads\/2025\/03\/769e6b04-2a25-49e2-9552-c0d5e36f7a40.jpg?resize=350%2C200&ssl=1","width":350,"height":200,"srcset":"https:\/\/i0.wp.com\/artstella-elixirs-floraux.com\/wp-content\/uploads\/2025\/03\/769e6b04-2a25-49e2-9552-c0d5e36f7a40.jpg?resize=350%2C200&ssl=1 1x, https:\/\/i0.wp.com\/artstella-elixirs-floraux.com\/wp-content\/uploads\/2025\/03\/769e6b04-2a25-49e2-9552-c0d5e36f7a40.jpg?resize=525%2C300&ssl=1 1.5x, https:\/\/i0.wp.com\/artstella-elixirs-floraux.com\/wp-content\/uploads\/2025\/03\/769e6b04-2a25-49e2-9552-c0d5e36f7a40.jpg?resize=700%2C400&ssl=1 2x"},"classes":[]},{"id":4142,"url":"https:\/\/artstella-elixirs-floraux.com\/fr_fr\/produit\/icaro-sylfos-15ml-pap\/","url_meta":{"origin":2252,"position":5},"title":"ICARO SYLFOS 15ML PAP","author":"eveapprill","date":"9 mars 2025","format":false,"excerpt":"ICARO Polymmatus icarus Auto valorisation \u2013 Cr\u00e9ativit\u00e9 positive. Cet \u00e9lixir est particuli\u00e8rement adapt\u00e9 aux personnes qui croient que les autres ont plus de talent, ont plus \u00e0 offrir et \u00e0 donner, sont plus \u00e9l\u00e9gants, plus cr\u00e9atifs, mieux lotis qu\u2019eux...","rel":"","context":"Article similaire","block_context":{"text":"Article similaire","link":""},"img":{"alt_text":"","src":"","width":0,"height":0},"classes":[]}],"_links":{"self":[{"href":"https:\/\/artstella-elixirs-floraux.com\/fr_fr\/wp-json\/wp\/v2\/product\/2252","targetHints":{"allow":["GET"]}}],"collection":[{"href":"https:\/\/artstella-elixirs-floraux.com\/fr_fr\/wp-json\/wp\/v2\/product"}],"about":[{"href":"https:\/\/artstella-elixirs-floraux.com\/fr_fr\/wp-json\/wp\/v2\/types\/product"}],"version-history":[{"count":0,"href":"https:\/\/artstella-elixirs-floraux.com\/fr_fr\/wp-json\/wp\/v2\/product\/2252\/revisions"}],"wp:featuredmedia":[{"embeddable":true,"href":"https:\/\/artstella-elixirs-floraux.com\/fr_fr\/wp-json\/wp\/v2\/media\/2253"}],"wp:attachment":[{"href":"https:\/\/artstella-elixirs-floraux.com\/fr_fr\/wp-json\/wp\/v2\/media?parent=2252"}],"wp:term":[{"taxonomy":"product_brand","embeddable":true,"href":"https:\/\/artstella-elixirs-floraux.com\/fr_fr\/wp-json\/wp\/v2\/product_brand?post=2252"},{"taxonomy":"product_cat","embeddable":true,"href":"https:\/\/artstella-elixirs-floraux.com\/fr_fr\/wp-json\/wp\/v2\/product_cat?post=2252"},{"taxonomy":"product_tag","embeddable":true,"href":"https:\/\/artstella-elixirs-floraux.com\/fr_fr\/wp-json\/wp\/v2\/product_tag?post=2252"}],"curies":[{"name":"wp","href":"https:\/\/api.w.org\/{rel}","templated":true}]}}