{"id":2256,"date":"2025-03-09T12:53:21","date_gmt":"2025-03-09T12:53:21","guid":{"rendered":"https:\/\/artstella-elixirs-floraux.com\/product\/pineapple-weed-alaskan\/"},"modified":"2025-04-14T09:58:28","modified_gmt":"2025-04-14T09:58:28","slug":"pineapple-weed-alaskan","status":"publish","type":"product","link":"https:\/\/artstella-elixirs-floraux.com\/fr_fr\/produit\/pineapple-weed-alaskan\/","title":{"rendered":"Pineapple weed Alaskan"},"content":{"rendered":"<p><span style=\"color: #008000;\"><strong><em>Pineapple weed. Matricaria matricariodes<\/em><\/strong><\/span><\/p>\n<p>Manque d&rsquo;harmonie avec son environnement physique ; insensible aux bienfaits de la nature ; lien nourricier faible entre la m\u00e8re et l&rsquo;enfant. Maintient une conscience paisible de soi et de son entourage afin d&rsquo;\u00eatre prot\u00e9g\u00e9 ; harmonise le lien m\u00e8re-enfant et entre l&rsquo;humain et la terre.<\/p>\n","protected":false},"excerpt":{"rendered":"<p><span style=\"color: #008000;\"><strong><em>Pineapple weed. Matricaria matricariodes<\/em><\/strong><\/span><\/p>\n<p>Manque d&rsquo;harmonie avec son environnement physique ; insensible aux bienfaits de la nature ; lien nourricier faible entre la m\u00e8re et l&rsquo;enfant.<\/p>\n","protected":false},"featured_media":2257,"template":"","meta":[],"product_brand":[],"product_cat":[119],"product_tag":[],"class_list":{"0":"post-2256","1":"product","2":"type-product","3":"status-publish","4":"has-post-thumbnail","6":"product_cat-les-72-elixirs-floraux","8":"first","9":"instock","10":"taxable","11":"shipping-taxable","12":"purchasable","13":"product-type-variable"},"etheme_brands":{"errors":{"invalid_taxonomy":["Taxonomie non valide."]},"error_data":[]},"jetpack_sharing_enabled":true,"jetpack-related-posts":[{"id":2178,"url":"https:\/\/artstella-elixirs-floraux.com\/fr_fr\/produit\/grove-standwort-alaskan\/","url_meta":{"origin":2256,"position":0},"title":"Grove standwort Alaskan","author":"eveapprill","date":"9 mars 2025","format":false,"excerpt":"Grove standwort. Moehringia lateriflora Sensation de manque de nourriture au niveau physique et \u00e9motionnel, manque de lien entre la m\u00e8re et l'enfant, sensation de manque de soutien de la terre.","rel":"","context":"Article similaire","block_context":{"text":"Article similaire","link":""},"img":{"alt_text":"","src":"https:\/\/i0.wp.com\/artstella-elixirs-floraux.com\/wp-content\/uploads\/2025\/03\/wp-image540.png?resize=350%2C200&ssl=1","width":350,"height":200},"classes":[]},{"id":5446,"url":"https:\/\/artstella-elixirs-floraux.com\/fr_fr\/produit\/sensitive-mimosa-pudica-10-ml-bl\/","url_meta":{"origin":2256,"position":1},"title":"Sensitive &#8211; Mimosa pudica 10 ML BL","author":"eveapprill","date":"9 mars 2025","format":false,"excerpt":"Mimosa \/ Mimosa pudica (sensitive weed)\u00a0\u00a0\u00a0\u00a0\u00a0\u00a0\u00a0\u00a0\u00a0 Stimule l\u2019\u00e2me et apporte stabilit\u00e9, clart\u00e9 et force du mental. Pour choisir son chemin avec certitude et ne pas se laisser d\u00e9vier. Quand on se sent \u00e9touff\u00e9 par l\u2019autre ou pris dans un espace trop \u00e9troit.","rel":"","context":"Article similaire","block_context":{"text":"Article similaire","link":""},"img":{"alt_text":"","src":"","width":0,"height":0},"classes":[]},{"id":6390,"url":"https:\/\/artstella-elixirs-floraux.com\/fr_fr\/produit\/mumma-mojo-30ml\/","url_meta":{"origin":2256,"position":2},"title":"Mumma Mojo 30ml","author":"eveapprill","date":"9 mars 2025","format":false,"excerpt":"Un rem\u00e8de cr\u00e9\u00e9 pour soutenir une maternit\u00e9 plus l\u00e9g\u00e8re et joyeuse ! Un \u00e9lixir pour donner plus d'\u00e9lan, de r\u00e9silience, de calme et de renouveau.\u00a0 Il renforce le lien entre une m\u00e8re et son ou ses enfants, am\u00e9liore son intuition et all\u00e8ge le fardeau de responsabilit\u00e9 et l'accablement qui peut\u2026","rel":"","context":"Article similaire","block_context":{"text":"Article similaire","link":""},"img":{"alt_text":"","src":"https:\/\/i0.wp.com\/artstella-elixirs-floraux.com\/wp-content\/uploads\/2025\/03\/wp-image2484.png?resize=350%2C200&ssl=1","width":350,"height":200,"srcset":"https:\/\/i0.wp.com\/artstella-elixirs-floraux.com\/wp-content\/uploads\/2025\/03\/wp-image2484.png?resize=350%2C200&ssl=1 1x, https:\/\/i0.wp.com\/artstella-elixirs-floraux.com\/wp-content\/uploads\/2025\/03\/wp-image2484.png?resize=525%2C300&ssl=1 1.5x"},"classes":[]},{"id":2166,"url":"https:\/\/artstella-elixirs-floraux.com\/fr_fr\/produit\/green-bells-of-ireland-alaskan\/","url_meta":{"origin":2256,"position":3},"title":"Green bells of Ireland Alaskan","author":"eveapprill","date":"9 mars 2025","format":false,"excerpt":"Green bells of Ireland. Molucella laevis D\u00e9racin\u00e9 ; manque de connexion avec la nature, inconscience de la lumi\u00e8re et de l'intelligence pr\u00e9sentes dans la nature.","rel":"","context":"Article similaire","block_context":{"text":"Article similaire","link":""},"img":{"alt_text":"","src":"https:\/\/i0.wp.com\/artstella-elixirs-floraux.com\/wp-content\/uploads\/2025\/03\/wp-image537.png?resize=350%2C200&ssl=1","width":350,"height":200},"classes":[]},{"id":5134,"url":"https:\/\/artstella-elixirs-floraux.com\/fr_fr\/produit\/mater\/","url_meta":{"origin":2256,"position":4},"title":"MATER","author":"eveapprill","date":"9 mars 2025","format":false,"excerpt":"MATER Pour se reconnecter au sch\u00e9ma \u00e9motionnel de la \" M\u00e8re Int\u00e9rieur \".\u00a0Aide \u00e0 clarifier la lign\u00e9e maternelle, aussi bien ascendante que descendante. Apporte soutien et sensibilit\u00e9 physique et psychique \u00e0 la m\u00e8re et d\u00e9veloppe \u00a0l'union et la r\u00e9conciliation m\u00e8re\/enfant. Permet une relation saine \u00e0 l\u2019aspect nourricier aussi bien aux\u2026","rel":"","context":"Article similaire","block_context":{"text":"Article similaire","link":""},"img":{"alt_text":"","src":"https:\/\/i0.wp.com\/artstella-elixirs-floraux.com\/wp-content\/uploads\/2025\/03\/a6cfe814-5c3a-4495-93cc-4857c3bf04fb.jpg?resize=350%2C200&ssl=1","width":350,"height":200,"srcset":"https:\/\/i0.wp.com\/artstella-elixirs-floraux.com\/wp-content\/uploads\/2025\/03\/a6cfe814-5c3a-4495-93cc-4857c3bf04fb.jpg?resize=350%2C200&ssl=1 1x, https:\/\/i0.wp.com\/artstella-elixirs-floraux.com\/wp-content\/uploads\/2025\/03\/a6cfe814-5c3a-4495-93cc-4857c3bf04fb.jpg?resize=525%2C300&ssl=1 1.5x, https:\/\/i0.wp.com\/artstella-elixirs-floraux.com\/wp-content\/uploads\/2025\/03\/a6cfe814-5c3a-4495-93cc-4857c3bf04fb.jpg?resize=700%2C400&ssl=1 2x"},"classes":[]},{"id":2637,"url":"https:\/\/artstella-elixirs-floraux.com\/fr_fr\/produit\/bottlebrush-bush-15ml\/","url_meta":{"origin":2256,"position":5},"title":"BOTTLEBRUSH BUSH 15ml","author":"eveapprill","date":"9 mars 2025","format":false,"excerpt":"BOTTLEBRUSH\u00a0 Etre accabl\u00e9 par les changements importants de la vie, adolescence, vieillesse. S\u00e9r\u00e9nit\u00e9 et calme face aux changements de la vie, renforce les liens entre m\u00e8re et enfant.","rel":"","context":"Article similaire","block_context":{"text":"Article similaire","link":""},"img":{"alt_text":"","src":"https:\/\/i0.wp.com\/artstella-elixirs-floraux.com\/wp-content\/uploads\/2025\/03\/wp-image247.png?resize=350%2C200&ssl=1","width":350,"height":200},"classes":[]}],"_links":{"self":[{"href":"https:\/\/artstella-elixirs-floraux.com\/fr_fr\/wp-json\/wp\/v2\/product\/2256","targetHints":{"allow":["GET"]}}],"collection":[{"href":"https:\/\/artstella-elixirs-floraux.com\/fr_fr\/wp-json\/wp\/v2\/product"}],"about":[{"href":"https:\/\/artstella-elixirs-floraux.com\/fr_fr\/wp-json\/wp\/v2\/types\/product"}],"version-history":[{"count":0,"href":"https:\/\/artstella-elixirs-floraux.com\/fr_fr\/wp-json\/wp\/v2\/product\/2256\/revisions"}],"wp:featuredmedia":[{"embeddable":true,"href":"https:\/\/artstella-elixirs-floraux.com\/fr_fr\/wp-json\/wp\/v2\/media\/2257"}],"wp:attachment":[{"href":"https:\/\/artstella-elixirs-floraux.com\/fr_fr\/wp-json\/wp\/v2\/media?parent=2256"}],"wp:term":[{"taxonomy":"product_brand","embeddable":true,"href":"https:\/\/artstella-elixirs-floraux.com\/fr_fr\/wp-json\/wp\/v2\/product_brand?post=2256"},{"taxonomy":"product_cat","embeddable":true,"href":"https:\/\/artstella-elixirs-floraux.com\/fr_fr\/wp-json\/wp\/v2\/product_cat?post=2256"},{"taxonomy":"product_tag","embeddable":true,"href":"https:\/\/artstella-elixirs-floraux.com\/fr_fr\/wp-json\/wp\/v2\/product_tag?post=2256"}],"curies":[{"name":"wp","href":"https:\/\/api.w.org\/{rel}","templated":true}]}}