{"id":2260,"date":"2025-03-09T12:53:25","date_gmt":"2025-03-09T12:53:25","guid":{"rendered":"https:\/\/artstella-elixirs-floraux.com\/product\/prickly-wild-rose-alaskan\/"},"modified":"2025-04-14T09:56:58","modified_gmt":"2025-04-14T09:56:58","slug":"prickly-wild-rose-alaskan","status":"publish","type":"product","link":"https:\/\/artstella-elixirs-floraux.com\/fr_fr\/produit\/prickly-wild-rose-alaskan\/","title":{"rendered":"Prickly wild rose Alaskan"},"content":{"rendered":"<p><span style=\"color: #008000;\"><strong><em>Prickly wild rose. Rosa acicularis<\/em><\/strong><\/span><\/p>\n<p>Manque de confiance et de foi ; se sent sans espoir ; apathique et sans int\u00e9r\u00eat. Incapacit\u00e9 \u00e0 garder le c\u0153ur ouvert dans les situations hostiles. Pour garder une ouverture de c\u0153ur m\u00eame lorsque nous sommes confront\u00e9s \u00e0 un conflit ou une bagarre ; construit la confiance ; stimule l&rsquo;ouverture et un int\u00e9r\u00eat courageux dans la vie<\/p>\n","protected":false},"excerpt":{"rendered":"<p><span style=\"color: #008000;\"><strong><em>Prickly wild rose. Rosa acicularis<\/em><\/strong><\/span><\/p>\n<p>Manque de confiance et de foi ; se sent sans espoir ; apathique et sans int\u00e9r\u00eat. Incapacit\u00e9 \u00e0 garder le c\u0153ur ouvert dans les situations hostiles.<\/p>\n","protected":false},"featured_media":2261,"template":"","meta":[],"product_brand":[],"product_cat":[119],"product_tag":[],"class_list":{"0":"post-2260","1":"product","2":"type-product","3":"status-publish","4":"has-post-thumbnail","6":"product_cat-les-72-elixirs-floraux","8":"first","9":"instock","10":"taxable","11":"shipping-taxable","12":"purchasable","13":"product-type-variable"},"etheme_brands":{"errors":{"invalid_taxonomy":["Taxonomie non valide."]},"error_data":[]},"jetpack_sharing_enabled":true,"jetpack-related-posts":[{"id":5916,"url":"https:\/\/artstella-elixirs-floraux.com\/fr_fr\/produit\/eglantier-10-ml-deva\/","url_meta":{"origin":2260,"position":0},"title":"Eglantier 10 ml DEVA","author":"eveapprill","date":"9 mars 2025","format":false,"excerpt":"\u00c9glantier - Wild rose Rosa canina Motivation, vitalit\u00e9 Pour surmonter l'apathie, le manque d'int\u00e9r\u00eat, la r\u00e9signation ou l'abandon. S'utilise dans les situations de passivit\u00e9 totale, lorsqu'il n'y a pas d'espoir.","rel":"","context":"Article similaire","block_context":{"text":"Article similaire","link":""},"img":{"alt_text":"","src":"","width":0,"height":0},"classes":[]},{"id":2904,"url":"https:\/\/artstella-elixirs-floraux.com\/fr_fr\/produit\/wild-rose-phi-15-ml\/","url_meta":{"origin":2260,"position":1},"title":"WILD ROSE PHI 15 ML","author":"eveapprill","date":"9 mars 2025","format":false,"excerpt":"Wild Rose (Rosa canina) (Eglantine) Quand nous avons l'impression que rien ne vaut la peine, l'\u00e9glantier renouvelle la joie de vivre et permet de trouver la force de transformer notre situation.","rel":"","context":"Article similaire","block_context":{"text":"Article similaire","link":""},"img":{"alt_text":"","src":"https:\/\/i0.wp.com\/artstella-elixirs-floraux.com\/wp-content\/uploads\/2025\/03\/wp-image1104.png?resize=350%2C200&ssl=1","width":350,"height":200},"classes":[]},{"id":11845,"url":"https:\/\/artstella-elixirs-floraux.com\/fr_fr\/produit\/mood-essence-elixir-pour-lhumeur-30ml-bush\/","url_meta":{"origin":2260,"position":2},"title":"Mood Essence \u00ab\u00a0Elixir pour l&rsquo;humeur\u00a0\u00bb 30ml Bush","author":"eveapprill","date":"10 d\u00e9cembre 2025","format":false,"excerpt":"L\u2019\u00e9lixir \u00ab Mood \u00bb favorise l'\u00e9quilibre \u00e9motionnel, la clart\u00e9, l'optimisme et un sentiment renouvel\u00e9 de joie. Il a \u00e9t\u00e9 con\u00e7u pour traiter et aider \u00e0 soulager les diverses conditions que tant de personnes malheureusement vivent en ce moment.","rel":"","context":"Article similaire","block_context":{"text":"Article similaire","link":""},"img":{"alt_text":"","src":"","width":0,"height":0},"classes":[]},{"id":2323,"url":"https:\/\/artstella-elixirs-floraux.com\/fr_fr\/produit\/tundra-rose-alaskan\/","url_meta":{"origin":2260,"position":3},"title":"Tundra rose Alaskan","author":"eveapprill","date":"9 mars 2025","format":false,"excerpt":"Tundra rose. Potentilla fructicosa Sans espoir ; manque d'inspiration et de motivation ; submerg\u00e9 par les responsabilit\u00e9s dont on s'est charg\u00e9. Redonne espoir, courage et inspiration","rel":"","context":"Article similaire","block_context":{"text":"Article similaire","link":""},"img":{"alt_text":"","src":"https:\/\/i0.wp.com\/artstella-elixirs-floraux.com\/wp-content\/uploads\/2025\/03\/wp-image594.png?resize=350%2C200&ssl=1","width":350,"height":200},"classes":[]},{"id":2725,"url":"https:\/\/artstella-elixirs-floraux.com\/fr_fr\/produit\/confid-confiance-bush-30ml\/","url_meta":{"origin":2260,"position":4},"title":"CONFID Confiance BUSH 30ml","author":"eveapprill","date":"9 mars 2025","format":false,"excerpt":"Confid -\u00a0Confiance Fait na\u00eetre les qualit\u00e9s positives que sont la confiance en soi et l'amour propre. Permet de se sentir \u00e0 l'aise et de combattre tous les complexes d'inf\u00e9riorit\u00e9 ainsi que tout sentiment de culpabilit\u00e9 concernant des actes pass\u00e9s.","rel":"","context":"Article similaire","block_context":{"text":"Article similaire","link":""},"img":{"alt_text":"","src":"https:\/\/i0.wp.com\/artstella-elixirs-floraux.com\/wp-content\/uploads\/2025\/03\/cc21bcd6-7999-45bb-9f36-13d8bcf95728.jpg?resize=350%2C200&ssl=1","width":350,"height":200,"srcset":"https:\/\/i0.wp.com\/artstella-elixirs-floraux.com\/wp-content\/uploads\/2025\/03\/cc21bcd6-7999-45bb-9f36-13d8bcf95728.jpg?resize=350%2C200&ssl=1 1x, https:\/\/i0.wp.com\/artstella-elixirs-floraux.com\/wp-content\/uploads\/2025\/03\/cc21bcd6-7999-45bb-9f36-13d8bcf95728.jpg?resize=525%2C300&ssl=1 1.5x, https:\/\/i0.wp.com\/artstella-elixirs-floraux.com\/wp-content\/uploads\/2025\/03\/cc21bcd6-7999-45bb-9f36-13d8bcf95728.jpg?resize=700%2C400&ssl=1 2x"},"classes":[]},{"id":2182,"url":"https:\/\/artstella-elixirs-floraux.com\/fr_fr\/produit\/hairy-buttertwort-alaskan\/","url_meta":{"origin":2260,"position":5},"title":"Hairy buttertwort Alaskan","author":"eveapprill","date":"9 mars 2025","format":false,"excerpt":"Hairy buttertwort. Pinguicula villosa Incapacit\u00e9 \u00e0 reconna\u00eetre ou \u00e0 faire confiance \u00e0 la guidance int\u00e9rieure, plus sp\u00e9cialement dans les moments de d\u00e9fi ou de le\u00e7ons de vie ; manque de conscience du probl\u00e8me cl\u00e9 qui permet de r\u00e9soudre une situation.","rel":"","context":"Article similaire","block_context":{"text":"Article similaire","link":""},"img":{"alt_text":"","src":"https:\/\/i0.wp.com\/artstella-elixirs-floraux.com\/wp-content\/uploads\/2025\/03\/wp-image541.png?resize=350%2C200&ssl=1","width":350,"height":200},"classes":[]}],"_links":{"self":[{"href":"https:\/\/artstella-elixirs-floraux.com\/fr_fr\/wp-json\/wp\/v2\/product\/2260","targetHints":{"allow":["GET"]}}],"collection":[{"href":"https:\/\/artstella-elixirs-floraux.com\/fr_fr\/wp-json\/wp\/v2\/product"}],"about":[{"href":"https:\/\/artstella-elixirs-floraux.com\/fr_fr\/wp-json\/wp\/v2\/types\/product"}],"version-history":[{"count":0,"href":"https:\/\/artstella-elixirs-floraux.com\/fr_fr\/wp-json\/wp\/v2\/product\/2260\/revisions"}],"wp:featuredmedia":[{"embeddable":true,"href":"https:\/\/artstella-elixirs-floraux.com\/fr_fr\/wp-json\/wp\/v2\/media\/2261"}],"wp:attachment":[{"href":"https:\/\/artstella-elixirs-floraux.com\/fr_fr\/wp-json\/wp\/v2\/media?parent=2260"}],"wp:term":[{"taxonomy":"product_brand","embeddable":true,"href":"https:\/\/artstella-elixirs-floraux.com\/fr_fr\/wp-json\/wp\/v2\/product_brand?post=2260"},{"taxonomy":"product_cat","embeddable":true,"href":"https:\/\/artstella-elixirs-floraux.com\/fr_fr\/wp-json\/wp\/v2\/product_cat?post=2260"},{"taxonomy":"product_tag","embeddable":true,"href":"https:\/\/artstella-elixirs-floraux.com\/fr_fr\/wp-json\/wp\/v2\/product_tag?post=2260"}],"curies":[{"name":"wp","href":"https:\/\/api.w.org\/{rel}","templated":true}]}}