{"id":2264,"date":"2025-03-09T12:53:29","date_gmt":"2025-03-09T12:53:29","guid":{"rendered":"https:\/\/artstella-elixirs-floraux.com\/product\/river-beauty-alaskan\/"},"modified":"2025-04-14T09:47:08","modified_gmt":"2025-04-14T09:47:08","slug":"river-beauty-alaskan","status":"publish","type":"product","link":"https:\/\/artstella-elixirs-floraux.com\/fr_fr\/produit\/river-beauty-alaskan\/","title":{"rendered":"River beauty Alaskan"},"content":{"rendered":"<p><span style=\"color: #008000;\"><strong><em>River beauty. Epilobium latifolium<\/em><\/strong><\/span><\/p>\n<p>An\u00e9antissement \u00e9motionnel ; d\u00e9pass\u00e9 par le chagrin et la tristesse, ou un sentiment intense de perte ; choc ou traumatisme li\u00e9s \u00e0 l&rsquo;abus sexuel ou \u00e9motionnel. Un \u00e9lixir de r\u00e9cup\u00e9ration \u00e9motionnelle, r\u00e9orientation et r\u00e9g\u00e9n\u00e9ration ; pour red\u00e9marrer apr\u00e8s des exp\u00e9riences d\u00e9vastatrices. Nous aide \u00e0 utiliser les circonstances d\u00e9favorables en opportunit\u00e9s de transformation et de croissance.<\/p>\n","protected":false},"excerpt":{"rendered":"<p><span style=\"color: #008000;\"><strong><em>River beauty. Epilobium latifolium<\/em><\/strong><\/span><\/p>\n<p>An\u00e9antissement \u00e9motionnel ; d\u00e9pass\u00e9 par le chagrin et la tristesse, ou un sentiment intense de perte ;<\/p>\n","protected":false},"featured_media":2265,"template":"","meta":[],"product_brand":[],"product_cat":[119],"product_tag":[],"class_list":{"0":"post-2264","1":"product","2":"type-product","3":"status-publish","4":"has-post-thumbnail","6":"product_cat-les-72-elixirs-floraux","8":"first","9":"instock","10":"taxable","11":"shipping-taxable","12":"purchasable","13":"product-type-variable"},"etheme_brands":{"errors":{"invalid_taxonomy":["Taxonomie non valide."]},"error_data":[]},"jetpack_sharing_enabled":true,"jetpack-related-posts":[{"id":2709,"url":"https:\/\/artstella-elixirs-floraux.com\/fr_fr\/produit\/soul-support-alaska\/","url_meta":{"origin":2264,"position":0},"title":"SOUL SUPPORT ALASKA","author":"eveapprill","date":"9 mars 2025","format":false,"excerpt":"Soul support (Support de l\u2019\u00e2me) existe en spray Contient : Cattell Pollen. Chalice well. Cotton Grass. Firenze. Labrador Tema. Malachite. River Beauty. Tuby. White Firenze.. Correspond \u00e0 la pr\u00e9paration d\u2019urgence. Elle peut \u00eatre utilis\u00e9e pour maintenir force et stabilit\u00e9 et \u00e9quilibre dans toute situation de stress ou de traumatisme","rel":"","context":"Article similaire","block_context":{"text":"Article similaire","link":""},"img":{"alt_text":"","src":"https:\/\/i0.wp.com\/artstella-elixirs-floraux.com\/wp-content\/uploads\/2025\/03\/ca7328c6-de94-4934-a288-a35ba1678624.jpg?resize=350%2C200&ssl=1","width":350,"height":200,"srcset":"https:\/\/i0.wp.com\/artstella-elixirs-floraux.com\/wp-content\/uploads\/2025\/03\/ca7328c6-de94-4934-a288-a35ba1678624.jpg?resize=350%2C200&ssl=1 1x, https:\/\/i0.wp.com\/artstella-elixirs-floraux.com\/wp-content\/uploads\/2025\/03\/ca7328c6-de94-4934-a288-a35ba1678624.jpg?resize=525%2C300&ssl=1 1.5x, https:\/\/i0.wp.com\/artstella-elixirs-floraux.com\/wp-content\/uploads\/2025\/03\/ca7328c6-de94-4934-a288-a35ba1678624.jpg?resize=700%2C400&ssl=1 2x"},"classes":[]},{"id":5875,"url":"https:\/\/artstella-elixirs-floraux.com\/fr_fr\/produit\/soul-support-spray-120ml\/","url_meta":{"origin":2264,"position":1},"title":"SOUL SUPPORT SPRAY ALASKA","author":"eveapprill","date":"9 mars 2025","format":false,"excerpt":"Soul support (Soutien de l\u2019\u00e2me) Correspond \u00e0 la pr\u00e9paration d\u2019urgence.","rel":"","context":"Article similaire","block_context":{"text":"Article similaire","link":""},"img":{"alt_text":"Sprays","src":"https:\/\/i0.wp.com\/artstella-elixirs-floraux.com\/wp-content\/uploads\/2025\/03\/7691d083-6c4b-4693-8449-eb757c5320ed.jpg?resize=350%2C200&ssl=1","width":350,"height":200,"srcset":"https:\/\/i0.wp.com\/artstella-elixirs-floraux.com\/wp-content\/uploads\/2025\/03\/7691d083-6c4b-4693-8449-eb757c5320ed.jpg?resize=350%2C200&ssl=1 1x, https:\/\/i0.wp.com\/artstella-elixirs-floraux.com\/wp-content\/uploads\/2025\/03\/7691d083-6c4b-4693-8449-eb757c5320ed.jpg?resize=525%2C300&ssl=1 1.5x, https:\/\/i0.wp.com\/artstella-elixirs-floraux.com\/wp-content\/uploads\/2025\/03\/7691d083-6c4b-4693-8449-eb757c5320ed.jpg?resize=700%2C400&ssl=1 2x"},"classes":[]},{"id":6290,"url":"https:\/\/artstella-elixirs-floraux.com\/fr_fr\/produit\/yerba-santa-sylfos-15ml\/","url_meta":{"origin":2264,"position":2},"title":"YERBA SANTA SYLFOS 15ML","author":"eveapprill","date":"9 mars 2025","format":false,"excerpt":"YERBA SANTA (Eriodictyoncalifornicum) \u00a0Lib\u00e9ration - \u00a0Ouverture -\u00a0 Conscience facilite la lib\u00e9ration des traumatismes et des impuret\u00e9s \u00e9motionnelles, souvent profond\u00e9ment refoul\u00e9es. Pour ceux, confront\u00e9s \u00e0 un chagrin profond, comme la perte d'un parent ou d'un \u00eatre cher, d\u00e8s le d\u00e9but de sa vie, il restaure progressivement le temple du c\u0153ur, le\u2026","rel":"","context":"Article similaire","block_context":{"text":"Article similaire","link":""},"img":{"alt_text":"","src":"https:\/\/i0.wp.com\/artstella-elixirs-floraux.com\/wp-content\/uploads\/2025\/03\/wp-image2233.png?resize=350%2C200&ssl=1","width":350,"height":200},"classes":[]},{"id":3322,"url":"https:\/\/artstella-elixirs-floraux.com\/fr_fr\/produit\/aubepine-15-ml-phi\/","url_meta":{"origin":2264,"position":3},"title":"AUBEPINE 15 ML PHI","author":"eveapprill","date":"9 mars 2025","format":false,"excerpt":"Aub\u00e9pine (Crataegus oxyacantha) (Weissdorn) L'\u00e9lixir dissout les profonds sentiments de tristesse et apporte une d\u00e9tente \u00e9motionnelle. Il aide \u00e0 l\u00e2cher prise et permet \u00e0 la vie de se r\u00e9animer en nous.","rel":"","context":"Article similaire","block_context":{"text":"Article similaire","link":""},"img":{"alt_text":"","src":"https:\/\/i0.wp.com\/artstella-elixirs-floraux.com\/wp-content\/uploads\/2025\/03\/wp-image701.png?resize=350%2C200&ssl=1","width":350,"height":200},"classes":[]},{"id":4460,"url":"https:\/\/artstella-elixirs-floraux.com\/fr_fr\/produit\/red-suva-frangipani-15-ml-bush\/","url_meta":{"origin":2264,"position":4},"title":"RED SUVA FRANGIPANI 15 ML BUSH","author":"eveapprill","date":"9 mars 2025","format":false,"excerpt":"Red Suva Frangipani Chagrin et bouleversements \u00e9motionnels au sujet d\u2019une relation difficile ou d\u2019une rupture. Se sentir calme et aim\u00e9, paix int\u00e9rieure.","rel":"","context":"Article similaire","block_context":{"text":"Article similaire","link":""},"img":{"alt_text":"","src":"https:\/\/i0.wp.com\/artstella-elixirs-floraux.com\/wp-content\/uploads\/2025\/03\/wp-image1060.png?resize=350%2C200&ssl=1","width":350,"height":200},"classes":[]},{"id":2376,"url":"https:\/\/artstella-elixirs-floraux.com\/fr_fr\/produit\/glacier-river\/","url_meta":{"origin":2264,"position":5},"title":"GLACIER RIVER","author":"eveapprill","date":"9 mars 2025","format":false,"excerpt":"Glacier river. Rivi\u00e8re glaciaire Un \u00e9lixir d'eau solaris\u00e9e pr\u00e9par\u00e9e sous de la fin du glacier Gulbana dans la zone centrale d'Alaska. Cette eau \u00e9merge de la base du glacier charriant des particules en suspension des pierres, dues \u00e0 l'\u00e9rosion par la pression constante et le d\u00e9placement de la glace.","rel":"","context":"Article similaire","block_context":{"text":"Article similaire","link":""},"img":{"alt_text":"","src":"https:\/\/i0.wp.com\/artstella-elixirs-floraux.com\/wp-content\/uploads\/2025\/03\/Glacier_River_1024x1024.jpg?resize=350%2C200&ssl=1","width":350,"height":200},"classes":[]}],"_links":{"self":[{"href":"https:\/\/artstella-elixirs-floraux.com\/fr_fr\/wp-json\/wp\/v2\/product\/2264","targetHints":{"allow":["GET"]}}],"collection":[{"href":"https:\/\/artstella-elixirs-floraux.com\/fr_fr\/wp-json\/wp\/v2\/product"}],"about":[{"href":"https:\/\/artstella-elixirs-floraux.com\/fr_fr\/wp-json\/wp\/v2\/types\/product"}],"version-history":[{"count":0,"href":"https:\/\/artstella-elixirs-floraux.com\/fr_fr\/wp-json\/wp\/v2\/product\/2264\/revisions"}],"wp:featuredmedia":[{"embeddable":true,"href":"https:\/\/artstella-elixirs-floraux.com\/fr_fr\/wp-json\/wp\/v2\/media\/2265"}],"wp:attachment":[{"href":"https:\/\/artstella-elixirs-floraux.com\/fr_fr\/wp-json\/wp\/v2\/media?parent=2264"}],"wp:term":[{"taxonomy":"product_brand","embeddable":true,"href":"https:\/\/artstella-elixirs-floraux.com\/fr_fr\/wp-json\/wp\/v2\/product_brand?post=2264"},{"taxonomy":"product_cat","embeddable":true,"href":"https:\/\/artstella-elixirs-floraux.com\/fr_fr\/wp-json\/wp\/v2\/product_cat?post=2264"},{"taxonomy":"product_tag","embeddable":true,"href":"https:\/\/artstella-elixirs-floraux.com\/fr_fr\/wp-json\/wp\/v2\/product_tag?post=2264"}],"curies":[{"name":"wp","href":"https:\/\/api.w.org\/{rel}","templated":true}]}}