{"id":2268,"date":"2025-03-09T12:53:33","date_gmt":"2025-03-09T12:53:33","guid":{"rendered":"https:\/\/artstella-elixirs-floraux.com\/product\/round-leaved-sundew-alaskan\/"},"modified":"2025-04-14T09:42:18","modified_gmt":"2025-04-14T09:42:18","slug":"round-leaved-sundew-alaskan","status":"publish","type":"product","link":"https:\/\/artstella-elixirs-floraux.com\/fr_fr\/produit\/round-leaved-sundew-alaskan\/","title":{"rendered":"Round-leaved sundew Alaskan"},"content":{"rendered":"<p><span style=\"color: #008000;\"><strong><em>Round-leaved sundew. Drosera rotundifolia<\/em><\/strong><\/span><\/p>\n<p>Attachement au connu, peur de l&rsquo;inconnu ; pr\u00e9f\u00e8re lutter que de changer ; sur-identification \u00e0 l&rsquo;ego. Pour renoncer \u00e0 l&rsquo;attachement au connu et \u00e0 la r\u00e9sistance \u00e0 l&rsquo;inconnu, pour aligner notre ego avec la volont\u00e9 divine.<\/p>\n","protected":false},"excerpt":{"rendered":"<p><span style=\"color: #008000;\"><strong><em>Round-leaved sundew. Drosera rotundifolia<\/em><\/strong><\/span><\/p>\n<p>Attachement au connu, peur de l&rsquo;inconnu ; pr\u00e9f\u00e8re lutter que de changer ; sur-identification \u00e0 l&rsquo;ego.<\/p>\n","protected":false},"featured_media":2269,"template":"","meta":[],"product_brand":[],"product_cat":[119],"product_tag":[],"class_list":{"0":"post-2268","1":"product","2":"type-product","3":"status-publish","4":"has-post-thumbnail","6":"product_cat-les-72-elixirs-floraux","8":"first","9":"instock","10":"taxable","11":"shipping-taxable","12":"purchasable","13":"product-type-variable"},"etheme_brands":{"errors":{"invalid_taxonomy":["Taxonomie non valide."]},"error_data":[]},"jetpack_sharing_enabled":true,"jetpack-related-posts":[{"id":5146,"url":"https:\/\/artstella-elixirs-floraux.com\/fr_fr\/produit\/sundew-15-ml\/","url_meta":{"origin":2268,"position":0},"title":"Sundew 15 ml","author":"eveapprill","date":"9 mars 2025","format":false,"excerpt":"Cette plante carnivore est destin\u00e9e aux ind\u00e9cis, aux impr\u00e9cis qui ne font pas attention aux d\u00e9tails. A ceux qui ont tendance \u00e0 fuir facilement, particuli\u00e8rement quand il y a un travail \u00e0 faire. Cet \u00e9lixir va leur permettre de se relier au pr\u00e9sent, \u00e0 les enraciner dans \"l'ici et maintenant\".","rel":"","context":"Article similaire","block_context":{"text":"Article similaire","link":""},"img":{"alt_text":"","src":"https:\/\/i0.wp.com\/artstella-elixirs-floraux.com\/wp-content\/uploads\/2025\/03\/wp-image1451.png?resize=350%2C200&ssl=1","width":350,"height":200},"classes":[]},{"id":4072,"url":"https:\/\/artstella-elixirs-floraux.com\/fr_fr\/produit\/toloache-15-ml-sylfos\/","url_meta":{"origin":2268,"position":1},"title":"TOLOACHE \/ TROMPETTE DU JUGEMENT DERNIER SYLFOS","author":"eveapprill","date":"9 mars 2025","format":false,"excerpt":"TOLOACHE Datura arborea Courage, foi. Aide \u00e0 surmonter la peur de la mort et la peur de l\u2019inconnu. Pour accepter le d\u00e9part d\u2019un \u00eatre cher avec compr\u00e9hension et compassion, en se lib\u00e9rant des attachements \u00e9motionnels...","rel":"","context":"Article similaire","block_context":{"text":"Article similaire","link":""},"img":{"alt_text":"","src":"","width":0,"height":0},"classes":[]},{"id":4110,"url":"https:\/\/artstella-elixirs-floraux.com\/fr_fr\/produit\/puma-el-chamaniques-15-ml\/","url_meta":{"origin":2268,"position":2},"title":"PUMA EL CHAMANIQUES 15 ML","author":"eveapprill","date":"9 mars 2025","format":false,"excerpt":"PUMA\u00a0 \" Le Gardien du Temple\" Leadership \u2013 Contr\u00f4le de l\u2019ego - Pouvoir L\u2019\u00e9lixir aide \u00e0 prendre nos responsabilit\u00e9s. Il soutient l\u2019action efficace et apporte l\u2019aide n\u00e9cessaire pour manifester nos r\u00eaves et nos visions.","rel":"","context":"Article similaire","block_context":{"text":"Article similaire","link":""},"img":{"alt_text":"","src":"","width":0,"height":0},"classes":[]},{"id":5958,"url":"https:\/\/artstella-elixirs-floraux.com\/fr_fr\/produit\/tremble-15ml-deva\/","url_meta":{"origin":2268,"position":3},"title":"Tremble 15ml DEVA","author":"eveapprill","date":"9 mars 2025","format":false,"excerpt":"Tremble - Aspen Populus tremula Compr\u00e9hension et acceptation de l\u2019inconnu Apporte le courage pour faire face \u00e0 l'inconnu. Pour surmonter les peurs d'origine inconnue, les peurs vagues, irraisonn\u00e9es et inexplicables.","rel":"","context":"Article similaire","block_context":{"text":"Article similaire","link":""},"img":{"alt_text":"","src":"","width":0,"height":0},"classes":[]},{"id":2733,"url":"https:\/\/artstella-elixirs-floraux.com\/fr_fr\/produit\/emergency-urgence-bush-30ml\/","url_meta":{"origin":2268,"position":4},"title":"EMERGENCY \u00ab\u00a0Urgence\u00a0\u00bb BUSH 30ml","author":"eveapprill","date":"9 mars 2025","format":false,"excerpt":"Emergency -\u00a0Urgence Ce compos\u00e9 a une action calmante et rassurante.","rel":"","context":"Article similaire","block_context":{"text":"Article similaire","link":""},"img":{"alt_text":"","src":"https:\/\/i0.wp.com\/artstella-elixirs-floraux.com\/wp-content\/uploads\/2025\/03\/e2a8e2ab-de62-4b3d-ab75-01b6f4b749db.jpg?resize=350%2C200&ssl=1","width":350,"height":200,"srcset":"https:\/\/i0.wp.com\/artstella-elixirs-floraux.com\/wp-content\/uploads\/2025\/03\/e2a8e2ab-de62-4b3d-ab75-01b6f4b749db.jpg?resize=350%2C200&ssl=1 1x, https:\/\/i0.wp.com\/artstella-elixirs-floraux.com\/wp-content\/uploads\/2025\/03\/e2a8e2ab-de62-4b3d-ab75-01b6f4b749db.jpg?resize=525%2C300&ssl=1 1.5x, https:\/\/i0.wp.com\/artstella-elixirs-floraux.com\/wp-content\/uploads\/2025\/03\/e2a8e2ab-de62-4b3d-ab75-01b6f4b749db.jpg?resize=700%2C400&ssl=1 2x"},"classes":[]},{"id":2102,"url":"https:\/\/artstella-elixirs-floraux.com\/fr_fr\/produit\/bog-rosemary-alaska\/","url_meta":{"origin":2268,"position":5},"title":"BOG ROSEMARY ALASKA","author":"eveapprill","date":"9 mars 2025","format":false,"excerpt":"BOG ROSEMARY ALASKA Pour le manque de confiance, la peur paralysante de l'inconnu, l'incapacit\u00e9 de prendre des risques. lib\u00e8re de la peur et de la r\u00e9sistance \u00e0 avancer. Renforce la foi.","rel":"","context":"Article similaire","block_context":{"text":"Article similaire","link":""},"img":{"alt_text":"","src":"https:\/\/i0.wp.com\/artstella-elixirs-floraux.com\/wp-content\/uploads\/2025\/03\/wp-image45.png?resize=350%2C200&ssl=1","width":350,"height":200},"classes":[]}],"_links":{"self":[{"href":"https:\/\/artstella-elixirs-floraux.com\/fr_fr\/wp-json\/wp\/v2\/product\/2268","targetHints":{"allow":["GET"]}}],"collection":[{"href":"https:\/\/artstella-elixirs-floraux.com\/fr_fr\/wp-json\/wp\/v2\/product"}],"about":[{"href":"https:\/\/artstella-elixirs-floraux.com\/fr_fr\/wp-json\/wp\/v2\/types\/product"}],"version-history":[{"count":0,"href":"https:\/\/artstella-elixirs-floraux.com\/fr_fr\/wp-json\/wp\/v2\/product\/2268\/revisions"}],"wp:featuredmedia":[{"embeddable":true,"href":"https:\/\/artstella-elixirs-floraux.com\/fr_fr\/wp-json\/wp\/v2\/media\/2269"}],"wp:attachment":[{"href":"https:\/\/artstella-elixirs-floraux.com\/fr_fr\/wp-json\/wp\/v2\/media?parent=2268"}],"wp:term":[{"taxonomy":"product_brand","embeddable":true,"href":"https:\/\/artstella-elixirs-floraux.com\/fr_fr\/wp-json\/wp\/v2\/product_brand?post=2268"},{"taxonomy":"product_cat","embeddable":true,"href":"https:\/\/artstella-elixirs-floraux.com\/fr_fr\/wp-json\/wp\/v2\/product_cat?post=2268"},{"taxonomy":"product_tag","embeddable":true,"href":"https:\/\/artstella-elixirs-floraux.com\/fr_fr\/wp-json\/wp\/v2\/product_tag?post=2268"}],"curies":[{"name":"wp","href":"https:\/\/api.w.org\/{rel}","templated":true}]}}