{"id":2272,"date":"2025-03-09T12:53:36","date_gmt":"2025-03-09T12:53:36","guid":{"rendered":"https:\/\/artstella-elixirs-floraux.com\/product\/shooting-star-alaskan\/"},"modified":"2025-04-14T09:40:23","modified_gmt":"2025-04-14T09:40:23","slug":"shooting-star-alaskan","status":"publish","type":"product","link":"https:\/\/artstella-elixirs-floraux.com\/fr_fr\/produit\/shooting-star-alaskan\/","title":{"rendered":"Shooting star Alaskan"},"content":{"rendered":"<p><strong><em>Shooting star. Dodecatheon frigidum<\/em><\/strong><\/p>\n<p>Sentiment de ne pas appartenir \u00e0 la terre ; nostalgie d&rsquo;un pays inconnu ; incapacit\u00e9 \u00e0 comprendre sa raison d&rsquo;\u00eatre ici. Renforce son lien \u00e0 la guidance spirituelle int\u00e9rieure ; am\u00e9liore la compr\u00e9hension de notre origine cosmique et de notre destin\u00e9e terrestre.<\/p>\n","protected":false},"excerpt":{"rendered":"<p><span style=\"color: #008000;\"><strong><em>Shooting star. Dodecatheon frigidum<\/em><\/strong><\/span><\/p>\n<p>Sentiment de ne pas appartenir \u00e0 la terre ; nostalgie d&rsquo;un pays inconnu ; incapacit\u00e9 \u00e0 comprendre sa raison d&rsquo;\u00eatre ici.<\/p>\n","protected":false},"featured_media":2273,"template":"","meta":[],"product_brand":[],"product_cat":[119],"product_tag":[],"class_list":{"0":"post-2272","1":"product","2":"type-product","3":"status-publish","4":"has-post-thumbnail","6":"product_cat-les-72-elixirs-floraux","8":"first","9":"instock","10":"taxable","11":"shipping-taxable","12":"purchasable","13":"product-type-variable"},"etheme_brands":{"errors":{"invalid_taxonomy":["Taxonomie non valide."]},"error_data":[]},"jetpack_sharing_enabled":true,"jetpack-related-posts":[{"id":2137,"url":"https:\/\/artstella-elixirs-floraux.com\/fr_fr\/produit\/cow-parsnip-alaska\/","url_meta":{"origin":2272,"position":0},"title":"COW PARSNIP ALASKA","author":"eveapprill","date":"9 mars 2025","format":false,"excerpt":"COW PARSNIP ALASKA D\u00e9racin\u00e9 ; incertain de sa direction int\u00e9rieure, incapacit\u00e9 \u00e0 s'adapter apr\u00e8s un changement ou un d\u00e9m\u00e9nagement. Mal du pays, nostalgie. Favorise l'adaptation \u00e0 un nouvel environnement et la paix de l'esprit m\u00eame dans des p\u00e9riodes de grands changements.","rel":"","context":"Article similaire","block_context":{"text":"Article similaire","link":""},"img":{"alt_text":"","src":"https:\/\/i0.wp.com\/artstella-elixirs-floraux.com\/wp-content\/uploads\/2025\/03\/wp-image557.png?resize=350%2C200&ssl=1","width":350,"height":200,"srcset":"https:\/\/i0.wp.com\/artstella-elixirs-floraux.com\/wp-content\/uploads\/2025\/03\/wp-image557.png?resize=350%2C200&ssl=1 1x, https:\/\/i0.wp.com\/artstella-elixirs-floraux.com\/wp-content\/uploads\/2025\/03\/wp-image557.png?resize=525%2C300&ssl=1 1.5x"},"classes":[]},{"id":5970,"url":"https:\/\/artstella-elixirs-floraux.com\/fr_fr\/produit\/strophaire-orangee-bloesem-10-ml\/","url_meta":{"origin":2272,"position":1},"title":"STROPHAIRE ORANG\u00c9E BLOESEM 10 ML","author":"eveapprill","date":"9 mars 2025","format":false,"excerpt":"STROPHAIRE ORANG\u00c9E - ORANJERODE STROPHARIA \u2013Stropharia aurantiaca C\u2019est un champignon tr\u00e8s rare qui est originaire de l\u2019Australie et dont les spores ont \u00e9t\u00e9 apport\u00e9es par les vents jusqu\u2019aux Pays-Bas. Son action a trait \u00e0 la tristesse li\u00e9e au sentiment de ne pas appartenir \u00e0 la Terre, avec pour r\u00e9sultat d\u2019\u00eatre\u2026","rel":"","context":"Article similaire","block_context":{"text":"Article similaire","link":""},"img":{"alt_text":"","src":"","width":0,"height":0},"classes":[]},{"id":2363,"url":"https:\/\/artstella-elixirs-floraux.com\/fr_fr\/produit\/yellow-dryas-alaskan\/","url_meta":{"origin":2272,"position":2},"title":"Yellow Dryas Alaskan","author":"eveapprill","date":"9 mars 2025","format":false,"excerpt":"Yellow Dryas. Dryas drummondii Se sent \u00e9tranger \u00e0 sa famille d'\u00e2me. Incapacit\u00e9 \u00e0 sentir le fil conducteur qui fait de nos exp\u00e9riences un tout coh\u00e9rent et compr\u00e9hensible.","rel":"","context":"Article similaire","block_context":{"text":"Article similaire","link":""},"img":{"alt_text":"wp-image604","src":"https:\/\/i0.wp.com\/artstella-elixirs-floraux.com\/wp-content\/uploads\/2025\/03\/wp-image604.png?resize=350%2C200&ssl=1","width":350,"height":200},"classes":[]},{"id":2102,"url":"https:\/\/artstella-elixirs-floraux.com\/fr_fr\/produit\/bog-rosemary-alaska\/","url_meta":{"origin":2272,"position":3},"title":"BOG ROSEMARY ALASKA","author":"eveapprill","date":"9 mars 2025","format":false,"excerpt":"BOG ROSEMARY ALASKA Pour le manque de confiance, la peur paralysante de l'inconnu, l'incapacit\u00e9 de prendre des risques. lib\u00e8re de la peur et de la r\u00e9sistance \u00e0 avancer. Renforce la foi.","rel":"","context":"Article similaire","block_context":{"text":"Article similaire","link":""},"img":{"alt_text":"","src":"https:\/\/i0.wp.com\/artstella-elixirs-floraux.com\/wp-content\/uploads\/2025\/03\/wp-image45.png?resize=350%2C200&ssl=1","width":350,"height":200},"classes":[]},{"id":2260,"url":"https:\/\/artstella-elixirs-floraux.com\/fr_fr\/produit\/prickly-wild-rose-alaskan\/","url_meta":{"origin":2272,"position":4},"title":"Prickly wild rose Alaskan","author":"eveapprill","date":"9 mars 2025","format":false,"excerpt":"Prickly wild rose. Rosa acicularis Manque de confiance et de foi ; se sent sans espoir ; apathique et sans int\u00e9r\u00eat. Incapacit\u00e9 \u00e0 garder le c\u0153ur ouvert dans les situations hostiles.","rel":"","context":"Article similaire","block_context":{"text":"Article similaire","link":""},"img":{"alt_text":"","src":"https:\/\/i0.wp.com\/artstella-elixirs-floraux.com\/wp-content\/uploads\/2025\/03\/wp-image576.png?resize=350%2C200&ssl=1","width":350,"height":200},"classes":[]},{"id":5974,"url":"https:\/\/artstella-elixirs-floraux.com\/fr_fr\/produit\/living-star-ligth-bloesem-10ml\/","url_meta":{"origin":2272,"position":5},"title":"LIVING STAR LIGTH BLOESEM 10ML","author":"eveapprill","date":"9 mars 2025","format":false,"excerpt":"LIVING STAR LIGHT Cet \u00e9lixir n\u2019est ni un compos\u00e9 ni une essence florale, mais une essence cosmique. Elle nous met en contact avec notre \u00eatre naturel terrien et avec les \u00e9toiles. Elle a \u00e9t\u00e9 pr\u00e9par\u00e9e \u00e0 partir d\u2019une \u00e9toile \u00e0 cinq branches, avec trois sur le plan horizontal, une autre\u2026","rel":"","context":"Article similaire","block_context":{"text":"Article similaire","link":""},"img":{"alt_text":"","src":"","width":0,"height":0},"classes":[]}],"_links":{"self":[{"href":"https:\/\/artstella-elixirs-floraux.com\/fr_fr\/wp-json\/wp\/v2\/product\/2272","targetHints":{"allow":["GET"]}}],"collection":[{"href":"https:\/\/artstella-elixirs-floraux.com\/fr_fr\/wp-json\/wp\/v2\/product"}],"about":[{"href":"https:\/\/artstella-elixirs-floraux.com\/fr_fr\/wp-json\/wp\/v2\/types\/product"}],"version-history":[{"count":0,"href":"https:\/\/artstella-elixirs-floraux.com\/fr_fr\/wp-json\/wp\/v2\/product\/2272\/revisions"}],"wp:featuredmedia":[{"embeddable":true,"href":"https:\/\/artstella-elixirs-floraux.com\/fr_fr\/wp-json\/wp\/v2\/media\/2273"}],"wp:attachment":[{"href":"https:\/\/artstella-elixirs-floraux.com\/fr_fr\/wp-json\/wp\/v2\/media?parent=2272"}],"wp:term":[{"taxonomy":"product_brand","embeddable":true,"href":"https:\/\/artstella-elixirs-floraux.com\/fr_fr\/wp-json\/wp\/v2\/product_brand?post=2272"},{"taxonomy":"product_cat","embeddable":true,"href":"https:\/\/artstella-elixirs-floraux.com\/fr_fr\/wp-json\/wp\/v2\/product_cat?post=2272"},{"taxonomy":"product_tag","embeddable":true,"href":"https:\/\/artstella-elixirs-floraux.com\/fr_fr\/wp-json\/wp\/v2\/product_tag?post=2272"}],"curies":[{"name":"wp","href":"https:\/\/api.w.org\/{rel}","templated":true}]}}