{"id":2276,"date":"2025-03-09T12:53:40","date_gmt":"2025-03-09T12:53:40","guid":{"rendered":"https:\/\/artstella-elixirs-floraux.com\/product\/single-delight-alaskan\/"},"modified":"2025-04-14T09:38:27","modified_gmt":"2025-04-14T09:38:27","slug":"single-delight-alaskan","status":"publish","type":"product","link":"https:\/\/artstella-elixirs-floraux.com\/fr_fr\/produit\/single-delight-alaskan\/","title":{"rendered":"Single delight Alaskan"},"content":{"rendered":"<p><span style=\"color: #008000;\"><strong><em>Single delight. Moneses uniflora<\/em><\/strong><\/span><\/p>\n<p>Se sent isol\u00e9 et esseul\u00e9, sp\u00e9cialement au cours d&rsquo;une p\u00e9riode sombre et d\u00e9primante ; vision int\u00e9rieure embrum\u00e9e ; incapacit\u00e9 \u00e0 ressentir la connexion avec sa \u00ab\u00a0famille d&rsquo;\u00e2me\u00a0\u00bb. Nous aide \u00e0 nous ouvrir et \u00e0 nous relier avec les autres membres de notre famille d&rsquo;\u00e2me.<\/p>\n","protected":false},"excerpt":{"rendered":"<p><span style=\"color: #008000;\"><strong><em>Single delight. Moneses uniflora<\/em><\/strong><\/span><\/p>\n<p>Se sent isol\u00e9 et esseul\u00e9, sp\u00e9cialement au cours d&rsquo;une p\u00e9riode sombre et d\u00e9primante ;<\/p>\n","protected":false},"featured_media":2277,"template":"","meta":[],"product_brand":[],"product_cat":[119],"product_tag":[],"class_list":{"0":"post-2276","1":"product","2":"type-product","3":"status-publish","4":"has-post-thumbnail","6":"product_cat-les-72-elixirs-floraux","8":"first","9":"instock","10":"taxable","11":"shipping-taxable","12":"purchasable","13":"product-type-variable"},"etheme_brands":{"errors":{"invalid_taxonomy":["Taxonomie non valide."]},"error_data":[]},"jetpack_sharing_enabled":true,"jetpack-related-posts":[{"id":2363,"url":"https:\/\/artstella-elixirs-floraux.com\/fr_fr\/produit\/yellow-dryas-alaskan\/","url_meta":{"origin":2276,"position":0},"title":"Yellow Dryas Alaskan","author":"eveapprill","date":"9 mars 2025","format":false,"excerpt":"Yellow Dryas. Dryas drummondii Se sent \u00e9tranger \u00e0 sa famille d'\u00e2me. Incapacit\u00e9 \u00e0 sentir le fil conducteur qui fait de nos exp\u00e9riences un tout coh\u00e9rent et compr\u00e9hensible.","rel":"","context":"Article similaire","block_context":{"text":"Article similaire","link":""},"img":{"alt_text":"wp-image604","src":"https:\/\/i0.wp.com\/artstella-elixirs-floraux.com\/wp-content\/uploads\/2025\/03\/wp-image604.png?resize=350%2C200&ssl=1","width":350,"height":200},"classes":[]},{"id":3631,"url":"https:\/\/artstella-elixirs-floraux.com\/fr_fr\/produit\/41-night-soul-15-ml-ltoe\/","url_meta":{"origin":2276,"position":1},"title":"41. NIGHT SOUL 15 ML LTOE","author":"eveapprill","date":"9 mars 2025","format":false,"excerpt":"Night Soul \/ Nuit de l'\u00c2me\u00a0 Un \u00e9lixir puissant pour les p\u00e9riodes sombres, ou pour gu\u00e9rir des exp\u00e9riences sombres de l\u2019\u00e2me. La d\u00e9vastation qu\u2019elle soit ressentie int\u00e9rieurement ou rencontr\u00e9e, laisse de profondes empreintes dans la psych\u00e9.","rel":"","context":"Article similaire","block_context":{"text":"Article similaire","link":""},"img":{"alt_text":"","src":"https:\/\/i0.wp.com\/artstella-elixirs-floraux.com\/wp-content\/uploads\/2025\/03\/d3acc05b-ffb5-4f4a-902e-bf77701ef7a6.jpg?resize=350%2C200&ssl=1","width":350,"height":200,"srcset":"https:\/\/i0.wp.com\/artstella-elixirs-floraux.com\/wp-content\/uploads\/2025\/03\/d3acc05b-ffb5-4f4a-902e-bf77701ef7a6.jpg?resize=350%2C200&ssl=1 1x, https:\/\/i0.wp.com\/artstella-elixirs-floraux.com\/wp-content\/uploads\/2025\/03\/d3acc05b-ffb5-4f4a-902e-bf77701ef7a6.jpg?resize=525%2C300&ssl=1 1.5x, https:\/\/i0.wp.com\/artstella-elixirs-floraux.com\/wp-content\/uploads\/2025\/03\/d3acc05b-ffb5-4f4a-902e-bf77701ef7a6.jpg?resize=700%2C400&ssl=1 2x"},"classes":[]},{"id":2119,"url":"https:\/\/artstella-elixirs-floraux.com\/fr_fr\/produit\/chiming-bells-alaska\/","url_meta":{"origin":2276,"position":2},"title":"CHIMING BELLS ALASKA","author":"eveapprill","date":"9 mars 2025","format":false,"excerpt":"CHIMING BELLS ALASKA D\u00e9prim\u00e9 abattu manque d'enthousiasme, sans joie dans la vie quotidienne, sensation de faiblesse physique et d'instabilit\u00e9. Permet\u00a0 de faire l'exp\u00e9rience de la joie de la paix et de sentir une stabilit\u00e9 sur la plan physique de notre \u00eatre. Ouvre nos coeurs \u00e0 l'\u00e9nergie d'amour de la M\u00e8re\u2026","rel":"","context":"Article similaire","block_context":{"text":"Article similaire","link":""},"img":{"alt_text":"","src":"https:\/\/i0.wp.com\/artstella-elixirs-floraux.com\/wp-content\/uploads\/2025\/03\/wp-image551.png?resize=350%2C200&ssl=1","width":350,"height":200},"classes":[]},{"id":5165,"url":"https:\/\/artstella-elixirs-floraux.com\/fr_fr\/produit\/poisson-ange-royal-15-ml-phi\/","url_meta":{"origin":2276,"position":3},"title":"POISSON ANGE ROYAL 15 ML PHI","author":"eveapprill","date":"9 mars 2025","format":false,"excerpt":"Poisson ange-royal (Pygoplites diacanthus) Kaiserfisch Ce poisson vit au milieu du corail en groupe. Son \u00e9lixir favorise la communication et le sentiment d\u2019appartenance.","rel":"","context":"Article similaire","block_context":{"text":"Article similaire","link":""},"img":{"alt_text":"","src":"","width":0,"height":0},"classes":[]},{"id":2931,"url":"https:\/\/artstella-elixirs-floraux.com\/fr_fr\/produit\/diamant-15-ml-phi\/","url_meta":{"origin":2276,"position":4},"title":"DIAMANT 15 ML PHI","author":"eveapprill","date":"9 mars 2025","format":false,"excerpt":"Diamant (Diamant) Il apporte la lumi\u00e8re dans les parties sombres de l'\u00e2me. Clart\u00e9 et connaissance sereine contribuent \u00e0 la r\u00e9alisation de soi.","rel":"","context":"Article similaire","block_context":{"text":"Article similaire","link":""},"img":{"alt_text":"","src":"https:\/\/i0.wp.com\/artstella-elixirs-floraux.com\/wp-content\/uploads\/2025\/03\/wp-image297.png?resize=350%2C200&ssl=1","width":350,"height":200},"classes":[]},{"id":3607,"url":"https:\/\/artstella-elixirs-floraux.com\/fr_fr\/produit\/cape-de-chevalier-ltoe-15-ml\/","url_meta":{"origin":2276,"position":5},"title":"Cape de chevalier LTOE 15 ML","author":"eveapprill","date":"9 mars 2025","format":false,"excerpt":"Knight\u2019s Cloak \/Cape de chevalier Dans les p\u00e9riodes sombres, mieux vaut cacher sa lumi\u00e8re afin de pr\u00e9server sa v\u00e9rit\u00e9 int\u00e9rieure sans risquer d\u2019attirer l\u2019attention des forces n\u00e9gatives.","rel":"","context":"Article similaire","block_context":{"text":"Article similaire","link":""},"img":{"alt_text":"","src":"https:\/\/i0.wp.com\/artstella-elixirs-floraux.com\/wp-content\/uploads\/2025\/03\/d1897603-904b-4d5c-8df1-2605d8769001.jpg?resize=350%2C200&ssl=1","width":350,"height":200,"srcset":"https:\/\/i0.wp.com\/artstella-elixirs-floraux.com\/wp-content\/uploads\/2025\/03\/d1897603-904b-4d5c-8df1-2605d8769001.jpg?resize=350%2C200&ssl=1 1x, https:\/\/i0.wp.com\/artstella-elixirs-floraux.com\/wp-content\/uploads\/2025\/03\/d1897603-904b-4d5c-8df1-2605d8769001.jpg?resize=525%2C300&ssl=1 1.5x, https:\/\/i0.wp.com\/artstella-elixirs-floraux.com\/wp-content\/uploads\/2025\/03\/d1897603-904b-4d5c-8df1-2605d8769001.jpg?resize=700%2C400&ssl=1 2x"},"classes":[]}],"_links":{"self":[{"href":"https:\/\/artstella-elixirs-floraux.com\/fr_fr\/wp-json\/wp\/v2\/product\/2276","targetHints":{"allow":["GET"]}}],"collection":[{"href":"https:\/\/artstella-elixirs-floraux.com\/fr_fr\/wp-json\/wp\/v2\/product"}],"about":[{"href":"https:\/\/artstella-elixirs-floraux.com\/fr_fr\/wp-json\/wp\/v2\/types\/product"}],"version-history":[{"count":0,"href":"https:\/\/artstella-elixirs-floraux.com\/fr_fr\/wp-json\/wp\/v2\/product\/2276\/revisions"}],"wp:featuredmedia":[{"embeddable":true,"href":"https:\/\/artstella-elixirs-floraux.com\/fr_fr\/wp-json\/wp\/v2\/media\/2277"}],"wp:attachment":[{"href":"https:\/\/artstella-elixirs-floraux.com\/fr_fr\/wp-json\/wp\/v2\/media?parent=2276"}],"wp:term":[{"taxonomy":"product_brand","embeddable":true,"href":"https:\/\/artstella-elixirs-floraux.com\/fr_fr\/wp-json\/wp\/v2\/product_brand?post=2276"},{"taxonomy":"product_cat","embeddable":true,"href":"https:\/\/artstella-elixirs-floraux.com\/fr_fr\/wp-json\/wp\/v2\/product_cat?post=2276"},{"taxonomy":"product_tag","embeddable":true,"href":"https:\/\/artstella-elixirs-floraux.com\/fr_fr\/wp-json\/wp\/v2\/product_tag?post=2276"}],"curies":[{"name":"wp","href":"https:\/\/api.w.org\/{rel}","templated":true}]}}