{"id":2280,"date":"2025-03-09T12:53:44","date_gmt":"2025-03-09T12:53:44","guid":{"rendered":"https:\/\/artstella-elixirs-floraux.com\/product\/sitka-burnet-alaskan\/"},"modified":"2025-04-14T09:37:05","modified_gmt":"2025-04-14T09:37:05","slug":"sitka-burnet-alaskan","status":"publish","type":"product","link":"https:\/\/artstella-elixirs-floraux.com\/fr_fr\/produit\/sitka-burnet-alaskan\/","title":{"rendered":"Sitka burnet Alaskan"},"content":{"rendered":"<p><span style=\"color: #008000;\"><strong><em>Sitka burnet. Sanguisorba stipulata<\/em><\/strong><\/span><\/p>\n<p>Sensation de malaise int\u00e9rieur profond sans la capacit\u00e9 d&rsquo;en reconna\u00eetre l&rsquo;origine ; difficult\u00e9s \u00e0 comprendre les processus d&rsquo;apprentissage. Pour \u00ab\u00a0gu\u00e9rir\u00a0\u00bb le pass\u00e9 \u00e0 tous les niveaux, nous aide \u00e0 identifier les probl\u00e8mes \u00e0 l&rsquo;origine de nos conflits ; pour d\u00e9couvrir la totalit\u00e9 du potentiel de gu\u00e9rison qui r\u00e9side dans un processus<\/p>\n","protected":false},"excerpt":{"rendered":"<p><span style=\"color: #008000;\"><strong><em>Sitka burnet. Sanguisorba stipulata<\/em><\/strong><\/span><\/p>\n<p>Sensation de malaise int\u00e9rieur profond sans la capacit\u00e9 d&rsquo;en reconna\u00eetre l&rsquo;origine ;<\/p>\n","protected":false},"featured_media":2281,"template":"","meta":[],"product_brand":[],"product_cat":[119],"product_tag":[],"class_list":{"0":"post-2280","1":"product","2":"type-product","3":"status-publish","4":"has-post-thumbnail","6":"product_cat-les-72-elixirs-floraux","8":"first","9":"instock","10":"taxable","11":"shipping-taxable","12":"purchasable","13":"product-type-variable"},"etheme_brands":{"errors":{"invalid_taxonomy":["Taxonomie non valide."]},"error_data":[]},"jetpack_sharing_enabled":true,"jetpack-related-posts":[{"id":2284,"url":"https:\/\/artstella-elixirs-floraux.com\/fr_fr\/produit\/sitka-spruce-pollen-alaskan\/","url_meta":{"origin":2280,"position":0},"title":"Sitka spruce pollen Alaskan","author":"eveapprill","date":"9 mars 2025","format":false,"excerpt":"Sitka spruce pollen. Picea sitchensis Manque d'humilit\u00e9 dans son rapport \u00e0 la terre ; d\u00e9s\u00e9quilibre entre les expressions masculine et f\u00e9minine du pouvoir","rel":"","context":"Article similaire","block_context":{"text":"Article similaire","link":""},"img":{"alt_text":"","src":"https:\/\/i0.wp.com\/artstella-elixirs-floraux.com\/wp-content\/uploads\/2025\/03\/wp-image582.png?resize=350%2C200&ssl=1","width":350,"height":200},"classes":[]},{"id":6058,"url":"https:\/\/artstella-elixirs-floraux.com\/fr_fr\/produit\/elixir-ocean-n15-phi-15-ml\/","url_meta":{"origin":2280,"position":1},"title":"ELIXIR OCEAN N\u00b015 PHI 15 ML","author":"eveapprill","date":"9 mars 2025","format":false,"excerpt":"L\u2019\u00e9lixir nous ram\u00e8ne \u00e0 l\u2019origine, \u00e0 l\u2019information de la toute premi\u00e8re cellule apr\u00e8s la fusion de l\u2019ADN dans le processus de cr\u00e9ation de la vie. Nous nous rappelons de l\u2019information originelle, sans perturbation, inchang\u00e9e, le moment de la cr\u00e9ation divine, l\u2019essence de l\u2019origine en nous.","rel":"","context":"Article similaire","block_context":{"text":"Article similaire","link":""},"img":{"alt_text":"","src":"https:\/\/i0.wp.com\/artstella-elixirs-floraux.com\/wp-content\/uploads\/2025\/03\/wp-image2053.png?resize=350%2C200&ssl=1","width":350,"height":200},"classes":[]},{"id":5562,"url":"https:\/\/artstella-elixirs-floraux.com\/fr_fr\/produit\/pichoga-euphorbe-sylfos-15-ml\/","url_meta":{"origin":2280,"position":2},"title":"PICHOGA \/ Euphorbe SYLFOS 15 ML","author":"eveapprill","date":"9 mars 2025","format":false,"excerpt":"PICHOGA Euphorbia chilensis\u00a0 Acceptation de l\u2019ombre \u00a0 \u00a0 Pour affronter, reconna\u00eetre et accepter l\u2019ombre. Le premier pas pour arriver \u00e0 la gu\u00e9rison est de conna\u00eetre et d\u2019accepter la r\u00e9alit\u00e9.","rel":"","context":"Article similaire","block_context":{"text":"Article similaire","link":""},"img":{"alt_text":"","src":"","width":0,"height":0},"classes":[]},{"id":5450,"url":"https:\/\/artstella-elixirs-floraux.com\/fr_fr\/produit\/perce-neige-sneeuwwklokje\/","url_meta":{"origin":2280,"position":3},"title":"Perce-neige &#8211; SNEEUWWKLOKJE","author":"eveapprill","date":"9 mars 2025","format":false,"excerpt":"Perce-neige \/ Galanthus nivalis (snow drop) Lib\u00e8re des douleurs profondes, larmes et traumas qui ont \u00e9t\u00e9 emmagasin\u00e9s depuis longtemps, surtout s\u2019ils ont pour origine une difficult\u00e9 \u00e0 suivre son c\u0153ur et \u00e0 faire respecter ses sentiments.","rel":"","context":"Article similaire","block_context":{"text":"Article similaire","link":""},"img":{"alt_text":"","src":"","width":0,"height":0},"classes":[]},{"id":2182,"url":"https:\/\/artstella-elixirs-floraux.com\/fr_fr\/produit\/hairy-buttertwort-alaskan\/","url_meta":{"origin":2280,"position":4},"title":"Hairy buttertwort Alaskan","author":"eveapprill","date":"9 mars 2025","format":false,"excerpt":"Hairy buttertwort. Pinguicula villosa Incapacit\u00e9 \u00e0 reconna\u00eetre ou \u00e0 faire confiance \u00e0 la guidance int\u00e9rieure, plus sp\u00e9cialement dans les moments de d\u00e9fi ou de le\u00e7ons de vie ; manque de conscience du probl\u00e8me cl\u00e9 qui permet de r\u00e9soudre une situation.","rel":"","context":"Article similaire","block_context":{"text":"Article similaire","link":""},"img":{"alt_text":"","src":"https:\/\/i0.wp.com\/artstella-elixirs-floraux.com\/wp-content\/uploads\/2025\/03\/wp-image541.png?resize=350%2C200&ssl=1","width":350,"height":200},"classes":[]},{"id":2115,"url":"https:\/\/artstella-elixirs-floraux.com\/fr_fr\/produit\/cattail-pollen-alaska\/","url_meta":{"origin":2280,"position":5},"title":"CATTAIL POLLEN ALASKA","author":"eveapprill","date":"9 mars 2025","format":false,"excerpt":"CATTAIL POLLEN ALASKA Affaibli par des liens et des implications qui ne servent pas notre v\u00e9rit\u00e9 la plus profonde, sensation de ne pas \u00eatre soutenu par les autres. parmet\u00a0 de se reconnecter \u00e0 la v\u00e9rit\u00e9 personnelle qui \u00e9claire notre chemin de vie choisi, et grace \u00e0 la force interieure d'agir\u2026","rel":"","context":"Article similaire","block_context":{"text":"Article similaire","link":""},"img":{"alt_text":"","src":"https:\/\/i0.wp.com\/artstella-elixirs-floraux.com\/wp-content\/uploads\/2025\/03\/wp-image550.png?resize=350%2C200&ssl=1","width":350,"height":200},"classes":[]}],"_links":{"self":[{"href":"https:\/\/artstella-elixirs-floraux.com\/fr_fr\/wp-json\/wp\/v2\/product\/2280","targetHints":{"allow":["GET"]}}],"collection":[{"href":"https:\/\/artstella-elixirs-floraux.com\/fr_fr\/wp-json\/wp\/v2\/product"}],"about":[{"href":"https:\/\/artstella-elixirs-floraux.com\/fr_fr\/wp-json\/wp\/v2\/types\/product"}],"version-history":[{"count":0,"href":"https:\/\/artstella-elixirs-floraux.com\/fr_fr\/wp-json\/wp\/v2\/product\/2280\/revisions"}],"wp:featuredmedia":[{"embeddable":true,"href":"https:\/\/artstella-elixirs-floraux.com\/fr_fr\/wp-json\/wp\/v2\/media\/2281"}],"wp:attachment":[{"href":"https:\/\/artstella-elixirs-floraux.com\/fr_fr\/wp-json\/wp\/v2\/media?parent=2280"}],"wp:term":[{"taxonomy":"product_brand","embeddable":true,"href":"https:\/\/artstella-elixirs-floraux.com\/fr_fr\/wp-json\/wp\/v2\/product_brand?post=2280"},{"taxonomy":"product_cat","embeddable":true,"href":"https:\/\/artstella-elixirs-floraux.com\/fr_fr\/wp-json\/wp\/v2\/product_cat?post=2280"},{"taxonomy":"product_tag","embeddable":true,"href":"https:\/\/artstella-elixirs-floraux.com\/fr_fr\/wp-json\/wp\/v2\/product_tag?post=2280"}],"curies":[{"name":"wp","href":"https:\/\/api.w.org\/{rel}","templated":true}]}}