{"id":2292,"date":"2025-03-09T12:53:54","date_gmt":"2025-03-09T12:53:54","guid":{"rendered":"https:\/\/artstella-elixirs-floraux.com\/product\/sphagnum-moss-alaskan\/"},"modified":"2025-06-08T23:32:23","modified_gmt":"2025-06-08T23:32:23","slug":"sphagnum-moss-alaskan","status":"publish","type":"product","link":"https:\/\/artstella-elixirs-floraux.com\/fr_fr\/produit\/sphagnum-moss-alaskan\/","title":{"rendered":"Sphagnum moss Alaskan"},"content":{"rendered":"<p><span style=\"color: #008000;\"><strong><em>Sphagnum moss. Sphagnum sp. Sphaigne<\/em><\/strong><\/span><\/p>\n<p>Juge et critique \u00e0 l&rsquo;exc\u00e8s ; obs\u00e9d\u00e9 par les d\u00e9tails quotidiens de nos processus de gu\u00e9rison ; incapacit\u00e9 \u00e0 voir le c\u00f4t\u00e9 positif des exp\u00e9riences de transformation. Nous aide \u00e0 nous d\u00e9faire du besoin de juger ou de critiquer. Permet de cr\u00e9er un espace d&rsquo;acceptation inconditionnelle.<\/p>\n","protected":false},"excerpt":{"rendered":"<p><span style=\"color: #008000;\"><strong><em>Sphagnum moss. Sphagnum sp. Sphaigne<\/em><\/strong><\/span><\/p>\n<p>Juge et critique \u00e0 l&rsquo;exc\u00e8s ; obs\u00e9d\u00e9 par les d\u00e9tails quotidiens de nos processus de gu\u00e9rison ; incapacit\u00e9 \u00e0 voir le c\u00f4t\u00e9 positif des exp\u00e9riences de transformation.<\/p>\n","protected":false},"featured_media":2293,"template":"","meta":[],"product_brand":[],"product_cat":[119,82,109],"product_tag":[],"class_list":{"0":"post-2292","1":"product","2":"type-product","3":"status-publish","4":"has-post-thumbnail","6":"product_cat-les-72-elixirs-floraux","7":"product_cat-elixirs","8":"product_cat-les-elixirs-alaska","10":"first","11":"instock","12":"taxable","13":"shipping-taxable","14":"purchasable","15":"product-type-variable"},"etheme_brands":{"errors":{"invalid_taxonomy":["Taxonomie non valide."]},"error_data":[]},"jetpack_sharing_enabled":true,"jetpack-related-posts":[{"id":3625,"url":"https:\/\/artstella-elixirs-floraux.com\/fr_fr\/produit\/narnia-sphagnum-moss-ltoe-15-ml\/","url_meta":{"origin":2292,"position":0},"title":"Narnia Sphagnum Moss  LTOE 15 ml","author":"eveapprill","date":"9 mars 2025","format":false,"excerpt":"Narnia Sphagnum Moss \/ Sphaigne Il \u00e9tait une fois une for\u00eat enchant\u00e9e dans le Sussex, et au c\u0153ur de cette for\u00eat une tache d\u2019un vert magnifique\u00a0: de la sphaigne.","rel":"","context":"Article similaire","block_context":{"text":"Article similaire","link":""},"img":{"alt_text":"Narnia Sphagnum Moss LTOE 15 ml","src":"https:\/\/i0.wp.com\/artstella-elixirs-floraux.com\/wp-content\/uploads\/2025\/03\/f1fbc256-e898-4600-b8f4-6cd87e7aa4b2.jpg?resize=350%2C200&ssl=1","width":350,"height":200,"srcset":"https:\/\/i0.wp.com\/artstella-elixirs-floraux.com\/wp-content\/uploads\/2025\/03\/f1fbc256-e898-4600-b8f4-6cd87e7aa4b2.jpg?resize=350%2C200&ssl=1 1x, https:\/\/i0.wp.com\/artstella-elixirs-floraux.com\/wp-content\/uploads\/2025\/03\/f1fbc256-e898-4600-b8f4-6cd87e7aa4b2.jpg?resize=525%2C300&ssl=1 1.5x, https:\/\/i0.wp.com\/artstella-elixirs-floraux.com\/wp-content\/uploads\/2025\/03\/f1fbc256-e898-4600-b8f4-6cd87e7aa4b2.jpg?resize=700%2C400&ssl=1 2x"},"classes":[]},{"id":3493,"url":"https:\/\/artstella-elixirs-floraux.com\/fr_fr\/produit\/energy-matrix-protec-15ml-ltoe\/","url_meta":{"origin":2292,"position":1},"title":"ENERGY MATRIX PROTEC 15ML LTOE","author":"eveapprill","date":"9 mars 2025","format":false,"excerpt":"Energy matrix Protection (Core release, Ligth of my eye, Moon Child, Narnia sphagnum moss, un peu de sel et Wisdom of compassion) Cr\u00e9e un champ de protection sain au niveau de la matrice du corps jusqu\u2019au niveau cellulaire. Notamment recommand\u00e9 \u00e0 ceux qui utilisent beaucoup l\u2019ordinateur ou les t\u00e9l\u00e9phones portables.","rel":"","context":"Article similaire","block_context":{"text":"Article similaire","link":""},"img":{"alt_text":"","src":"https:\/\/i0.wp.com\/artstella-elixirs-floraux.com\/wp-content\/uploads\/2025\/03\/bb0ee6cb-0feb-46c9-a9ee-a2ddceb41010.jpg?resize=350%2C200&ssl=1","width":350,"height":200,"srcset":"https:\/\/i0.wp.com\/artstella-elixirs-floraux.com\/wp-content\/uploads\/2025\/03\/bb0ee6cb-0feb-46c9-a9ee-a2ddceb41010.jpg?resize=350%2C200&ssl=1 1x, https:\/\/i0.wp.com\/artstella-elixirs-floraux.com\/wp-content\/uploads\/2025\/03\/bb0ee6cb-0feb-46c9-a9ee-a2ddceb41010.jpg?resize=525%2C300&ssl=1 1.5x, https:\/\/i0.wp.com\/artstella-elixirs-floraux.com\/wp-content\/uploads\/2025\/03\/bb0ee6cb-0feb-46c9-a9ee-a2ddceb41010.jpg?resize=700%2C400&ssl=1 2x"},"classes":[]},{"id":4896,"url":"https:\/\/artstella-elixirs-floraux.com\/fr_fr\/produit\/club-moss-alaska-f-sup\/","url_meta":{"origin":2292,"position":2},"title":"CLUB MOSS ALASKA F SUP","author":"eveapprill","date":"9 mars 2025","format":false,"excerpt":"Club Moss Indications : sans fondement ; r\u00e9sistance \u00e0 sa pr\u00e9sence sur la terre ; peu ou pas conscience de son lien avec la plan\u00e8te","rel":"","context":"Article similaire","block_context":{"text":"Article similaire","link":""},"img":{"alt_text":"","src":"https:\/\/i0.wp.com\/artstella-elixirs-floraux.com\/wp-content\/uploads\/2025\/03\/wp-image1379.png?resize=350%2C200&ssl=1","width":350,"height":200},"classes":[]},{"id":4987,"url":"https:\/\/artstella-elixirs-floraux.com\/fr_fr\/produit\/reindeer-moss-alaska-f-sup\/","url_meta":{"origin":2292,"position":3},"title":"REINDEER MOSS ALASKA F SUP","author":"eveapprill","date":"9 mars 2025","format":false,"excerpt":"Reindeer Moss Cladina rangiferina Lichen des caribous Indications\u00a0: d\u00e9racinement\u00a0; d\u00e9connexion\u00a0; d\u00e9plac\u00e9\u00a0; tristesse\u00a0; d\u00e9couragement, d\u00e9sespoir\u00a0; changements importants et soudains dans la vie hors de notre contr\u00f4le tel que perdre sa maison, son travail.","rel":"","context":"Article similaire","block_context":{"text":"Article similaire","link":""},"img":{"alt_text":"","src":"","width":0,"height":0},"classes":[]},{"id":4912,"url":"https:\/\/artstella-elixirs-floraux.com\/fr_fr\/produit\/dwarf-fireweed-alaskan-f-sup\/","url_meta":{"origin":2292,"position":4},"title":"DWARF FIREWEED ALASKAN F SUP","author":"eveapprill","date":"9 mars 2025","format":false,"excerpt":"DWARF FIREWEED Indications : attachement au mal ; faire les choses la dure ; d\u00e9bord\u00e9 pendant tout type de processus de gu\u00e9rison transformatrice.","rel":"","context":"Article similaire","block_context":{"text":"Article similaire","link":""},"img":{"alt_text":"","src":"https:\/\/i0.wp.com\/artstella-elixirs-floraux.com\/wp-content\/uploads\/2025\/03\/wp-image1383.png?resize=350%2C200&ssl=1","width":350,"height":200},"classes":[]},{"id":4112,"url":"https:\/\/artstella-elixirs-floraux.com\/fr_fr\/produit\/grenouille-rana-el-cham-15ml\/","url_meta":{"origin":2292,"position":5},"title":"GRENOUILLE\/ RANA EL CHAM 15ML","author":"eveapprill","date":"9 mars 2025","format":false,"excerpt":"RANA \/ GRENOUILLE Gu\u00e9rison \u00e9motionnelle \u2013 Force pour affronter les changements. Renouveau. Aide \u00e0 comprendre sainement les besoins des autres. Permet de canaliser le flux cr\u00e9atif pour l\u2019exprimer notamment \u00e0 travers l\u2019art.","rel":"","context":"Article similaire","block_context":{"text":"Article similaire","link":""},"img":{"alt_text":"","src":"","width":0,"height":0},"classes":[]}],"_links":{"self":[{"href":"https:\/\/artstella-elixirs-floraux.com\/fr_fr\/wp-json\/wp\/v2\/product\/2292","targetHints":{"allow":["GET"]}}],"collection":[{"href":"https:\/\/artstella-elixirs-floraux.com\/fr_fr\/wp-json\/wp\/v2\/product"}],"about":[{"href":"https:\/\/artstella-elixirs-floraux.com\/fr_fr\/wp-json\/wp\/v2\/types\/product"}],"version-history":[{"count":0,"href":"https:\/\/artstella-elixirs-floraux.com\/fr_fr\/wp-json\/wp\/v2\/product\/2292\/revisions"}],"wp:featuredmedia":[{"embeddable":true,"href":"https:\/\/artstella-elixirs-floraux.com\/fr_fr\/wp-json\/wp\/v2\/media\/2293"}],"wp:attachment":[{"href":"https:\/\/artstella-elixirs-floraux.com\/fr_fr\/wp-json\/wp\/v2\/media?parent=2292"}],"wp:term":[{"taxonomy":"product_brand","embeddable":true,"href":"https:\/\/artstella-elixirs-floraux.com\/fr_fr\/wp-json\/wp\/v2\/product_brand?post=2292"},{"taxonomy":"product_cat","embeddable":true,"href":"https:\/\/artstella-elixirs-floraux.com\/fr_fr\/wp-json\/wp\/v2\/product_cat?post=2292"},{"taxonomy":"product_tag","embeddable":true,"href":"https:\/\/artstella-elixirs-floraux.com\/fr_fr\/wp-json\/wp\/v2\/product_tag?post=2292"}],"curies":[{"name":"wp","href":"https:\/\/api.w.org\/{rel}","templated":true}]}}