{"id":2303,"date":"2025-03-09T12:54:04","date_gmt":"2025-03-09T12:54:04","guid":{"rendered":"https:\/\/artstella-elixirs-floraux.com\/product\/sticky-geranium-alaskan\/"},"modified":"2025-06-08T23:32:22","modified_gmt":"2025-06-08T23:32:22","slug":"sticky-geranium-alaskan","status":"publish","type":"product","link":"https:\/\/artstella-elixirs-floraux.com\/fr_fr\/produit\/sticky-geranium-alaskan\/","title":{"rendered":"Sticky geranium Alaskan"},"content":{"rendered":"<p><strong><em>Sticky geranium. Geranium erianthum<\/em><\/strong><\/p>\n<p>Se sent d\u00e9concentr\u00e9, l\u00e9thargique, ou ind\u00e9cis. R\u00e9sistance \u00e0 franchir l&rsquo;\u00e9tape suivante, manque d&rsquo;\u00e9nergie pour atteindre nos buts, attach\u00e9 aux niveaux habituels de conscience et d&rsquo;identit\u00e9. Pour se d\u00e9gager ; soutient les d\u00e9cisions et les actions cibl\u00e9es ; pour d\u00e9passer les \u00e9tapes ant\u00e9rieures de d\u00e9veloppement.<\/p>\n","protected":false},"excerpt":{"rendered":"<p><span style=\"color: #008000;\"><strong><em>Sticky geranium. Geranium erianthum<\/em><\/strong><\/span><\/p>\n<p>Se sent d\u00e9concentr\u00e9, l\u00e9thargique, ou ind\u00e9cis. R\u00e9sistance \u00e0 franchir l&rsquo;\u00e9tape suivante, manque d&rsquo;\u00e9nergie pour atteindre nos buts, attach\u00e9 aux niveaux habituels de conscience et d&rsquo;identit\u00e9.<\/p>\n","protected":false},"featured_media":2304,"template":"","meta":[],"product_brand":[],"product_cat":[119,82,109],"product_tag":[],"class_list":{"0":"post-2303","1":"product","2":"type-product","3":"status-publish","4":"has-post-thumbnail","6":"product_cat-les-72-elixirs-floraux","7":"product_cat-elixirs","8":"product_cat-les-elixirs-alaska","10":"first","11":"instock","12":"taxable","13":"shipping-taxable","14":"purchasable","15":"product-type-variable"},"etheme_brands":{"errors":{"invalid_taxonomy":["Taxonomie non valide."]},"error_data":[]},"jetpack_sharing_enabled":true,"jetpack-related-posts":[{"id":5488,"url":"https:\/\/artstella-elixirs-floraux.com\/fr_fr\/produit\/shield-of-light-spray\/","url_meta":{"origin":2303,"position":0},"title":"SHIELD OF LIGHT SPRAY","author":"eveapprill","date":"9 mars 2025","format":false,"excerpt":"Shield of light - Bouclier de lumi\u00e8re Parmi les derni\u00e8res cr\u00e9ations de Don Denis en collaboration du Dr. Adrian Brito-Babapulle, voici un nouveau compos\u00e9 majeur pour se prot\u00e9ger des \u00e9nergies sombres. Sa formule permet \u00e0 l\u2019aura de refl\u00e9ter tel un miroir, de fa\u00e7on \u00e0 ce que de telles \u00e9nergies ne\u2026","rel":"","context":"Article similaire","block_context":{"text":"Article similaire","link":""},"img":{"alt_text":"","src":"","width":0,"height":0},"classes":[]},{"id":4983,"url":"https:\/\/artstella-elixirs-floraux.com\/fr_fr\/produit\/red-purple-poppy-alaskan-f-sup\/","url_meta":{"origin":2303,"position":1},"title":"RED PURPLE POPPY ALASKAN F SUP","author":"eveapprill","date":"9 mars 2025","format":false,"excerpt":"Red-Purple PoppyPapaver somniferum Pavot rouge Indications\u00a0: ind\u00e9cision; l\u00e9thargie; manque d\u2019inspiration; \u00e9nergie stagnante dans les chakras inf\u00e9rieurs\u00a0; ressentant un manque de guidance et de soutien des royaumes spirituels.","rel":"","context":"Article similaire","block_context":{"text":"Article similaire","link":""},"img":{"alt_text":"","src":"","width":0,"height":0},"classes":[]},{"id":2194,"url":"https:\/\/artstella-elixirs-floraux.com\/fr_fr\/produit\/icelandic-poppy-alaskan\/","url_meta":{"origin":2303,"position":2},"title":"Icelandic poppy Alaskan","author":"eveapprill","date":"9 mars 2025","format":false,"excerpt":"Icelandic poppy. Papaver nudicaule Peu de conscience de l'identit\u00e9 spirituelle ; aspects de survie, de sexualit\u00e9 et de spiritualit\u00e9 non int\u00e9gr\u00e9s, manque d'\u00e9nergie spirituelle dans les chakras inf\u00e9rieurs.","rel":"","context":"Article similaire","block_context":{"text":"Article similaire","link":""},"img":{"alt_text":"","src":"https:\/\/i0.wp.com\/artstella-elixirs-floraux.com\/wp-content\/uploads\/2025\/03\/wp-image544.png?resize=350%2C200&ssl=1","width":350,"height":200},"classes":[]},{"id":2215,"url":"https:\/\/artstella-elixirs-floraux.com\/fr_fr\/produit\/ladys-slipper-alaskan\/","url_meta":{"origin":2303,"position":3},"title":"Lady\u2019s slipper Alaskan","author":"eveapprill","date":"9 mars 2025","format":false,"excerpt":"Lady\u2019s slipper. Spiranthes romanzoffiana Manque de sensibilit\u00e9 au flux d'\u00e9nergie dans et autour du corps ; r\u00e9sistance \u00e0 recevoir l'\u00e9nergie gu\u00e9risseuse des autres","rel":"","context":"Article similaire","block_context":{"text":"Article similaire","link":""},"img":{"alt_text":"","src":"https:\/\/i0.wp.com\/artstella-elixirs-floraux.com\/wp-content\/uploads\/2025\/03\/wp-image563.png?resize=350%2C200&ssl=1","width":350,"height":200},"classes":[]},{"id":3579,"url":"https:\/\/artstella-elixirs-floraux.com\/fr_fr\/produit\/17-fire-of-life-lto-15-ml\/","url_meta":{"origin":2303,"position":4},"title":"17. FIRE OF LIFE LTO 15 ML","author":"eveapprill","date":"9 mars 2025","format":false,"excerpt":"Fire of Life \/ Le feu de la vie : est le compl\u00e9ment masculin, Yang, de Furnace of Life. Son \u00e9nergie Yang aide les \u00e9nergies universelles les plus \u00e9lev\u00e9es \u00e0 s'incarner dans la conscience, et contribue \u00e0 ce que cette \u00e9nergie coule au centre de notre \u00eatre. Il donne le\u2026","rel":"","context":"Article similaire","block_context":{"text":"Article similaire","link":""},"img":{"alt_text":"","src":"https:\/\/i0.wp.com\/artstella-elixirs-floraux.com\/wp-content\/uploads\/2025\/03\/cffee8d9-4215-4261-9234-b57ae2c9070b.jpg?resize=350%2C200&ssl=1","width":350,"height":200,"srcset":"https:\/\/i0.wp.com\/artstella-elixirs-floraux.com\/wp-content\/uploads\/2025\/03\/cffee8d9-4215-4261-9234-b57ae2c9070b.jpg?resize=350%2C200&ssl=1 1x, https:\/\/i0.wp.com\/artstella-elixirs-floraux.com\/wp-content\/uploads\/2025\/03\/cffee8d9-4215-4261-9234-b57ae2c9070b.jpg?resize=525%2C300&ssl=1 1.5x, https:\/\/i0.wp.com\/artstella-elixirs-floraux.com\/wp-content\/uploads\/2025\/03\/cffee8d9-4215-4261-9234-b57ae2c9070b.jpg?resize=700%2C400&ssl=1 2x"},"classes":[]},{"id":5066,"url":"https:\/\/artstella-elixirs-floraux.com\/fr_fr\/produit\/diopside-7-5ml-alaska-gem-sup\/","url_meta":{"origin":2303,"position":5},"title":"DIOPSIDE 7.5ML ALASKA GEM SUP","author":"eveapprill","date":"9 mars 2025","format":false,"excerpt":"Diopside \u2013 Diopside Indication\u00a0: peur de l\u2019abandon, de dispara\u00eetre, mauvaise estime de soi et de sa valeur\u00a0; attitudes compulsives et n\u00e9gatives envers soi-m\u00eame\u00a0; surcompensation \u00e0 cause d\u2019un sentiment d\u2019inf\u00e9riorit\u00e9\u00a0; manque d\u2019intimit\u00e9 dans les relations avec les autres et soi-m\u00eame.","rel":"","context":"Article similaire","block_context":{"text":"Article similaire","link":""},"img":{"alt_text":"","src":"","width":0,"height":0},"classes":[]}],"_links":{"self":[{"href":"https:\/\/artstella-elixirs-floraux.com\/fr_fr\/wp-json\/wp\/v2\/product\/2303","targetHints":{"allow":["GET"]}}],"collection":[{"href":"https:\/\/artstella-elixirs-floraux.com\/fr_fr\/wp-json\/wp\/v2\/product"}],"about":[{"href":"https:\/\/artstella-elixirs-floraux.com\/fr_fr\/wp-json\/wp\/v2\/types\/product"}],"version-history":[{"count":0,"href":"https:\/\/artstella-elixirs-floraux.com\/fr_fr\/wp-json\/wp\/v2\/product\/2303\/revisions"}],"wp:featuredmedia":[{"embeddable":true,"href":"https:\/\/artstella-elixirs-floraux.com\/fr_fr\/wp-json\/wp\/v2\/media\/2304"}],"wp:attachment":[{"href":"https:\/\/artstella-elixirs-floraux.com\/fr_fr\/wp-json\/wp\/v2\/media?parent=2303"}],"wp:term":[{"taxonomy":"product_brand","embeddable":true,"href":"https:\/\/artstella-elixirs-floraux.com\/fr_fr\/wp-json\/wp\/v2\/product_brand?post=2303"},{"taxonomy":"product_cat","embeddable":true,"href":"https:\/\/artstella-elixirs-floraux.com\/fr_fr\/wp-json\/wp\/v2\/product_cat?post=2303"},{"taxonomy":"product_tag","embeddable":true,"href":"https:\/\/artstella-elixirs-floraux.com\/fr_fr\/wp-json\/wp\/v2\/product_tag?post=2303"}],"curies":[{"name":"wp","href":"https:\/\/api.w.org\/{rel}","templated":true}]}}