{"id":2323,"date":"2025-03-09T12:54:24","date_gmt":"2025-03-09T12:54:24","guid":{"rendered":"https:\/\/artstella-elixirs-floraux.com\/product\/tundra-rose-alaskan\/"},"modified":"2025-06-08T23:32:21","modified_gmt":"2025-06-08T23:32:21","slug":"tundra-rose-alaskan","status":"publish","type":"product","link":"https:\/\/artstella-elixirs-floraux.com\/fr_fr\/produit\/tundra-rose-alaskan\/","title":{"rendered":"Tundra rose Alaskan"},"content":{"rendered":"<p><span style=\"color: #008000;\"><strong><em>Tundra rose. Potentilla fructicosa<\/em><\/strong><\/span><\/p>\n<p>Sans espoir ; manque d&rsquo;inspiration et de motivation ; submerg\u00e9 par les responsabilit\u00e9s dont on s&rsquo;est charg\u00e9. Redonne espoir, courage et inspiration \u00e0 ceux qui ont beaucoup \u00e0 offrir mais sont pr\u00eats \u00e0 laisser tomber. Pour une meilleure expression de joie et d&rsquo;enthousiasme dans l&rsquo;accomplissement de ses responsabilit\u00e9s.<\/p>\n","protected":false},"excerpt":{"rendered":"<p><span style=\"color: #008000;\"><strong><em>Tundra rose. Potentilla fructicosa<\/em><\/strong><\/span><\/p>\n<p>Sans espoir ; manque d&rsquo;inspiration et de motivation ; submerg\u00e9 par les responsabilit\u00e9s dont on s&rsquo;est charg\u00e9. Redonne espoir, courage et inspiration<\/p>\n","protected":false},"featured_media":2324,"template":"","meta":[],"product_brand":[],"product_cat":[119,82,109],"product_tag":[],"class_list":{"0":"post-2323","1":"product","2":"type-product","3":"status-publish","4":"has-post-thumbnail","6":"product_cat-les-72-elixirs-floraux","7":"product_cat-elixirs","8":"product_cat-les-elixirs-alaska","10":"first","11":"instock","12":"taxable","13":"shipping-taxable","14":"purchasable","15":"product-type-variable"},"etheme_brands":{"errors":{"invalid_taxonomy":["Taxonomie non valide."]},"error_data":[]},"jetpack_sharing_enabled":true,"jetpack-related-posts":[{"id":2260,"url":"https:\/\/artstella-elixirs-floraux.com\/fr_fr\/produit\/prickly-wild-rose-alaskan\/","url_meta":{"origin":2323,"position":0},"title":"Prickly wild rose Alaskan","author":"eveapprill","date":"9 mars 2025","format":false,"excerpt":"Prickly wild rose. Rosa acicularis Manque de confiance et de foi ; se sent sans espoir ; apathique et sans int\u00e9r\u00eat. Incapacit\u00e9 \u00e0 garder le c\u0153ur ouvert dans les situations hostiles.","rel":"","context":"Article similaire","block_context":{"text":"Article similaire","link":""},"img":{"alt_text":"","src":"https:\/\/i0.wp.com\/artstella-elixirs-floraux.com\/wp-content\/uploads\/2025\/03\/wp-image576.png?resize=350%2C200&ssl=1","width":350,"height":200},"classes":[]},{"id":2327,"url":"https:\/\/artstella-elixirs-floraux.com\/fr_fr\/produit\/tundra-twayblade-alaskan\/","url_meta":{"origin":2323,"position":1},"title":"Tundra twayblade Alaskan","author":"eveapprill","date":"9 mars 2025","format":false,"excerpt":"Tundra twayblade. Listera cordata Douleur et angoisse profondes r\u00e9sultant de blessures du pass\u00e9, fermeture du c\u0153ur pour \u00e9viter de ressentir la souffrance qui y demeure.","rel":"","context":"Article similaire","block_context":{"text":"Article similaire","link":""},"img":{"alt_text":"","src":"https:\/\/i0.wp.com\/artstella-elixirs-floraux.com\/wp-content\/uploads\/2025\/03\/wp-image595.png?resize=350%2C200&ssl=1","width":350,"height":200},"classes":[]},{"id":5916,"url":"https:\/\/artstella-elixirs-floraux.com\/fr_fr\/produit\/eglantier-10-ml-deva\/","url_meta":{"origin":2323,"position":2},"title":"Eglantier 10 ml DEVA","author":"eveapprill","date":"9 mars 2025","format":false,"excerpt":"\u00c9glantier - Wild rose Rosa canina Motivation, vitalit\u00e9 Pour surmonter l'apathie, le manque d'int\u00e9r\u00eat, la r\u00e9signation ou l'abandon. S'utilise dans les situations de passivit\u00e9 totale, lorsqu'il n'y a pas d'espoir.","rel":"","context":"Article similaire","block_context":{"text":"Article similaire","link":""},"img":{"alt_text":"","src":"","width":0,"height":0},"classes":[]},{"id":3153,"url":"https:\/\/artstella-elixirs-floraux.com\/fr_fr\/produit\/rose-cannelle-phi-15-ml\/","url_meta":{"origin":2323,"position":3},"title":"ROSE CANNELLE PHI 15 ML","author":"eveapprill","date":"9 mars 2025","format":false,"excerpt":"Rose cannelle (Rosa majalis) (Zimtrose) Redonne l'espoir quand nous ne trouvons plus d'issue. Elle nous ouvre \u00e0 de nouvelles rencontres. Cette rose nous aide \u00e0 gu\u00e9rir les blessures \u00e9motionnelles et permet de retrouver l'optimisme.","rel":"","context":"Article similaire","block_context":{"text":"Article similaire","link":""},"img":{"alt_text":"","src":"https:\/\/i0.wp.com\/artstella-elixirs-floraux.com\/wp-content\/uploads\/2025\/03\/wp-image399.png?resize=350%2C200&ssl=1","width":350,"height":200},"classes":[]},{"id":4163,"url":"https:\/\/artstella-elixirs-floraux.com\/fr_fr\/produit\/papillon-mariposa-el-chamaniques-15ml\/","url_meta":{"origin":2323,"position":4},"title":"PAPILLON \/ MARIPOSA EL CHAMANIQUES 15ML","author":"eveapprill","date":"9 mars 2025","format":false,"excerpt":"MARIPOSA \/ PAPILLON Transformation, espoir, cr\u00e9ativit\u00e9 Cet \u00e9lixir est vraiment celui de la transformation, pour passer de la chenille au papillon, transformer les ins\u00e9curit\u00e9s, les manques de confiance et les doutes en s\u00e9curit\u00e9, estime de soi et espoir.","rel":"","context":"Article similaire","block_context":{"text":"Article similaire","link":""},"img":{"alt_text":"","src":"","width":0,"height":0},"classes":[]},{"id":5978,"url":"https:\/\/artstella-elixirs-floraux.com\/fr_fr\/produit\/isis-10-ml-bush\/","url_meta":{"origin":2323,"position":5},"title":"ISIS 10 ML BUSH","author":"eveapprill","date":"9 mars 2025","format":false,"excerpt":"ISIS \u2022 Permet de ressentir la pr\u00e9sence, la protection et l\u2019amour du Divin F\u00e9minin. \u2022 Illumine nos zones d\u2019ombre o\u00f9 nous gardons nos douleurs et nos souffrances \u00e9motionnelles.","rel":"","context":"Article similaire","block_context":{"text":"Article similaire","link":""},"img":{"alt_text":"Les \u00e9lixirs \"Divine Presence\" du Bush australien","src":"https:\/\/i0.wp.com\/artstella-elixirs-floraux.com\/wp-content\/uploads\/2025\/03\/9f27a3de-c812-4d8c-b286-c7b3bc580552.jpg?resize=350%2C200&ssl=1","width":350,"height":200,"srcset":"https:\/\/i0.wp.com\/artstella-elixirs-floraux.com\/wp-content\/uploads\/2025\/03\/9f27a3de-c812-4d8c-b286-c7b3bc580552.jpg?resize=350%2C200&ssl=1 1x, https:\/\/i0.wp.com\/artstella-elixirs-floraux.com\/wp-content\/uploads\/2025\/03\/9f27a3de-c812-4d8c-b286-c7b3bc580552.jpg?resize=525%2C300&ssl=1 1.5x, https:\/\/i0.wp.com\/artstella-elixirs-floraux.com\/wp-content\/uploads\/2025\/03\/9f27a3de-c812-4d8c-b286-c7b3bc580552.jpg?resize=700%2C400&ssl=1 2x"},"classes":[]}],"_links":{"self":[{"href":"https:\/\/artstella-elixirs-floraux.com\/fr_fr\/wp-json\/wp\/v2\/product\/2323","targetHints":{"allow":["GET"]}}],"collection":[{"href":"https:\/\/artstella-elixirs-floraux.com\/fr_fr\/wp-json\/wp\/v2\/product"}],"about":[{"href":"https:\/\/artstella-elixirs-floraux.com\/fr_fr\/wp-json\/wp\/v2\/types\/product"}],"version-history":[{"count":0,"href":"https:\/\/artstella-elixirs-floraux.com\/fr_fr\/wp-json\/wp\/v2\/product\/2323\/revisions"}],"wp:featuredmedia":[{"embeddable":true,"href":"https:\/\/artstella-elixirs-floraux.com\/fr_fr\/wp-json\/wp\/v2\/media\/2324"}],"wp:attachment":[{"href":"https:\/\/artstella-elixirs-floraux.com\/fr_fr\/wp-json\/wp\/v2\/media?parent=2323"}],"wp:term":[{"taxonomy":"product_brand","embeddable":true,"href":"https:\/\/artstella-elixirs-floraux.com\/fr_fr\/wp-json\/wp\/v2\/product_brand?post=2323"},{"taxonomy":"product_cat","embeddable":true,"href":"https:\/\/artstella-elixirs-floraux.com\/fr_fr\/wp-json\/wp\/v2\/product_cat?post=2323"},{"taxonomy":"product_tag","embeddable":true,"href":"https:\/\/artstella-elixirs-floraux.com\/fr_fr\/wp-json\/wp\/v2\/product_tag?post=2323"}],"curies":[{"name":"wp","href":"https:\/\/api.w.org\/{rel}","templated":true}]}}