{"id":2327,"date":"2025-03-09T12:54:28","date_gmt":"2025-03-09T12:54:28","guid":{"rendered":"https:\/\/artstella-elixirs-floraux.com\/product\/tundra-twayblade-alaskan\/"},"modified":"2025-06-08T23:32:21","modified_gmt":"2025-06-08T23:32:21","slug":"tundra-twayblade-alaskan","status":"publish","type":"product","link":"https:\/\/artstella-elixirs-floraux.com\/fr_fr\/produit\/tundra-twayblade-alaskan\/","title":{"rendered":"Tundra twayblade Alaskan"},"content":{"rendered":"<p><span style=\"color: #008000;\"><strong><em>Tundra twayblade. Listera cordata<\/em><\/strong><\/span><\/p>\n<p>Douleur et angoisse profondes r\u00e9sultant de blessures du pass\u00e9, fermeture du c\u0153ur pour \u00e9viter de ressentir la souffrance qui y demeure. Ouvre le c\u0153ur et permet \u00e0 l&rsquo;amour inconditionnel d\u2019acc\u00e9der \u00e0 toutes les zones qui ont besoin d&rsquo;\u00eatre gu\u00e9ries, aide \u00e0 clarifier les traumatismes jusqu&rsquo;au niveau cellulaire de notre \u00eatre.<\/p>\n","protected":false},"excerpt":{"rendered":"<p><span style=\"color: #008000;\"><strong><em>Tundra twayblade. Listera cordata<\/em><\/strong><\/span><\/p>\n<p>Douleur et angoisse profondes r\u00e9sultant de blessures du pass\u00e9, fermeture du c\u0153ur pour \u00e9viter de ressentir la souffrance qui y demeure.<\/p>\n","protected":false},"featured_media":2328,"template":"","meta":[],"product_brand":[],"product_cat":[119,82,109],"product_tag":[],"class_list":{"0":"post-2327","1":"product","2":"type-product","3":"status-publish","4":"has-post-thumbnail","6":"product_cat-les-72-elixirs-floraux","7":"product_cat-elixirs","8":"product_cat-les-elixirs-alaska","10":"first","11":"instock","12":"taxable","13":"shipping-taxable","14":"purchasable","15":"product-type-variable"},"etheme_brands":{"errors":{"invalid_taxonomy":["Taxonomie non valide."]},"error_data":[]},"jetpack_sharing_enabled":true,"jetpack-related-posts":[{"id":2239,"url":"https:\/\/artstella-elixirs-floraux.com\/fr_fr\/produit\/northern-twayblade-alaskan\/","url_meta":{"origin":2327,"position":0},"title":"Northern twayblade Alaskan","author":"eveapprill","date":"9 mars 2025","format":false,"excerpt":"Northern twayblade. Listera borealis R\u00e9sistance \u00e0 s'ouvrir aux niveaux subtils de sa conscience ; incapable de concilier","rel":"","context":"Article similaire","block_context":{"text":"Article similaire","link":""},"img":{"alt_text":"","src":"https:\/\/i0.wp.com\/artstella-elixirs-floraux.com\/wp-content\/uploads\/2025\/03\/wp-image569.png?resize=350%2C200&ssl=1","width":350,"height":200},"classes":[]},{"id":2323,"url":"https:\/\/artstella-elixirs-floraux.com\/fr_fr\/produit\/tundra-rose-alaskan\/","url_meta":{"origin":2327,"position":1},"title":"Tundra rose Alaskan","author":"eveapprill","date":"9 mars 2025","format":false,"excerpt":"Tundra rose. Potentilla fructicosa Sans espoir ; manque d'inspiration et de motivation ; submerg\u00e9 par les responsabilit\u00e9s dont on s'est charg\u00e9. Redonne espoir, courage et inspiration","rel":"","context":"Article similaire","block_context":{"text":"Article similaire","link":""},"img":{"alt_text":"","src":"https:\/\/i0.wp.com\/artstella-elixirs-floraux.com\/wp-content\/uploads\/2025\/03\/wp-image594.png?resize=350%2C200&ssl=1","width":350,"height":200},"classes":[]},{"id":5093,"url":"https:\/\/artstella-elixirs-floraux.com\/fr_fr\/produit\/pink-quartz-rose-7-5-ml-alas-g-sup\/","url_meta":{"origin":2327,"position":2},"title":"PINK QUARTZ ROSE 7.5 ML ALAS G SUP","author":"eveapprill","date":"9 mars 2025","format":false,"excerpt":"Pink Quartz \u2013 Quartz Rose Indication : grande douleur \u00e9motionnelle\u00a0; angoisse et souffrance\u00a0; attachement \u00e0 la souffrance\u00a0; manque de compassion pour soi-m\u00eame et les autres\u00a0; comportement de victime\u00a0; se lamente par rapport \u00e0 des actions ou des \u00e9v\u00e9nements pass\u00e9s.","rel":"","context":"Article similaire","block_context":{"text":"Article similaire","link":""},"img":{"alt_text":"","src":"","width":0,"height":0},"classes":[]},{"id":1963,"url":"https:\/\/artstella-elixirs-floraux.com\/fr_fr\/produit\/wild-horse-foal-poulain-30ml-wea\/","url_meta":{"origin":2327,"position":3},"title":"WILD HORSE FOAL POULAIN 30ML WEA","author":"eveapprill","date":"27 mai 2025","format":false,"excerpt":"Wild Horse Foal (poulain sauvage) apporte le soutien n\u00e9cessaire pour embrasser et se lib\u00e9rer des larmes de chagrins non r\u00e9solus depuis l\u2019enfance. Favorise la sinc\u00e9rit\u00e9 et la douceur. Pour embrasser le c\u0153ur tendre et pur de l\u2019enfant en nous, encourageant la douceur et le sentiment d\u2019appartenance. Pour approfondir le ressenti\u2026","rel":"","context":"Article similaire","block_context":{"text":"Article similaire","link":""},"img":{"alt_text":"","src":"https:\/\/i0.wp.com\/artstella-elixirs-floraux.com\/wp-content\/uploads\/2025\/05\/foal.jpg?resize=350%2C200&ssl=1","width":350,"height":200,"srcset":"https:\/\/i0.wp.com\/artstella-elixirs-floraux.com\/wp-content\/uploads\/2025\/05\/foal.jpg?resize=350%2C200&ssl=1 1x, https:\/\/i0.wp.com\/artstella-elixirs-floraux.com\/wp-content\/uploads\/2025\/05\/foal.jpg?resize=525%2C300&ssl=1 1.5x, https:\/\/i0.wp.com\/artstella-elixirs-floraux.com\/wp-content\/uploads\/2025\/05\/foal.jpg?resize=700%2C400&ssl=1 2x"},"classes":[]},{"id":1964,"url":"https:\/\/artstella-elixirs-floraux.com\/fr_fr\/produit\/inner-child-healing-30-ml-wea\/","url_meta":{"origin":2327,"position":4},"title":"INNER CHILD HEALING 30 ML WEA","author":"eveapprill","date":"27 mai 2025","format":false,"excerpt":"Ce complexe comprend les 6 \u00e9lixirs de b\u00e9b\u00e9s animaux suivants\u00a0: Hippopotamus Calf \u2013 aide \u00e0 ressentir profond\u00e9ment. Wild Foal \u2013aide \u00e0 se lib\u00e9rer du chagrin profond. Badger Cub \u2013 pour embrasser et exprimer la col\u00e8re. Robin Chick \u2013 pour recevoir l\u2019amour et la chaleur nourrici\u00e8re. Bat Pup \u2013 pour faire\u2026","rel":"","context":"Article similaire","block_context":{"text":"Article similaire","link":""},"img":{"alt_text":"","src":"https:\/\/i0.wp.com\/artstella-elixirs-floraux.com\/wp-content\/uploads\/2025\/05\/InnerChildHealing.png?resize=350%2C200&ssl=1","width":350,"height":200},"classes":[]},{"id":1961,"url":"https:\/\/artstella-elixirs-floraux.com\/fr_fr\/produit\/hippopotamus-calf-30ml-wea\/","url_meta":{"origin":2327,"position":5},"title":"HIPPOPOTAMUS CALF 30ML WEA","author":"eveapprill","date":"9 septembre 2025","format":false,"excerpt":"Hippopotamus Calf (b\u00e9b\u00e9 hippopotame) apporte la chaleur nourrici\u00e8re n\u00e9cessaire pour ressentir et exprimer les sentiments cach\u00e9s au fond de nous suite aux blessures de l\u2019enfance. Nous aide \u00e0 nous connecter avec, ressentir et exprimer les sentiments r\u00e9prim\u00e9s suite \u00e0 des blessures\/traumatismes du pass\u00e9 qui doivent \u00eatre lib\u00e9r\u00e9s pour que la\u2026","rel":"","context":"Article similaire","block_context":{"text":"Article similaire","link":""},"img":{"alt_text":"","src":"https:\/\/i0.wp.com\/artstella-elixirs-floraux.com\/wp-content\/uploads\/2025\/05\/Hippocalf.jpg?resize=350%2C200&ssl=1","width":350,"height":200,"srcset":"https:\/\/i0.wp.com\/artstella-elixirs-floraux.com\/wp-content\/uploads\/2025\/05\/Hippocalf.jpg?resize=350%2C200&ssl=1 1x, https:\/\/i0.wp.com\/artstella-elixirs-floraux.com\/wp-content\/uploads\/2025\/05\/Hippocalf.jpg?resize=525%2C300&ssl=1 1.5x, https:\/\/i0.wp.com\/artstella-elixirs-floraux.com\/wp-content\/uploads\/2025\/05\/Hippocalf.jpg?resize=700%2C400&ssl=1 2x"},"classes":[]}],"_links":{"self":[{"href":"https:\/\/artstella-elixirs-floraux.com\/fr_fr\/wp-json\/wp\/v2\/product\/2327","targetHints":{"allow":["GET"]}}],"collection":[{"href":"https:\/\/artstella-elixirs-floraux.com\/fr_fr\/wp-json\/wp\/v2\/product"}],"about":[{"href":"https:\/\/artstella-elixirs-floraux.com\/fr_fr\/wp-json\/wp\/v2\/types\/product"}],"version-history":[{"count":0,"href":"https:\/\/artstella-elixirs-floraux.com\/fr_fr\/wp-json\/wp\/v2\/product\/2327\/revisions"}],"wp:featuredmedia":[{"embeddable":true,"href":"https:\/\/artstella-elixirs-floraux.com\/fr_fr\/wp-json\/wp\/v2\/media\/2328"}],"wp:attachment":[{"href":"https:\/\/artstella-elixirs-floraux.com\/fr_fr\/wp-json\/wp\/v2\/media?parent=2327"}],"wp:term":[{"taxonomy":"product_brand","embeddable":true,"href":"https:\/\/artstella-elixirs-floraux.com\/fr_fr\/wp-json\/wp\/v2\/product_brand?post=2327"},{"taxonomy":"product_cat","embeddable":true,"href":"https:\/\/artstella-elixirs-floraux.com\/fr_fr\/wp-json\/wp\/v2\/product_cat?post=2327"},{"taxonomy":"product_tag","embeddable":true,"href":"https:\/\/artstella-elixirs-floraux.com\/fr_fr\/wp-json\/wp\/v2\/product_tag?post=2327"}],"curies":[{"name":"wp","href":"https:\/\/api.w.org\/{rel}","templated":true}]}}