{"id":2347,"date":"2025-03-09T12:54:45","date_gmt":"2025-03-09T12:54:45","guid":{"rendered":"https:\/\/artstella-elixirs-floraux.com\/product\/wild-iris-alaskan\/"},"modified":"2025-06-08T23:32:19","modified_gmt":"2025-06-08T23:32:19","slug":"wild-iris-alaskan","status":"publish","type":"product","link":"https:\/\/artstella-elixirs-floraux.com\/fr_fr\/produit\/wild-iris-alaskan\/","title":{"rendered":"Wild iris Alaskan"},"content":{"rendered":"<p><span style=\"color: #008000;\"><strong><em>Wild iris. Iris setosa. Iris sauvage<\/em><\/strong><\/span><\/p>\n<p>Ne croit pas en sa cr\u00e9ativit\u00e9 ; bloque l&rsquo;expression cr\u00e9ative car ne veut pas la partager avec les autres, sensation d&rsquo;\u00eatre d\u00e9connect\u00e9 de la source de cr\u00e9ativit\u00e9. Ouvre le potentiel cr\u00e9atif, favorise le partage de la beaut\u00e9 int\u00e9rieure et de l\u2019\u00e9nergie cr\u00e9atrice avec les autres.<\/p>\n","protected":false},"excerpt":{"rendered":"<p><span style=\"color: #008000;\"><strong><em>Wild iris. Iris setosa. Iris sauvage<\/em><\/strong><\/span><\/p>\n<p>Ne croit pas en sa cr\u00e9ativit\u00e9 ; bloque l&rsquo;expression cr\u00e9ative car ne veut pas la partager avec les autres, sensation d&rsquo;\u00eatre d\u00e9connect\u00e9 de la source de cr\u00e9ativit\u00e9.<\/p>\n","protected":false},"featured_media":2348,"template":"","meta":[],"product_brand":[],"product_cat":[119,82,109],"product_tag":[],"class_list":{"0":"post-2347","1":"product","2":"type-product","3":"status-publish","4":"has-post-thumbnail","6":"product_cat-les-72-elixirs-floraux","7":"product_cat-elixirs","8":"product_cat-les-elixirs-alaska","10":"first","11":"instock","12":"taxable","13":"shipping-taxable","14":"purchasable","15":"product-type-variable"},"etheme_brands":{"errors":{"invalid_taxonomy":["Taxonomie non valide."]},"error_data":[]},"jetpack_sharing_enabled":true,"jetpack-related-posts":[{"id":5714,"url":"https:\/\/artstella-elixirs-floraux.com\/fr_fr\/produit\/iris-10-ml-deva\/","url_meta":{"origin":2347,"position":0},"title":"Iris 10 ml DEVA","author":"eveapprill","date":"9 mars 2025","format":false,"excerpt":"Iris Inspiration, cr\u00e9ativit\u00e9 artistique. Pour \u00e9liminer les frustrations dues \u00e0 un manque d\u2019inspiration ou \u00e0 un sentiment d\u2019imperfection.","rel":"","context":"Article similaire","block_context":{"text":"Article similaire","link":""},"img":{"alt_text":"","src":"https:\/\/i0.wp.com\/artstella-elixirs-floraux.com\/wp-content\/uploads\/2025\/03\/wp-image2411.png?resize=350%2C200&ssl=1","width":350,"height":200},"classes":[]},{"id":3203,"url":"https:\/\/artstella-elixirs-floraux.com\/fr_fr\/produit\/iris-phi-15-ml\/","url_meta":{"origin":2347,"position":1},"title":"IRIS PHI 15 ML","author":"eveapprill","date":"9 mars 2025","format":false,"excerpt":"Iris (Iris germanica) (Iris) Cet \u00e9lixir nous relie \u00e0 notre potentiel de cr\u00e9ation et nous aide \u00e0 le d\u00e9velopper. Nous pouvons recevoir les impulsions de l'action cr\u00e9atrice.","rel":"","context":"Article similaire","block_context":{"text":"Article similaire","link":""},"img":{"alt_text":"","src":"https:\/\/i0.wp.com\/artstella-elixirs-floraux.com\/wp-content\/uploads\/2025\/03\/wp-image384.png?resize=350%2C200&ssl=1","width":350,"height":200},"classes":[]},{"id":5019,"url":"https:\/\/artstella-elixirs-floraux.com\/fr_fr\/produit\/wild-sweet-pea-alaskan-f-sup\/","url_meta":{"origin":2347,"position":2},"title":"WILD SWEET PEA ALASKAN F SUP","author":"eveapprill","date":"9 mars 2025","format":false,"excerpt":"Wild Sweet Pea Hedysarum mackenzii Pois de senteur sauvage Indications\u00a0: manque de confiance dans ses aptitudes sociales\u00a0; tendance \u00e0 s\u2019isoler plut\u00f4t qu\u2019\u00e0 rechercher la compagnie des autres.","rel":"","context":"Article similaire","block_context":{"text":"Article similaire","link":""},"img":{"alt_text":"","src":"","width":0,"height":0},"classes":[]},{"id":2737,"url":"https:\/\/artstella-elixirs-floraux.com\/fr_fr\/produit\/purifying-purification-bush-30ml\/","url_meta":{"origin":2347,"position":3},"title":"PURIFYING Purification BUSH 30ml","author":"eveapprill","date":"9 mars 2025","format":false,"excerpt":"Purifying -\u00a0Purification Pour clarifier les r\u00e9sidus \u00e9motionnels accumul\u00e9s au fil du temps et se d\u00e9faire de ces ''bagages'' psychiques encombrants. Compos\u00e9 de Bauhinia Bush Iris, Bottlebrush, Dagger Hakea, Dog Rose, Wild Potato Bush.","rel":"","context":"Article similaire","block_context":{"text":"Article similaire","link":""},"img":{"alt_text":"","src":"https:\/\/i0.wp.com\/artstella-elixirs-floraux.com\/wp-content\/uploads\/2025\/03\/98f26060-c4ae-440e-839e-9e9fc7f90583.jpg?resize=350%2C200&ssl=1","width":350,"height":200,"srcset":"https:\/\/i0.wp.com\/artstella-elixirs-floraux.com\/wp-content\/uploads\/2025\/03\/98f26060-c4ae-440e-839e-9e9fc7f90583.jpg?resize=350%2C200&ssl=1 1x, https:\/\/i0.wp.com\/artstella-elixirs-floraux.com\/wp-content\/uploads\/2025\/03\/98f26060-c4ae-440e-839e-9e9fc7f90583.jpg?resize=525%2C300&ssl=1 1.5x, https:\/\/i0.wp.com\/artstella-elixirs-floraux.com\/wp-content\/uploads\/2025\/03\/98f26060-c4ae-440e-839e-9e9fc7f90583.jpg?resize=700%2C400&ssl=1 2x"},"classes":[]},{"id":5302,"url":"https:\/\/artstella-elixirs-floraux.com\/fr_fr\/produit\/complexe-n-11-emotions-de-la-petite-enfance-deva-30ml\/","url_meta":{"origin":2347,"position":4},"title":"COMPLEXE N\u00b0 11 Emotions de la Petite enfance DEVA 30ML","author":"eveapprill","date":"9 mars 2025","format":false,"excerpt":"COMPLEXE N\u00b0 11\u00a0 30ml Le compos\u00e9 floral \u00c9motions de la\u00a0PETITE ENFANCE harmonise les relations avec l'environnement familial et l'ext\u00e9rieur. Il aide \u00e0 faire ses premiers pas en collectivit\u00e9 en surmontant le manque de confiance et la timidit\u00e9. Il pr\u00e9serve et encourage la cr\u00e9ativit\u00e9 artistique spontan\u00e9e.","rel":"","context":"Article similaire","block_context":{"text":"Article similaire","link":""},"img":{"alt_text":"","src":"https:\/\/i0.wp.com\/artstella-elixirs-floraux.com\/wp-content\/uploads\/2025\/03\/4cce1e25-f3bd-4744-9706-01bba662c2ae.jpg?resize=350%2C200&ssl=1","width":350,"height":200,"srcset":"https:\/\/i0.wp.com\/artstella-elixirs-floraux.com\/wp-content\/uploads\/2025\/03\/4cce1e25-f3bd-4744-9706-01bba662c2ae.jpg?resize=350%2C200&ssl=1 1x, https:\/\/i0.wp.com\/artstella-elixirs-floraux.com\/wp-content\/uploads\/2025\/03\/4cce1e25-f3bd-4744-9706-01bba662c2ae.jpg?resize=525%2C300&ssl=1 1.5x, https:\/\/i0.wp.com\/artstella-elixirs-floraux.com\/wp-content\/uploads\/2025\/03\/4cce1e25-f3bd-4744-9706-01bba662c2ae.jpg?resize=700%2C400&ssl=1 2x"},"classes":[]},{"id":4551,"url":"https:\/\/artstella-elixirs-floraux.com\/fr_fr\/produit\/coffret-fleurs-sauvages-15-ml\/","url_meta":{"origin":2347,"position":5},"title":"COFFRET FLEURS SAUVAGES 15 ML","author":"eveapprill","date":"9 mars 2025","format":false,"excerpt":"Les \u00e9lixirs de 40 fleurs Sauvages R\u00e9alis\u00e9s avec des fleurs europ\u00e9ennes communes dans la nature.","rel":"","context":"Article similaire","block_context":{"text":"Article similaire","link":""},"img":{"alt_text":"","src":"","width":0,"height":0},"classes":[]}],"_links":{"self":[{"href":"https:\/\/artstella-elixirs-floraux.com\/fr_fr\/wp-json\/wp\/v2\/product\/2347","targetHints":{"allow":["GET"]}}],"collection":[{"href":"https:\/\/artstella-elixirs-floraux.com\/fr_fr\/wp-json\/wp\/v2\/product"}],"about":[{"href":"https:\/\/artstella-elixirs-floraux.com\/fr_fr\/wp-json\/wp\/v2\/types\/product"}],"version-history":[{"count":0,"href":"https:\/\/artstella-elixirs-floraux.com\/fr_fr\/wp-json\/wp\/v2\/product\/2347\/revisions"}],"wp:featuredmedia":[{"embeddable":true,"href":"https:\/\/artstella-elixirs-floraux.com\/fr_fr\/wp-json\/wp\/v2\/media\/2348"}],"wp:attachment":[{"href":"https:\/\/artstella-elixirs-floraux.com\/fr_fr\/wp-json\/wp\/v2\/media?parent=2347"}],"wp:term":[{"taxonomy":"product_brand","embeddable":true,"href":"https:\/\/artstella-elixirs-floraux.com\/fr_fr\/wp-json\/wp\/v2\/product_brand?post=2347"},{"taxonomy":"product_cat","embeddable":true,"href":"https:\/\/artstella-elixirs-floraux.com\/fr_fr\/wp-json\/wp\/v2\/product_cat?post=2347"},{"taxonomy":"product_tag","embeddable":true,"href":"https:\/\/artstella-elixirs-floraux.com\/fr_fr\/wp-json\/wp\/v2\/product_tag?post=2347"}],"curies":[{"name":"wp","href":"https:\/\/api.w.org\/{rel}","templated":true}]}}