{"id":2359,"date":"2025-03-09T12:54:56","date_gmt":"2025-03-09T12:54:56","guid":{"rendered":"https:\/\/artstella-elixirs-floraux.com\/product\/yarrow-alaskan\/"},"modified":"2025-06-08T23:32:19","modified_gmt":"2025-06-08T23:32:19","slug":"yarrow-alaskan","status":"publish","type":"product","link":"https:\/\/artstella-elixirs-floraux.com\/fr_fr\/produit\/yarrow-alaskan\/","title":{"rendered":"Yarrow Alaskan"},"content":{"rendered":"<p><span style=\"color: #008000;\"><strong><em>Yarrow. Achillea borealis. Achill\u00e9e<\/em><\/strong><\/span><\/p>\n<p>Hypersensibilit\u00e9 \u00e0 l&rsquo;environnement ; recherche la protection \u00e0 l&rsquo;ext\u00e9rieur, int\u00e9grit\u00e9 de l&rsquo;aura atteinte par un accident ou un traumatisme pass\u00e9 ou pr\u00e9sent. Scelle les trous d&rsquo;\u00e9nergie dans l&rsquo;aura, renforce l&rsquo;int\u00e9grit\u00e9 de notre champ \u00e9nerg\u00e9tique ; nous aide \u00e0 savoir \u00eatre la source de notre propre protection.<\/p>\n","protected":false},"excerpt":{"rendered":"<p><span style=\"color: #008000;\"><strong><em>Yarrow. Achillea borealis. Achill\u00e9e<\/em><\/strong><\/span><\/p>\n<p>Hypersensibilit\u00e9 \u00e0 l&rsquo;environnement ; recherche la protection \u00e0 l&rsquo;ext\u00e9rieur, int\u00e9grit\u00e9 de l&rsquo;aura atteinte par un accident ou un traumatisme pass\u00e9 ou pr\u00e9sent.<\/p>\n","protected":false},"featured_media":2360,"template":"","meta":[],"product_brand":[],"product_cat":[119,82,109],"product_tag":[],"class_list":{"0":"post-2359","1":"product","2":"type-product","3":"status-publish","4":"has-post-thumbnail","6":"product_cat-les-72-elixirs-floraux","7":"product_cat-elixirs","8":"product_cat-les-elixirs-alaska","10":"first","11":"instock","12":"taxable","13":"shipping-taxable","14":"purchasable","15":"product-type-variable"},"etheme_brands":{"errors":{"invalid_taxonomy":["Taxonomie non valide."]},"error_data":[]},"jetpack_sharing_enabled":true,"jetpack-related-posts":[{"id":4942,"url":"https:\/\/artstella-elixirs-floraux.com\/fr_fr\/produit\/lavender-yarrow-alaskan-f-sup\/","url_meta":{"origin":2359,"position":0},"title":"LAVENDER YARROW ALASKAN F SUP","author":"eveapprill","date":"9 mars 2025","format":false,"excerpt":"Lavender Yarrow Achil\u00e9e bor\u00e9ale Donne force et protection aux chakras sup\u00e9rieurs ; Equilibre le flux d\u2019\u00e9nergie vers le c\u0153ur ; traite le d\u00e9p\u00e9rissement caus\u00e9 par une dissipation des forces cardiaques ou par un influx d\u2019\u00e9nergie chaotique \u00e0 travers le chakra coronal.","rel":"","context":"Article similaire","block_context":{"text":"Article similaire","link":""},"img":{"alt_text":"","src":"https:\/\/i0.wp.com\/artstella-elixirs-floraux.com\/wp-content\/uploads\/2025\/03\/wp-image1391.png?resize=350%2C200&ssl=1","width":350,"height":200},"classes":[]},{"id":2694,"url":"https:\/\/artstella-elixirs-floraux.com\/fr_fr\/produit\/guardian-alaska\/","url_meta":{"origin":2359,"position":1},"title":"GUARDIAN ALASKA","author":"eveapprill","date":"9 mars 2025","format":false,"excerpt":"Guardian (Guardien) existe en gouttes et en\u00a0 spray. Contient : Covellite . Devil\u2019s club. Round leave orchid . Stone circle. White Violet . Yarrow. Apporte un puissant champ de protection au niveau de l\u2019aura. Elle invoque une \u00e9nergie harmonieuse qui vous permet d\u2019avoir votre espace, de maintenir votre ancrage et\u2026","rel":"","context":"Article similaire","block_context":{"text":"Article similaire","link":""},"img":{"alt_text":"","src":"https:\/\/i0.wp.com\/artstella-elixirs-floraux.com\/wp-content\/uploads\/2025\/03\/1cb3fc0a-98e4-4c12-85cf-fdb300461280.jpg?resize=350%2C200&ssl=1","width":350,"height":200,"srcset":"https:\/\/i0.wp.com\/artstella-elixirs-floraux.com\/wp-content\/uploads\/2025\/03\/1cb3fc0a-98e4-4c12-85cf-fdb300461280.jpg?resize=350%2C200&ssl=1 1x, https:\/\/i0.wp.com\/artstella-elixirs-floraux.com\/wp-content\/uploads\/2025\/03\/1cb3fc0a-98e4-4c12-85cf-fdb300461280.jpg?resize=525%2C300&ssl=1 1.5x, https:\/\/i0.wp.com\/artstella-elixirs-floraux.com\/wp-content\/uploads\/2025\/03\/1cb3fc0a-98e4-4c12-85cf-fdb300461280.jpg?resize=700%2C400&ssl=1 2x"},"classes":[]},{"id":3266,"url":"https:\/\/artstella-elixirs-floraux.com\/fr_fr\/produit\/achillee-rose-phi-15-ml\/","url_meta":{"origin":2359,"position":2},"title":"ACHILLEE ROSE PHI 15 ML","author":"eveapprill","date":"9 mars 2025","format":false,"excerpt":"Achill\u00e9e rose (Achillea millefolium) (Rosa Schafgarbe) Cet \u00e9lixir nous aide \u00e0 \u00eatre moins en prise avec les \u00e9motions des autres et \u00e0 nous faire moins de soucis. L'\u00e9lixir am\u00e9liore notre protection au niveau du c\u0153ur et des \u00e9motions.","rel":"","context":"Article similaire","block_context":{"text":"Article similaire","link":""},"img":{"alt_text":"","src":"https:\/\/i0.wp.com\/artstella-elixirs-floraux.com\/wp-content\/uploads\/2025\/03\/wp-image674.png?resize=350%2C200&ssl=1","width":350,"height":200},"classes":[]},{"id":3223,"url":"https:\/\/artstella-elixirs-floraux.com\/fr_fr\/produit\/achillee-blanche-phi-15-ml\/","url_meta":{"origin":2359,"position":3},"title":"ACHILLEE BLANCHE PHI 15 ML","author":"eveapprill","date":"9 mars 2025","format":false,"excerpt":"Achill\u00e9e blanche (Achillea millefolium) (Schafgarbe) Renforce notre champ d'\u00e9nergie particuli\u00e8rement dans les phases de transformation. Pour \u00eatre prot\u00e9g\u00e9s des influences n\u00e9gatives de l\u2019environnement. Recommand\u00e9 aux \u00eatres soumis aux influences n\u00e9gatives de leur milieu.","rel":"","context":"Article similaire","block_context":{"text":"Article similaire","link":""},"img":{"alt_text":"","src":"https:\/\/i0.wp.com\/artstella-elixirs-floraux.com\/wp-content\/uploads\/2025\/03\/wp-image392.png?resize=350%2C200&ssl=1","width":350,"height":200},"classes":[]},{"id":5412,"url":"https:\/\/artstella-elixirs-floraux.com\/fr_fr\/produit\/achillee-sternutatoire-wilde-bertram\/","url_meta":{"origin":2359,"position":4},"title":"Achill\u00e9e sternutatoire WILDE BERTRAM","author":"eveapprill","date":"9 mars 2025","format":false,"excerpt":"Achill\u00e9e sternutatoire - Achillea ptarmica \u2013Sneezewort\u00a0Apporte protectionsur le chemin spirituel. Pour choisir son chemin en fonction de ses propres valeurs et rester ouvert \u00e0 l\u2019aide et aux conseils des autres sans se perdre (m\u00eame de ses guides spirituels)","rel":"","context":"Article similaire","block_context":{"text":"Article similaire","link":""},"img":{"alt_text":"","src":"https:\/\/i0.wp.com\/artstella-elixirs-floraux.com\/wp-content\/uploads\/2025\/03\/457610c1-e170-4407-a51b-9e5b6a359177.jpg?resize=350%2C200&ssl=1","width":350,"height":200,"srcset":"https:\/\/i0.wp.com\/artstella-elixirs-floraux.com\/wp-content\/uploads\/2025\/03\/457610c1-e170-4407-a51b-9e5b6a359177.jpg?resize=350%2C200&ssl=1 1x, https:\/\/i0.wp.com\/artstella-elixirs-floraux.com\/wp-content\/uploads\/2025\/03\/457610c1-e170-4407-a51b-9e5b6a359177.jpg?resize=525%2C300&ssl=1 1.5x, https:\/\/i0.wp.com\/artstella-elixirs-floraux.com\/wp-content\/uploads\/2025\/03\/457610c1-e170-4407-a51b-9e5b6a359177.jpg?resize=700%2C400&ssl=1 2x"},"classes":[]},{"id":5610,"url":"https:\/\/artstella-elixirs-floraux.com\/fr_fr\/produit\/achillee-jaune-15ml-deva\/","url_meta":{"origin":2359,"position":5},"title":"Achill\u00e9e jaune 15ml DEVA","author":"eveapprill","date":"9 mars 2025","format":false,"excerpt":"Achill\u00e9e Jaune Ouverture, protection. Pour les temp\u00e9raments hypersensibles et vuln\u00e9rables qui ont tendance \u00e0 s\u2019isoler du monde ext\u00e9rieur pour se prot\u00e9ger.","rel":"","context":"Article similaire","block_context":{"text":"Article similaire","link":""},"img":{"alt_text":"","src":"https:\/\/i0.wp.com\/artstella-elixirs-floraux.com\/wp-content\/uploads\/2025\/03\/wp-image1807.png?resize=350%2C200&ssl=1","width":350,"height":200},"classes":[]}],"_links":{"self":[{"href":"https:\/\/artstella-elixirs-floraux.com\/fr_fr\/wp-json\/wp\/v2\/product\/2359","targetHints":{"allow":["GET"]}}],"collection":[{"href":"https:\/\/artstella-elixirs-floraux.com\/fr_fr\/wp-json\/wp\/v2\/product"}],"about":[{"href":"https:\/\/artstella-elixirs-floraux.com\/fr_fr\/wp-json\/wp\/v2\/types\/product"}],"version-history":[{"count":0,"href":"https:\/\/artstella-elixirs-floraux.com\/fr_fr\/wp-json\/wp\/v2\/product\/2359\/revisions"}],"wp:featuredmedia":[{"embeddable":true,"href":"https:\/\/artstella-elixirs-floraux.com\/fr_fr\/wp-json\/wp\/v2\/media\/2360"}],"wp:attachment":[{"href":"https:\/\/artstella-elixirs-floraux.com\/fr_fr\/wp-json\/wp\/v2\/media?parent=2359"}],"wp:term":[{"taxonomy":"product_brand","embeddable":true,"href":"https:\/\/artstella-elixirs-floraux.com\/fr_fr\/wp-json\/wp\/v2\/product_brand?post=2359"},{"taxonomy":"product_cat","embeddable":true,"href":"https:\/\/artstella-elixirs-floraux.com\/fr_fr\/wp-json\/wp\/v2\/product_cat?post=2359"},{"taxonomy":"product_tag","embeddable":true,"href":"https:\/\/artstella-elixirs-floraux.com\/fr_fr\/wp-json\/wp\/v2\/product_tag?post=2359"}],"curies":[{"name":"wp","href":"https:\/\/api.w.org\/{rel}","templated":true}]}}