{"id":2363,"date":"2025-03-09T12:55:00","date_gmt":"2025-03-09T12:55:00","guid":{"rendered":"https:\/\/artstella-elixirs-floraux.com\/product\/yellow-dryas-alaskan\/"},"modified":"2025-06-12T18:26:09","modified_gmt":"2025-06-12T18:26:09","slug":"yellow-dryas-alaskan","status":"publish","type":"product","link":"https:\/\/artstella-elixirs-floraux.com\/fr_fr\/produit\/yellow-dryas-alaskan\/","title":{"rendered":"Yellow Dryas Alaskan"},"content":{"rendered":"<p><span style=\"color: #008000;\"><strong><em>Yellow Dryas. Dryas drummondii<\/em><\/strong><\/span><\/p>\n<p>Se sent \u00e9tranger \u00e0 sa famille d&rsquo;\u00e2me. Incapacit\u00e9 \u00e0 sentir le fil conducteur qui fait de nos exp\u00e9riences un tout coh\u00e9rent et compr\u00e9hensible. Soutient ceux qui explorent les limites du connu, maintient la connexion \u00e0 notre famille d&rsquo;\u00e2me pendant un cycle dynamique de transformation et de croissance.<\/p>\n","protected":false},"excerpt":{"rendered":"<p><strong><em>Yellow Dryas. Dryas drummondii<\/em><\/strong><\/p>\n<p>Se sent \u00e9tranger \u00e0 sa famille d&rsquo;\u00e2me. Incapacit\u00e9 \u00e0 sentir le fil conducteur qui fait de nos exp\u00e9riences un tout coh\u00e9rent et compr\u00e9hensible.<\/p>\n","protected":false},"featured_media":2364,"template":"","meta":[],"product_brand":[],"product_cat":[119,82],"product_tag":[],"class_list":{"0":"post-2363","1":"product","2":"type-product","3":"status-publish","4":"has-post-thumbnail","6":"product_cat-les-72-elixirs-floraux","7":"product_cat-elixirs","9":"first","10":"instock","11":"taxable","12":"shipping-taxable","13":"purchasable","14":"product-type-variable"},"etheme_brands":{"errors":{"invalid_taxonomy":["Taxonomie non valide."]},"error_data":[]},"jetpack_sharing_enabled":true,"jetpack-related-posts":[{"id":2276,"url":"https:\/\/artstella-elixirs-floraux.com\/fr_fr\/produit\/single-delight-alaskan\/","url_meta":{"origin":2363,"position":0},"title":"Single delight Alaskan","author":"eveapprill","date":"9 mars 2025","format":false,"excerpt":"Single delight. Moneses uniflora Se sent isol\u00e9 et esseul\u00e9, sp\u00e9cialement au cours d'une p\u00e9riode sombre et d\u00e9primante ;","rel":"","context":"Article similaire","block_context":{"text":"Article similaire","link":""},"img":{"alt_text":"","src":"https:\/\/i0.wp.com\/artstella-elixirs-floraux.com\/wp-content\/uploads\/2025\/03\/wp-image580.png?resize=350%2C200&ssl=1","width":350,"height":200},"classes":[]},{"id":5023,"url":"https:\/\/artstella-elixirs-floraux.com\/fr_fr\/produit\/yellow-paintbrush-alaskan-f-sup\/","url_meta":{"origin":2363,"position":1},"title":"YELLOW PAINTBRUSH ALASKAN F SUP","author":"eveapprill","date":"9 mars 2025","format":false,"excerpt":"Yellow Paintbrush Castilleja unalaschensis Castill\u00e9jie dor\u00e9e Indications\u00a0: alignement vertical faible; quand l\u2019inspiration et l\u2019\u00e9nergie cr\u00e9atrice ne fonctionnent pas ensemble; le processus cr\u00e9atif est d\u00e9cousu et en panne\u00a0; frustration chronique au niveau de la cr\u00e9ativit\u00e9.","rel":"","context":"Article similaire","block_context":{"text":"Article similaire","link":""},"img":{"alt_text":"","src":"","width":0,"height":0},"classes":[]},{"id":5966,"url":"https:\/\/artstella-elixirs-floraux.com\/fr_fr\/produit\/agripaume-bloesem-10ml-motherwort\/","url_meta":{"origin":2363,"position":2},"title":"Agripaume BLOESEM 10ml Motherwort","author":"eveapprill","date":"9 mars 2025","format":false,"excerpt":"AGRIPAUME HARTGESPAN - Leonurus cardiaca Cet \u00e9lixir est sp\u00e9cifique pour le rapport avec la famille. Il est adapt\u00e9 \u00e0 ceux qui ne se ressentent pas \u00e0 l\u2019aise chez eux ou qui sont susceptibles ou nerveux dans le cercle familial.","rel":"","context":"Article similaire","block_context":{"text":"Article similaire","link":""},"img":{"alt_text":"","src":"https:\/\/i0.wp.com\/artstella-elixirs-floraux.com\/wp-content\/uploads\/2025\/03\/ec656cec-2901-49a5-b3b9-8b9cfa31c043.jpg?resize=350%2C200&ssl=1","width":350,"height":200,"srcset":"https:\/\/i0.wp.com\/artstella-elixirs-floraux.com\/wp-content\/uploads\/2025\/03\/ec656cec-2901-49a5-b3b9-8b9cfa31c043.jpg?resize=350%2C200&ssl=1 1x, https:\/\/i0.wp.com\/artstella-elixirs-floraux.com\/wp-content\/uploads\/2025\/03\/ec656cec-2901-49a5-b3b9-8b9cfa31c043.jpg?resize=525%2C300&ssl=1 1.5x, https:\/\/i0.wp.com\/artstella-elixirs-floraux.com\/wp-content\/uploads\/2025\/03\/ec656cec-2901-49a5-b3b9-8b9cfa31c043.jpg?resize=700%2C400&ssl=1 2x"},"classes":[]},{"id":2272,"url":"https:\/\/artstella-elixirs-floraux.com\/fr_fr\/produit\/shooting-star-alaskan\/","url_meta":{"origin":2363,"position":3},"title":"Shooting star Alaskan","author":"eveapprill","date":"9 mars 2025","format":false,"excerpt":"Shooting star. Dodecatheon frigidum Sentiment de ne pas appartenir \u00e0 la terre ; nostalgie d'un pays inconnu ; incapacit\u00e9 \u00e0 comprendre sa raison d'\u00eatre ici.","rel":"","context":"Article similaire","block_context":{"text":"Article similaire","link":""},"img":{"alt_text":"","src":"https:\/\/i0.wp.com\/artstella-elixirs-floraux.com\/wp-content\/uploads\/2025\/03\/wp-image579.png?resize=350%2C200&ssl=1","width":350,"height":200},"classes":[]},{"id":2260,"url":"https:\/\/artstella-elixirs-floraux.com\/fr_fr\/produit\/prickly-wild-rose-alaskan\/","url_meta":{"origin":2363,"position":4},"title":"Prickly wild rose Alaskan","author":"eveapprill","date":"9 mars 2025","format":false,"excerpt":"Prickly wild rose. Rosa acicularis Manque de confiance et de foi ; se sent sans espoir ; apathique et sans int\u00e9r\u00eat. Incapacit\u00e9 \u00e0 garder le c\u0153ur ouvert dans les situations hostiles.","rel":"","context":"Article similaire","block_context":{"text":"Article similaire","link":""},"img":{"alt_text":"","src":"https:\/\/i0.wp.com\/artstella-elixirs-floraux.com\/wp-content\/uploads\/2025\/03\/wp-image576.png?resize=350%2C200&ssl=1","width":350,"height":200},"classes":[]},{"id":11845,"url":"https:\/\/artstella-elixirs-floraux.com\/fr_fr\/produit\/mood-essence-elixir-pour-lhumeur-30ml-bush\/","url_meta":{"origin":2363,"position":5},"title":"Mood Essence \u00ab\u00a0Elixir pour l&rsquo;humeur\u00a0\u00bb 30ml Bush","author":"eveapprill","date":"10 d\u00e9cembre 2025","format":false,"excerpt":"L\u2019\u00e9lixir \u00ab Mood \u00bb favorise l'\u00e9quilibre \u00e9motionnel, la clart\u00e9, l'optimisme et un sentiment renouvel\u00e9 de joie. Il a \u00e9t\u00e9 con\u00e7u pour traiter et aider \u00e0 soulager les diverses conditions que tant de personnes malheureusement vivent en ce moment.","rel":"","context":"Article similaire","block_context":{"text":"Article similaire","link":""},"img":{"alt_text":"","src":"","width":0,"height":0},"classes":[]}],"_links":{"self":[{"href":"https:\/\/artstella-elixirs-floraux.com\/fr_fr\/wp-json\/wp\/v2\/product\/2363","targetHints":{"allow":["GET"]}}],"collection":[{"href":"https:\/\/artstella-elixirs-floraux.com\/fr_fr\/wp-json\/wp\/v2\/product"}],"about":[{"href":"https:\/\/artstella-elixirs-floraux.com\/fr_fr\/wp-json\/wp\/v2\/types\/product"}],"version-history":[{"count":2,"href":"https:\/\/artstella-elixirs-floraux.com\/fr_fr\/wp-json\/wp\/v2\/product\/2363\/revisions"}],"predecessor-version":[{"id":10708,"href":"https:\/\/artstella-elixirs-floraux.com\/fr_fr\/wp-json\/wp\/v2\/product\/2363\/revisions\/10708"}],"wp:featuredmedia":[{"embeddable":true,"href":"https:\/\/artstella-elixirs-floraux.com\/fr_fr\/wp-json\/wp\/v2\/media\/2364"}],"wp:attachment":[{"href":"https:\/\/artstella-elixirs-floraux.com\/fr_fr\/wp-json\/wp\/v2\/media?parent=2363"}],"wp:term":[{"taxonomy":"product_brand","embeddable":true,"href":"https:\/\/artstella-elixirs-floraux.com\/fr_fr\/wp-json\/wp\/v2\/product_brand?post=2363"},{"taxonomy":"product_cat","embeddable":true,"href":"https:\/\/artstella-elixirs-floraux.com\/fr_fr\/wp-json\/wp\/v2\/product_cat?post=2363"},{"taxonomy":"product_tag","embeddable":true,"href":"https:\/\/artstella-elixirs-floraux.com\/fr_fr\/wp-json\/wp\/v2\/product_tag?post=2363"}],"curies":[{"name":"wp","href":"https:\/\/api.w.org\/{rel}","templated":true}]}}